{"id":9255,"date":"2022-11-04T13:31:38","date_gmt":"2022-11-04T13:31:38","guid":{"rendered":"https:\/\/twinpol.mysites.io\/?post_type=product&#038;p=9255"},"modified":"2023-09-01T07:03:21","modified_gmt":"2023-09-01T07:03:21","slug":"dishwasher-tablets-100-pcs","status":"publish","type":"product","link":"https:\/\/twinpol.com\/de\/produkt\/mega-pack-geschirrspuler-tabletten-100-pcs-tabletten-in-wasserloslicher-folie-18g-farbig-box\/","title":{"rendered":"Geschirrsp\u00fcltabletten, 100 St\u00fcck"},"content":{"rendered":"<p><html><br \/>\n<head><br \/>\n    <title>Sp\u00fclmaschinentabletten - Effektive Reinigung f\u00fcr Ihr Geschirr<\/title><br \/>\n    <meta name=\"description\" content=\"Entdecken Sie die Kraft unserer Sp\u00fclmaschinentabs, die f\u00fcr makelloses Geschirr entwickelt wurden. Verabschieden Sie sich von hartn\u00e4ckigen Flecken und genie\u00dfen Sie den Komfort einer blitzsauberen K\u00fcche.\"><br \/>\n<\/head><br \/>\n<body><\/p>\n<h1>Geschirrsp\u00fcler-Tabletten<\/h1>\n<div class=\"breadcrumbs\">\n  <a href=\"\/de\/\">Startseite<\/a> > <a href=\"\/de\/products\/\">Produkte<\/a> > <a href=\"\/de\/product-category\/dishwasher\/\"> Pflege in der Sp\u00fclmaschine<\/a> >\n<\/div>\n<h2>Effiziente Reinigung<\/h2>\n<p>Unsere Sp\u00fclmaschinentabletten werden sorgf\u00e4ltig hergestellt, um eine m\u00f6glichst effektive Reinigung zu gew\u00e4hrleisten. Verabschieden Sie sich vom m\u00fchsamen Einweichen und Schrubben des Geschirrs. Mit unseren Tabletten k\u00f6nnen Sie sich darauf verlassen, dass jeder Teller, jedes Glas und jedes Utensil makellos und gl\u00e4nzend wieder herauskommt.<\/p>\n<h2>Bequemlichkeit in Reinkultur<\/h2>\n<p>Erleichtern Sie sich Ihren K\u00fcchenalltag mit unseren Geschirrsp\u00fcltabs. Geben Sie einfach eine Tablette in Ihren Geschirrsp\u00fcler und lassen Sie sie wirken. Keine verschwendete Zeit mehr an der Sp\u00fcle - einfach einr\u00e4umen, starten und Ihre Freizeit genie\u00dfen, w\u00e4hrend unsere Tabletten die Arbeit f\u00fcr Sie erledigen.<\/p>\n<h2>Vorteile<\/h2>\n<ul>\n<li>Leistungsstarke Formel beseitigt hartn\u00e4ckige Flecken und Fette<\/li>\n<li>Hinterl\u00e4sst Geschirr und Gl\u00e4ser blitzsauber<\/li>\n<li>Entfernt m\u00fchelos Lebensmittelr\u00fcckst\u00e4nde<\/li>\n<li>Geeignet f\u00fcr alle Geschirrsp\u00fcler-Modelle<\/li>\n<li>100 Tabletten pro Packung<\/li>\n<\/ul>\n<p><\/body><br \/>\n<\/html><\/p>","protected":false},"excerpt":{"rendered":"<p>Sp\u00fclmaschinentabletten - Effektive Reinigung f\u00fcr Ihr Geschirr Sp\u00fclmaschinentabletten Home &gt; Produkte &gt; Sp\u00fclmaschinenpflege &gt; Effiziente Reinigung Unsere<\/p>","protected":false},"featured_media":10041,"template":"","meta":[],"product_brand":[],"product_cat":[324],"product_tag":[],"class_list":{"0":"post-9255","1":"product","2":"type-product","3":"status-publish","4":"has-post-thumbnail","6":"product_cat-dishwasher","8":"first","9":"instock","10":"shipping-taxable","11":"purchasable","12":"product-type-simple"},"yoast_head":"<!-- This site is optimized with the Yoast SEO plugin v27.4 - https:\/\/yoast.com\/product\/yoast-seo-wordpress\/ -->\n<title>Dishwasher tablets, 100 pcs - TwinPol<\/title>\n<meta name=\"robots\" content=\"index, follow, max-snippet:-1, max-image-preview:large, max-video-preview:-1\" \/>\n<link rel=\"canonical\" href=\"https:\/\/twinpol.com\/de\/produkt\/mega-pack-geschirrspuler-tabletten-100-pcs-tabletten-in-wasserloslicher-folie-18g-farbig-box\/\" \/>\n<meta property=\"og:locale\" content=\"de_DE\" \/>\n<meta property=\"og:type\" content=\"article\" \/>\n<meta property=\"og:title\" content=\"Dishwasher tablets, 100 pcs - TwinPol\" \/>\n<meta property=\"og:description\" content=\"Dishwasher Tablets &#8211; Effective Cleaning for Your Dishes Dishwasher Tablets Home &gt; Products &gt; Dishwasher care &gt; Efficient Cleaning Our\" \/>\n<meta property=\"og:url\" content=\"https:\/\/twinpol.com\/de\/produkt\/mega-pack-geschirrspuler-tabletten-100-pcs-tabletten-in-wasserloslicher-folie-18g-farbig-box\/\" \/>\n<meta property=\"og:site_name\" content=\"TwinPol\" \/>\n<meta property=\"article:modified_time\" content=\"2023-09-01T07:03:21+00:00\" \/>\n<meta property=\"og:image\" content=\"https:\/\/twinpol.com\/wp-content\/uploads\/2022\/11\/FR00018_100_Wizualizacja_www.png\" \/>\n\t<meta property=\"og:image:width\" content=\"800\" \/>\n\t<meta property=\"og:image:height\" content=\"800\" \/>\n\t<meta property=\"og:image:type\" content=\"image\/png\" \/>\n<meta name=\"twitter:card\" content=\"summary_large_image\" \/>\n<meta name=\"twitter:label1\" content=\"Gesch\u00e4tzte Lesezeit\" \/>\n\t<meta name=\"twitter:data1\" content=\"1\u00a0Minute\" \/>\n<script type=\"application\/ld+json\" class=\"yoast-schema-graph\">{\"@context\":\"https:\\\/\\\/schema.org\",\"@graph\":[{\"@type\":\"WebPage\",\"@id\":\"https:\\\/\\\/twinpol.com\\\/product\\\/dishwasher-tablets-100-pcs\\\/\",\"url\":\"https:\\\/\\\/twinpol.com\\\/product\\\/dishwasher-tablets-100-pcs\\\/\",\"name\":\"Dishwasher tablets, 100 pcs - TwinPol\",\"isPartOf\":{\"@id\":\"https:\\\/\\\/twinpol.com\\\/#website\"},\"primaryImageOfPage\":{\"@id\":\"https:\\\/\\\/twinpol.com\\\/product\\\/dishwasher-tablets-100-pcs\\\/#primaryimage\"},\"image\":{\"@id\":\"https:\\\/\\\/twinpol.com\\\/product\\\/dishwasher-tablets-100-pcs\\\/#primaryimage\"},\"thumbnailUrl\":\"https:\\\/\\\/twinpol.com\\\/wp-content\\\/uploads\\\/2022\\\/11\\\/FR00018_100_Wizualizacja_www.png\",\"datePublished\":\"2022-11-04T13:31:38+00:00\",\"dateModified\":\"2023-09-01T07:03:21+00:00\",\"breadcrumb\":{\"@id\":\"https:\\\/\\\/twinpol.com\\\/product\\\/dishwasher-tablets-100-pcs\\\/#breadcrumb\"},\"inLanguage\":\"de\",\"potentialAction\":[{\"@type\":\"ReadAction\",\"target\":[\"https:\\\/\\\/twinpol.com\\\/product\\\/dishwasher-tablets-100-pcs\\\/\"]}]},{\"@type\":\"ImageObject\",\"inLanguage\":\"de\",\"@id\":\"https:\\\/\\\/twinpol.com\\\/product\\\/dishwasher-tablets-100-pcs\\\/#primaryimage\",\"url\":\"https:\\\/\\\/twinpol.com\\\/wp-content\\\/uploads\\\/2022\\\/11\\\/FR00018_100_Wizualizacja_www.png\",\"contentUrl\":\"https:\\\/\\\/twinpol.com\\\/wp-content\\\/uploads\\\/2022\\\/11\\\/FR00018_100_Wizualizacja_www.png\",\"width\":800,\"height\":800},{\"@type\":\"BreadcrumbList\",\"@id\":\"https:\\\/\\\/twinpol.com\\\/product\\\/dishwasher-tablets-100-pcs\\\/#breadcrumb\",\"itemListElement\":[{\"@type\":\"ListItem\",\"position\":1,\"name\":\"Home\",\"item\":\"https:\\\/\\\/twinpol.com\\\/\"},{\"@type\":\"ListItem\",\"position\":2,\"name\":\"Products\",\"item\":\"https:\\\/\\\/twinpol.com\\\/products\\\/\"},{\"@type\":\"ListItem\",\"position\":3,\"name\":\"Dishwasher tablets, 100 pcs\"}]},{\"@type\":\"WebSite\",\"@id\":\"https:\\\/\\\/twinpol.com\\\/#website\",\"url\":\"https:\\\/\\\/twinpol.com\\\/\",\"name\":\"Twinpol\",\"description\":\"Cleaning Supplies\",\"publisher\":{\"@id\":\"https:\\\/\\\/twinpol.com\\\/#organization\"},\"potentialAction\":[{\"@type\":\"SearchAction\",\"target\":{\"@type\":\"EntryPoint\",\"urlTemplate\":\"https:\\\/\\\/twinpol.com\\\/?s={search_term_string}\"},\"query-input\":{\"@type\":\"PropertyValueSpecification\",\"valueRequired\":true,\"valueName\":\"search_term_string\"}}],\"inLanguage\":\"de\"},{\"@type\":\"Organization\",\"@id\":\"https:\\\/\\\/twinpol.com\\\/#organization\",\"name\":\"Twinpol\",\"url\":\"https:\\\/\\\/twinpol.com\\\/\",\"logo\":{\"@type\":\"ImageObject\",\"inLanguage\":\"de\",\"@id\":\"https:\\\/\\\/twinpol.com\\\/#\\\/schema\\\/logo\\\/image\\\/\",\"url\":\"https:\\\/\\\/twinpol.com\\\/wp-content\\\/uploads\\\/2022\\\/10\\\/cropped-favicon.png\",\"contentUrl\":\"https:\\\/\\\/twinpol.com\\\/wp-content\\\/uploads\\\/2022\\\/10\\\/cropped-favicon.png\",\"width\":512,\"height\":512,\"caption\":\"Twinpol\"},\"image\":{\"@id\":\"https:\\\/\\\/twinpol.com\\\/#\\\/schema\\\/logo\\\/image\\\/\"}}]}<\/script>\n<!-- \/ Yoast SEO plugin. -->","yoast_head_json":{"title":"Geschirrsp\u00fcltabletten, 100 St\u00fcck - TwinPol","robots":{"index":"index","follow":"follow","max-snippet":"max-snippet:-1","max-image-preview":"max-image-preview:large","max-video-preview":"max-video-preview:-1"},"canonical":"https:\/\/twinpol.com\/de\/produkt\/mega-pack-geschirrspuler-tabletten-100-pcs-tabletten-in-wasserloslicher-folie-18g-farbig-box\/","og_locale":"de_DE","og_type":"article","og_title":"Dishwasher tablets, 100 pcs - TwinPol","og_description":"Dishwasher Tablets &#8211; Effective Cleaning for Your Dishes Dishwasher Tablets Home > Products > Dishwasher care > Efficient Cleaning Our","og_url":"https:\/\/twinpol.com\/de\/produkt\/mega-pack-geschirrspuler-tabletten-100-pcs-tabletten-in-wasserloslicher-folie-18g-farbig-box\/","og_site_name":"TwinPol","article_modified_time":"2023-09-01T07:03:21+00:00","og_image":[{"width":800,"height":800,"url":"https:\/\/twinpol.com\/wp-content\/uploads\/2022\/11\/FR00018_100_Wizualizacja_www.png","type":"image\/png"}],"twitter_card":"summary_large_image","twitter_misc":{"Gesch\u00e4tzte Lesezeit":"1\u00a0Minute"},"schema":{"@context":"https:\/\/schema.org","@graph":[{"@type":"WebPage","@id":"https:\/\/twinpol.com\/product\/dishwasher-tablets-100-pcs\/","url":"https:\/\/twinpol.com\/product\/dishwasher-tablets-100-pcs\/","name":"Geschirrsp\u00fcltabletten, 100 St\u00fcck - TwinPol","isPartOf":{"@id":"https:\/\/twinpol.com\/#website"},"primaryImageOfPage":{"@id":"https:\/\/twinpol.com\/product\/dishwasher-tablets-100-pcs\/#primaryimage"},"image":{"@id":"https:\/\/twinpol.com\/product\/dishwasher-tablets-100-pcs\/#primaryimage"},"thumbnailUrl":"https:\/\/twinpol.com\/wp-content\/uploads\/2022\/11\/FR00018_100_Wizualizacja_www.png","datePublished":"2022-11-04T13:31:38+00:00","dateModified":"2023-09-01T07:03:21+00:00","breadcrumb":{"@id":"https:\/\/twinpol.com\/product\/dishwasher-tablets-100-pcs\/#breadcrumb"},"inLanguage":"de","potentialAction":[{"@type":"ReadAction","target":["https:\/\/twinpol.com\/product\/dishwasher-tablets-100-pcs\/"]}]},{"@type":"ImageObject","inLanguage":"de","@id":"https:\/\/twinpol.com\/product\/dishwasher-tablets-100-pcs\/#primaryimage","url":"https:\/\/twinpol.com\/wp-content\/uploads\/2022\/11\/FR00018_100_Wizualizacja_www.png","contentUrl":"https:\/\/twinpol.com\/wp-content\/uploads\/2022\/11\/FR00018_100_Wizualizacja_www.png","width":800,"height":800},{"@type":"BreadcrumbList","@id":"https:\/\/twinpol.com\/product\/dishwasher-tablets-100-pcs\/#breadcrumb","itemListElement":[{"@type":"ListItem","position":1,"name":"Home","item":"https:\/\/twinpol.com\/"},{"@type":"ListItem","position":2,"name":"Products","item":"https:\/\/twinpol.com\/products\/"},{"@type":"ListItem","position":3,"name":"Dishwasher tablets, 100 pcs"}]},{"@type":"WebSite","@id":"https:\/\/twinpol.com\/#website","url":"https:\/\/twinpol.com\/","name":"Twinpol","description":"Reinigungsmittel","publisher":{"@id":"https:\/\/twinpol.com\/#organization"},"potentialAction":[{"@type":"SearchAction","target":{"@type":"EntryPoint","urlTemplate":"https:\/\/twinpol.com\/?s={search_term_string}"},"query-input":{"@type":"PropertyValueSpecification","valueRequired":true,"valueName":"search_term_string"}}],"inLanguage":"de"},{"@type":"Organization","@id":"https:\/\/twinpol.com\/#organization","name":"Twinpol","url":"https:\/\/twinpol.com\/","logo":{"@type":"ImageObject","inLanguage":"de","@id":"https:\/\/twinpol.com\/#\/schema\/logo\/image\/","url":"https:\/\/twinpol.com\/wp-content\/uploads\/2022\/10\/cropped-favicon.png","contentUrl":"https:\/\/twinpol.com\/wp-content\/uploads\/2022\/10\/cropped-favicon.png","width":512,"height":512,"caption":"Twinpol"},"image":{"@id":"https:\/\/twinpol.com\/#\/schema\/logo\/image\/"}}]}},"_links":{"self":[{"href":"https:\/\/twinpol.com\/de\/wp-json\/wp\/v2\/product\/9255","targetHints":{"allow":["GET"]}}],"collection":[{"href":"https:\/\/twinpol.com\/de\/wp-json\/wp\/v2\/product"}],"about":[{"href":"https:\/\/twinpol.com\/de\/wp-json\/wp\/v2\/types\/product"}],"wp:featuredmedia":[{"embeddable":true,"href":"https:\/\/twinpol.com\/de\/wp-json\/wp\/v2\/media\/10041"}],"wp:attachment":[{"href":"https:\/\/twinpol.com\/de\/wp-json\/wp\/v2\/media?parent=9255"}],"wp:term":[{"taxonomy":"product_brand","embeddable":true,"href":"https:\/\/twinpol.com\/de\/wp-json\/wp\/v2\/product_brand?post=9255"},{"taxonomy":"product_cat","embeddable":true,"href":"https:\/\/twinpol.com\/de\/wp-json\/wp\/v2\/product_cat?post=9255"},{"taxonomy":"product_tag","embeddable":true,"href":"https:\/\/twinpol.com\/de\/wp-json\/wp\/v2\/product_tag?post=9255"}],"curies":[{"name":"wp","href":"https:\/\/api.w.org\/{rel}","templated":true}]}}