{"id":9286,"date":"2022-11-07T10:27:10","date_gmt":"2022-11-07T10:27:10","guid":{"rendered":"https:\/\/twinpol.mysites.io\/?post_type=product&#038;p=9286"},"modified":"2023-09-01T08:06:50","modified_gmt":"2023-09-01T08:06:50","slug":"eco-universal-kitchen-cleaning-liquid-500-ml-im-green","status":"publish","type":"product","link":"https:\/\/twinpol.com\/de\/produkt\/eco-universal-kuchenreinigungs-flussigkeit-500-ml-im-grun\/","title":{"rendered":"ECO K\u00fcchenreiniger, 500 ml"},"content":{"rendered":"<p><html><br \/>\n<head><br \/>\n  <meta charset=\"UTF-8\"><br \/>\n  <title>ECO Kitchen Cleaner - Umweltfreundliches K\u00fcchenreinigungsmittel<\/title><br \/>\n  <meta name=\"description\" content=\"Wir stellen vor: ECO Kitchen Cleaner - ein leistungsstarkes und umweltfreundliches K\u00fcchenreinigungsmittel, das f\u00fcr die Umwelt und Ihre Familie sicher ist. Dieses Produkt ist in einem Volumen von 500 ml erh\u00e4ltlich.\"><br \/>\n<\/head><br \/>\n<body><\/p>\n<header>\n<h1>ECO-K\u00fcchenreiniger<\/h1>\n<div class=\"breadcrumbs\">\n  <a href=\"\/de\/\">Startseite<\/a> > <a href=\"\/de\/products\/\">Produkte<\/a> > <a href=\"\/de\/product-category\/eco-products\/\">ECO-Produkte<\/a> ><a href=\"\/de\/product-category\/kitchen\/\">K\u00fcchenreiniger<\/a> ><\/div>\n<h2>Leistungsstark und sicher f\u00fcr die Umwelt<\/h2>\n<p>Wenn Sie auf der Suche nach einem K\u00fcchenreiniger sind, der sowohl effektiv als auch umweltfreundlich ist, dann ist der ECO Kitchen Cleaner genau das Richtige f\u00fcr Sie. Dieses aus umweltfreundlichen Inhaltsstoffen hergestellte Produkt ist hart im Nehmen bei Fett und Schmutz, aber sanft zur Umwelt und zur Gesundheit Ihrer Familie. Im Gegensatz zu anderen Reinigungsprodukten, die scharfe Chemikalien enthalten, ist ECO Kitchen Cleaner vollst\u00e4ndig biologisch abbaubar und frei von giftigen Substanzen. Das bedeutet, dass Sie ihn mit ruhigem Gewissen verwenden k\u00f6nnen, weil Sie wissen, dass Sie Ihren Teil zum Schutz des Planeten und Ihrer Lieben beitragen.<\/p>\n<h2>Praktisches 500 ml Volumen<\/h2>\n<p>ECO Kitchen Cleaner ist nicht nur umweltfreundlich, sondern auch sehr praktisch. Das Produkt hat ein Volumen von 500 ml, was perfekt f\u00fcr die regelm\u00e4\u00dfige K\u00fcchenreinigung ist. Das bedeutet, dass Sie Ihre Reinigungsmittel nicht st\u00e4ndig nachf\u00fcllen m\u00fcssen, was Ihnen auf lange Sicht Zeit und Geld spart.<\/p>\n<h2>Vorteile<\/h2>\n<ul>\n<li>Kraftvolle und effektive Reinigungsformel<\/li>\n<li>Sicher f\u00fcr die Umwelt und Ihre Familie<\/li>\n<li>Vollst\u00e4ndig biologisch abbaubar und frei von toxischen Substanzen<\/li>\n<li>Praktisches Volumen von 500 ml<\/li>\n<li>Einfach zu bedienen<\/li>\n<\/ul>\n<p><\/body><br \/>\n<\/html><\/p>","protected":false},"excerpt":{"rendered":"<p>ECO Kitchen Cleaner - Umweltfreundliche K\u00fcchenreinigungsfl\u00fcssigkeit ECO Kitchen Cleaner Home &gt; Produkte &gt; ECO-Produkte &gt;K\u00fcchenreiniger<\/p>","protected":false},"featured_media":19941,"template":"","meta":[],"product_brand":[],"product_cat":[346,327],"product_tag":[],"class_list":{"0":"post-9286","1":"product","2":"type-product","3":"status-publish","4":"has-post-thumbnail","6":"product_cat-eco-products","7":"product_cat-kitchen","9":"first","10":"instock","11":"shipping-taxable","12":"purchasable","13":"product-type-simple"},"yoast_head":"<!-- This site is optimized with the Yoast SEO plugin v27.3 - https:\/\/yoast.com\/product\/yoast-seo-wordpress\/ -->\n<title>ECO Kitchen cleaner, 500 ml - TwinPol<\/title>\n<meta name=\"robots\" content=\"index, follow, max-snippet:-1, max-image-preview:large, max-video-preview:-1\" \/>\n<link rel=\"canonical\" href=\"https:\/\/twinpol.com\/de\/produkt\/eco-universal-kuchenreinigungs-flussigkeit-500-ml-im-grun\/\" \/>\n<meta property=\"og:locale\" content=\"de_DE\" \/>\n<meta property=\"og:type\" content=\"article\" \/>\n<meta property=\"og:title\" content=\"ECO Kitchen cleaner, 500 ml - TwinPol\" \/>\n<meta property=\"og:description\" content=\"ECO Kitchen Cleaner &#8211; Environmentally Friendly Kitchen Cleaning Liquid ECO Kitchen Cleaner Home &gt; Products &gt; ECO products &gt;Kitchen cleaners\" \/>\n<meta property=\"og:url\" content=\"https:\/\/twinpol.com\/de\/produkt\/eco-universal-kuchenreinigungs-flussigkeit-500-ml-im-grun\/\" \/>\n<meta property=\"og:site_name\" content=\"TwinPol\" \/>\n<meta property=\"article:modified_time\" content=\"2023-09-01T08:06:50+00:00\" \/>\n<meta property=\"og:image\" content=\"https:\/\/twinpol.com\/wp-content\/uploads\/2022\/11\/SECO052_PL_Wizualizacja_www.png\" \/>\n\t<meta property=\"og:image:width\" content=\"800\" \/>\n\t<meta property=\"og:image:height\" content=\"800\" \/>\n\t<meta property=\"og:image:type\" content=\"image\/png\" \/>\n<meta name=\"twitter:card\" content=\"summary_large_image\" \/>\n<meta name=\"twitter:label1\" content=\"Gesch\u00e4tzte Lesezeit\" \/>\n\t<meta name=\"twitter:data1\" content=\"1\u00a0Minute\" \/>\n<script type=\"application\/ld+json\" class=\"yoast-schema-graph\">{\"@context\":\"https:\\\/\\\/schema.org\",\"@graph\":[{\"@type\":\"WebPage\",\"@id\":\"https:\\\/\\\/twinpol.com\\\/product\\\/eco-universal-kitchen-cleaning-liquid-500-ml-im-green\\\/\",\"url\":\"https:\\\/\\\/twinpol.com\\\/product\\\/eco-universal-kitchen-cleaning-liquid-500-ml-im-green\\\/\",\"name\":\"ECO Kitchen cleaner, 500 ml - TwinPol\",\"isPartOf\":{\"@id\":\"https:\\\/\\\/twinpol.com\\\/#website\"},\"primaryImageOfPage\":{\"@id\":\"https:\\\/\\\/twinpol.com\\\/product\\\/eco-universal-kitchen-cleaning-liquid-500-ml-im-green\\\/#primaryimage\"},\"image\":{\"@id\":\"https:\\\/\\\/twinpol.com\\\/product\\\/eco-universal-kitchen-cleaning-liquid-500-ml-im-green\\\/#primaryimage\"},\"thumbnailUrl\":\"https:\\\/\\\/twinpol.com\\\/wp-content\\\/uploads\\\/2022\\\/11\\\/SECO052_PL_Wizualizacja_www.png\",\"datePublished\":\"2022-11-07T10:27:10+00:00\",\"dateModified\":\"2023-09-01T08:06:50+00:00\",\"breadcrumb\":{\"@id\":\"https:\\\/\\\/twinpol.com\\\/product\\\/eco-universal-kitchen-cleaning-liquid-500-ml-im-green\\\/#breadcrumb\"},\"inLanguage\":\"de\",\"potentialAction\":[{\"@type\":\"ReadAction\",\"target\":[\"https:\\\/\\\/twinpol.com\\\/product\\\/eco-universal-kitchen-cleaning-liquid-500-ml-im-green\\\/\"]}]},{\"@type\":\"ImageObject\",\"inLanguage\":\"de\",\"@id\":\"https:\\\/\\\/twinpol.com\\\/product\\\/eco-universal-kitchen-cleaning-liquid-500-ml-im-green\\\/#primaryimage\",\"url\":\"https:\\\/\\\/twinpol.com\\\/wp-content\\\/uploads\\\/2022\\\/11\\\/SECO052_PL_Wizualizacja_www.png\",\"contentUrl\":\"https:\\\/\\\/twinpol.com\\\/wp-content\\\/uploads\\\/2022\\\/11\\\/SECO052_PL_Wizualizacja_www.png\",\"width\":800,\"height\":800},{\"@type\":\"BreadcrumbList\",\"@id\":\"https:\\\/\\\/twinpol.com\\\/product\\\/eco-universal-kitchen-cleaning-liquid-500-ml-im-green\\\/#breadcrumb\",\"itemListElement\":[{\"@type\":\"ListItem\",\"position\":1,\"name\":\"Home\",\"item\":\"https:\\\/\\\/twinpol.com\\\/\"},{\"@type\":\"ListItem\",\"position\":2,\"name\":\"Products\",\"item\":\"https:\\\/\\\/twinpol.com\\\/products\\\/\"},{\"@type\":\"ListItem\",\"position\":3,\"name\":\"ECO Kitchen cleaner, 500 ml\"}]},{\"@type\":\"WebSite\",\"@id\":\"https:\\\/\\\/twinpol.com\\\/#website\",\"url\":\"https:\\\/\\\/twinpol.com\\\/\",\"name\":\"Twinpol\",\"description\":\"Cleaning Supplies\",\"publisher\":{\"@id\":\"https:\\\/\\\/twinpol.com\\\/#organization\"},\"potentialAction\":[{\"@type\":\"SearchAction\",\"target\":{\"@type\":\"EntryPoint\",\"urlTemplate\":\"https:\\\/\\\/twinpol.com\\\/?s={search_term_string}\"},\"query-input\":{\"@type\":\"PropertyValueSpecification\",\"valueRequired\":true,\"valueName\":\"search_term_string\"}}],\"inLanguage\":\"de\"},{\"@type\":\"Organization\",\"@id\":\"https:\\\/\\\/twinpol.com\\\/#organization\",\"name\":\"Twinpol\",\"url\":\"https:\\\/\\\/twinpol.com\\\/\",\"logo\":{\"@type\":\"ImageObject\",\"inLanguage\":\"de\",\"@id\":\"https:\\\/\\\/twinpol.com\\\/#\\\/schema\\\/logo\\\/image\\\/\",\"url\":\"https:\\\/\\\/twinpol.com\\\/wp-content\\\/uploads\\\/2022\\\/10\\\/cropped-favicon.png\",\"contentUrl\":\"https:\\\/\\\/twinpol.com\\\/wp-content\\\/uploads\\\/2022\\\/10\\\/cropped-favicon.png\",\"width\":512,\"height\":512,\"caption\":\"Twinpol\"},\"image\":{\"@id\":\"https:\\\/\\\/twinpol.com\\\/#\\\/schema\\\/logo\\\/image\\\/\"}}]}<\/script>\n<!-- \/ Yoast SEO plugin. -->","yoast_head_json":{"title":"ECO K\u00fcchenreiniger, 500 ml - TwinPol","robots":{"index":"index","follow":"follow","max-snippet":"max-snippet:-1","max-image-preview":"max-image-preview:large","max-video-preview":"max-video-preview:-1"},"canonical":"https:\/\/twinpol.com\/de\/produkt\/eco-universal-kuchenreinigungs-flussigkeit-500-ml-im-grun\/","og_locale":"de_DE","og_type":"article","og_title":"ECO Kitchen cleaner, 500 ml - TwinPol","og_description":"ECO Kitchen Cleaner &#8211; Environmentally Friendly Kitchen Cleaning Liquid ECO Kitchen Cleaner Home > Products > ECO products >Kitchen cleaners","og_url":"https:\/\/twinpol.com\/de\/produkt\/eco-universal-kuchenreinigungs-flussigkeit-500-ml-im-grun\/","og_site_name":"TwinPol","article_modified_time":"2023-09-01T08:06:50+00:00","og_image":[{"width":800,"height":800,"url":"https:\/\/twinpol.com\/wp-content\/uploads\/2022\/11\/SECO052_PL_Wizualizacja_www.png","type":"image\/png"}],"twitter_card":"summary_large_image","twitter_misc":{"Gesch\u00e4tzte Lesezeit":"1\u00a0Minute"},"schema":{"@context":"https:\/\/schema.org","@graph":[{"@type":"WebPage","@id":"https:\/\/twinpol.com\/product\/eco-universal-kitchen-cleaning-liquid-500-ml-im-green\/","url":"https:\/\/twinpol.com\/product\/eco-universal-kitchen-cleaning-liquid-500-ml-im-green\/","name":"ECO K\u00fcchenreiniger, 500 ml - TwinPol","isPartOf":{"@id":"https:\/\/twinpol.com\/#website"},"primaryImageOfPage":{"@id":"https:\/\/twinpol.com\/product\/eco-universal-kitchen-cleaning-liquid-500-ml-im-green\/#primaryimage"},"image":{"@id":"https:\/\/twinpol.com\/product\/eco-universal-kitchen-cleaning-liquid-500-ml-im-green\/#primaryimage"},"thumbnailUrl":"https:\/\/twinpol.com\/wp-content\/uploads\/2022\/11\/SECO052_PL_Wizualizacja_www.png","datePublished":"2022-11-07T10:27:10+00:00","dateModified":"2023-09-01T08:06:50+00:00","breadcrumb":{"@id":"https:\/\/twinpol.com\/product\/eco-universal-kitchen-cleaning-liquid-500-ml-im-green\/#breadcrumb"},"inLanguage":"de","potentialAction":[{"@type":"ReadAction","target":["https:\/\/twinpol.com\/product\/eco-universal-kitchen-cleaning-liquid-500-ml-im-green\/"]}]},{"@type":"ImageObject","inLanguage":"de","@id":"https:\/\/twinpol.com\/product\/eco-universal-kitchen-cleaning-liquid-500-ml-im-green\/#primaryimage","url":"https:\/\/twinpol.com\/wp-content\/uploads\/2022\/11\/SECO052_PL_Wizualizacja_www.png","contentUrl":"https:\/\/twinpol.com\/wp-content\/uploads\/2022\/11\/SECO052_PL_Wizualizacja_www.png","width":800,"height":800},{"@type":"BreadcrumbList","@id":"https:\/\/twinpol.com\/product\/eco-universal-kitchen-cleaning-liquid-500-ml-im-green\/#breadcrumb","itemListElement":[{"@type":"ListItem","position":1,"name":"Home","item":"https:\/\/twinpol.com\/"},{"@type":"ListItem","position":2,"name":"Products","item":"https:\/\/twinpol.com\/products\/"},{"@type":"ListItem","position":3,"name":"ECO Kitchen cleaner, 500 ml"}]},{"@type":"WebSite","@id":"https:\/\/twinpol.com\/#website","url":"https:\/\/twinpol.com\/","name":"Twinpol","description":"Reinigungsmittel","publisher":{"@id":"https:\/\/twinpol.com\/#organization"},"potentialAction":[{"@type":"SearchAction","target":{"@type":"EntryPoint","urlTemplate":"https:\/\/twinpol.com\/?s={search_term_string}"},"query-input":{"@type":"PropertyValueSpecification","valueRequired":true,"valueName":"search_term_string"}}],"inLanguage":"de"},{"@type":"Organization","@id":"https:\/\/twinpol.com\/#organization","name":"Twinpol","url":"https:\/\/twinpol.com\/","logo":{"@type":"ImageObject","inLanguage":"de","@id":"https:\/\/twinpol.com\/#\/schema\/logo\/image\/","url":"https:\/\/twinpol.com\/wp-content\/uploads\/2022\/10\/cropped-favicon.png","contentUrl":"https:\/\/twinpol.com\/wp-content\/uploads\/2022\/10\/cropped-favicon.png","width":512,"height":512,"caption":"Twinpol"},"image":{"@id":"https:\/\/twinpol.com\/#\/schema\/logo\/image\/"}}]}},"_links":{"self":[{"href":"https:\/\/twinpol.com\/de\/wp-json\/wp\/v2\/product\/9286","targetHints":{"allow":["GET"]}}],"collection":[{"href":"https:\/\/twinpol.com\/de\/wp-json\/wp\/v2\/product"}],"about":[{"href":"https:\/\/twinpol.com\/de\/wp-json\/wp\/v2\/types\/product"}],"wp:featuredmedia":[{"embeddable":true,"href":"https:\/\/twinpol.com\/de\/wp-json\/wp\/v2\/media\/19941"}],"wp:attachment":[{"href":"https:\/\/twinpol.com\/de\/wp-json\/wp\/v2\/media?parent=9286"}],"wp:term":[{"taxonomy":"product_brand","embeddable":true,"href":"https:\/\/twinpol.com\/de\/wp-json\/wp\/v2\/product_brand?post=9286"},{"taxonomy":"product_cat","embeddable":true,"href":"https:\/\/twinpol.com\/de\/wp-json\/wp\/v2\/product_cat?post=9286"},{"taxonomy":"product_tag","embeddable":true,"href":"https:\/\/twinpol.com\/de\/wp-json\/wp\/v2\/product_tag?post=9286"}],"curies":[{"name":"wp","href":"https:\/\/api.w.org\/{rel}","templated":true}]}}