{"id":9288,"date":"2022-11-07T10:30:47","date_gmt":"2022-11-07T10:30:47","guid":{"rendered":"https:\/\/twinpol.mysites.io\/?post_type=product&#038;p=9288"},"modified":"2023-09-01T07:39:13","modified_gmt":"2023-09-01T07:39:13","slug":"eco-bathroom-cleaning-liquid-500-ml","status":"publish","type":"product","link":"https:\/\/twinpol.com\/de\/produkt\/eco-universal-badezimmer-reinigungsflussigkeit-500-ml-im-grun\/","title":{"rendered":"ECO Badezimmer-Reinigungsmittel, 500 ml"},"content":{"rendered":"<p><html><br \/>\n  <head><br \/>\n    <title>ECO Badezimmer-Reinigungsmittel - nat\u00fcrlich und umweltfreundlich<\/title><br \/>\n    <meta name=\"description\" content=\"Halten Sie Ihr Badezimmer sauber und sicher mit unserem ECO-Badreiniger. Es ist nat\u00fcrlich und umweltfreundlich, perfekt, um Ihr Bad makellos zu halten, ohne die Umwelt zu belasten.\"><br \/>\n  <\/head><br \/>\n  <body><\/p>\n<h1>ECO Badezimmer-Reinigungsmittel<\/h1>\n<div class=\"breadcrumbs\">\n  <a href=\"\/de\/\">Startseite<\/a> > <a href=\"\/de\/products\/\">Produkte<\/a> > <a href=\"\/de\/product-category\/eco-products\/\">ECO-Produkte<\/a> ><a href=\"\/de\/product-category\/bathroom\/\">Badezimmer-Reiniger<\/a> ><\/div>\n<h2>Effektiv und umweltfreundlich<\/h2>\n<p>ECO Bathroom cleaning liquid ist eine hochwertige Reinigungsl\u00f6sung, die sowohl effektiv als auch umweltfreundlich ist. Im Gegensatz zu herk\u00f6mmlichen Reinigungsprodukten, die sch\u00e4dliche Chemikalien enthalten k\u00f6nnen, die der Umwelt und Ihrer Gesundheit schaden, besteht ECO Bathroom cleaning liquid aus Inhaltsstoffen, die sanft und dennoch effektiv sind.<\/p>\n<h2>Bequem und langlebig<\/h2>\n<p>Mit einem Fassungsverm\u00f6gen von 500 ml ist das ECO Badreinigungsmittel eine bequeme und lang anhaltende Wahl f\u00fcr die Reinigung Ihres Badezimmers. Sie k\u00f6nnen damit Ihr Waschbecken, Ihre Dusche und andere Oberfl\u00e4chen im Badezimmer reinigen und es h\u00e4lt wochenlang, was Ihnen Zeit und Geld spart.<\/p>\n<h2>Vorteile<\/h2>\n<ul>\n<li>Umweltfreundlich und sicher f\u00fcr die Umwelt<\/li>\n<li>Effektive Reinigungsl\u00f6sung f\u00fcr Badezimmeroberfl\u00e4chen<\/li>\n<li>Langlebige und praktische 500 ml Volumen<\/li>\n<\/ul>\n<p>  <\/body><br \/>\n<\/html><\/p>","protected":false},"excerpt":{"rendered":"<p>ECO Badezimmer-Reinigungsmittel - nat\u00fcrlich und umweltfreundlich ECO Badezimmer-Reinigungsmittel Home &gt; Produkte &gt; ECO-Produkte &gt;Bad-Reiniger<\/p>","protected":false},"featured_media":19940,"template":"","meta":[],"product_brand":[],"product_cat":[320,346],"product_tag":[],"class_list":{"0":"post-9288","1":"product","2":"type-product","3":"status-publish","4":"has-post-thumbnail","6":"product_cat-bathroom","7":"product_cat-eco-products","9":"first","10":"instock","11":"shipping-taxable","12":"purchasable","13":"product-type-simple"},"yoast_head":"<!-- This site is optimized with the Yoast SEO plugin v27.3 - https:\/\/yoast.com\/product\/yoast-seo-wordpress\/ -->\n<title>ECO Bathroom cleaning liquid, 500 ml - TwinPol<\/title>\n<meta name=\"robots\" content=\"index, follow, max-snippet:-1, max-image-preview:large, max-video-preview:-1\" \/>\n<link rel=\"canonical\" href=\"https:\/\/twinpol.com\/de\/produkt\/eco-universal-badezimmer-reinigungsflussigkeit-500-ml-im-grun\/\" \/>\n<meta property=\"og:locale\" content=\"de_DE\" \/>\n<meta property=\"og:type\" content=\"article\" \/>\n<meta property=\"og:title\" content=\"ECO Bathroom cleaning liquid, 500 ml - TwinPol\" \/>\n<meta property=\"og:description\" content=\"ECO Bathroom Cleaning Liquid &#8211; Natural and Eco-Friendly ECO Bathroom Cleaning Liquid Home &gt; Products &gt; ECO products &gt;Bathroom cleaners\" \/>\n<meta property=\"og:url\" content=\"https:\/\/twinpol.com\/de\/produkt\/eco-universal-badezimmer-reinigungsflussigkeit-500-ml-im-grun\/\" \/>\n<meta property=\"og:site_name\" content=\"TwinPol\" \/>\n<meta property=\"article:modified_time\" content=\"2023-09-01T07:39:13+00:00\" \/>\n<meta property=\"og:image\" content=\"https:\/\/twinpol.com\/wp-content\/uploads\/2022\/11\/SECO064_500_PL_Wizualizacja_www.png\" \/>\n\t<meta property=\"og:image:width\" content=\"800\" \/>\n\t<meta property=\"og:image:height\" content=\"800\" \/>\n\t<meta property=\"og:image:type\" content=\"image\/png\" \/>\n<meta name=\"twitter:card\" content=\"summary_large_image\" \/>\n<meta name=\"twitter:label1\" content=\"Gesch\u00e4tzte Lesezeit\" \/>\n\t<meta name=\"twitter:data1\" content=\"1\u00a0Minute\" \/>\n<script type=\"application\/ld+json\" class=\"yoast-schema-graph\">{\"@context\":\"https:\\\/\\\/schema.org\",\"@graph\":[{\"@type\":\"WebPage\",\"@id\":\"https:\\\/\\\/twinpol.com\\\/product\\\/eco-bathroom-cleaning-liquid-500-ml\\\/\",\"url\":\"https:\\\/\\\/twinpol.com\\\/product\\\/eco-bathroom-cleaning-liquid-500-ml\\\/\",\"name\":\"ECO Bathroom cleaning liquid, 500 ml - TwinPol\",\"isPartOf\":{\"@id\":\"https:\\\/\\\/twinpol.com\\\/#website\"},\"primaryImageOfPage\":{\"@id\":\"https:\\\/\\\/twinpol.com\\\/product\\\/eco-bathroom-cleaning-liquid-500-ml\\\/#primaryimage\"},\"image\":{\"@id\":\"https:\\\/\\\/twinpol.com\\\/product\\\/eco-bathroom-cleaning-liquid-500-ml\\\/#primaryimage\"},\"thumbnailUrl\":\"https:\\\/\\\/twinpol.com\\\/wp-content\\\/uploads\\\/2022\\\/11\\\/SECO064_500_PL_Wizualizacja_www.png\",\"datePublished\":\"2022-11-07T10:30:47+00:00\",\"dateModified\":\"2023-09-01T07:39:13+00:00\",\"breadcrumb\":{\"@id\":\"https:\\\/\\\/twinpol.com\\\/product\\\/eco-bathroom-cleaning-liquid-500-ml\\\/#breadcrumb\"},\"inLanguage\":\"de\",\"potentialAction\":[{\"@type\":\"ReadAction\",\"target\":[\"https:\\\/\\\/twinpol.com\\\/product\\\/eco-bathroom-cleaning-liquid-500-ml\\\/\"]}]},{\"@type\":\"ImageObject\",\"inLanguage\":\"de\",\"@id\":\"https:\\\/\\\/twinpol.com\\\/product\\\/eco-bathroom-cleaning-liquid-500-ml\\\/#primaryimage\",\"url\":\"https:\\\/\\\/twinpol.com\\\/wp-content\\\/uploads\\\/2022\\\/11\\\/SECO064_500_PL_Wizualizacja_www.png\",\"contentUrl\":\"https:\\\/\\\/twinpol.com\\\/wp-content\\\/uploads\\\/2022\\\/11\\\/SECO064_500_PL_Wizualizacja_www.png\",\"width\":800,\"height\":800},{\"@type\":\"BreadcrumbList\",\"@id\":\"https:\\\/\\\/twinpol.com\\\/product\\\/eco-bathroom-cleaning-liquid-500-ml\\\/#breadcrumb\",\"itemListElement\":[{\"@type\":\"ListItem\",\"position\":1,\"name\":\"Home\",\"item\":\"https:\\\/\\\/twinpol.com\\\/\"},{\"@type\":\"ListItem\",\"position\":2,\"name\":\"Products\",\"item\":\"https:\\\/\\\/twinpol.com\\\/products\\\/\"},{\"@type\":\"ListItem\",\"position\":3,\"name\":\"ECO Bathroom cleaning liquid, 500 ml\"}]},{\"@type\":\"WebSite\",\"@id\":\"https:\\\/\\\/twinpol.com\\\/#website\",\"url\":\"https:\\\/\\\/twinpol.com\\\/\",\"name\":\"Twinpol\",\"description\":\"Cleaning Supplies\",\"publisher\":{\"@id\":\"https:\\\/\\\/twinpol.com\\\/#organization\"},\"potentialAction\":[{\"@type\":\"SearchAction\",\"target\":{\"@type\":\"EntryPoint\",\"urlTemplate\":\"https:\\\/\\\/twinpol.com\\\/?s={search_term_string}\"},\"query-input\":{\"@type\":\"PropertyValueSpecification\",\"valueRequired\":true,\"valueName\":\"search_term_string\"}}],\"inLanguage\":\"de\"},{\"@type\":\"Organization\",\"@id\":\"https:\\\/\\\/twinpol.com\\\/#organization\",\"name\":\"Twinpol\",\"url\":\"https:\\\/\\\/twinpol.com\\\/\",\"logo\":{\"@type\":\"ImageObject\",\"inLanguage\":\"de\",\"@id\":\"https:\\\/\\\/twinpol.com\\\/#\\\/schema\\\/logo\\\/image\\\/\",\"url\":\"https:\\\/\\\/twinpol.com\\\/wp-content\\\/uploads\\\/2022\\\/10\\\/cropped-favicon.png\",\"contentUrl\":\"https:\\\/\\\/twinpol.com\\\/wp-content\\\/uploads\\\/2022\\\/10\\\/cropped-favicon.png\",\"width\":512,\"height\":512,\"caption\":\"Twinpol\"},\"image\":{\"@id\":\"https:\\\/\\\/twinpol.com\\\/#\\\/schema\\\/logo\\\/image\\\/\"}}]}<\/script>\n<!-- \/ Yoast SEO plugin. -->","yoast_head_json":{"title":"ECO Badezimmer-Reinigungsmittel, 500 ml - TwinPol","robots":{"index":"index","follow":"follow","max-snippet":"max-snippet:-1","max-image-preview":"max-image-preview:large","max-video-preview":"max-video-preview:-1"},"canonical":"https:\/\/twinpol.com\/de\/produkt\/eco-universal-badezimmer-reinigungsflussigkeit-500-ml-im-grun\/","og_locale":"de_DE","og_type":"article","og_title":"ECO Bathroom cleaning liquid, 500 ml - TwinPol","og_description":"ECO Bathroom Cleaning Liquid &#8211; Natural and Eco-Friendly ECO Bathroom Cleaning Liquid Home > Products > ECO products >Bathroom cleaners","og_url":"https:\/\/twinpol.com\/de\/produkt\/eco-universal-badezimmer-reinigungsflussigkeit-500-ml-im-grun\/","og_site_name":"TwinPol","article_modified_time":"2023-09-01T07:39:13+00:00","og_image":[{"width":800,"height":800,"url":"https:\/\/twinpol.com\/wp-content\/uploads\/2022\/11\/SECO064_500_PL_Wizualizacja_www.png","type":"image\/png"}],"twitter_card":"summary_large_image","twitter_misc":{"Gesch\u00e4tzte Lesezeit":"1\u00a0Minute"},"schema":{"@context":"https:\/\/schema.org","@graph":[{"@type":"WebPage","@id":"https:\/\/twinpol.com\/product\/eco-bathroom-cleaning-liquid-500-ml\/","url":"https:\/\/twinpol.com\/product\/eco-bathroom-cleaning-liquid-500-ml\/","name":"ECO Badezimmer-Reinigungsmittel, 500 ml - TwinPol","isPartOf":{"@id":"https:\/\/twinpol.com\/#website"},"primaryImageOfPage":{"@id":"https:\/\/twinpol.com\/product\/eco-bathroom-cleaning-liquid-500-ml\/#primaryimage"},"image":{"@id":"https:\/\/twinpol.com\/product\/eco-bathroom-cleaning-liquid-500-ml\/#primaryimage"},"thumbnailUrl":"https:\/\/twinpol.com\/wp-content\/uploads\/2022\/11\/SECO064_500_PL_Wizualizacja_www.png","datePublished":"2022-11-07T10:30:47+00:00","dateModified":"2023-09-01T07:39:13+00:00","breadcrumb":{"@id":"https:\/\/twinpol.com\/product\/eco-bathroom-cleaning-liquid-500-ml\/#breadcrumb"},"inLanguage":"de","potentialAction":[{"@type":"ReadAction","target":["https:\/\/twinpol.com\/product\/eco-bathroom-cleaning-liquid-500-ml\/"]}]},{"@type":"ImageObject","inLanguage":"de","@id":"https:\/\/twinpol.com\/product\/eco-bathroom-cleaning-liquid-500-ml\/#primaryimage","url":"https:\/\/twinpol.com\/wp-content\/uploads\/2022\/11\/SECO064_500_PL_Wizualizacja_www.png","contentUrl":"https:\/\/twinpol.com\/wp-content\/uploads\/2022\/11\/SECO064_500_PL_Wizualizacja_www.png","width":800,"height":800},{"@type":"BreadcrumbList","@id":"https:\/\/twinpol.com\/product\/eco-bathroom-cleaning-liquid-500-ml\/#breadcrumb","itemListElement":[{"@type":"ListItem","position":1,"name":"Home","item":"https:\/\/twinpol.com\/"},{"@type":"ListItem","position":2,"name":"Products","item":"https:\/\/twinpol.com\/products\/"},{"@type":"ListItem","position":3,"name":"ECO Bathroom cleaning liquid, 500 ml"}]},{"@type":"WebSite","@id":"https:\/\/twinpol.com\/#website","url":"https:\/\/twinpol.com\/","name":"Twinpol","description":"Reinigungsmittel","publisher":{"@id":"https:\/\/twinpol.com\/#organization"},"potentialAction":[{"@type":"SearchAction","target":{"@type":"EntryPoint","urlTemplate":"https:\/\/twinpol.com\/?s={search_term_string}"},"query-input":{"@type":"PropertyValueSpecification","valueRequired":true,"valueName":"search_term_string"}}],"inLanguage":"de"},{"@type":"Organization","@id":"https:\/\/twinpol.com\/#organization","name":"Twinpol","url":"https:\/\/twinpol.com\/","logo":{"@type":"ImageObject","inLanguage":"de","@id":"https:\/\/twinpol.com\/#\/schema\/logo\/image\/","url":"https:\/\/twinpol.com\/wp-content\/uploads\/2022\/10\/cropped-favicon.png","contentUrl":"https:\/\/twinpol.com\/wp-content\/uploads\/2022\/10\/cropped-favicon.png","width":512,"height":512,"caption":"Twinpol"},"image":{"@id":"https:\/\/twinpol.com\/#\/schema\/logo\/image\/"}}]}},"_links":{"self":[{"href":"https:\/\/twinpol.com\/de\/wp-json\/wp\/v2\/product\/9288","targetHints":{"allow":["GET"]}}],"collection":[{"href":"https:\/\/twinpol.com\/de\/wp-json\/wp\/v2\/product"}],"about":[{"href":"https:\/\/twinpol.com\/de\/wp-json\/wp\/v2\/types\/product"}],"wp:featuredmedia":[{"embeddable":true,"href":"https:\/\/twinpol.com\/de\/wp-json\/wp\/v2\/media\/19940"}],"wp:attachment":[{"href":"https:\/\/twinpol.com\/de\/wp-json\/wp\/v2\/media?parent=9288"}],"wp:term":[{"taxonomy":"product_brand","embeddable":true,"href":"https:\/\/twinpol.com\/de\/wp-json\/wp\/v2\/product_brand?post=9288"},{"taxonomy":"product_cat","embeddable":true,"href":"https:\/\/twinpol.com\/de\/wp-json\/wp\/v2\/product_cat?post=9288"},{"taxonomy":"product_tag","embeddable":true,"href":"https:\/\/twinpol.com\/de\/wp-json\/wp\/v2\/product_tag?post=9288"}],"curies":[{"name":"wp","href":"https:\/\/api.w.org\/{rel}","templated":true}]}}