{"id":9299,"date":"2022-11-08T14:17:47","date_gmt":"2022-11-08T14:17:47","guid":{"rendered":"https:\/\/twinpol.mysites.io\/?post_type=product&#038;p=9299"},"modified":"2023-09-11T13:13:50","modified_gmt":"2023-09-11T13:13:50","slug":"eco-cap-screen-cleaning-kit","status":"publish","type":"product","link":"https:\/\/twinpol.com\/de\/produkt\/oko-reinigungsset-fur-lcd-led-oled-tisch-plasma-tv-bildschirme-2in1-250-ml-fluid-mikrotuch-20x20-cm-tasse\/","title":{"rendered":"ECO Cap Bildschirmreinigungsset 2in1"},"content":{"rendered":"<p><html lang=\"en\"><br \/>\n<head><br \/>\n\t<meta charset=\"UTF-8\"><br \/>\n\t<title>ECO Cap Bildschirmreinigungsset<\/title><br \/>\n\t<meta name=\"description\" content=\"Mit dem umweltfreundlichen ECO Cap Bildschirmreinigungsset werden Ihre Bildschirme blitzsauber. Das Kit enth\u00e4lt eine 250 ml Fl\u00fcssigkeit und ein Mikrofasertuch.\"><br \/>\n<\/head><br \/>\n<body><\/p>\n<h1>ECO Cap Bildschirmreinigungsset<\/h1>\n<div class=\"breadcrumbs\">\n  <a href=\"\/de\/\">Startseite<\/a> > <a href=\"\/de\/products\/\">Produkte<\/a> > <a href=\"\/de\/product-category\/eco-products\/\">ECO-Produkte<\/a> ><a href=\"\/de\/product-category\/screen\/\">Bildschirmreiniger<\/a> ><\/div>\n<h2>Die umweltfreundliche L\u00f6sung zur Bildschirmreinigung<\/h2>\n<p>Das ECO Cap Bildschirmreinigungsset ist die perfekte L\u00f6sung, um Ihre Bildschirme sauber zu halten, ohne die Umwelt zu belasten. Die mit umweltfreundlichen Inhaltsstoffen hergestellte Reinigungsfl\u00fcssigkeit entfernt effektiv Schmutz, Staub und Flecken von allen Arten von Bildschirmen. <\/p>\n<h2>Effiziente Reinigungsergebnisse<\/h2>\n<p>Das ECO Cap Bildschirmreinigungsset ist eine hochwertige und effiziente Reinigungsl\u00f6sung f\u00fcr alle Arten von Bildschirmen. Die Reinigungsfl\u00fcssigkeit ist so konzipiert, dass sie selbst hartn\u00e4ckigen Schmutz und Flecken von Ihren Bildschirmen entfernt, so dass diese kristallklar und gut lesbar sind. Das im Kit enthaltene Mikrofasertuch ist sanft zu Ihren Bildschirmen und sorgt f\u00fcr ein streifenfreies Finish.<\/p>\n<h2>Vorteile<\/h2>\n<ul>\n<li>Sicher f\u00fcr die Umwelt und Ihre Bildschirme<\/li>\n<li>Effektive Reinigungskraft ohne scharfe Chemikalien<\/li>\n<li>Einfache Handhabung und Anwendung<\/li>\n<li>Reinigt alle Arten von Bildschirmen<\/li>\n<li>Entfernt effektiv Schmutz, Staub und Flecken<\/li>\n<li>Sorgt f\u00fcr ein streifenfreies Finish<\/li>\n<\/ul>\n<h2>Das Kit enth\u00e4lt:<\/h2>\n<ul>\n<li>Bildschirmreinigungsfl\u00fcssigkeit 250 ml<\/li>\n<li>Mikrofasertuch 20 x 20 cm<\/li>\n<\/ul>\n<p><\/body><br \/>\n<\/html><\/p>","protected":false},"excerpt":{"rendered":"<p>ECO Cap Bildschirmreinigungsset ECO Cap Bildschirmreinigungsset Home &gt; Produkte &gt; ECO-Produkte &gt;Bildschirmreiniger &gt; Die<\/p>","protected":false},"featured_media":9300,"template":"","meta":[],"product_brand":[],"product_cat":[346,197],"product_tag":[],"class_list":{"0":"post-9299","1":"product","2":"type-product","3":"status-publish","4":"has-post-thumbnail","6":"product_cat-eco-products","7":"product_cat-screen","9":"first","10":"instock","11":"shipping-taxable","12":"purchasable","13":"product-type-simple"},"yoast_head":"<!-- This site is optimized with the Yoast SEO plugin v27.3 - https:\/\/yoast.com\/product\/yoast-seo-wordpress\/ -->\n<title>ECO Cap screen cleaning kit 2in1 - TwinPol<\/title>\n<meta name=\"robots\" content=\"index, follow, max-snippet:-1, max-image-preview:large, max-video-preview:-1\" \/>\n<link rel=\"canonical\" href=\"https:\/\/twinpol.com\/de\/produkt\/oko-reinigungsset-fur-lcd-led-oled-tisch-plasma-tv-bildschirme-2in1-250-ml-fluid-mikrotuch-20x20-cm-tasse\/\" \/>\n<meta property=\"og:locale\" content=\"de_DE\" \/>\n<meta property=\"og:type\" content=\"article\" \/>\n<meta property=\"og:title\" content=\"ECO Cap screen cleaning kit 2in1 - TwinPol\" \/>\n<meta property=\"og:description\" content=\"ECO Cap screen cleaning kit ECO Cap screen cleaning kit Home &gt; Products &gt; ECO products &gt;Screen cleaners &gt; The\" \/>\n<meta property=\"og:url\" content=\"https:\/\/twinpol.com\/de\/produkt\/oko-reinigungsset-fur-lcd-led-oled-tisch-plasma-tv-bildschirme-2in1-250-ml-fluid-mikrotuch-20x20-cm-tasse\/\" \/>\n<meta property=\"og:site_name\" content=\"TwinPol\" \/>\n<meta property=\"article:modified_time\" content=\"2023-09-11T13:13:50+00:00\" \/>\n<meta property=\"og:image\" content=\"https:\/\/twinpol.com\/wp-content\/uploads\/2022\/11\/ECO-Cleaning-Set-for-LCD-LED-OLED-Tablet-Plasma-TV-screens-2in1-250-ml-fluid-microcloth-20x20-cm-cup.png\" \/>\n\t<meta property=\"og:image:width\" content=\"2000\" \/>\n\t<meta property=\"og:image:height\" content=\"2000\" \/>\n\t<meta property=\"og:image:type\" content=\"image\/png\" \/>\n<meta name=\"twitter:card\" content=\"summary_large_image\" \/>\n<meta name=\"twitter:label1\" content=\"Gesch\u00e4tzte Lesezeit\" \/>\n\t<meta name=\"twitter:data1\" content=\"1\u00a0Minute\" \/>\n<script type=\"application\/ld+json\" class=\"yoast-schema-graph\">{\"@context\":\"https:\\\/\\\/schema.org\",\"@graph\":[{\"@type\":\"WebPage\",\"@id\":\"https:\\\/\\\/twinpol.com\\\/product\\\/eco-cap-screen-cleaning-kit\\\/\",\"url\":\"https:\\\/\\\/twinpol.com\\\/product\\\/eco-cap-screen-cleaning-kit\\\/\",\"name\":\"ECO Cap screen cleaning kit 2in1 - TwinPol\",\"isPartOf\":{\"@id\":\"https:\\\/\\\/twinpol.com\\\/#website\"},\"primaryImageOfPage\":{\"@id\":\"https:\\\/\\\/twinpol.com\\\/product\\\/eco-cap-screen-cleaning-kit\\\/#primaryimage\"},\"image\":{\"@id\":\"https:\\\/\\\/twinpol.com\\\/product\\\/eco-cap-screen-cleaning-kit\\\/#primaryimage\"},\"thumbnailUrl\":\"https:\\\/\\\/twinpol.com\\\/wp-content\\\/uploads\\\/2022\\\/11\\\/ECO-Cleaning-Set-for-LCD-LED-OLED-Tablet-Plasma-TV-screens-2in1-250-ml-fluid-microcloth-20x20-cm-cup.png\",\"datePublished\":\"2022-11-08T14:17:47+00:00\",\"dateModified\":\"2023-09-11T13:13:50+00:00\",\"breadcrumb\":{\"@id\":\"https:\\\/\\\/twinpol.com\\\/product\\\/eco-cap-screen-cleaning-kit\\\/#breadcrumb\"},\"inLanguage\":\"de\",\"potentialAction\":[{\"@type\":\"ReadAction\",\"target\":[\"https:\\\/\\\/twinpol.com\\\/product\\\/eco-cap-screen-cleaning-kit\\\/\"]}]},{\"@type\":\"ImageObject\",\"inLanguage\":\"de\",\"@id\":\"https:\\\/\\\/twinpol.com\\\/product\\\/eco-cap-screen-cleaning-kit\\\/#primaryimage\",\"url\":\"https:\\\/\\\/twinpol.com\\\/wp-content\\\/uploads\\\/2022\\\/11\\\/ECO-Cleaning-Set-for-LCD-LED-OLED-Tablet-Plasma-TV-screens-2in1-250-ml-fluid-microcloth-20x20-cm-cup.png\",\"contentUrl\":\"https:\\\/\\\/twinpol.com\\\/wp-content\\\/uploads\\\/2022\\\/11\\\/ECO-Cleaning-Set-for-LCD-LED-OLED-Tablet-Plasma-TV-screens-2in1-250-ml-fluid-microcloth-20x20-cm-cup.png\",\"width\":2000,\"height\":2000},{\"@type\":\"BreadcrumbList\",\"@id\":\"https:\\\/\\\/twinpol.com\\\/product\\\/eco-cap-screen-cleaning-kit\\\/#breadcrumb\",\"itemListElement\":[{\"@type\":\"ListItem\",\"position\":1,\"name\":\"Home\",\"item\":\"https:\\\/\\\/twinpol.com\\\/\"},{\"@type\":\"ListItem\",\"position\":2,\"name\":\"Products\",\"item\":\"https:\\\/\\\/twinpol.com\\\/products\\\/\"},{\"@type\":\"ListItem\",\"position\":3,\"name\":\"ECO Cap screen cleaning kit 2in1\"}]},{\"@type\":\"WebSite\",\"@id\":\"https:\\\/\\\/twinpol.com\\\/#website\",\"url\":\"https:\\\/\\\/twinpol.com\\\/\",\"name\":\"Twinpol\",\"description\":\"Cleaning Supplies\",\"publisher\":{\"@id\":\"https:\\\/\\\/twinpol.com\\\/#organization\"},\"potentialAction\":[{\"@type\":\"SearchAction\",\"target\":{\"@type\":\"EntryPoint\",\"urlTemplate\":\"https:\\\/\\\/twinpol.com\\\/?s={search_term_string}\"},\"query-input\":{\"@type\":\"PropertyValueSpecification\",\"valueRequired\":true,\"valueName\":\"search_term_string\"}}],\"inLanguage\":\"de\"},{\"@type\":\"Organization\",\"@id\":\"https:\\\/\\\/twinpol.com\\\/#organization\",\"name\":\"Twinpol\",\"url\":\"https:\\\/\\\/twinpol.com\\\/\",\"logo\":{\"@type\":\"ImageObject\",\"inLanguage\":\"de\",\"@id\":\"https:\\\/\\\/twinpol.com\\\/#\\\/schema\\\/logo\\\/image\\\/\",\"url\":\"https:\\\/\\\/twinpol.com\\\/wp-content\\\/uploads\\\/2022\\\/10\\\/cropped-favicon.png\",\"contentUrl\":\"https:\\\/\\\/twinpol.com\\\/wp-content\\\/uploads\\\/2022\\\/10\\\/cropped-favicon.png\",\"width\":512,\"height\":512,\"caption\":\"Twinpol\"},\"image\":{\"@id\":\"https:\\\/\\\/twinpol.com\\\/#\\\/schema\\\/logo\\\/image\\\/\"}}]}<\/script>\n<!-- \/ Yoast SEO plugin. -->","yoast_head_json":{"title":"ECO Cap Bildschirmreinigungsset 2in1 - TwinPol","robots":{"index":"index","follow":"follow","max-snippet":"max-snippet:-1","max-image-preview":"max-image-preview:large","max-video-preview":"max-video-preview:-1"},"canonical":"https:\/\/twinpol.com\/de\/produkt\/oko-reinigungsset-fur-lcd-led-oled-tisch-plasma-tv-bildschirme-2in1-250-ml-fluid-mikrotuch-20x20-cm-tasse\/","og_locale":"de_DE","og_type":"article","og_title":"ECO Cap screen cleaning kit 2in1 - TwinPol","og_description":"ECO Cap screen cleaning kit ECO Cap screen cleaning kit Home > Products > ECO products >Screen cleaners > The","og_url":"https:\/\/twinpol.com\/de\/produkt\/oko-reinigungsset-fur-lcd-led-oled-tisch-plasma-tv-bildschirme-2in1-250-ml-fluid-mikrotuch-20x20-cm-tasse\/","og_site_name":"TwinPol","article_modified_time":"2023-09-11T13:13:50+00:00","og_image":[{"width":2000,"height":2000,"url":"https:\/\/twinpol.com\/wp-content\/uploads\/2022\/11\/ECO-Cleaning-Set-for-LCD-LED-OLED-Tablet-Plasma-TV-screens-2in1-250-ml-fluid-microcloth-20x20-cm-cup.png","type":"image\/png"}],"twitter_card":"summary_large_image","twitter_misc":{"Gesch\u00e4tzte Lesezeit":"1\u00a0Minute"},"schema":{"@context":"https:\/\/schema.org","@graph":[{"@type":"WebPage","@id":"https:\/\/twinpol.com\/product\/eco-cap-screen-cleaning-kit\/","url":"https:\/\/twinpol.com\/product\/eco-cap-screen-cleaning-kit\/","name":"ECO Cap Bildschirmreinigungsset 2in1 - TwinPol","isPartOf":{"@id":"https:\/\/twinpol.com\/#website"},"primaryImageOfPage":{"@id":"https:\/\/twinpol.com\/product\/eco-cap-screen-cleaning-kit\/#primaryimage"},"image":{"@id":"https:\/\/twinpol.com\/product\/eco-cap-screen-cleaning-kit\/#primaryimage"},"thumbnailUrl":"https:\/\/twinpol.com\/wp-content\/uploads\/2022\/11\/ECO-Cleaning-Set-for-LCD-LED-OLED-Tablet-Plasma-TV-screens-2in1-250-ml-fluid-microcloth-20x20-cm-cup.png","datePublished":"2022-11-08T14:17:47+00:00","dateModified":"2023-09-11T13:13:50+00:00","breadcrumb":{"@id":"https:\/\/twinpol.com\/product\/eco-cap-screen-cleaning-kit\/#breadcrumb"},"inLanguage":"de","potentialAction":[{"@type":"ReadAction","target":["https:\/\/twinpol.com\/product\/eco-cap-screen-cleaning-kit\/"]}]},{"@type":"ImageObject","inLanguage":"de","@id":"https:\/\/twinpol.com\/product\/eco-cap-screen-cleaning-kit\/#primaryimage","url":"https:\/\/twinpol.com\/wp-content\/uploads\/2022\/11\/ECO-Cleaning-Set-for-LCD-LED-OLED-Tablet-Plasma-TV-screens-2in1-250-ml-fluid-microcloth-20x20-cm-cup.png","contentUrl":"https:\/\/twinpol.com\/wp-content\/uploads\/2022\/11\/ECO-Cleaning-Set-for-LCD-LED-OLED-Tablet-Plasma-TV-screens-2in1-250-ml-fluid-microcloth-20x20-cm-cup.png","width":2000,"height":2000},{"@type":"BreadcrumbList","@id":"https:\/\/twinpol.com\/product\/eco-cap-screen-cleaning-kit\/#breadcrumb","itemListElement":[{"@type":"ListItem","position":1,"name":"Home","item":"https:\/\/twinpol.com\/"},{"@type":"ListItem","position":2,"name":"Products","item":"https:\/\/twinpol.com\/products\/"},{"@type":"ListItem","position":3,"name":"ECO Cap screen cleaning kit 2in1"}]},{"@type":"WebSite","@id":"https:\/\/twinpol.com\/#website","url":"https:\/\/twinpol.com\/","name":"Twinpol","description":"Reinigungsmittel","publisher":{"@id":"https:\/\/twinpol.com\/#organization"},"potentialAction":[{"@type":"SearchAction","target":{"@type":"EntryPoint","urlTemplate":"https:\/\/twinpol.com\/?s={search_term_string}"},"query-input":{"@type":"PropertyValueSpecification","valueRequired":true,"valueName":"search_term_string"}}],"inLanguage":"de"},{"@type":"Organization","@id":"https:\/\/twinpol.com\/#organization","name":"Twinpol","url":"https:\/\/twinpol.com\/","logo":{"@type":"ImageObject","inLanguage":"de","@id":"https:\/\/twinpol.com\/#\/schema\/logo\/image\/","url":"https:\/\/twinpol.com\/wp-content\/uploads\/2022\/10\/cropped-favicon.png","contentUrl":"https:\/\/twinpol.com\/wp-content\/uploads\/2022\/10\/cropped-favicon.png","width":512,"height":512,"caption":"Twinpol"},"image":{"@id":"https:\/\/twinpol.com\/#\/schema\/logo\/image\/"}}]}},"_links":{"self":[{"href":"https:\/\/twinpol.com\/de\/wp-json\/wp\/v2\/product\/9299","targetHints":{"allow":["GET"]}}],"collection":[{"href":"https:\/\/twinpol.com\/de\/wp-json\/wp\/v2\/product"}],"about":[{"href":"https:\/\/twinpol.com\/de\/wp-json\/wp\/v2\/types\/product"}],"wp:featuredmedia":[{"embeddable":true,"href":"https:\/\/twinpol.com\/de\/wp-json\/wp\/v2\/media\/9300"}],"wp:attachment":[{"href":"https:\/\/twinpol.com\/de\/wp-json\/wp\/v2\/media?parent=9299"}],"wp:term":[{"taxonomy":"product_brand","embeddable":true,"href":"https:\/\/twinpol.com\/de\/wp-json\/wp\/v2\/product_brand?post=9299"},{"taxonomy":"product_cat","embeddable":true,"href":"https:\/\/twinpol.com\/de\/wp-json\/wp\/v2\/product_cat?post=9299"},{"taxonomy":"product_tag","embeddable":true,"href":"https:\/\/twinpol.com\/de\/wp-json\/wp\/v2\/product_tag?post=9299"}],"curies":[{"name":"wp","href":"https:\/\/api.w.org\/{rel}","templated":true}]}}