{"id":9309,"date":"2022-11-08T14:52:05","date_gmt":"2022-11-08T14:52:05","guid":{"rendered":"https:\/\/twinpol.mysites.io\/?post_type=product&#038;p=9309"},"modified":"2023-09-01T08:17:20","modified_gmt":"2023-09-01T08:17:20","slug":"eco-office-cleaning-liquid-250-ml","status":"publish","type":"product","link":"https:\/\/twinpol.com\/de\/produkt\/oko-reinigungsmittel-fur-buro-250-ml\/","title":{"rendered":"ECO Office Reinigungsfl\u00fcssigkeit, 250 ml"},"content":{"rendered":"<p><html><br \/>\n<head><br \/>\n  <meta charset=\"UTF-8\"><br \/>\n  <meta name=\"viewport\" content=\"width=device-width, initial-scale=1.0\"><br \/>\n  <title>ECO-Reinigungsfl\u00fcssigkeit f\u00fcr das B\u00fcro<\/title><br \/>\n  <meta name=\"description\" content=\"Eine umweltfreundliche B\u00fcroreinigungsfl\u00fcssigkeit, die eine effektive und sichere Reinigung erm\u00f6glicht, ohne die Umwelt zu sch\u00e4digen.\"><br \/>\n<\/head><br \/>\n<body><\/p>\n<h1>ECO-Reinigungsfl\u00fcssigkeit f\u00fcr das B\u00fcro<\/h1>\n<div class=\"breadcrumbs\">\n  <a href=\"\/de\/\">Startseite<\/a> > <a href=\"\/de\/products\/\">Produkte<\/a> > <a href=\"\/de\/product-category\/eco-products\/\">ECO-Produkte<\/a> ><a href=\"\/de\/product-category\/office-equipment-workstation-cleaner\/\">B\u00fcroreiniger<\/a> ><\/div>\n<h2>Sichere und wirksame Reinigung<\/h2>\n<p>ECO Cleaning Fluid for Office ist eine sichere und wirksame Reinigungsl\u00f6sung, mit der Sie Ihren Arbeitsplatz sauber halten k\u00f6nnen, ohne die Umwelt zu belasten. Sie wird aus biologisch abbaubaren Inhaltsstoffen hergestellt und enth\u00e4lt keine sch\u00e4dlichen Chemikalien oder Giftstoffe.<\/p>\n<h2>Wirtschaftlich und bequem<\/h2>\n<p>ECO Cleaning Fluid for Office ist eine wirtschaftliche und bequeme Wahl f\u00fcr Ihren Reinigungsbedarf. Seine konzentrierte Formel bedeutet, dass eine kleine Menge ausreicht und Sie nicht zu viel Produkt verwenden m\u00fcssen. Au\u00dferdem wird es in einer praktischen Spr\u00fchflasche geliefert, die das Auftragen auf Oberfl\u00e4chen erleichtert und das Risiko von Versch\u00fcttungen und Abf\u00e4llen verringert.<\/p>\n<h2>Vorteile<\/h2>\n<ul>\n<li>Reinigt effektiv eine Vielzahl von Oberfl\u00e4chen<\/li>\n<li>Biologisch abbaubar und umweltfreundlich<\/li>\n<li>Konzentrierte Formel spart Geld und reduziert Abfall<\/li>\n<li>Einfach zu verwendende Spr\u00fchflasche<\/li>\n<li>Hinterl\u00e4sst Oberfl\u00e4chen sauber und streifenfrei<\/li>\n<\/ul>\n<p><\/body><br \/>\n<\/html><\/p>","protected":false},"excerpt":{"rendered":"<p>ECO-Reinigungsfl\u00fcssigkeit f\u00fcr das B\u00fcro ECO-Reinigungsfl\u00fcssigkeit f\u00fcr das B\u00fcro Home &gt; Produkte &gt; ECO-Produkte &gt;B\u00fcroreiniger &gt; Safe<\/p>","protected":false},"featured_media":9310,"template":"","meta":[],"product_brand":[],"product_cat":[346,334],"product_tag":[],"class_list":{"0":"post-9309","1":"product","2":"type-product","3":"status-publish","4":"has-post-thumbnail","6":"product_cat-eco-products","7":"product_cat-office-equipment-workstation-cleaner","9":"first","10":"instock","11":"shipping-taxable","12":"purchasable","13":"product-type-simple"},"yoast_head":"<!-- This site is optimized with the Yoast SEO plugin v27.3 - https:\/\/yoast.com\/product\/yoast-seo-wordpress\/ -->\n<title>ECO Office cleaning liquid, 250 ml - TwinPol<\/title>\n<meta name=\"robots\" content=\"index, follow, max-snippet:-1, max-image-preview:large, max-video-preview:-1\" \/>\n<link rel=\"canonical\" href=\"https:\/\/twinpol.com\/de\/produkt\/oko-reinigungsmittel-fur-buro-250-ml\/\" \/>\n<meta property=\"og:locale\" content=\"de_DE\" \/>\n<meta property=\"og:type\" content=\"article\" \/>\n<meta property=\"og:title\" content=\"ECO Office cleaning liquid, 250 ml - TwinPol\" \/>\n<meta property=\"og:description\" content=\"ECO Cleaning Fluid for Office ECO Cleaning Fluid for Office Home &gt; Products &gt; ECO products &gt;Office cleaners &gt; Safe\" \/>\n<meta property=\"og:url\" content=\"https:\/\/twinpol.com\/de\/produkt\/oko-reinigungsmittel-fur-buro-250-ml\/\" \/>\n<meta property=\"og:site_name\" content=\"TwinPol\" \/>\n<meta property=\"article:modified_time\" content=\"2023-09-01T08:17:20+00:00\" \/>\n<meta property=\"og:image\" content=\"https:\/\/twinpol.com\/wp-content\/uploads\/2022\/11\/ECO-Cleaning-fluid-for-office-250-ml.png\" \/>\n\t<meta property=\"og:image:width\" content=\"2000\" \/>\n\t<meta property=\"og:image:height\" content=\"2000\" \/>\n\t<meta property=\"og:image:type\" content=\"image\/png\" \/>\n<meta name=\"twitter:card\" content=\"summary_large_image\" \/>\n<meta name=\"twitter:label1\" content=\"Gesch\u00e4tzte Lesezeit\" \/>\n\t<meta name=\"twitter:data1\" content=\"1\u00a0Minute\" \/>\n<script type=\"application\/ld+json\" class=\"yoast-schema-graph\">{\"@context\":\"https:\\\/\\\/schema.org\",\"@graph\":[{\"@type\":\"WebPage\",\"@id\":\"https:\\\/\\\/twinpol.com\\\/product\\\/eco-office-cleaning-liquid-250-ml\\\/\",\"url\":\"https:\\\/\\\/twinpol.com\\\/product\\\/eco-office-cleaning-liquid-250-ml\\\/\",\"name\":\"ECO Office cleaning liquid, 250 ml - TwinPol\",\"isPartOf\":{\"@id\":\"https:\\\/\\\/twinpol.com\\\/#website\"},\"primaryImageOfPage\":{\"@id\":\"https:\\\/\\\/twinpol.com\\\/product\\\/eco-office-cleaning-liquid-250-ml\\\/#primaryimage\"},\"image\":{\"@id\":\"https:\\\/\\\/twinpol.com\\\/product\\\/eco-office-cleaning-liquid-250-ml\\\/#primaryimage\"},\"thumbnailUrl\":\"https:\\\/\\\/twinpol.com\\\/wp-content\\\/uploads\\\/2022\\\/11\\\/ECO-Cleaning-fluid-for-office-250-ml.png\",\"datePublished\":\"2022-11-08T14:52:05+00:00\",\"dateModified\":\"2023-09-01T08:17:20+00:00\",\"breadcrumb\":{\"@id\":\"https:\\\/\\\/twinpol.com\\\/product\\\/eco-office-cleaning-liquid-250-ml\\\/#breadcrumb\"},\"inLanguage\":\"de\",\"potentialAction\":[{\"@type\":\"ReadAction\",\"target\":[\"https:\\\/\\\/twinpol.com\\\/product\\\/eco-office-cleaning-liquid-250-ml\\\/\"]}]},{\"@type\":\"ImageObject\",\"inLanguage\":\"de\",\"@id\":\"https:\\\/\\\/twinpol.com\\\/product\\\/eco-office-cleaning-liquid-250-ml\\\/#primaryimage\",\"url\":\"https:\\\/\\\/twinpol.com\\\/wp-content\\\/uploads\\\/2022\\\/11\\\/ECO-Cleaning-fluid-for-office-250-ml.png\",\"contentUrl\":\"https:\\\/\\\/twinpol.com\\\/wp-content\\\/uploads\\\/2022\\\/11\\\/ECO-Cleaning-fluid-for-office-250-ml.png\",\"width\":2000,\"height\":2000},{\"@type\":\"BreadcrumbList\",\"@id\":\"https:\\\/\\\/twinpol.com\\\/product\\\/eco-office-cleaning-liquid-250-ml\\\/#breadcrumb\",\"itemListElement\":[{\"@type\":\"ListItem\",\"position\":1,\"name\":\"Home\",\"item\":\"https:\\\/\\\/twinpol.com\\\/\"},{\"@type\":\"ListItem\",\"position\":2,\"name\":\"Products\",\"item\":\"https:\\\/\\\/twinpol.com\\\/products\\\/\"},{\"@type\":\"ListItem\",\"position\":3,\"name\":\"ECO Office cleaning liquid, 250 ml\"}]},{\"@type\":\"WebSite\",\"@id\":\"https:\\\/\\\/twinpol.com\\\/#website\",\"url\":\"https:\\\/\\\/twinpol.com\\\/\",\"name\":\"Twinpol\",\"description\":\"Cleaning Supplies\",\"publisher\":{\"@id\":\"https:\\\/\\\/twinpol.com\\\/#organization\"},\"potentialAction\":[{\"@type\":\"SearchAction\",\"target\":{\"@type\":\"EntryPoint\",\"urlTemplate\":\"https:\\\/\\\/twinpol.com\\\/?s={search_term_string}\"},\"query-input\":{\"@type\":\"PropertyValueSpecification\",\"valueRequired\":true,\"valueName\":\"search_term_string\"}}],\"inLanguage\":\"de\"},{\"@type\":\"Organization\",\"@id\":\"https:\\\/\\\/twinpol.com\\\/#organization\",\"name\":\"Twinpol\",\"url\":\"https:\\\/\\\/twinpol.com\\\/\",\"logo\":{\"@type\":\"ImageObject\",\"inLanguage\":\"de\",\"@id\":\"https:\\\/\\\/twinpol.com\\\/#\\\/schema\\\/logo\\\/image\\\/\",\"url\":\"https:\\\/\\\/twinpol.com\\\/wp-content\\\/uploads\\\/2022\\\/10\\\/cropped-favicon.png\",\"contentUrl\":\"https:\\\/\\\/twinpol.com\\\/wp-content\\\/uploads\\\/2022\\\/10\\\/cropped-favicon.png\",\"width\":512,\"height\":512,\"caption\":\"Twinpol\"},\"image\":{\"@id\":\"https:\\\/\\\/twinpol.com\\\/#\\\/schema\\\/logo\\\/image\\\/\"}}]}<\/script>\n<!-- \/ Yoast SEO plugin. -->","yoast_head_json":{"title":"ECO Office Reinigungsfl\u00fcssigkeit, 250 ml - TwinPol","robots":{"index":"index","follow":"follow","max-snippet":"max-snippet:-1","max-image-preview":"max-image-preview:large","max-video-preview":"max-video-preview:-1"},"canonical":"https:\/\/twinpol.com\/de\/produkt\/oko-reinigungsmittel-fur-buro-250-ml\/","og_locale":"de_DE","og_type":"article","og_title":"ECO Office cleaning liquid, 250 ml - TwinPol","og_description":"ECO Cleaning Fluid for Office ECO Cleaning Fluid for Office Home > Products > ECO products >Office cleaners > Safe","og_url":"https:\/\/twinpol.com\/de\/produkt\/oko-reinigungsmittel-fur-buro-250-ml\/","og_site_name":"TwinPol","article_modified_time":"2023-09-01T08:17:20+00:00","og_image":[{"width":2000,"height":2000,"url":"https:\/\/twinpol.com\/wp-content\/uploads\/2022\/11\/ECO-Cleaning-fluid-for-office-250-ml.png","type":"image\/png"}],"twitter_card":"summary_large_image","twitter_misc":{"Gesch\u00e4tzte Lesezeit":"1\u00a0Minute"},"schema":{"@context":"https:\/\/schema.org","@graph":[{"@type":"WebPage","@id":"https:\/\/twinpol.com\/product\/eco-office-cleaning-liquid-250-ml\/","url":"https:\/\/twinpol.com\/product\/eco-office-cleaning-liquid-250-ml\/","name":"ECO Office Reinigungsfl\u00fcssigkeit, 250 ml - TwinPol","isPartOf":{"@id":"https:\/\/twinpol.com\/#website"},"primaryImageOfPage":{"@id":"https:\/\/twinpol.com\/product\/eco-office-cleaning-liquid-250-ml\/#primaryimage"},"image":{"@id":"https:\/\/twinpol.com\/product\/eco-office-cleaning-liquid-250-ml\/#primaryimage"},"thumbnailUrl":"https:\/\/twinpol.com\/wp-content\/uploads\/2022\/11\/ECO-Cleaning-fluid-for-office-250-ml.png","datePublished":"2022-11-08T14:52:05+00:00","dateModified":"2023-09-01T08:17:20+00:00","breadcrumb":{"@id":"https:\/\/twinpol.com\/product\/eco-office-cleaning-liquid-250-ml\/#breadcrumb"},"inLanguage":"de","potentialAction":[{"@type":"ReadAction","target":["https:\/\/twinpol.com\/product\/eco-office-cleaning-liquid-250-ml\/"]}]},{"@type":"ImageObject","inLanguage":"de","@id":"https:\/\/twinpol.com\/product\/eco-office-cleaning-liquid-250-ml\/#primaryimage","url":"https:\/\/twinpol.com\/wp-content\/uploads\/2022\/11\/ECO-Cleaning-fluid-for-office-250-ml.png","contentUrl":"https:\/\/twinpol.com\/wp-content\/uploads\/2022\/11\/ECO-Cleaning-fluid-for-office-250-ml.png","width":2000,"height":2000},{"@type":"BreadcrumbList","@id":"https:\/\/twinpol.com\/product\/eco-office-cleaning-liquid-250-ml\/#breadcrumb","itemListElement":[{"@type":"ListItem","position":1,"name":"Home","item":"https:\/\/twinpol.com\/"},{"@type":"ListItem","position":2,"name":"Products","item":"https:\/\/twinpol.com\/products\/"},{"@type":"ListItem","position":3,"name":"ECO Office cleaning liquid, 250 ml"}]},{"@type":"WebSite","@id":"https:\/\/twinpol.com\/#website","url":"https:\/\/twinpol.com\/","name":"Twinpol","description":"Reinigungsmittel","publisher":{"@id":"https:\/\/twinpol.com\/#organization"},"potentialAction":[{"@type":"SearchAction","target":{"@type":"EntryPoint","urlTemplate":"https:\/\/twinpol.com\/?s={search_term_string}"},"query-input":{"@type":"PropertyValueSpecification","valueRequired":true,"valueName":"search_term_string"}}],"inLanguage":"de"},{"@type":"Organization","@id":"https:\/\/twinpol.com\/#organization","name":"Twinpol","url":"https:\/\/twinpol.com\/","logo":{"@type":"ImageObject","inLanguage":"de","@id":"https:\/\/twinpol.com\/#\/schema\/logo\/image\/","url":"https:\/\/twinpol.com\/wp-content\/uploads\/2022\/10\/cropped-favicon.png","contentUrl":"https:\/\/twinpol.com\/wp-content\/uploads\/2022\/10\/cropped-favicon.png","width":512,"height":512,"caption":"Twinpol"},"image":{"@id":"https:\/\/twinpol.com\/#\/schema\/logo\/image\/"}}]}},"_links":{"self":[{"href":"https:\/\/twinpol.com\/de\/wp-json\/wp\/v2\/product\/9309","targetHints":{"allow":["GET"]}}],"collection":[{"href":"https:\/\/twinpol.com\/de\/wp-json\/wp\/v2\/product"}],"about":[{"href":"https:\/\/twinpol.com\/de\/wp-json\/wp\/v2\/types\/product"}],"wp:featuredmedia":[{"embeddable":true,"href":"https:\/\/twinpol.com\/de\/wp-json\/wp\/v2\/media\/9310"}],"wp:attachment":[{"href":"https:\/\/twinpol.com\/de\/wp-json\/wp\/v2\/media?parent=9309"}],"wp:term":[{"taxonomy":"product_brand","embeddable":true,"href":"https:\/\/twinpol.com\/de\/wp-json\/wp\/v2\/product_brand?post=9309"},{"taxonomy":"product_cat","embeddable":true,"href":"https:\/\/twinpol.com\/de\/wp-json\/wp\/v2\/product_cat?post=9309"},{"taxonomy":"product_tag","embeddable":true,"href":"https:\/\/twinpol.com\/de\/wp-json\/wp\/v2\/product_tag?post=9309"}],"curies":[{"name":"wp","href":"https:\/\/api.w.org\/{rel}","templated":true}]}}