{"id":9325,"date":"2022-11-08T16:46:53","date_gmt":"2022-11-08T16:46:53","guid":{"rendered":"https:\/\/twinpol.mysites.io\/?post_type=product&#038;p=9325"},"modified":"2023-09-13T07:49:46","modified_gmt":"2023-09-13T07:49:46","slug":"itseptic-disinfection-kit","status":"publish","type":"product","link":"https:\/\/twinpol.com\/de\/produkt\/itseptic-set-2in1-desinfektionsmittel-reiniger-100-ml-hand-desinfektionsmittel-flussig-100-ml\/","title":{"rendered":"ITSEPTIC Desinfektionsset 2in1"},"content":{"rendered":"<p><html lang=\"pl\"><br \/>\n<head><br \/>\n\t<meta charset=\"UTF-8\"><br \/>\n\t<title>ITSEPTIC Desinfektionsset - Kit f\u00fcr Desinfektionsmittelfl\u00fcssigkeiten<\/title><br \/>\n\t<meta name=\"description\" content=\"Das ITSEPTIC Set 2in1 ist ein fl\u00fcssiges Desinfektionsmittel-Set, das ein Fl\u00e4chendesinfektionsmittel und ein H\u00e4ndedesinfektionsmittel enth\u00e4lt. Es ist ein hochwertiges, wirksames und echtes Produkt, das einen umfassenden Schutz gegen Bakterien und Viren bietet.\"><br \/>\n<\/head><br \/>\n<body><\/p>\n<h1>ITSEPTIC Desinfektionsset<\/h1>\n<div class=\"breadcrumbs\">\n  <a href=\"\/de\/\">Startseite<\/a> > <a href=\"\/de\/products\/\">Produkte<\/a> > <a href=\"\/de\/product-category\/disinfectants\/\">Desinfektionsmittel<\/a> >\n<\/div>\n<h2>Umfassender Schutz gegen Bakterien und Viren<\/h2>\n<p>Das ITSEPTIC-Desinfektionsset ist ein hochwertiges Fl\u00fcssigdesinfektionsset, das umfassenden Schutz vor Bakterien und Viren bietet. Es enth\u00e4lt ein Fl\u00e4chendesinfektionsmittel und ein H\u00e4ndedesinfektionsmittel, die sch\u00e4dliche Mikroorganismen wirksam beseitigen.<\/p>\n<h2>Hochwertige und wirksame Desinfektionsfl\u00fcssigkeiten<\/h2>\n<p>Das ITSEPTIC-Desinfektionsset enth\u00e4lt hochwertige und wirksame Desinfektionsfl\u00fcssigkeiten, die einen maximalen Schutz gegen sch\u00e4dliche Mikroorganismen bieten sollen. Das Fl\u00e4chendesinfektionsmittel ist f\u00fcr die Anwendung auf allen Arten von Oberfl\u00e4chen geeignet. Das H\u00e4ndedesinfektionsmittel ist sanft zur Haut und verursacht keine Trockenheit oder Reizungen.<\/p>\n<h2>Vorteile<\/h2>\n<ul>\n<li>Hochwertige und wirksame Desinfektionsfl\u00fcssigkeiten<\/li>\n<li>Geeignet f\u00fcr die Verwendung auf allen Arten von Oberfl\u00e4chen<\/li>\n<li>Ist sanft zur Haut und verursacht keine Trockenheit oder Reizungen<\/li>\n<li>Bietet lang anhaltenden Schutz gegen Bakterien und Viren<\/li>\n<li>Einfach zu verwenden und zu lagern<\/li>\n<\/ul>\n<h2>Das Kit enth\u00e4lt:<\/h2>\n<ul>\n<li>H\u00e4ndedesinfektionsmittel fl\u00fcssig 100 ml<\/li>\n<li>Oberfl\u00e4chenreinigungsfl\u00fcssigkeit 100 ml<\/li>\n<\/ul>\n<p><\/body><br \/>\n<\/html><\/p>","protected":false},"excerpt":{"rendered":"<p>ITSEPTIC Desinfektionsset - Desinfektionsfl\u00fcssigkeitsset ITSEPTIC Desinfektionsset Home &gt; Produkte &gt; Desinfektionsmittel &gt; Umfassender Schutz gegen Bakterien<\/p>","protected":false},"featured_media":10076,"template":"","meta":[],"product_brand":[],"product_cat":[194],"product_tag":[],"class_list":{"0":"post-9325","1":"product","2":"type-product","3":"status-publish","4":"has-post-thumbnail","6":"product_cat-disinfectants","8":"first","9":"instock","10":"shipping-taxable","11":"purchasable","12":"product-type-simple"},"yoast_head":"<!-- This site is optimized with the Yoast SEO plugin v27.3 - https:\/\/yoast.com\/product\/yoast-seo-wordpress\/ -->\n<title>ITSEPTIC Disinfection kit 2in1 - TwinPol<\/title>\n<meta name=\"robots\" content=\"index, follow, max-snippet:-1, max-image-preview:large, max-video-preview:-1\" \/>\n<link rel=\"canonical\" href=\"https:\/\/twinpol.com\/de\/produkt\/itseptic-set-2in1-desinfektionsmittel-reiniger-100-ml-hand-desinfektionsmittel-flussig-100-ml\/\" \/>\n<meta property=\"og:locale\" content=\"de_DE\" \/>\n<meta property=\"og:type\" content=\"article\" \/>\n<meta property=\"og:title\" content=\"ITSEPTIC Disinfection kit 2in1 - TwinPol\" \/>\n<meta property=\"og:description\" content=\"ITSEPTIC Disinfection kit &#8211; Disinfectant Liquids kit ITSEPTIC Disinfection kit Home &gt; Products &gt; Disinfecants &gt; Comprehensive Protection Against Bacteria\" \/>\n<meta property=\"og:url\" content=\"https:\/\/twinpol.com\/de\/produkt\/itseptic-set-2in1-desinfektionsmittel-reiniger-100-ml-hand-desinfektionsmittel-flussig-100-ml\/\" \/>\n<meta property=\"og:site_name\" content=\"TwinPol\" \/>\n<meta property=\"article:modified_time\" content=\"2023-09-13T07:49:46+00:00\" \/>\n<meta property=\"og:image\" content=\"https:\/\/twinpol.com\/wp-content\/uploads\/2022\/11\/RE02624_Wizualizacja_www.png\" \/>\n\t<meta property=\"og:image:width\" content=\"800\" \/>\n\t<meta property=\"og:image:height\" content=\"800\" \/>\n\t<meta property=\"og:image:type\" content=\"image\/png\" \/>\n<meta name=\"twitter:card\" content=\"summary_large_image\" \/>\n<meta name=\"twitter:label1\" content=\"Gesch\u00e4tzte Lesezeit\" \/>\n\t<meta name=\"twitter:data1\" content=\"1\u00a0Minute\" \/>\n<script type=\"application\/ld+json\" class=\"yoast-schema-graph\">{\"@context\":\"https:\\\/\\\/schema.org\",\"@graph\":[{\"@type\":\"WebPage\",\"@id\":\"https:\\\/\\\/twinpol.com\\\/product\\\/itseptic-disinfection-kit\\\/\",\"url\":\"https:\\\/\\\/twinpol.com\\\/product\\\/itseptic-disinfection-kit\\\/\",\"name\":\"ITSEPTIC Disinfection kit 2in1 - TwinPol\",\"isPartOf\":{\"@id\":\"https:\\\/\\\/twinpol.com\\\/#website\"},\"primaryImageOfPage\":{\"@id\":\"https:\\\/\\\/twinpol.com\\\/product\\\/itseptic-disinfection-kit\\\/#primaryimage\"},\"image\":{\"@id\":\"https:\\\/\\\/twinpol.com\\\/product\\\/itseptic-disinfection-kit\\\/#primaryimage\"},\"thumbnailUrl\":\"https:\\\/\\\/twinpol.com\\\/wp-content\\\/uploads\\\/2022\\\/11\\\/RE02624_Wizualizacja_www.png\",\"datePublished\":\"2022-11-08T16:46:53+00:00\",\"dateModified\":\"2023-09-13T07:49:46+00:00\",\"breadcrumb\":{\"@id\":\"https:\\\/\\\/twinpol.com\\\/product\\\/itseptic-disinfection-kit\\\/#breadcrumb\"},\"inLanguage\":\"de\",\"potentialAction\":[{\"@type\":\"ReadAction\",\"target\":[\"https:\\\/\\\/twinpol.com\\\/product\\\/itseptic-disinfection-kit\\\/\"]}]},{\"@type\":\"ImageObject\",\"inLanguage\":\"de\",\"@id\":\"https:\\\/\\\/twinpol.com\\\/product\\\/itseptic-disinfection-kit\\\/#primaryimage\",\"url\":\"https:\\\/\\\/twinpol.com\\\/wp-content\\\/uploads\\\/2022\\\/11\\\/RE02624_Wizualizacja_www.png\",\"contentUrl\":\"https:\\\/\\\/twinpol.com\\\/wp-content\\\/uploads\\\/2022\\\/11\\\/RE02624_Wizualizacja_www.png\",\"width\":800,\"height\":800},{\"@type\":\"BreadcrumbList\",\"@id\":\"https:\\\/\\\/twinpol.com\\\/product\\\/itseptic-disinfection-kit\\\/#breadcrumb\",\"itemListElement\":[{\"@type\":\"ListItem\",\"position\":1,\"name\":\"Home\",\"item\":\"https:\\\/\\\/twinpol.com\\\/\"},{\"@type\":\"ListItem\",\"position\":2,\"name\":\"Products\",\"item\":\"https:\\\/\\\/twinpol.com\\\/products\\\/\"},{\"@type\":\"ListItem\",\"position\":3,\"name\":\"ITSEPTIC Disinfection kit 2in1\"}]},{\"@type\":\"WebSite\",\"@id\":\"https:\\\/\\\/twinpol.com\\\/#website\",\"url\":\"https:\\\/\\\/twinpol.com\\\/\",\"name\":\"Twinpol\",\"description\":\"Cleaning Supplies\",\"publisher\":{\"@id\":\"https:\\\/\\\/twinpol.com\\\/#organization\"},\"potentialAction\":[{\"@type\":\"SearchAction\",\"target\":{\"@type\":\"EntryPoint\",\"urlTemplate\":\"https:\\\/\\\/twinpol.com\\\/?s={search_term_string}\"},\"query-input\":{\"@type\":\"PropertyValueSpecification\",\"valueRequired\":true,\"valueName\":\"search_term_string\"}}],\"inLanguage\":\"de\"},{\"@type\":\"Organization\",\"@id\":\"https:\\\/\\\/twinpol.com\\\/#organization\",\"name\":\"Twinpol\",\"url\":\"https:\\\/\\\/twinpol.com\\\/\",\"logo\":{\"@type\":\"ImageObject\",\"inLanguage\":\"de\",\"@id\":\"https:\\\/\\\/twinpol.com\\\/#\\\/schema\\\/logo\\\/image\\\/\",\"url\":\"https:\\\/\\\/twinpol.com\\\/wp-content\\\/uploads\\\/2022\\\/10\\\/cropped-favicon.png\",\"contentUrl\":\"https:\\\/\\\/twinpol.com\\\/wp-content\\\/uploads\\\/2022\\\/10\\\/cropped-favicon.png\",\"width\":512,\"height\":512,\"caption\":\"Twinpol\"},\"image\":{\"@id\":\"https:\\\/\\\/twinpol.com\\\/#\\\/schema\\\/logo\\\/image\\\/\"}}]}<\/script>\n<!-- \/ Yoast SEO plugin. -->","yoast_head_json":{"title":"ITSEPTIC Desinfektionsset 2in1 - TwinPol","robots":{"index":"index","follow":"follow","max-snippet":"max-snippet:-1","max-image-preview":"max-image-preview:large","max-video-preview":"max-video-preview:-1"},"canonical":"https:\/\/twinpol.com\/de\/produkt\/itseptic-set-2in1-desinfektionsmittel-reiniger-100-ml-hand-desinfektionsmittel-flussig-100-ml\/","og_locale":"de_DE","og_type":"article","og_title":"ITSEPTIC Disinfection kit 2in1 - TwinPol","og_description":"ITSEPTIC Disinfection kit &#8211; Disinfectant Liquids kit ITSEPTIC Disinfection kit Home > Products > Disinfecants > Comprehensive Protection Against Bacteria","og_url":"https:\/\/twinpol.com\/de\/produkt\/itseptic-set-2in1-desinfektionsmittel-reiniger-100-ml-hand-desinfektionsmittel-flussig-100-ml\/","og_site_name":"TwinPol","article_modified_time":"2023-09-13T07:49:46+00:00","og_image":[{"width":800,"height":800,"url":"https:\/\/twinpol.com\/wp-content\/uploads\/2022\/11\/RE02624_Wizualizacja_www.png","type":"image\/png"}],"twitter_card":"summary_large_image","twitter_misc":{"Gesch\u00e4tzte Lesezeit":"1\u00a0Minute"},"schema":{"@context":"https:\/\/schema.org","@graph":[{"@type":"WebPage","@id":"https:\/\/twinpol.com\/product\/itseptic-disinfection-kit\/","url":"https:\/\/twinpol.com\/product\/itseptic-disinfection-kit\/","name":"ITSEPTIC Desinfektionsset 2in1 - TwinPol","isPartOf":{"@id":"https:\/\/twinpol.com\/#website"},"primaryImageOfPage":{"@id":"https:\/\/twinpol.com\/product\/itseptic-disinfection-kit\/#primaryimage"},"image":{"@id":"https:\/\/twinpol.com\/product\/itseptic-disinfection-kit\/#primaryimage"},"thumbnailUrl":"https:\/\/twinpol.com\/wp-content\/uploads\/2022\/11\/RE02624_Wizualizacja_www.png","datePublished":"2022-11-08T16:46:53+00:00","dateModified":"2023-09-13T07:49:46+00:00","breadcrumb":{"@id":"https:\/\/twinpol.com\/product\/itseptic-disinfection-kit\/#breadcrumb"},"inLanguage":"de","potentialAction":[{"@type":"ReadAction","target":["https:\/\/twinpol.com\/product\/itseptic-disinfection-kit\/"]}]},{"@type":"ImageObject","inLanguage":"de","@id":"https:\/\/twinpol.com\/product\/itseptic-disinfection-kit\/#primaryimage","url":"https:\/\/twinpol.com\/wp-content\/uploads\/2022\/11\/RE02624_Wizualizacja_www.png","contentUrl":"https:\/\/twinpol.com\/wp-content\/uploads\/2022\/11\/RE02624_Wizualizacja_www.png","width":800,"height":800},{"@type":"BreadcrumbList","@id":"https:\/\/twinpol.com\/product\/itseptic-disinfection-kit\/#breadcrumb","itemListElement":[{"@type":"ListItem","position":1,"name":"Home","item":"https:\/\/twinpol.com\/"},{"@type":"ListItem","position":2,"name":"Products","item":"https:\/\/twinpol.com\/products\/"},{"@type":"ListItem","position":3,"name":"ITSEPTIC Disinfection kit 2in1"}]},{"@type":"WebSite","@id":"https:\/\/twinpol.com\/#website","url":"https:\/\/twinpol.com\/","name":"Twinpol","description":"Reinigungsmittel","publisher":{"@id":"https:\/\/twinpol.com\/#organization"},"potentialAction":[{"@type":"SearchAction","target":{"@type":"EntryPoint","urlTemplate":"https:\/\/twinpol.com\/?s={search_term_string}"},"query-input":{"@type":"PropertyValueSpecification","valueRequired":true,"valueName":"search_term_string"}}],"inLanguage":"de"},{"@type":"Organization","@id":"https:\/\/twinpol.com\/#organization","name":"Twinpol","url":"https:\/\/twinpol.com\/","logo":{"@type":"ImageObject","inLanguage":"de","@id":"https:\/\/twinpol.com\/#\/schema\/logo\/image\/","url":"https:\/\/twinpol.com\/wp-content\/uploads\/2022\/10\/cropped-favicon.png","contentUrl":"https:\/\/twinpol.com\/wp-content\/uploads\/2022\/10\/cropped-favicon.png","width":512,"height":512,"caption":"Twinpol"},"image":{"@id":"https:\/\/twinpol.com\/#\/schema\/logo\/image\/"}}]}},"_links":{"self":[{"href":"https:\/\/twinpol.com\/de\/wp-json\/wp\/v2\/product\/9325","targetHints":{"allow":["GET"]}}],"collection":[{"href":"https:\/\/twinpol.com\/de\/wp-json\/wp\/v2\/product"}],"about":[{"href":"https:\/\/twinpol.com\/de\/wp-json\/wp\/v2\/types\/product"}],"wp:featuredmedia":[{"embeddable":true,"href":"https:\/\/twinpol.com\/de\/wp-json\/wp\/v2\/media\/10076"}],"wp:attachment":[{"href":"https:\/\/twinpol.com\/de\/wp-json\/wp\/v2\/media?parent=9325"}],"wp:term":[{"taxonomy":"product_brand","embeddable":true,"href":"https:\/\/twinpol.com\/de\/wp-json\/wp\/v2\/product_brand?post=9325"},{"taxonomy":"product_cat","embeddable":true,"href":"https:\/\/twinpol.com\/de\/wp-json\/wp\/v2\/product_cat?post=9325"},{"taxonomy":"product_tag","embeddable":true,"href":"https:\/\/twinpol.com\/de\/wp-json\/wp\/v2\/product_tag?post=9325"}],"curies":[{"name":"wp","href":"https:\/\/api.w.org\/{rel}","templated":true}]}}