{"id":9327,"date":"2022-11-08T19:39:03","date_gmt":"2022-11-08T19:39:03","guid":{"rendered":"https:\/\/twinpol.mysites.io\/?post_type=product&#038;p=9327"},"modified":"2023-09-01T10:26:26","modified_gmt":"2023-09-01T10:26:26","slug":"itseptic-wet-cleaning-wipes-with-disintecting-effect-small-tub-100-pc","status":"publish","type":"product","link":"https:\/\/twinpol.com\/de\/produkt\/itseptische-nassreinigungstucher-mit-desinfizierender-wirkung-kleine-tube-100-stuck\/","title":{"rendered":"ITSEPTIC Feuchte Reinigungst\u00fccher, 100 St\u00fcck, alkoholfrei"},"content":{"rendered":"<p><html><br \/>\n<head><br \/>\n\t<title>ITSEPTIC Feuchte Reinigungst\u00fccher mit desinfizierender Wirkung<\/title><br \/>\n\t<meta name=\"description\" content=\"ITSEPTIC Feuchte Reinigungst\u00fccher mit desinfizierender Wirkung sind alkoholfrei und effektiv f\u00fcr die Reinigung und Desinfektion von verschiedenen Oberfl\u00e4chen.\"><br \/>\n<\/head><br \/>\n<body><\/p>\n<h1>ITSEPTIC Feuchte Reinigungst\u00fccher mit desinfizierender Wirkung<\/h1>\n<div class=\"breadcrumbs\">\n  <a href=\"\/de\/\">Startseite<\/a> > <a href=\"\/de\/products\/\">Produkte<\/a> > <a href=\"\/de\/product-category\/disinfectants\/\">Desinfektionsmittel<\/a> ><a href=\"https:\/\/twinpol.com\/de\/home\/wipes\/\">Reinigungst\u00fccher<\/a> >\n<\/div>\n<h2>Alkoholfreie desinfizierende Reinigungst\u00fccher<\/h2>\n<p>Die feuchten Reinigungst\u00fccher mit desinfizierender Wirkung von ITSEPTIC sind ein hochwertiges Produkt zur Reinigung und Desinfektion verschiedener Oberfl\u00e4chen. Die T\u00fccher sind alkoholfrei, so dass sie sicher auf empfindlichen Oberfl\u00e4chen verwendet werden k\u00f6nnen, ohne diese zu besch\u00e4digen. Die T\u00fccher entfernen effektiv Schmutz, Dreck und andere Verunreinigungen und hinterlassen die Oberfl\u00e4chen sauber und hygienisch.<\/p>\n<h2>Bequem und einfach zu bedienen<\/h2>\n<p>Die ITSEPTIC Nassreinigungst\u00fccher mit desinfizierender Wirkung sind praktisch und einfach in der Anwendung. Jedes Tuch ist bereits angefeuchtet und gebrauchsfertig, so dass die Reinigung und Desinfektion schnell und m\u00fchelos erfolgen kann.<\/p>\n<h2>Vorteile<\/h2>\n<ul>\n<li>Alkoholfrei<\/li>\n<li>Sichere Verwendung auf empfindlichen Oberfl\u00e4chen<\/li>\n<li>Entfernt wirksam Schmutz, Dreck und andere Verunreinigungen<\/li>\n<li>Hinterl\u00e4sst saubere und hygienische Oberfl\u00e4chen<\/li>\n<li>Vorbefeuchtet und gebrauchsfertig<\/li>\n<\/ul>\n<p><\/body><br \/>\n<\/html><\/p>","protected":false},"excerpt":{"rendered":"<p>ITSEPTIC Feuchte Reinigungst\u00fccher mit desinfizierender Wirkung ITSEPTIC Feuchte Reinigungst\u00fccher mit desinfizierender Wirkung Home &gt; Produkte &gt; Desinfektionsmittel &gt;Reinigung<\/p>","protected":false},"featured_media":10067,"template":"","meta":[],"product_brand":[],"product_cat":[339,194],"product_tag":[],"class_list":{"0":"post-9327","1":"product","2":"type-product","3":"status-publish","4":"has-post-thumbnail","6":"product_cat-wipes","7":"product_cat-disinfectants","9":"first","10":"instock","11":"shipping-taxable","12":"purchasable","13":"product-type-simple"},"yoast_head":"<!-- This site is optimized with the Yoast SEO plugin v27.4 - https:\/\/yoast.com\/product\/yoast-seo-wordpress\/ -->\n<title>ITSEPTIC Wet cleaning wipes, 100 pcs, alcohol-free - TwinPol<\/title>\n<meta name=\"robots\" content=\"index, follow, max-snippet:-1, max-image-preview:large, max-video-preview:-1\" \/>\n<link rel=\"canonical\" href=\"https:\/\/twinpol.com\/de\/produkt\/itseptische-nassreinigungstucher-mit-desinfizierender-wirkung-kleine-tube-100-stuck\/\" \/>\n<meta property=\"og:locale\" content=\"de_DE\" \/>\n<meta property=\"og:type\" content=\"article\" \/>\n<meta property=\"og:title\" content=\"ITSEPTIC Wet cleaning wipes, 100 pcs, alcohol-free - TwinPol\" \/>\n<meta property=\"og:description\" content=\"ITSEPTIC Wet cleaning wipes with disinfecting effect ITSEPTIC Wet cleaning wipes with disinfecting effect Home &gt; Products &gt; Disinfecants &gt;Cleaning\" \/>\n<meta property=\"og:url\" content=\"https:\/\/twinpol.com\/de\/produkt\/itseptische-nassreinigungstucher-mit-desinfizierender-wirkung-kleine-tube-100-stuck\/\" \/>\n<meta property=\"og:site_name\" content=\"TwinPol\" \/>\n<meta property=\"article:modified_time\" content=\"2023-09-01T10:26:26+00:00\" \/>\n<meta property=\"og:image\" content=\"https:\/\/twinpol.com\/wp-content\/uploads\/2022\/11\/RE00296_Wizualizacja_www.png\" \/>\n\t<meta property=\"og:image:width\" content=\"800\" \/>\n\t<meta property=\"og:image:height\" content=\"800\" \/>\n\t<meta property=\"og:image:type\" content=\"image\/png\" \/>\n<meta name=\"twitter:card\" content=\"summary_large_image\" \/>\n<meta name=\"twitter:label1\" content=\"Gesch\u00e4tzte Lesezeit\" \/>\n\t<meta name=\"twitter:data1\" content=\"1\u00a0Minute\" \/>\n<script type=\"application\/ld+json\" class=\"yoast-schema-graph\">{\"@context\":\"https:\\\/\\\/schema.org\",\"@graph\":[{\"@type\":\"WebPage\",\"@id\":\"https:\\\/\\\/twinpol.com\\\/product\\\/itseptic-wet-cleaning-wipes-with-disintecting-effect-small-tub-100-pc\\\/\",\"url\":\"https:\\\/\\\/twinpol.com\\\/product\\\/itseptic-wet-cleaning-wipes-with-disintecting-effect-small-tub-100-pc\\\/\",\"name\":\"ITSEPTIC Wet cleaning wipes, 100 pcs, alcohol-free - TwinPol\",\"isPartOf\":{\"@id\":\"https:\\\/\\\/twinpol.com\\\/#website\"},\"primaryImageOfPage\":{\"@id\":\"https:\\\/\\\/twinpol.com\\\/product\\\/itseptic-wet-cleaning-wipes-with-disintecting-effect-small-tub-100-pc\\\/#primaryimage\"},\"image\":{\"@id\":\"https:\\\/\\\/twinpol.com\\\/product\\\/itseptic-wet-cleaning-wipes-with-disintecting-effect-small-tub-100-pc\\\/#primaryimage\"},\"thumbnailUrl\":\"https:\\\/\\\/twinpol.com\\\/wp-content\\\/uploads\\\/2022\\\/11\\\/RE00296_Wizualizacja_www.png\",\"datePublished\":\"2022-11-08T19:39:03+00:00\",\"dateModified\":\"2023-09-01T10:26:26+00:00\",\"breadcrumb\":{\"@id\":\"https:\\\/\\\/twinpol.com\\\/product\\\/itseptic-wet-cleaning-wipes-with-disintecting-effect-small-tub-100-pc\\\/#breadcrumb\"},\"inLanguage\":\"de\",\"potentialAction\":[{\"@type\":\"ReadAction\",\"target\":[\"https:\\\/\\\/twinpol.com\\\/product\\\/itseptic-wet-cleaning-wipes-with-disintecting-effect-small-tub-100-pc\\\/\"]}]},{\"@type\":\"ImageObject\",\"inLanguage\":\"de\",\"@id\":\"https:\\\/\\\/twinpol.com\\\/product\\\/itseptic-wet-cleaning-wipes-with-disintecting-effect-small-tub-100-pc\\\/#primaryimage\",\"url\":\"https:\\\/\\\/twinpol.com\\\/wp-content\\\/uploads\\\/2022\\\/11\\\/RE00296_Wizualizacja_www.png\",\"contentUrl\":\"https:\\\/\\\/twinpol.com\\\/wp-content\\\/uploads\\\/2022\\\/11\\\/RE00296_Wizualizacja_www.png\",\"width\":800,\"height\":800},{\"@type\":\"BreadcrumbList\",\"@id\":\"https:\\\/\\\/twinpol.com\\\/product\\\/itseptic-wet-cleaning-wipes-with-disintecting-effect-small-tub-100-pc\\\/#breadcrumb\",\"itemListElement\":[{\"@type\":\"ListItem\",\"position\":1,\"name\":\"Home\",\"item\":\"https:\\\/\\\/twinpol.com\\\/\"},{\"@type\":\"ListItem\",\"position\":2,\"name\":\"Products\",\"item\":\"https:\\\/\\\/twinpol.com\\\/products\\\/\"},{\"@type\":\"ListItem\",\"position\":3,\"name\":\"ITSEPTIC Wet cleaning wipes, 100 pcs, alcohol-free\"}]},{\"@type\":\"WebSite\",\"@id\":\"https:\\\/\\\/twinpol.com\\\/#website\",\"url\":\"https:\\\/\\\/twinpol.com\\\/\",\"name\":\"Twinpol\",\"description\":\"Cleaning Supplies\",\"publisher\":{\"@id\":\"https:\\\/\\\/twinpol.com\\\/#organization\"},\"potentialAction\":[{\"@type\":\"SearchAction\",\"target\":{\"@type\":\"EntryPoint\",\"urlTemplate\":\"https:\\\/\\\/twinpol.com\\\/?s={search_term_string}\"},\"query-input\":{\"@type\":\"PropertyValueSpecification\",\"valueRequired\":true,\"valueName\":\"search_term_string\"}}],\"inLanguage\":\"de\"},{\"@type\":\"Organization\",\"@id\":\"https:\\\/\\\/twinpol.com\\\/#organization\",\"name\":\"Twinpol\",\"url\":\"https:\\\/\\\/twinpol.com\\\/\",\"logo\":{\"@type\":\"ImageObject\",\"inLanguage\":\"de\",\"@id\":\"https:\\\/\\\/twinpol.com\\\/#\\\/schema\\\/logo\\\/image\\\/\",\"url\":\"https:\\\/\\\/twinpol.com\\\/wp-content\\\/uploads\\\/2022\\\/10\\\/cropped-favicon.png\",\"contentUrl\":\"https:\\\/\\\/twinpol.com\\\/wp-content\\\/uploads\\\/2022\\\/10\\\/cropped-favicon.png\",\"width\":512,\"height\":512,\"caption\":\"Twinpol\"},\"image\":{\"@id\":\"https:\\\/\\\/twinpol.com\\\/#\\\/schema\\\/logo\\\/image\\\/\"}}]}<\/script>\n<!-- \/ Yoast SEO plugin. -->","yoast_head_json":{"title":"ITSEPTIC Feuchte Reinigungst\u00fccher, 100 St\u00fcck, alkoholfrei - TwinPol","robots":{"index":"index","follow":"follow","max-snippet":"max-snippet:-1","max-image-preview":"max-image-preview:large","max-video-preview":"max-video-preview:-1"},"canonical":"https:\/\/twinpol.com\/de\/produkt\/itseptische-nassreinigungstucher-mit-desinfizierender-wirkung-kleine-tube-100-stuck\/","og_locale":"de_DE","og_type":"article","og_title":"ITSEPTIC Wet cleaning wipes, 100 pcs, alcohol-free - TwinPol","og_description":"ITSEPTIC Wet cleaning wipes with disinfecting effect ITSEPTIC Wet cleaning wipes with disinfecting effect Home > Products > Disinfecants >Cleaning","og_url":"https:\/\/twinpol.com\/de\/produkt\/itseptische-nassreinigungstucher-mit-desinfizierender-wirkung-kleine-tube-100-stuck\/","og_site_name":"TwinPol","article_modified_time":"2023-09-01T10:26:26+00:00","og_image":[{"width":800,"height":800,"url":"https:\/\/twinpol.com\/wp-content\/uploads\/2022\/11\/RE00296_Wizualizacja_www.png","type":"image\/png"}],"twitter_card":"summary_large_image","twitter_misc":{"Gesch\u00e4tzte Lesezeit":"1\u00a0Minute"},"schema":{"@context":"https:\/\/schema.org","@graph":[{"@type":"WebPage","@id":"https:\/\/twinpol.com\/product\/itseptic-wet-cleaning-wipes-with-disintecting-effect-small-tub-100-pc\/","url":"https:\/\/twinpol.com\/product\/itseptic-wet-cleaning-wipes-with-disintecting-effect-small-tub-100-pc\/","name":"ITSEPTIC Feuchte Reinigungst\u00fccher, 100 St\u00fcck, alkoholfrei - TwinPol","isPartOf":{"@id":"https:\/\/twinpol.com\/#website"},"primaryImageOfPage":{"@id":"https:\/\/twinpol.com\/product\/itseptic-wet-cleaning-wipes-with-disintecting-effect-small-tub-100-pc\/#primaryimage"},"image":{"@id":"https:\/\/twinpol.com\/product\/itseptic-wet-cleaning-wipes-with-disintecting-effect-small-tub-100-pc\/#primaryimage"},"thumbnailUrl":"https:\/\/twinpol.com\/wp-content\/uploads\/2022\/11\/RE00296_Wizualizacja_www.png","datePublished":"2022-11-08T19:39:03+00:00","dateModified":"2023-09-01T10:26:26+00:00","breadcrumb":{"@id":"https:\/\/twinpol.com\/product\/itseptic-wet-cleaning-wipes-with-disintecting-effect-small-tub-100-pc\/#breadcrumb"},"inLanguage":"de","potentialAction":[{"@type":"ReadAction","target":["https:\/\/twinpol.com\/product\/itseptic-wet-cleaning-wipes-with-disintecting-effect-small-tub-100-pc\/"]}]},{"@type":"ImageObject","inLanguage":"de","@id":"https:\/\/twinpol.com\/product\/itseptic-wet-cleaning-wipes-with-disintecting-effect-small-tub-100-pc\/#primaryimage","url":"https:\/\/twinpol.com\/wp-content\/uploads\/2022\/11\/RE00296_Wizualizacja_www.png","contentUrl":"https:\/\/twinpol.com\/wp-content\/uploads\/2022\/11\/RE00296_Wizualizacja_www.png","width":800,"height":800},{"@type":"BreadcrumbList","@id":"https:\/\/twinpol.com\/product\/itseptic-wet-cleaning-wipes-with-disintecting-effect-small-tub-100-pc\/#breadcrumb","itemListElement":[{"@type":"ListItem","position":1,"name":"Home","item":"https:\/\/twinpol.com\/"},{"@type":"ListItem","position":2,"name":"Products","item":"https:\/\/twinpol.com\/products\/"},{"@type":"ListItem","position":3,"name":"ITSEPTIC Wet cleaning wipes, 100 pcs, alcohol-free"}]},{"@type":"WebSite","@id":"https:\/\/twinpol.com\/#website","url":"https:\/\/twinpol.com\/","name":"Twinpol","description":"Reinigungsmittel","publisher":{"@id":"https:\/\/twinpol.com\/#organization"},"potentialAction":[{"@type":"SearchAction","target":{"@type":"EntryPoint","urlTemplate":"https:\/\/twinpol.com\/?s={search_term_string}"},"query-input":{"@type":"PropertyValueSpecification","valueRequired":true,"valueName":"search_term_string"}}],"inLanguage":"de"},{"@type":"Organization","@id":"https:\/\/twinpol.com\/#organization","name":"Twinpol","url":"https:\/\/twinpol.com\/","logo":{"@type":"ImageObject","inLanguage":"de","@id":"https:\/\/twinpol.com\/#\/schema\/logo\/image\/","url":"https:\/\/twinpol.com\/wp-content\/uploads\/2022\/10\/cropped-favicon.png","contentUrl":"https:\/\/twinpol.com\/wp-content\/uploads\/2022\/10\/cropped-favicon.png","width":512,"height":512,"caption":"Twinpol"},"image":{"@id":"https:\/\/twinpol.com\/#\/schema\/logo\/image\/"}}]}},"_links":{"self":[{"href":"https:\/\/twinpol.com\/de\/wp-json\/wp\/v2\/product\/9327","targetHints":{"allow":["GET"]}}],"collection":[{"href":"https:\/\/twinpol.com\/de\/wp-json\/wp\/v2\/product"}],"about":[{"href":"https:\/\/twinpol.com\/de\/wp-json\/wp\/v2\/types\/product"}],"wp:featuredmedia":[{"embeddable":true,"href":"https:\/\/twinpol.com\/de\/wp-json\/wp\/v2\/media\/10067"}],"wp:attachment":[{"href":"https:\/\/twinpol.com\/de\/wp-json\/wp\/v2\/media?parent=9327"}],"wp:term":[{"taxonomy":"product_brand","embeddable":true,"href":"https:\/\/twinpol.com\/de\/wp-json\/wp\/v2\/product_brand?post=9327"},{"taxonomy":"product_cat","embeddable":true,"href":"https:\/\/twinpol.com\/de\/wp-json\/wp\/v2\/product_cat?post=9327"},{"taxonomy":"product_tag","embeddable":true,"href":"https:\/\/twinpol.com\/de\/wp-json\/wp\/v2\/product_tag?post=9327"}],"curies":[{"name":"wp","href":"https:\/\/api.w.org\/{rel}","templated":true}]}}