{"id":9336,"date":"2022-11-12T10:12:33","date_gmt":"2022-11-12T10:12:33","guid":{"rendered":"https:\/\/twinpol.com\/?post_type=product&#038;p=9336"},"modified":"2023-12-01T14:41:58","modified_gmt":"2023-12-01T14:41:58","slug":"wet-wipes-for-tv-screens-150-pcs-mega-size-12-x-24","status":"publish","type":"product","link":"https:\/\/twinpol.com\/de\/produkt\/wet-wipes-for-tv-screens-150-pcs-mega-size-12-x-24\/","title":{"rendered":"LCD-Bildschirm-Reinigungst\u00fccher, 150 St\u00fcck"},"content":{"rendered":"<p><html lang=\"en\"><br \/>\n  <head><br \/>\n    <meta charset=\"UTF-8\"><br \/>\n    <meta name=\"viewport\" content=\"width=device-width, initial-scale=1.0\"><br \/>\n    <meta name=\"description\" content=\"Bildschirmreinigungst\u00fccher. Halten Sie Ihre Bildschirme mit diesen T\u00fcchern sauber und klar.\"><br \/>\n    <title>LCD-Bildschirmreinigungst\u00fccher - Halten Sie Ihre Bildschirme sauber<\/title><br \/>\n  <\/head><br \/>\n  <body><\/p>\n<h1>LCD-Bildschirm-Reinigungst\u00fccher<\/h1>\n<div class=\"breadcrumbs\">\n  <a href=\"\/de\/\">Startseite<\/a> > <a href=\"https:\/\/twinpol.com\/de\/products\/\">Produkte<\/a> > <a href=\"https:\/\/twinpol.com\/de\/home\/wipes\/\">Reinigungst\u00fccher<\/a> > <a href=\"\/de\/product-category\/screen-wet-wipes-cleaners\/\">Bildschirmreinigungst\u00fccher<\/a>\n<\/div>\n<h2>Halten Sie Ihre Bildschirme sauber<\/h2>\n<p>Mit unseren LCD-Bildschirmreinigungst\u00fcchern k\u00f6nnen Sie Ihre Bildschirme einfach und schnell reinigen, ohne Streifen oder R\u00fcckst\u00e4nde zu hinterlassen. Diese T\u00fccher sind perfekt f\u00fcr die Reinigung Ihres Telefons, Tablets, Computermonitors und sogar Ihres Fernsehbildschirms.<\/p>\n<p>Unsere T\u00fccher sind mit einer speziellen Formel hergestellt, die Ihre Bildschirme nicht nur reinigt, sondern auch vor Staub, Schmutz und Fingerabdr\u00fccken sch\u00fctzt. Sie k\u00f6nnen sie t\u00e4glich verwenden, damit Ihre Bildschirme l\u00e4nger wie neu aussehen.<\/p>\n<h2>Einfach zu benutzen<\/h2>\n<p>Unsere LCD-Bildschirmreinigungst\u00fccher werden in einer Tube geliefert, so dass sie jederzeit leicht zug\u00e4nglich sind.<\/p>\n<p>Um die T\u00fccher zu verwenden, nehmen Sie einfach eines aus der Tube und wischen Sie vorsichtig \u00fcber Ihren Bildschirm. Sie ben\u00f6tigen keine zus\u00e4tzlichen Reinigungsl\u00f6sungen oder -werkzeuge, was die Reinigung Ihres Bildschirms bequem und m\u00fchelos macht.<\/p>\n<h2>Vorteile<\/h2>\n<ul>\n<li>Reinigt Bildschirme ohne Streifen oder R\u00fcckst\u00e4nde zu hinterlassen<\/li>\n<li>Sch\u00fctzt den Bildschirm vor Staub, Schmutz und Fingerabdr\u00fccken<\/li>\n<li>Gro\u00dfe R\u00f6hre: 150 St\u00fcck<\/li>\n<li>Keine zus\u00e4tzlichen Reinigungsl\u00f6sungen oder Werkzeuge erforderlich<\/li>\n<\/ul>\n<p>  <\/body><br \/>\n<\/html><\/p>","protected":false},"excerpt":{"rendered":"<p>LCD-Bildschirmreinigungst\u00fccher - Halten Sie Ihre Bildschirme sauber LCD-Bildschirmreinigungst\u00fccher Home &gt; Produkte &gt; Reinigungst\u00fccher &gt;<\/p>","protected":false},"featured_media":10046,"template":"","meta":[],"product_brand":[],"product_cat":[339,335],"product_tag":[],"class_list":{"0":"post-9336","1":"product","2":"type-product","3":"status-publish","4":"has-post-thumbnail","6":"product_cat-wipes","7":"product_cat-screen-wet-wipes-cleaners","9":"first","10":"instock","11":"shipping-taxable","12":"purchasable","13":"product-type-simple"},"yoast_head":"<!-- This site is optimized with the Yoast SEO plugin v27.3 - https:\/\/yoast.com\/product\/yoast-seo-wordpress\/ -->\n<title>LCD Screen cleaning wipes, 150 pcs - TwinPol<\/title>\n<meta name=\"robots\" content=\"index, follow, max-snippet:-1, max-image-preview:large, max-video-preview:-1\" \/>\n<link rel=\"canonical\" href=\"https:\/\/twinpol.com\/de\/produkt\/wet-wipes-for-tv-screens-150-pcs-mega-size-12-x-24\/\" \/>\n<meta property=\"og:locale\" content=\"de_DE\" \/>\n<meta property=\"og:type\" content=\"article\" \/>\n<meta property=\"og:title\" content=\"LCD Screen cleaning wipes, 150 pcs - TwinPol\" \/>\n<meta property=\"og:description\" content=\"LCD Screen Cleaning Wipes &#8211; Keep Your Screens Clean LCD Screen Cleaning Wipes Home &gt; Products &gt; Cleaning wipes &gt;\" \/>\n<meta property=\"og:url\" content=\"https:\/\/twinpol.com\/de\/produkt\/wet-wipes-for-tv-screens-150-pcs-mega-size-12-x-24\/\" \/>\n<meta property=\"og:site_name\" content=\"TwinPol\" \/>\n<meta property=\"article:modified_time\" content=\"2023-12-01T14:41:58+00:00\" \/>\n<meta property=\"og:image\" content=\"https:\/\/twinpol.com\/wp-content\/uploads\/2022\/11\/FR00044T_Wizualizacja_www.png\" \/>\n\t<meta property=\"og:image:width\" content=\"800\" \/>\n\t<meta property=\"og:image:height\" content=\"800\" \/>\n\t<meta property=\"og:image:type\" content=\"image\/png\" \/>\n<meta name=\"twitter:card\" content=\"summary_large_image\" \/>\n<meta name=\"twitter:label1\" content=\"Gesch\u00e4tzte Lesezeit\" \/>\n\t<meta name=\"twitter:data1\" content=\"1\u00a0Minute\" \/>\n<script type=\"application\/ld+json\" class=\"yoast-schema-graph\">{\"@context\":\"https:\\\/\\\/schema.org\",\"@graph\":[{\"@type\":\"WebPage\",\"@id\":\"https:\\\/\\\/twinpol.com\\\/product\\\/wet-wipes-for-tv-screens-150-pcs-mega-size-12-x-24\\\/\",\"url\":\"https:\\\/\\\/twinpol.com\\\/product\\\/wet-wipes-for-tv-screens-150-pcs-mega-size-12-x-24\\\/\",\"name\":\"LCD Screen cleaning wipes, 150 pcs - TwinPol\",\"isPartOf\":{\"@id\":\"https:\\\/\\\/twinpol.com\\\/#website\"},\"primaryImageOfPage\":{\"@id\":\"https:\\\/\\\/twinpol.com\\\/product\\\/wet-wipes-for-tv-screens-150-pcs-mega-size-12-x-24\\\/#primaryimage\"},\"image\":{\"@id\":\"https:\\\/\\\/twinpol.com\\\/product\\\/wet-wipes-for-tv-screens-150-pcs-mega-size-12-x-24\\\/#primaryimage\"},\"thumbnailUrl\":\"https:\\\/\\\/twinpol.com\\\/wp-content\\\/uploads\\\/2022\\\/11\\\/FR00044T_Wizualizacja_www.png\",\"datePublished\":\"2022-11-12T10:12:33+00:00\",\"dateModified\":\"2023-12-01T14:41:58+00:00\",\"breadcrumb\":{\"@id\":\"https:\\\/\\\/twinpol.com\\\/product\\\/wet-wipes-for-tv-screens-150-pcs-mega-size-12-x-24\\\/#breadcrumb\"},\"inLanguage\":\"de\",\"potentialAction\":[{\"@type\":\"ReadAction\",\"target\":[\"https:\\\/\\\/twinpol.com\\\/product\\\/wet-wipes-for-tv-screens-150-pcs-mega-size-12-x-24\\\/\"]}]},{\"@type\":\"ImageObject\",\"inLanguage\":\"de\",\"@id\":\"https:\\\/\\\/twinpol.com\\\/product\\\/wet-wipes-for-tv-screens-150-pcs-mega-size-12-x-24\\\/#primaryimage\",\"url\":\"https:\\\/\\\/twinpol.com\\\/wp-content\\\/uploads\\\/2022\\\/11\\\/FR00044T_Wizualizacja_www.png\",\"contentUrl\":\"https:\\\/\\\/twinpol.com\\\/wp-content\\\/uploads\\\/2022\\\/11\\\/FR00044T_Wizualizacja_www.png\",\"width\":800,\"height\":800},{\"@type\":\"BreadcrumbList\",\"@id\":\"https:\\\/\\\/twinpol.com\\\/product\\\/wet-wipes-for-tv-screens-150-pcs-mega-size-12-x-24\\\/#breadcrumb\",\"itemListElement\":[{\"@type\":\"ListItem\",\"position\":1,\"name\":\"Home\",\"item\":\"https:\\\/\\\/twinpol.com\\\/\"},{\"@type\":\"ListItem\",\"position\":2,\"name\":\"Products\",\"item\":\"https:\\\/\\\/twinpol.com\\\/products\\\/\"},{\"@type\":\"ListItem\",\"position\":3,\"name\":\"LCD Screen cleaning wipes, 150 pcs\"}]},{\"@type\":\"WebSite\",\"@id\":\"https:\\\/\\\/twinpol.com\\\/#website\",\"url\":\"https:\\\/\\\/twinpol.com\\\/\",\"name\":\"Twinpol\",\"description\":\"Cleaning Supplies\",\"publisher\":{\"@id\":\"https:\\\/\\\/twinpol.com\\\/#organization\"},\"potentialAction\":[{\"@type\":\"SearchAction\",\"target\":{\"@type\":\"EntryPoint\",\"urlTemplate\":\"https:\\\/\\\/twinpol.com\\\/?s={search_term_string}\"},\"query-input\":{\"@type\":\"PropertyValueSpecification\",\"valueRequired\":true,\"valueName\":\"search_term_string\"}}],\"inLanguage\":\"de\"},{\"@type\":\"Organization\",\"@id\":\"https:\\\/\\\/twinpol.com\\\/#organization\",\"name\":\"Twinpol\",\"url\":\"https:\\\/\\\/twinpol.com\\\/\",\"logo\":{\"@type\":\"ImageObject\",\"inLanguage\":\"de\",\"@id\":\"https:\\\/\\\/twinpol.com\\\/#\\\/schema\\\/logo\\\/image\\\/\",\"url\":\"https:\\\/\\\/twinpol.com\\\/wp-content\\\/uploads\\\/2022\\\/10\\\/cropped-favicon.png\",\"contentUrl\":\"https:\\\/\\\/twinpol.com\\\/wp-content\\\/uploads\\\/2022\\\/10\\\/cropped-favicon.png\",\"width\":512,\"height\":512,\"caption\":\"Twinpol\"},\"image\":{\"@id\":\"https:\\\/\\\/twinpol.com\\\/#\\\/schema\\\/logo\\\/image\\\/\"}}]}<\/script>\n<!-- \/ Yoast SEO plugin. -->","yoast_head_json":{"title":"LCD-Bildschirm-Reinigungst\u00fccher, 150 St\u00fcck - TwinPol","robots":{"index":"index","follow":"follow","max-snippet":"max-snippet:-1","max-image-preview":"max-image-preview:large","max-video-preview":"max-video-preview:-1"},"canonical":"https:\/\/twinpol.com\/de\/produkt\/wet-wipes-for-tv-screens-150-pcs-mega-size-12-x-24\/","og_locale":"de_DE","og_type":"article","og_title":"LCD Screen cleaning wipes, 150 pcs - TwinPol","og_description":"LCD Screen Cleaning Wipes &#8211; Keep Your Screens Clean LCD Screen Cleaning Wipes Home > Products > Cleaning wipes >","og_url":"https:\/\/twinpol.com\/de\/produkt\/wet-wipes-for-tv-screens-150-pcs-mega-size-12-x-24\/","og_site_name":"TwinPol","article_modified_time":"2023-12-01T14:41:58+00:00","og_image":[{"width":800,"height":800,"url":"https:\/\/twinpol.com\/wp-content\/uploads\/2022\/11\/FR00044T_Wizualizacja_www.png","type":"image\/png"}],"twitter_card":"summary_large_image","twitter_misc":{"Gesch\u00e4tzte Lesezeit":"1\u00a0Minute"},"schema":{"@context":"https:\/\/schema.org","@graph":[{"@type":"WebPage","@id":"https:\/\/twinpol.com\/product\/wet-wipes-for-tv-screens-150-pcs-mega-size-12-x-24\/","url":"https:\/\/twinpol.com\/product\/wet-wipes-for-tv-screens-150-pcs-mega-size-12-x-24\/","name":"LCD-Bildschirm-Reinigungst\u00fccher, 150 St\u00fcck - TwinPol","isPartOf":{"@id":"https:\/\/twinpol.com\/#website"},"primaryImageOfPage":{"@id":"https:\/\/twinpol.com\/product\/wet-wipes-for-tv-screens-150-pcs-mega-size-12-x-24\/#primaryimage"},"image":{"@id":"https:\/\/twinpol.com\/product\/wet-wipes-for-tv-screens-150-pcs-mega-size-12-x-24\/#primaryimage"},"thumbnailUrl":"https:\/\/twinpol.com\/wp-content\/uploads\/2022\/11\/FR00044T_Wizualizacja_www.png","datePublished":"2022-11-12T10:12:33+00:00","dateModified":"2023-12-01T14:41:58+00:00","breadcrumb":{"@id":"https:\/\/twinpol.com\/product\/wet-wipes-for-tv-screens-150-pcs-mega-size-12-x-24\/#breadcrumb"},"inLanguage":"de","potentialAction":[{"@type":"ReadAction","target":["https:\/\/twinpol.com\/product\/wet-wipes-for-tv-screens-150-pcs-mega-size-12-x-24\/"]}]},{"@type":"ImageObject","inLanguage":"de","@id":"https:\/\/twinpol.com\/product\/wet-wipes-for-tv-screens-150-pcs-mega-size-12-x-24\/#primaryimage","url":"https:\/\/twinpol.com\/wp-content\/uploads\/2022\/11\/FR00044T_Wizualizacja_www.png","contentUrl":"https:\/\/twinpol.com\/wp-content\/uploads\/2022\/11\/FR00044T_Wizualizacja_www.png","width":800,"height":800},{"@type":"BreadcrumbList","@id":"https:\/\/twinpol.com\/product\/wet-wipes-for-tv-screens-150-pcs-mega-size-12-x-24\/#breadcrumb","itemListElement":[{"@type":"ListItem","position":1,"name":"Home","item":"https:\/\/twinpol.com\/"},{"@type":"ListItem","position":2,"name":"Products","item":"https:\/\/twinpol.com\/products\/"},{"@type":"ListItem","position":3,"name":"LCD Screen cleaning wipes, 150 pcs"}]},{"@type":"WebSite","@id":"https:\/\/twinpol.com\/#website","url":"https:\/\/twinpol.com\/","name":"Twinpol","description":"Reinigungsmittel","publisher":{"@id":"https:\/\/twinpol.com\/#organization"},"potentialAction":[{"@type":"SearchAction","target":{"@type":"EntryPoint","urlTemplate":"https:\/\/twinpol.com\/?s={search_term_string}"},"query-input":{"@type":"PropertyValueSpecification","valueRequired":true,"valueName":"search_term_string"}}],"inLanguage":"de"},{"@type":"Organization","@id":"https:\/\/twinpol.com\/#organization","name":"Twinpol","url":"https:\/\/twinpol.com\/","logo":{"@type":"ImageObject","inLanguage":"de","@id":"https:\/\/twinpol.com\/#\/schema\/logo\/image\/","url":"https:\/\/twinpol.com\/wp-content\/uploads\/2022\/10\/cropped-favicon.png","contentUrl":"https:\/\/twinpol.com\/wp-content\/uploads\/2022\/10\/cropped-favicon.png","width":512,"height":512,"caption":"Twinpol"},"image":{"@id":"https:\/\/twinpol.com\/#\/schema\/logo\/image\/"}}]}},"_links":{"self":[{"href":"https:\/\/twinpol.com\/de\/wp-json\/wp\/v2\/product\/9336","targetHints":{"allow":["GET"]}}],"collection":[{"href":"https:\/\/twinpol.com\/de\/wp-json\/wp\/v2\/product"}],"about":[{"href":"https:\/\/twinpol.com\/de\/wp-json\/wp\/v2\/types\/product"}],"wp:featuredmedia":[{"embeddable":true,"href":"https:\/\/twinpol.com\/de\/wp-json\/wp\/v2\/media\/10046"}],"wp:attachment":[{"href":"https:\/\/twinpol.com\/de\/wp-json\/wp\/v2\/media?parent=9336"}],"wp:term":[{"taxonomy":"product_brand","embeddable":true,"href":"https:\/\/twinpol.com\/de\/wp-json\/wp\/v2\/product_brand?post=9336"},{"taxonomy":"product_cat","embeddable":true,"href":"https:\/\/twinpol.com\/de\/wp-json\/wp\/v2\/product_cat?post=9336"},{"taxonomy":"product_tag","embeddable":true,"href":"https:\/\/twinpol.com\/de\/wp-json\/wp\/v2\/product_tag?post=9336"}],"curies":[{"name":"wp","href":"https:\/\/api.w.org\/{rel}","templated":true}]}}