{"id":9377,"date":"2022-11-22T10:55:24","date_gmt":"2022-11-22T10:55:24","guid":{"rendered":"https:\/\/twinpol.com\/?post_type=product&#038;p=9377"},"modified":"2023-09-01T07:56:12","modified_gmt":"2023-09-01T07:56:12","slug":"eco-glass-cleaner","status":"publish","type":"product","link":"https:\/\/twinpol.com\/de\/produkt\/reinigungstabletten-fur-glas\/","title":{"rendered":"ECO Glasreiniger"},"content":{"rendered":"<p><html lang=\"en\"><br \/>\n<head><br \/>\n  <meta charset=\"UTF-8\"><br \/>\n  <meta name=\"viewport\" content=\"width=device-width, initial-scale=1.0\"><br \/>\n  <title>ECO Glasreiniger - Umweltfreundlich und effizient<\/title><br \/>\n  <meta name=\"description\" content=\"Reinigen Sie Ihre Glasfl\u00e4chen ganz einfach und umweltfreundlich mit unseren ECO Glasreinigungstabletten. Erh\u00e4ltlich in einer 6er-Packung, sind diese Tabletten effektiv und nachhaltig.\"><br \/>\n<\/head><br \/>\n<body><\/p>\n<h1>ECO-Glasreiniger<\/h1>\n<div class=\"breadcrumbs\">\n  <a href=\"\/de\/\">Startseite<\/a> > <a href=\"\/de\/products\/\">Produkte<\/a> > <a href=\"\/de\/product-category\/eco-products\/\">ECO-Produkte<\/a> ><a href=\"\/de\/product-category\/glass\/\">Glasreiniger<\/a> > <a href=\"\/de\/product-category\/tablets\/\">Reinigungstabletten<\/a> >\n<\/div>\n<h2>Effiziente und umweltvertr\u00e4gliche Reinigung<\/h2>\n<p>Mit unseren ECO Glasreinigungstabletten wird die Reinigung Ihrer Glasfl\u00e4chen zum Kinderspiel. Diese Tabletten wurden speziell entwickelt, um Schmutz und Dreck zu beseitigen und gleichzeitig die Umwelt zu schonen. Jede Packung enth\u00e4lt 6 Tabletten, von denen jede f\u00fcr die Reinigung einer gro\u00dfen Glasfl\u00e4che geeignet ist.<\/p>\n<h2>Nachhaltig und bequem<\/h2>\n<p>Unsere ECO Glasreinigungstabletten sind nicht nur effektiv, sondern auch praktisch und nachhaltig. Die Tabletten sind klein und leicht zu lagern und nehmen weniger Platz ein als herk\u00f6mmliche Reinigungsprodukte. Au\u00dferdem ist der Karton, in dem sie geliefert werden, vollst\u00e4ndig recycelbar, sodass Sie ein gutes Gef\u00fchl bei Ihrem Kauf haben.<\/p>\n<h2>Vorteile<\/h2>\n<li>Umweltfreundliche Formel<\/li>\n<li>Die Tabletten werden in einer recycelbaren Pappschachtel geliefert<\/li>\n<li>Einfach zu bedienen<\/li>\n<li>Keine Schlieren oder R\u00fcckst\u00e4nde<\/li>\n<p><\/body><br \/>\n<\/html><\/p>","protected":false},"excerpt":{"rendered":"<p>ECO Glasreiniger - Umweltfreundlich und effizient ECO Glasreiniger Home &gt; Produkte &gt; ECO Produkte &gt;Glasreiniger &gt; Reinigung<\/p>","protected":false},"featured_media":20078,"template":"","meta":[],"product_brand":[],"product_cat":[338,346,325],"product_tag":[],"class_list":{"0":"post-9377","1":"product","2":"type-product","3":"status-publish","4":"has-post-thumbnail","6":"product_cat-tablets","7":"product_cat-eco-products","8":"product_cat-glass","10":"first","11":"instock","12":"shipping-taxable","13":"product-type-simple"},"yoast_head":"<!-- This site is optimized with the Yoast SEO plugin v27.3 - https:\/\/yoast.com\/product\/yoast-seo-wordpress\/ -->\n<title>ECO Glass cleaner - TwinPol<\/title>\n<meta name=\"robots\" content=\"index, follow, max-snippet:-1, max-image-preview:large, max-video-preview:-1\" \/>\n<link rel=\"canonical\" href=\"https:\/\/twinpol.com\/de\/produkt\/reinigungstabletten-fur-glas\/\" \/>\n<meta property=\"og:locale\" content=\"de_DE\" \/>\n<meta property=\"og:type\" content=\"article\" \/>\n<meta property=\"og:title\" content=\"ECO Glass cleaner - TwinPol\" \/>\n<meta property=\"og:description\" content=\"ECO Glass Cleaner &#8211; Eco-Friendly and Efficient ECO Glass Cleaner Home &gt; Products &gt; ECO products &gt;Glass cleaners &gt; Cleaning\" \/>\n<meta property=\"og:url\" content=\"https:\/\/twinpol.com\/de\/produkt\/reinigungstabletten-fur-glas\/\" \/>\n<meta property=\"og:site_name\" content=\"TwinPol\" \/>\n<meta property=\"article:modified_time\" content=\"2023-09-01T07:56:12+00:00\" \/>\n<meta property=\"og:image\" content=\"https:\/\/twinpol.com\/wp-content\/uploads\/2022\/11\/SECO080_6_Wizualizacja_www-2.png\" \/>\n\t<meta property=\"og:image:width\" content=\"800\" \/>\n\t<meta property=\"og:image:height\" content=\"800\" \/>\n\t<meta property=\"og:image:type\" content=\"image\/png\" \/>\n<meta name=\"twitter:card\" content=\"summary_large_image\" \/>\n<meta name=\"twitter:label1\" content=\"Gesch\u00e4tzte Lesezeit\" \/>\n\t<meta name=\"twitter:data1\" content=\"1\u00a0Minute\" \/>\n<script type=\"application\/ld+json\" class=\"yoast-schema-graph\">{\"@context\":\"https:\\\/\\\/schema.org\",\"@graph\":[{\"@type\":\"WebPage\",\"@id\":\"https:\\\/\\\/twinpol.com\\\/product\\\/eco-glass-cleaner\\\/\",\"url\":\"https:\\\/\\\/twinpol.com\\\/product\\\/eco-glass-cleaner\\\/\",\"name\":\"ECO Glass cleaner - TwinPol\",\"isPartOf\":{\"@id\":\"https:\\\/\\\/twinpol.com\\\/#website\"},\"primaryImageOfPage\":{\"@id\":\"https:\\\/\\\/twinpol.com\\\/product\\\/eco-glass-cleaner\\\/#primaryimage\"},\"image\":{\"@id\":\"https:\\\/\\\/twinpol.com\\\/product\\\/eco-glass-cleaner\\\/#primaryimage\"},\"thumbnailUrl\":\"https:\\\/\\\/twinpol.com\\\/wp-content\\\/uploads\\\/2022\\\/11\\\/SECO080_6_Wizualizacja_www-2.png\",\"datePublished\":\"2022-11-22T10:55:24+00:00\",\"dateModified\":\"2023-09-01T07:56:12+00:00\",\"breadcrumb\":{\"@id\":\"https:\\\/\\\/twinpol.com\\\/product\\\/eco-glass-cleaner\\\/#breadcrumb\"},\"inLanguage\":\"de\",\"potentialAction\":[{\"@type\":\"ReadAction\",\"target\":[\"https:\\\/\\\/twinpol.com\\\/product\\\/eco-glass-cleaner\\\/\"]}]},{\"@type\":\"ImageObject\",\"inLanguage\":\"de\",\"@id\":\"https:\\\/\\\/twinpol.com\\\/product\\\/eco-glass-cleaner\\\/#primaryimage\",\"url\":\"https:\\\/\\\/twinpol.com\\\/wp-content\\\/uploads\\\/2022\\\/11\\\/SECO080_6_Wizualizacja_www-2.png\",\"contentUrl\":\"https:\\\/\\\/twinpol.com\\\/wp-content\\\/uploads\\\/2022\\\/11\\\/SECO080_6_Wizualizacja_www-2.png\",\"width\":800,\"height\":800},{\"@type\":\"BreadcrumbList\",\"@id\":\"https:\\\/\\\/twinpol.com\\\/product\\\/eco-glass-cleaner\\\/#breadcrumb\",\"itemListElement\":[{\"@type\":\"ListItem\",\"position\":1,\"name\":\"Home\",\"item\":\"https:\\\/\\\/twinpol.com\\\/\"},{\"@type\":\"ListItem\",\"position\":2,\"name\":\"Products\",\"item\":\"https:\\\/\\\/twinpol.com\\\/products\\\/\"},{\"@type\":\"ListItem\",\"position\":3,\"name\":\"ECO Glass cleaner\"}]},{\"@type\":\"WebSite\",\"@id\":\"https:\\\/\\\/twinpol.com\\\/#website\",\"url\":\"https:\\\/\\\/twinpol.com\\\/\",\"name\":\"Twinpol\",\"description\":\"Cleaning Supplies\",\"publisher\":{\"@id\":\"https:\\\/\\\/twinpol.com\\\/#organization\"},\"potentialAction\":[{\"@type\":\"SearchAction\",\"target\":{\"@type\":\"EntryPoint\",\"urlTemplate\":\"https:\\\/\\\/twinpol.com\\\/?s={search_term_string}\"},\"query-input\":{\"@type\":\"PropertyValueSpecification\",\"valueRequired\":true,\"valueName\":\"search_term_string\"}}],\"inLanguage\":\"de\"},{\"@type\":\"Organization\",\"@id\":\"https:\\\/\\\/twinpol.com\\\/#organization\",\"name\":\"Twinpol\",\"url\":\"https:\\\/\\\/twinpol.com\\\/\",\"logo\":{\"@type\":\"ImageObject\",\"inLanguage\":\"de\",\"@id\":\"https:\\\/\\\/twinpol.com\\\/#\\\/schema\\\/logo\\\/image\\\/\",\"url\":\"https:\\\/\\\/twinpol.com\\\/wp-content\\\/uploads\\\/2022\\\/10\\\/cropped-favicon.png\",\"contentUrl\":\"https:\\\/\\\/twinpol.com\\\/wp-content\\\/uploads\\\/2022\\\/10\\\/cropped-favicon.png\",\"width\":512,\"height\":512,\"caption\":\"Twinpol\"},\"image\":{\"@id\":\"https:\\\/\\\/twinpol.com\\\/#\\\/schema\\\/logo\\\/image\\\/\"}}]}<\/script>\n<!-- \/ Yoast SEO plugin. -->","yoast_head_json":{"title":"ECO Glasreiniger - TwinPol","robots":{"index":"index","follow":"follow","max-snippet":"max-snippet:-1","max-image-preview":"max-image-preview:large","max-video-preview":"max-video-preview:-1"},"canonical":"https:\/\/twinpol.com\/de\/produkt\/reinigungstabletten-fur-glas\/","og_locale":"de_DE","og_type":"article","og_title":"ECO Glass cleaner - TwinPol","og_description":"ECO Glass Cleaner &#8211; Eco-Friendly and Efficient ECO Glass Cleaner Home > Products > ECO products >Glass cleaners > Cleaning","og_url":"https:\/\/twinpol.com\/de\/produkt\/reinigungstabletten-fur-glas\/","og_site_name":"TwinPol","article_modified_time":"2023-09-01T07:56:12+00:00","og_image":[{"width":800,"height":800,"url":"https:\/\/twinpol.com\/wp-content\/uploads\/2022\/11\/SECO080_6_Wizualizacja_www-2.png","type":"image\/png"}],"twitter_card":"summary_large_image","twitter_misc":{"Gesch\u00e4tzte Lesezeit":"1\u00a0Minute"},"schema":{"@context":"https:\/\/schema.org","@graph":[{"@type":"WebPage","@id":"https:\/\/twinpol.com\/product\/eco-glass-cleaner\/","url":"https:\/\/twinpol.com\/product\/eco-glass-cleaner\/","name":"ECO Glasreiniger - TwinPol","isPartOf":{"@id":"https:\/\/twinpol.com\/#website"},"primaryImageOfPage":{"@id":"https:\/\/twinpol.com\/product\/eco-glass-cleaner\/#primaryimage"},"image":{"@id":"https:\/\/twinpol.com\/product\/eco-glass-cleaner\/#primaryimage"},"thumbnailUrl":"https:\/\/twinpol.com\/wp-content\/uploads\/2022\/11\/SECO080_6_Wizualizacja_www-2.png","datePublished":"2022-11-22T10:55:24+00:00","dateModified":"2023-09-01T07:56:12+00:00","breadcrumb":{"@id":"https:\/\/twinpol.com\/product\/eco-glass-cleaner\/#breadcrumb"},"inLanguage":"de","potentialAction":[{"@type":"ReadAction","target":["https:\/\/twinpol.com\/product\/eco-glass-cleaner\/"]}]},{"@type":"ImageObject","inLanguage":"de","@id":"https:\/\/twinpol.com\/product\/eco-glass-cleaner\/#primaryimage","url":"https:\/\/twinpol.com\/wp-content\/uploads\/2022\/11\/SECO080_6_Wizualizacja_www-2.png","contentUrl":"https:\/\/twinpol.com\/wp-content\/uploads\/2022\/11\/SECO080_6_Wizualizacja_www-2.png","width":800,"height":800},{"@type":"BreadcrumbList","@id":"https:\/\/twinpol.com\/product\/eco-glass-cleaner\/#breadcrumb","itemListElement":[{"@type":"ListItem","position":1,"name":"Home","item":"https:\/\/twinpol.com\/"},{"@type":"ListItem","position":2,"name":"Products","item":"https:\/\/twinpol.com\/products\/"},{"@type":"ListItem","position":3,"name":"ECO Glass cleaner"}]},{"@type":"WebSite","@id":"https:\/\/twinpol.com\/#website","url":"https:\/\/twinpol.com\/","name":"Twinpol","description":"Reinigungsmittel","publisher":{"@id":"https:\/\/twinpol.com\/#organization"},"potentialAction":[{"@type":"SearchAction","target":{"@type":"EntryPoint","urlTemplate":"https:\/\/twinpol.com\/?s={search_term_string}"},"query-input":{"@type":"PropertyValueSpecification","valueRequired":true,"valueName":"search_term_string"}}],"inLanguage":"de"},{"@type":"Organization","@id":"https:\/\/twinpol.com\/#organization","name":"Twinpol","url":"https:\/\/twinpol.com\/","logo":{"@type":"ImageObject","inLanguage":"de","@id":"https:\/\/twinpol.com\/#\/schema\/logo\/image\/","url":"https:\/\/twinpol.com\/wp-content\/uploads\/2022\/10\/cropped-favicon.png","contentUrl":"https:\/\/twinpol.com\/wp-content\/uploads\/2022\/10\/cropped-favicon.png","width":512,"height":512,"caption":"Twinpol"},"image":{"@id":"https:\/\/twinpol.com\/#\/schema\/logo\/image\/"}}]}},"_links":{"self":[{"href":"https:\/\/twinpol.com\/de\/wp-json\/wp\/v2\/product\/9377","targetHints":{"allow":["GET"]}}],"collection":[{"href":"https:\/\/twinpol.com\/de\/wp-json\/wp\/v2\/product"}],"about":[{"href":"https:\/\/twinpol.com\/de\/wp-json\/wp\/v2\/types\/product"}],"wp:featuredmedia":[{"embeddable":true,"href":"https:\/\/twinpol.com\/de\/wp-json\/wp\/v2\/media\/20078"}],"wp:attachment":[{"href":"https:\/\/twinpol.com\/de\/wp-json\/wp\/v2\/media?parent=9377"}],"wp:term":[{"taxonomy":"product_brand","embeddable":true,"href":"https:\/\/twinpol.com\/de\/wp-json\/wp\/v2\/product_brand?post=9377"},{"taxonomy":"product_cat","embeddable":true,"href":"https:\/\/twinpol.com\/de\/wp-json\/wp\/v2\/product_cat?post=9377"},{"taxonomy":"product_tag","embeddable":true,"href":"https:\/\/twinpol.com\/de\/wp-json\/wp\/v2\/product_tag?post=9377"}],"curies":[{"name":"wp","href":"https:\/\/api.w.org\/{rel}","templated":true}]}}