{"id":9391,"date":"2023-01-03T09:39:12","date_gmt":"2023-01-03T09:39:12","guid":{"rendered":"https:\/\/twinpol.com\/?post_type=product&#038;p=9391"},"modified":"2023-12-11T14:53:56","modified_gmt":"2023-12-11T14:53:56","slug":"itseptic-hand-disinfectant-liquid-65-ml","status":"publish","type":"product","link":"https:\/\/twinpol.com\/de\/produkt\/itseptisches-handdesinfektionsmittel-flussig-65-ml\/","title":{"rendered":"ITSEPTIC H\u00e4ndedesinfektionsmittel fl\u00fcssig, 65 ml"},"content":{"rendered":"<p><html><br \/>\n<head><br \/>\n\t<meta charset=\"UTF-8\"><br \/>\n\t<title>ITSEPTIC H\u00e4ndedesinfektionsmittel fl\u00fcssig<\/title><br \/>\n\t<meta name=\"description\" content=\"ITSEPTIC H\u00e4ndedesinfektionsmittel fl\u00fcssig ist ein wirksames und wertvolles Produkt zur Desinfektion der H\u00e4nde.\"><br \/>\n<\/head><br \/>\n<body><\/p>\n<h1>ITSEPTIC Handdesinfektionsmittel fl\u00fcssig<\/h1>\n<div class=\"breadcrumbs\">\n  <a href=\"\/de\/\">Startseite<\/a> > <a href=\"\/de\/products\/\">Produkte<\/a> > <a href=\"\/de\/product-category\/disinfectants\/\">Desinfektionsmittel<\/a> >\n<\/div>\n<h2>Wirksame H\u00e4ndedesinfektion<\/h2>\n<p>ITSEPTIC Hand Desinfectant Liquid ist eine hochwirksame L\u00f6sung, um Ihre H\u00e4nde sauber und gesund zu halten. Seine leistungsstarke Formel sorgt daf\u00fcr, dass alle Keime und Bakterien beseitigt werden, und gibt Ihnen die Gewissheit, dass Ihre H\u00e4nde sauber sind.<\/p>\n<h2>Bequem und tragbar<\/h2>\n<p>Mit seiner kompakten 65-ml-Flasche ist das ITSEPTIC Handdesinfektionsmittel perfekt f\u00fcr die Anwendung unterwegs. Dank seiner geringen Gr\u00f6\u00dfe k\u00f6nnen Sie es in Ihrer Tasche oder im Auto aufbewahren und haben es so immer dabei, wenn Sie es am meisten brauchen. Ob Sie Besorgungen machen oder ins Ausland reisen, ITSEPTIC Hand Desinfectant Liquid ist die perfekte L\u00f6sung, um Ihre H\u00e4nde sauber und gesund zu halten.<\/p>\n<h2>Vorteile<\/h2>\n<ul>\n<li>Beseitigt wirksam Keime und Bakterien<\/li>\n<li>Kompakte und tragbare Gr\u00f6\u00dfe<\/li>\n<li>Praktisch f\u00fcr den Einsatz unterwegs<\/li>\n<\/ul>\n<p><\/body><br \/>\n<\/html><\/p>","protected":false},"excerpt":{"rendered":"<p>ITSEPTIC H\u00e4ndedesinfektionsmittel fl\u00fcssig ITSEPTIC H\u00e4ndedesinfektionsmittel fl\u00fcssig Home &gt; Produkte &gt; Desinfektionsmittel &gt; Effektive H\u00e4ndedesinfektion ITSEPTIC H\u00e4ndedesinfektionsmittel<\/p>","protected":false},"featured_media":10047,"template":"","meta":[],"product_brand":[],"product_cat":[194],"product_tag":[],"class_list":{"0":"post-9391","1":"product","2":"type-product","3":"status-publish","4":"has-post-thumbnail","6":"product_cat-disinfectants","8":"first","9":"instock","10":"shipping-taxable","11":"product-type-simple"},"yoast_head":"<!-- This site is optimized with the Yoast SEO plugin v27.4 - https:\/\/yoast.com\/product\/yoast-seo-wordpress\/ -->\n<title>ITSEPTIC Hand disinfectant liquid, 65 ml - TwinPol<\/title>\n<meta name=\"robots\" content=\"index, follow, max-snippet:-1, max-image-preview:large, max-video-preview:-1\" \/>\n<link rel=\"canonical\" href=\"https:\/\/twinpol.com\/de\/produkt\/itseptisches-handdesinfektionsmittel-flussig-65-ml\/\" \/>\n<meta property=\"og:locale\" content=\"de_DE\" \/>\n<meta property=\"og:type\" content=\"article\" \/>\n<meta property=\"og:title\" content=\"ITSEPTIC Hand disinfectant liquid, 65 ml - TwinPol\" \/>\n<meta property=\"og:description\" content=\"ITSEPTIC Hand disinfectant liquid ITSEPTIC Hand Disinfectant Liquid Home &gt; Products &gt; Disinfecants &gt; Effective Hand Disinfection ITSEPTIC Hand Disinfectant\" \/>\n<meta property=\"og:url\" content=\"https:\/\/twinpol.com\/de\/produkt\/itseptisches-handdesinfektionsmittel-flussig-65-ml\/\" \/>\n<meta property=\"og:site_name\" content=\"TwinPol\" \/>\n<meta property=\"article:modified_time\" content=\"2023-12-11T14:53:56+00:00\" \/>\n<meta property=\"og:image\" content=\"https:\/\/twinpol.com\/wp-content\/uploads\/2023\/01\/FR00105_Wizualizacja_www.png\" \/>\n\t<meta property=\"og:image:width\" content=\"800\" \/>\n\t<meta property=\"og:image:height\" content=\"800\" \/>\n\t<meta property=\"og:image:type\" content=\"image\/png\" \/>\n<meta name=\"twitter:card\" content=\"summary_large_image\" \/>\n<meta name=\"twitter:label1\" content=\"Gesch\u00e4tzte Lesezeit\" \/>\n\t<meta name=\"twitter:data1\" content=\"1\u00a0Minute\" \/>\n<script type=\"application\/ld+json\" class=\"yoast-schema-graph\">{\"@context\":\"https:\\\/\\\/schema.org\",\"@graph\":[{\"@type\":\"WebPage\",\"@id\":\"https:\\\/\\\/twinpol.com\\\/product\\\/itseptic-hand-disinfectant-liquid-65-ml\\\/\",\"url\":\"https:\\\/\\\/twinpol.com\\\/product\\\/itseptic-hand-disinfectant-liquid-65-ml\\\/\",\"name\":\"ITSEPTIC Hand disinfectant liquid, 65 ml - TwinPol\",\"isPartOf\":{\"@id\":\"https:\\\/\\\/twinpol.com\\\/#website\"},\"primaryImageOfPage\":{\"@id\":\"https:\\\/\\\/twinpol.com\\\/product\\\/itseptic-hand-disinfectant-liquid-65-ml\\\/#primaryimage\"},\"image\":{\"@id\":\"https:\\\/\\\/twinpol.com\\\/product\\\/itseptic-hand-disinfectant-liquid-65-ml\\\/#primaryimage\"},\"thumbnailUrl\":\"https:\\\/\\\/twinpol.com\\\/wp-content\\\/uploads\\\/2023\\\/01\\\/FR00105_Wizualizacja_www.png\",\"datePublished\":\"2023-01-03T09:39:12+00:00\",\"dateModified\":\"2023-12-11T14:53:56+00:00\",\"breadcrumb\":{\"@id\":\"https:\\\/\\\/twinpol.com\\\/product\\\/itseptic-hand-disinfectant-liquid-65-ml\\\/#breadcrumb\"},\"inLanguage\":\"de\",\"potentialAction\":[{\"@type\":\"ReadAction\",\"target\":[\"https:\\\/\\\/twinpol.com\\\/product\\\/itseptic-hand-disinfectant-liquid-65-ml\\\/\"]}]},{\"@type\":\"ImageObject\",\"inLanguage\":\"de\",\"@id\":\"https:\\\/\\\/twinpol.com\\\/product\\\/itseptic-hand-disinfectant-liquid-65-ml\\\/#primaryimage\",\"url\":\"https:\\\/\\\/twinpol.com\\\/wp-content\\\/uploads\\\/2023\\\/01\\\/FR00105_Wizualizacja_www.png\",\"contentUrl\":\"https:\\\/\\\/twinpol.com\\\/wp-content\\\/uploads\\\/2023\\\/01\\\/FR00105_Wizualizacja_www.png\",\"width\":800,\"height\":800},{\"@type\":\"BreadcrumbList\",\"@id\":\"https:\\\/\\\/twinpol.com\\\/product\\\/itseptic-hand-disinfectant-liquid-65-ml\\\/#breadcrumb\",\"itemListElement\":[{\"@type\":\"ListItem\",\"position\":1,\"name\":\"Home\",\"item\":\"https:\\\/\\\/twinpol.com\\\/\"},{\"@type\":\"ListItem\",\"position\":2,\"name\":\"Products\",\"item\":\"https:\\\/\\\/twinpol.com\\\/products\\\/\"},{\"@type\":\"ListItem\",\"position\":3,\"name\":\"ITSEPTIC Hand disinfectant liquid, 65 ml\"}]},{\"@type\":\"WebSite\",\"@id\":\"https:\\\/\\\/twinpol.com\\\/#website\",\"url\":\"https:\\\/\\\/twinpol.com\\\/\",\"name\":\"Twinpol\",\"description\":\"Cleaning Supplies\",\"publisher\":{\"@id\":\"https:\\\/\\\/twinpol.com\\\/#organization\"},\"potentialAction\":[{\"@type\":\"SearchAction\",\"target\":{\"@type\":\"EntryPoint\",\"urlTemplate\":\"https:\\\/\\\/twinpol.com\\\/?s={search_term_string}\"},\"query-input\":{\"@type\":\"PropertyValueSpecification\",\"valueRequired\":true,\"valueName\":\"search_term_string\"}}],\"inLanguage\":\"de\"},{\"@type\":\"Organization\",\"@id\":\"https:\\\/\\\/twinpol.com\\\/#organization\",\"name\":\"Twinpol\",\"url\":\"https:\\\/\\\/twinpol.com\\\/\",\"logo\":{\"@type\":\"ImageObject\",\"inLanguage\":\"de\",\"@id\":\"https:\\\/\\\/twinpol.com\\\/#\\\/schema\\\/logo\\\/image\\\/\",\"url\":\"https:\\\/\\\/twinpol.com\\\/wp-content\\\/uploads\\\/2022\\\/10\\\/cropped-favicon.png\",\"contentUrl\":\"https:\\\/\\\/twinpol.com\\\/wp-content\\\/uploads\\\/2022\\\/10\\\/cropped-favicon.png\",\"width\":512,\"height\":512,\"caption\":\"Twinpol\"},\"image\":{\"@id\":\"https:\\\/\\\/twinpol.com\\\/#\\\/schema\\\/logo\\\/image\\\/\"}}]}<\/script>\n<!-- \/ Yoast SEO plugin. -->","yoast_head_json":{"title":"ITSEPTIC H\u00e4ndedesinfektionsmittel fl\u00fcssig, 65 ml - TwinPol","robots":{"index":"index","follow":"follow","max-snippet":"max-snippet:-1","max-image-preview":"max-image-preview:large","max-video-preview":"max-video-preview:-1"},"canonical":"https:\/\/twinpol.com\/de\/produkt\/itseptisches-handdesinfektionsmittel-flussig-65-ml\/","og_locale":"de_DE","og_type":"article","og_title":"ITSEPTIC Hand disinfectant liquid, 65 ml - TwinPol","og_description":"ITSEPTIC Hand disinfectant liquid ITSEPTIC Hand Disinfectant Liquid Home > Products > Disinfecants > Effective Hand Disinfection ITSEPTIC Hand Disinfectant","og_url":"https:\/\/twinpol.com\/de\/produkt\/itseptisches-handdesinfektionsmittel-flussig-65-ml\/","og_site_name":"TwinPol","article_modified_time":"2023-12-11T14:53:56+00:00","og_image":[{"width":800,"height":800,"url":"https:\/\/twinpol.com\/wp-content\/uploads\/2023\/01\/FR00105_Wizualizacja_www.png","type":"image\/png"}],"twitter_card":"summary_large_image","twitter_misc":{"Gesch\u00e4tzte Lesezeit":"1\u00a0Minute"},"schema":{"@context":"https:\/\/schema.org","@graph":[{"@type":"WebPage","@id":"https:\/\/twinpol.com\/product\/itseptic-hand-disinfectant-liquid-65-ml\/","url":"https:\/\/twinpol.com\/product\/itseptic-hand-disinfectant-liquid-65-ml\/","name":"ITSEPTIC H\u00e4ndedesinfektionsmittel fl\u00fcssig, 65 ml - TwinPol","isPartOf":{"@id":"https:\/\/twinpol.com\/#website"},"primaryImageOfPage":{"@id":"https:\/\/twinpol.com\/product\/itseptic-hand-disinfectant-liquid-65-ml\/#primaryimage"},"image":{"@id":"https:\/\/twinpol.com\/product\/itseptic-hand-disinfectant-liquid-65-ml\/#primaryimage"},"thumbnailUrl":"https:\/\/twinpol.com\/wp-content\/uploads\/2023\/01\/FR00105_Wizualizacja_www.png","datePublished":"2023-01-03T09:39:12+00:00","dateModified":"2023-12-11T14:53:56+00:00","breadcrumb":{"@id":"https:\/\/twinpol.com\/product\/itseptic-hand-disinfectant-liquid-65-ml\/#breadcrumb"},"inLanguage":"de","potentialAction":[{"@type":"ReadAction","target":["https:\/\/twinpol.com\/product\/itseptic-hand-disinfectant-liquid-65-ml\/"]}]},{"@type":"ImageObject","inLanguage":"de","@id":"https:\/\/twinpol.com\/product\/itseptic-hand-disinfectant-liquid-65-ml\/#primaryimage","url":"https:\/\/twinpol.com\/wp-content\/uploads\/2023\/01\/FR00105_Wizualizacja_www.png","contentUrl":"https:\/\/twinpol.com\/wp-content\/uploads\/2023\/01\/FR00105_Wizualizacja_www.png","width":800,"height":800},{"@type":"BreadcrumbList","@id":"https:\/\/twinpol.com\/product\/itseptic-hand-disinfectant-liquid-65-ml\/#breadcrumb","itemListElement":[{"@type":"ListItem","position":1,"name":"Home","item":"https:\/\/twinpol.com\/"},{"@type":"ListItem","position":2,"name":"Products","item":"https:\/\/twinpol.com\/products\/"},{"@type":"ListItem","position":3,"name":"ITSEPTIC Hand disinfectant liquid, 65 ml"}]},{"@type":"WebSite","@id":"https:\/\/twinpol.com\/#website","url":"https:\/\/twinpol.com\/","name":"Twinpol","description":"Reinigungsmittel","publisher":{"@id":"https:\/\/twinpol.com\/#organization"},"potentialAction":[{"@type":"SearchAction","target":{"@type":"EntryPoint","urlTemplate":"https:\/\/twinpol.com\/?s={search_term_string}"},"query-input":{"@type":"PropertyValueSpecification","valueRequired":true,"valueName":"search_term_string"}}],"inLanguage":"de"},{"@type":"Organization","@id":"https:\/\/twinpol.com\/#organization","name":"Twinpol","url":"https:\/\/twinpol.com\/","logo":{"@type":"ImageObject","inLanguage":"de","@id":"https:\/\/twinpol.com\/#\/schema\/logo\/image\/","url":"https:\/\/twinpol.com\/wp-content\/uploads\/2022\/10\/cropped-favicon.png","contentUrl":"https:\/\/twinpol.com\/wp-content\/uploads\/2022\/10\/cropped-favicon.png","width":512,"height":512,"caption":"Twinpol"},"image":{"@id":"https:\/\/twinpol.com\/#\/schema\/logo\/image\/"}}]}},"_links":{"self":[{"href":"https:\/\/twinpol.com\/de\/wp-json\/wp\/v2\/product\/9391","targetHints":{"allow":["GET"]}}],"collection":[{"href":"https:\/\/twinpol.com\/de\/wp-json\/wp\/v2\/product"}],"about":[{"href":"https:\/\/twinpol.com\/de\/wp-json\/wp\/v2\/types\/product"}],"wp:featuredmedia":[{"embeddable":true,"href":"https:\/\/twinpol.com\/de\/wp-json\/wp\/v2\/media\/10047"}],"wp:attachment":[{"href":"https:\/\/twinpol.com\/de\/wp-json\/wp\/v2\/media?parent=9391"}],"wp:term":[{"taxonomy":"product_brand","embeddable":true,"href":"https:\/\/twinpol.com\/de\/wp-json\/wp\/v2\/product_brand?post=9391"},{"taxonomy":"product_cat","embeddable":true,"href":"https:\/\/twinpol.com\/de\/wp-json\/wp\/v2\/product_cat?post=9391"},{"taxonomy":"product_tag","embeddable":true,"href":"https:\/\/twinpol.com\/de\/wp-json\/wp\/v2\/product_tag?post=9391"}],"curies":[{"name":"wp","href":"https:\/\/api.w.org\/{rel}","templated":true}]}}