{"id":9393,"date":"2023-01-03T09:41:28","date_gmt":"2023-01-03T09:41:28","guid":{"rendered":"https:\/\/twinpol.com\/?post_type=product&#038;p=9393"},"modified":"2023-12-13T13:39:54","modified_gmt":"2023-12-13T13:39:54","slug":"itseptic-hand-disinfectant-liquid-100-ml","status":"publish","type":"product","link":"https:\/\/twinpol.com\/de\/produkt\/itseptische-hand-desinfektionsmittel-flussigkeit-100-ml\/","title":{"rendered":"ITSEPTIC H\u00e4ndedesinfektionsmittel fl\u00fcssig, 100 ml"},"content":{"rendered":"<p><html lang=\"en\"><br \/>\n<head><br \/>\n  <meta charset=\"UTF-8\"><br \/>\n  <title>ITSEPTIC H\u00e4ndedesinfektionsmittel fl\u00fcssig<\/title><br \/>\n  <meta name=\"description\" content=\"Halten Sie Ihre H\u00e4nde sauber und keimfrei mit ITSEPTIC Handdesinfektionsmittel fl\u00fcssig.\"><br \/>\n<\/head><br \/>\n<body><\/p>\n<h1>ITSEPTIC H\u00e4ndedesinfektionsmittel fl\u00fcssig<\/h1>\n<div class=\"breadcrumbs\">\n  <a href=\"\/de\/\">Startseite<\/a> > <a href=\"\/de\/products\/\">Produkte<\/a> > <a href=\"\/de\/product-category\/disinfectants\/\">Desinfektionsmittel<\/a> >\n<\/div>\n<h2>Wirksames und sicheres Desinfektionsmittel<\/h2>\n<p>ITSEPTIC Handdesinfektionsmittel fl\u00fcssig ist eine wirksame und sichere L\u00f6sung, um Ihre H\u00e4nde sauber und frei von Keimen zu halten. Mit seiner leistungsstarken Formel t\u00f6tet es Keime und Bakterien in nur wenigen Sekunden ab und bietet Ihnen den Schutz, den Sie brauchen, um gesund und sicher zu bleiben.<\/p>\n<h2>Bequem und einfach zu bedienen<\/h2>\n<p>ITSEPTIC H\u00e4ndedesinfektionsmittel fl\u00fcssig ist ein praktisches und einfach zu verwendendes Produkt, das Sie \u00fcberallhin mitnehmen k\u00f6nnen. Durch seine kompakte Gr\u00f6\u00dfe ist es perfekt f\u00fcr die Anwendung zu Hause, im B\u00fcro oder unterwegs. Tragen Sie einfach eine kleine Menge der Fl\u00fcssigkeit auf Ihre H\u00e4nde auf und reiben Sie sie aneinander, bis sie trocken sind.<\/p>\n<h2>Vorteile<\/h2>\n<ul>\n<li>Wirksames und sicheres Desinfektionsmittel<\/li>\n<li>T\u00f6tet Keime und Bakterien in nur wenigen Sekunden<\/li>\n<li>Bequem und einfach zu bedienen<\/li>\n<li>Kompakte Gr\u00f6\u00dfe f\u00fcr den Einsatz zu Hause, im B\u00fcro oder unterwegs<\/li>\n<\/ul>\n<p><\/body><br \/>\n<\/html><\/p>","protected":false},"excerpt":{"rendered":"<p>ITSEPTIC Handdesinfektionsmittel fl\u00fcssig ITSEPTIC Handdesinfektionsmittel fl\u00fcssig Home &gt; Produkte &gt; Desinfektionsmittel &gt; Wirksames und sicheres Desinfektionsmittel ITSEPTIC Hand<\/p>","protected":false},"featured_media":20326,"template":"","meta":[],"product_brand":[],"product_cat":[194],"product_tag":[],"class_list":{"0":"post-9393","1":"product","2":"type-product","3":"status-publish","4":"has-post-thumbnail","6":"product_cat-disinfectants","8":"first","9":"instock","10":"shipping-taxable","11":"product-type-simple"},"yoast_head":"<!-- This site is optimized with the Yoast SEO plugin v27.3 - https:\/\/yoast.com\/product\/yoast-seo-wordpress\/ -->\n<title>ITSEPTIC Hand disinfectant liquid, 100 ml - TwinPol<\/title>\n<meta name=\"robots\" content=\"index, follow, max-snippet:-1, max-image-preview:large, max-video-preview:-1\" \/>\n<link rel=\"canonical\" href=\"https:\/\/twinpol.com\/de\/produkt\/itseptische-hand-desinfektionsmittel-flussigkeit-100-ml\/\" \/>\n<meta property=\"og:locale\" content=\"de_DE\" \/>\n<meta property=\"og:type\" content=\"article\" \/>\n<meta property=\"og:title\" content=\"ITSEPTIC Hand disinfectant liquid, 100 ml - TwinPol\" \/>\n<meta property=\"og:description\" content=\"ITSEPTIC Hand disinfectant liquid ITSEPTIC Hand disinfectant liquid Home &gt; Products &gt; Disinfecants &gt; Effective and Safe Disinfectant ITSEPTIC Hand\" \/>\n<meta property=\"og:url\" content=\"https:\/\/twinpol.com\/de\/produkt\/itseptische-hand-desinfektionsmittel-flussigkeit-100-ml\/\" \/>\n<meta property=\"og:site_name\" content=\"TwinPol\" \/>\n<meta property=\"article:modified_time\" content=\"2023-12-13T13:39:54+00:00\" \/>\n<meta property=\"og:image\" content=\"https:\/\/twinpol.com\/wp-content\/uploads\/2023\/01\/FR0108-ENESIT.png\" \/>\n\t<meta property=\"og:image:width\" content=\"450\" \/>\n\t<meta property=\"og:image:height\" content=\"800\" \/>\n\t<meta property=\"og:image:type\" content=\"image\/png\" \/>\n<meta name=\"twitter:card\" content=\"summary_large_image\" \/>\n<meta name=\"twitter:label1\" content=\"Gesch\u00e4tzte Lesezeit\" \/>\n\t<meta name=\"twitter:data1\" content=\"1\u00a0Minute\" \/>\n<script type=\"application\/ld+json\" class=\"yoast-schema-graph\">{\"@context\":\"https:\\\/\\\/schema.org\",\"@graph\":[{\"@type\":\"WebPage\",\"@id\":\"https:\\\/\\\/twinpol.com\\\/product\\\/itseptic-hand-disinfectant-liquid-100-ml\\\/\",\"url\":\"https:\\\/\\\/twinpol.com\\\/product\\\/itseptic-hand-disinfectant-liquid-100-ml\\\/\",\"name\":\"ITSEPTIC Hand disinfectant liquid, 100 ml - TwinPol\",\"isPartOf\":{\"@id\":\"https:\\\/\\\/twinpol.com\\\/#website\"},\"primaryImageOfPage\":{\"@id\":\"https:\\\/\\\/twinpol.com\\\/product\\\/itseptic-hand-disinfectant-liquid-100-ml\\\/#primaryimage\"},\"image\":{\"@id\":\"https:\\\/\\\/twinpol.com\\\/product\\\/itseptic-hand-disinfectant-liquid-100-ml\\\/#primaryimage\"},\"thumbnailUrl\":\"https:\\\/\\\/twinpol.com\\\/wp-content\\\/uploads\\\/2023\\\/01\\\/FR0108-ENESIT.png\",\"datePublished\":\"2023-01-03T09:41:28+00:00\",\"dateModified\":\"2023-12-13T13:39:54+00:00\",\"breadcrumb\":{\"@id\":\"https:\\\/\\\/twinpol.com\\\/product\\\/itseptic-hand-disinfectant-liquid-100-ml\\\/#breadcrumb\"},\"inLanguage\":\"de\",\"potentialAction\":[{\"@type\":\"ReadAction\",\"target\":[\"https:\\\/\\\/twinpol.com\\\/product\\\/itseptic-hand-disinfectant-liquid-100-ml\\\/\"]}]},{\"@type\":\"ImageObject\",\"inLanguage\":\"de\",\"@id\":\"https:\\\/\\\/twinpol.com\\\/product\\\/itseptic-hand-disinfectant-liquid-100-ml\\\/#primaryimage\",\"url\":\"https:\\\/\\\/twinpol.com\\\/wp-content\\\/uploads\\\/2023\\\/01\\\/FR0108-ENESIT.png\",\"contentUrl\":\"https:\\\/\\\/twinpol.com\\\/wp-content\\\/uploads\\\/2023\\\/01\\\/FR0108-ENESIT.png\",\"width\":450,\"height\":800},{\"@type\":\"BreadcrumbList\",\"@id\":\"https:\\\/\\\/twinpol.com\\\/product\\\/itseptic-hand-disinfectant-liquid-100-ml\\\/#breadcrumb\",\"itemListElement\":[{\"@type\":\"ListItem\",\"position\":1,\"name\":\"Home\",\"item\":\"https:\\\/\\\/twinpol.com\\\/\"},{\"@type\":\"ListItem\",\"position\":2,\"name\":\"Products\",\"item\":\"https:\\\/\\\/twinpol.com\\\/products\\\/\"},{\"@type\":\"ListItem\",\"position\":3,\"name\":\"ITSEPTIC Hand disinfectant liquid, 100 ml\"}]},{\"@type\":\"WebSite\",\"@id\":\"https:\\\/\\\/twinpol.com\\\/#website\",\"url\":\"https:\\\/\\\/twinpol.com\\\/\",\"name\":\"Twinpol\",\"description\":\"Cleaning Supplies\",\"publisher\":{\"@id\":\"https:\\\/\\\/twinpol.com\\\/#organization\"},\"potentialAction\":[{\"@type\":\"SearchAction\",\"target\":{\"@type\":\"EntryPoint\",\"urlTemplate\":\"https:\\\/\\\/twinpol.com\\\/?s={search_term_string}\"},\"query-input\":{\"@type\":\"PropertyValueSpecification\",\"valueRequired\":true,\"valueName\":\"search_term_string\"}}],\"inLanguage\":\"de\"},{\"@type\":\"Organization\",\"@id\":\"https:\\\/\\\/twinpol.com\\\/#organization\",\"name\":\"Twinpol\",\"url\":\"https:\\\/\\\/twinpol.com\\\/\",\"logo\":{\"@type\":\"ImageObject\",\"inLanguage\":\"de\",\"@id\":\"https:\\\/\\\/twinpol.com\\\/#\\\/schema\\\/logo\\\/image\\\/\",\"url\":\"https:\\\/\\\/twinpol.com\\\/wp-content\\\/uploads\\\/2022\\\/10\\\/cropped-favicon.png\",\"contentUrl\":\"https:\\\/\\\/twinpol.com\\\/wp-content\\\/uploads\\\/2022\\\/10\\\/cropped-favicon.png\",\"width\":512,\"height\":512,\"caption\":\"Twinpol\"},\"image\":{\"@id\":\"https:\\\/\\\/twinpol.com\\\/#\\\/schema\\\/logo\\\/image\\\/\"}}]}<\/script>\n<!-- \/ Yoast SEO plugin. -->","yoast_head_json":{"title":"ITSEPTIC H\u00e4ndedesinfektionsmittel fl\u00fcssig, 100 ml - TwinPol","robots":{"index":"index","follow":"follow","max-snippet":"max-snippet:-1","max-image-preview":"max-image-preview:large","max-video-preview":"max-video-preview:-1"},"canonical":"https:\/\/twinpol.com\/de\/produkt\/itseptische-hand-desinfektionsmittel-flussigkeit-100-ml\/","og_locale":"de_DE","og_type":"article","og_title":"ITSEPTIC Hand disinfectant liquid, 100 ml - TwinPol","og_description":"ITSEPTIC Hand disinfectant liquid ITSEPTIC Hand disinfectant liquid Home > Products > Disinfecants > Effective and Safe Disinfectant ITSEPTIC Hand","og_url":"https:\/\/twinpol.com\/de\/produkt\/itseptische-hand-desinfektionsmittel-flussigkeit-100-ml\/","og_site_name":"TwinPol","article_modified_time":"2023-12-13T13:39:54+00:00","og_image":[{"width":450,"height":800,"url":"https:\/\/twinpol.com\/wp-content\/uploads\/2023\/01\/FR0108-ENESIT.png","type":"image\/png"}],"twitter_card":"summary_large_image","twitter_misc":{"Gesch\u00e4tzte Lesezeit":"1\u00a0Minute"},"schema":{"@context":"https:\/\/schema.org","@graph":[{"@type":"WebPage","@id":"https:\/\/twinpol.com\/product\/itseptic-hand-disinfectant-liquid-100-ml\/","url":"https:\/\/twinpol.com\/product\/itseptic-hand-disinfectant-liquid-100-ml\/","name":"ITSEPTIC H\u00e4ndedesinfektionsmittel fl\u00fcssig, 100 ml - TwinPol","isPartOf":{"@id":"https:\/\/twinpol.com\/#website"},"primaryImageOfPage":{"@id":"https:\/\/twinpol.com\/product\/itseptic-hand-disinfectant-liquid-100-ml\/#primaryimage"},"image":{"@id":"https:\/\/twinpol.com\/product\/itseptic-hand-disinfectant-liquid-100-ml\/#primaryimage"},"thumbnailUrl":"https:\/\/twinpol.com\/wp-content\/uploads\/2023\/01\/FR0108-ENESIT.png","datePublished":"2023-01-03T09:41:28+00:00","dateModified":"2023-12-13T13:39:54+00:00","breadcrumb":{"@id":"https:\/\/twinpol.com\/product\/itseptic-hand-disinfectant-liquid-100-ml\/#breadcrumb"},"inLanguage":"de","potentialAction":[{"@type":"ReadAction","target":["https:\/\/twinpol.com\/product\/itseptic-hand-disinfectant-liquid-100-ml\/"]}]},{"@type":"ImageObject","inLanguage":"de","@id":"https:\/\/twinpol.com\/product\/itseptic-hand-disinfectant-liquid-100-ml\/#primaryimage","url":"https:\/\/twinpol.com\/wp-content\/uploads\/2023\/01\/FR0108-ENESIT.png","contentUrl":"https:\/\/twinpol.com\/wp-content\/uploads\/2023\/01\/FR0108-ENESIT.png","width":450,"height":800},{"@type":"BreadcrumbList","@id":"https:\/\/twinpol.com\/product\/itseptic-hand-disinfectant-liquid-100-ml\/#breadcrumb","itemListElement":[{"@type":"ListItem","position":1,"name":"Home","item":"https:\/\/twinpol.com\/"},{"@type":"ListItem","position":2,"name":"Products","item":"https:\/\/twinpol.com\/products\/"},{"@type":"ListItem","position":3,"name":"ITSEPTIC Hand disinfectant liquid, 100 ml"}]},{"@type":"WebSite","@id":"https:\/\/twinpol.com\/#website","url":"https:\/\/twinpol.com\/","name":"Twinpol","description":"Reinigungsmittel","publisher":{"@id":"https:\/\/twinpol.com\/#organization"},"potentialAction":[{"@type":"SearchAction","target":{"@type":"EntryPoint","urlTemplate":"https:\/\/twinpol.com\/?s={search_term_string}"},"query-input":{"@type":"PropertyValueSpecification","valueRequired":true,"valueName":"search_term_string"}}],"inLanguage":"de"},{"@type":"Organization","@id":"https:\/\/twinpol.com\/#organization","name":"Twinpol","url":"https:\/\/twinpol.com\/","logo":{"@type":"ImageObject","inLanguage":"de","@id":"https:\/\/twinpol.com\/#\/schema\/logo\/image\/","url":"https:\/\/twinpol.com\/wp-content\/uploads\/2022\/10\/cropped-favicon.png","contentUrl":"https:\/\/twinpol.com\/wp-content\/uploads\/2022\/10\/cropped-favicon.png","width":512,"height":512,"caption":"Twinpol"},"image":{"@id":"https:\/\/twinpol.com\/#\/schema\/logo\/image\/"}}]}},"_links":{"self":[{"href":"https:\/\/twinpol.com\/de\/wp-json\/wp\/v2\/product\/9393","targetHints":{"allow":["GET"]}}],"collection":[{"href":"https:\/\/twinpol.com\/de\/wp-json\/wp\/v2\/product"}],"about":[{"href":"https:\/\/twinpol.com\/de\/wp-json\/wp\/v2\/types\/product"}],"wp:featuredmedia":[{"embeddable":true,"href":"https:\/\/twinpol.com\/de\/wp-json\/wp\/v2\/media\/20326"}],"wp:attachment":[{"href":"https:\/\/twinpol.com\/de\/wp-json\/wp\/v2\/media?parent=9393"}],"wp:term":[{"taxonomy":"product_brand","embeddable":true,"href":"https:\/\/twinpol.com\/de\/wp-json\/wp\/v2\/product_brand?post=9393"},{"taxonomy":"product_cat","embeddable":true,"href":"https:\/\/twinpol.com\/de\/wp-json\/wp\/v2\/product_cat?post=9393"},{"taxonomy":"product_tag","embeddable":true,"href":"https:\/\/twinpol.com\/de\/wp-json\/wp\/v2\/product_tag?post=9393"}],"curies":[{"name":"wp","href":"https:\/\/api.w.org\/{rel}","templated":true}]}}