{"id":9395,"date":"2023-01-13T07:18:09","date_gmt":"2023-01-13T07:18:09","guid":{"rendered":"https:\/\/twinpol.com\/?post_type=product&#038;p=9395"},"modified":"2023-12-11T14:56:29","modified_gmt":"2023-12-11T14:56:29","slug":"itseptic-hand-disinfectant-liquid-500-ml","status":"publish","type":"product","link":"https:\/\/twinpol.com\/de\/produkt\/itseptische-hand-desinfektionsmittel-flussig-500-ml\/","title":{"rendered":"ITSEPTIC H\u00e4ndedesinfektionsmittel fl\u00fcssig, 500 ml"},"content":{"rendered":"<p><html><br \/>\n<head><br \/>\n\t<title>ITSEPTIC Handdesinfektionsmittel fl\u00fcssig<\/title><br \/>\n\t<meta name=\"description\" content=\"ITSEPTIC Hand Desinfectant Liquid ist ein wirksames Desinfektionsmittel f\u00fcr Ihre H\u00e4nde. Es ist in einer 500-ml-Flasche abgef\u00fcllt, die Ihnen gen\u00fcgend Produkt f\u00fcr eine Weile bietet.\"><br \/>\n<\/head><br \/>\n<body><\/p>\n<h1>ITSEPTIC Handdesinfektionsmittel fl\u00fcssig<\/h1>\n<div class=\"breadcrumbs\">\n  <a href=\"\/de\/\">Startseite<\/a> > <a href=\"\/de\/products\/\">Produkte<\/a> > <a href=\"\/de\/product-category\/disinfectants\/\">Desinfektionsmittel<\/a> >\n<\/div>\n<h2>Hygiene aufrechterhalten mit ITSEPTIC<\/h2>\n<p>ITSEPTIC Handdesinfektionsmittel fl\u00fcssig ist eine wirksame Methode, um Ihre H\u00e4nde keimfrei zu halten. Seine leistungsstarke Formel beseitigt Keime und Bakterien und sorgt f\u00fcr saubere und frische H\u00e4nde. Die Fl\u00fcssigkeit ist einfach zu verwenden und ben\u00f6tigt kein Wasser. Es ist ein Muss f\u00fcr alle, die auch unterwegs auf Hygiene achten wollen.<\/p>\n<h2>Preis-Leistungs-Verh\u00e4ltnis<\/h2>\n<p>Das fl\u00fcssige ITSEPTIC H\u00e4ndedesinfektionsmittel wird in einer 500-ml-Flasche geliefert, die ein ausgezeichnetes Preis-Leistungs-Verh\u00e4ltnis bietet. Dank des gro\u00dfen Volumens k\u00f6nnen Sie sicher sein, dass es Ihnen lange reicht. Die Fl\u00fcssigkeit ist perfekt f\u00fcr die Verwendung zu Hause, im B\u00fcro oder auf Reisen.<\/p>\n<h2>Vorteile:<\/h2>\n<ul>\n<li>Leistungsstarkes H\u00e4ndedesinfektionsmittel, das Keime und Bakterien beseitigt<\/li>\n<li>Einfach zu bedienen und ben\u00f6tigt kein Wasser<\/li>\n<li>Gro\u00dfes Volumen von 500ml<\/li>\n<li>Ausgezeichnetes Preis-Leistungs-Verh\u00e4ltnis<\/li>\n<li>Perfekt f\u00fcr den Einsatz zu Hause, im B\u00fcro oder auf Reisen<\/li>\n<\/ul>\n<p><\/body><br \/>\n<\/html><\/p>","protected":false},"excerpt":{"rendered":"<p>ITSEPTIC H\u00e4ndedesinfektionsmittel fl\u00fcssig ITSEPTIC H\u00e4ndedesinfektionsmittel fl\u00fcssig Home &gt; Produkte &gt; Desinfektionsmittel &gt; Hygiene aufrechterhalten mit ITSEPTIC ITSEPTIC Hand<\/p>","protected":false},"featured_media":10050,"template":"","meta":[],"product_brand":[],"product_cat":[194],"product_tag":[],"class_list":{"0":"post-9395","1":"product","2":"type-product","3":"status-publish","4":"has-post-thumbnail","6":"product_cat-disinfectants","8":"first","9":"instock","10":"shipping-taxable","11":"product-type-simple"},"yoast_head":"<!-- This site is optimized with the Yoast SEO plugin v27.4 - https:\/\/yoast.com\/product\/yoast-seo-wordpress\/ -->\n<title>ITSEPTIC Hand disinfectant liquid, 500 ml - TwinPol<\/title>\n<meta name=\"robots\" content=\"index, follow, max-snippet:-1, max-image-preview:large, max-video-preview:-1\" \/>\n<link rel=\"canonical\" href=\"https:\/\/twinpol.com\/de\/produkt\/itseptische-hand-desinfektionsmittel-flussig-500-ml\/\" \/>\n<meta property=\"og:locale\" content=\"de_DE\" \/>\n<meta property=\"og:type\" content=\"article\" \/>\n<meta property=\"og:title\" content=\"ITSEPTIC Hand disinfectant liquid, 500 ml - TwinPol\" \/>\n<meta property=\"og:description\" content=\"ITSEPTIC Hand Disinfectant Liquid ITSEPTIC Hand Disinfectant Liquid Home &gt; Products &gt; Disinfecants &gt; Maintain Hygiene with ITSEPTIC ITSEPTIC Hand\" \/>\n<meta property=\"og:url\" content=\"https:\/\/twinpol.com\/de\/produkt\/itseptische-hand-desinfektionsmittel-flussig-500-ml\/\" \/>\n<meta property=\"og:site_name\" content=\"TwinPol\" \/>\n<meta property=\"article:modified_time\" content=\"2023-12-11T14:56:29+00:00\" \/>\n<meta property=\"og:image\" content=\"https:\/\/twinpol.com\/wp-content\/uploads\/2023\/01\/FR00110_Wizualizacja_www.png\" \/>\n\t<meta property=\"og:image:width\" content=\"800\" \/>\n\t<meta property=\"og:image:height\" content=\"800\" \/>\n\t<meta property=\"og:image:type\" content=\"image\/png\" \/>\n<meta name=\"twitter:card\" content=\"summary_large_image\" \/>\n<meta name=\"twitter:label1\" content=\"Gesch\u00e4tzte Lesezeit\" \/>\n\t<meta name=\"twitter:data1\" content=\"1\u00a0Minute\" \/>\n<script type=\"application\/ld+json\" class=\"yoast-schema-graph\">{\"@context\":\"https:\\\/\\\/schema.org\",\"@graph\":[{\"@type\":\"WebPage\",\"@id\":\"https:\\\/\\\/twinpol.com\\\/product\\\/itseptic-hand-disinfectant-liquid-500-ml\\\/\",\"url\":\"https:\\\/\\\/twinpol.com\\\/product\\\/itseptic-hand-disinfectant-liquid-500-ml\\\/\",\"name\":\"ITSEPTIC Hand disinfectant liquid, 500 ml - TwinPol\",\"isPartOf\":{\"@id\":\"https:\\\/\\\/twinpol.com\\\/#website\"},\"primaryImageOfPage\":{\"@id\":\"https:\\\/\\\/twinpol.com\\\/product\\\/itseptic-hand-disinfectant-liquid-500-ml\\\/#primaryimage\"},\"image\":{\"@id\":\"https:\\\/\\\/twinpol.com\\\/product\\\/itseptic-hand-disinfectant-liquid-500-ml\\\/#primaryimage\"},\"thumbnailUrl\":\"https:\\\/\\\/twinpol.com\\\/wp-content\\\/uploads\\\/2023\\\/01\\\/FR00110_Wizualizacja_www.png\",\"datePublished\":\"2023-01-13T07:18:09+00:00\",\"dateModified\":\"2023-12-11T14:56:29+00:00\",\"breadcrumb\":{\"@id\":\"https:\\\/\\\/twinpol.com\\\/product\\\/itseptic-hand-disinfectant-liquid-500-ml\\\/#breadcrumb\"},\"inLanguage\":\"de\",\"potentialAction\":[{\"@type\":\"ReadAction\",\"target\":[\"https:\\\/\\\/twinpol.com\\\/product\\\/itseptic-hand-disinfectant-liquid-500-ml\\\/\"]}]},{\"@type\":\"ImageObject\",\"inLanguage\":\"de\",\"@id\":\"https:\\\/\\\/twinpol.com\\\/product\\\/itseptic-hand-disinfectant-liquid-500-ml\\\/#primaryimage\",\"url\":\"https:\\\/\\\/twinpol.com\\\/wp-content\\\/uploads\\\/2023\\\/01\\\/FR00110_Wizualizacja_www.png\",\"contentUrl\":\"https:\\\/\\\/twinpol.com\\\/wp-content\\\/uploads\\\/2023\\\/01\\\/FR00110_Wizualizacja_www.png\",\"width\":800,\"height\":800},{\"@type\":\"BreadcrumbList\",\"@id\":\"https:\\\/\\\/twinpol.com\\\/product\\\/itseptic-hand-disinfectant-liquid-500-ml\\\/#breadcrumb\",\"itemListElement\":[{\"@type\":\"ListItem\",\"position\":1,\"name\":\"Home\",\"item\":\"https:\\\/\\\/twinpol.com\\\/\"},{\"@type\":\"ListItem\",\"position\":2,\"name\":\"Products\",\"item\":\"https:\\\/\\\/twinpol.com\\\/products\\\/\"},{\"@type\":\"ListItem\",\"position\":3,\"name\":\"ITSEPTIC Hand disinfectant liquid, 500 ml\"}]},{\"@type\":\"WebSite\",\"@id\":\"https:\\\/\\\/twinpol.com\\\/#website\",\"url\":\"https:\\\/\\\/twinpol.com\\\/\",\"name\":\"Twinpol\",\"description\":\"Cleaning Supplies\",\"publisher\":{\"@id\":\"https:\\\/\\\/twinpol.com\\\/#organization\"},\"potentialAction\":[{\"@type\":\"SearchAction\",\"target\":{\"@type\":\"EntryPoint\",\"urlTemplate\":\"https:\\\/\\\/twinpol.com\\\/?s={search_term_string}\"},\"query-input\":{\"@type\":\"PropertyValueSpecification\",\"valueRequired\":true,\"valueName\":\"search_term_string\"}}],\"inLanguage\":\"de\"},{\"@type\":\"Organization\",\"@id\":\"https:\\\/\\\/twinpol.com\\\/#organization\",\"name\":\"Twinpol\",\"url\":\"https:\\\/\\\/twinpol.com\\\/\",\"logo\":{\"@type\":\"ImageObject\",\"inLanguage\":\"de\",\"@id\":\"https:\\\/\\\/twinpol.com\\\/#\\\/schema\\\/logo\\\/image\\\/\",\"url\":\"https:\\\/\\\/twinpol.com\\\/wp-content\\\/uploads\\\/2022\\\/10\\\/cropped-favicon.png\",\"contentUrl\":\"https:\\\/\\\/twinpol.com\\\/wp-content\\\/uploads\\\/2022\\\/10\\\/cropped-favicon.png\",\"width\":512,\"height\":512,\"caption\":\"Twinpol\"},\"image\":{\"@id\":\"https:\\\/\\\/twinpol.com\\\/#\\\/schema\\\/logo\\\/image\\\/\"}}]}<\/script>\n<!-- \/ Yoast SEO plugin. -->","yoast_head_json":{"title":"ITSEPTIC H\u00e4ndedesinfektionsmittel fl\u00fcssig, 500 ml - TwinPol","robots":{"index":"index","follow":"follow","max-snippet":"max-snippet:-1","max-image-preview":"max-image-preview:large","max-video-preview":"max-video-preview:-1"},"canonical":"https:\/\/twinpol.com\/de\/produkt\/itseptische-hand-desinfektionsmittel-flussig-500-ml\/","og_locale":"de_DE","og_type":"article","og_title":"ITSEPTIC Hand disinfectant liquid, 500 ml - TwinPol","og_description":"ITSEPTIC Hand Disinfectant Liquid ITSEPTIC Hand Disinfectant Liquid Home > Products > Disinfecants > Maintain Hygiene with ITSEPTIC ITSEPTIC Hand","og_url":"https:\/\/twinpol.com\/de\/produkt\/itseptische-hand-desinfektionsmittel-flussig-500-ml\/","og_site_name":"TwinPol","article_modified_time":"2023-12-11T14:56:29+00:00","og_image":[{"width":800,"height":800,"url":"https:\/\/twinpol.com\/wp-content\/uploads\/2023\/01\/FR00110_Wizualizacja_www.png","type":"image\/png"}],"twitter_card":"summary_large_image","twitter_misc":{"Gesch\u00e4tzte Lesezeit":"1\u00a0Minute"},"schema":{"@context":"https:\/\/schema.org","@graph":[{"@type":"WebPage","@id":"https:\/\/twinpol.com\/product\/itseptic-hand-disinfectant-liquid-500-ml\/","url":"https:\/\/twinpol.com\/product\/itseptic-hand-disinfectant-liquid-500-ml\/","name":"ITSEPTIC H\u00e4ndedesinfektionsmittel fl\u00fcssig, 500 ml - TwinPol","isPartOf":{"@id":"https:\/\/twinpol.com\/#website"},"primaryImageOfPage":{"@id":"https:\/\/twinpol.com\/product\/itseptic-hand-disinfectant-liquid-500-ml\/#primaryimage"},"image":{"@id":"https:\/\/twinpol.com\/product\/itseptic-hand-disinfectant-liquid-500-ml\/#primaryimage"},"thumbnailUrl":"https:\/\/twinpol.com\/wp-content\/uploads\/2023\/01\/FR00110_Wizualizacja_www.png","datePublished":"2023-01-13T07:18:09+00:00","dateModified":"2023-12-11T14:56:29+00:00","breadcrumb":{"@id":"https:\/\/twinpol.com\/product\/itseptic-hand-disinfectant-liquid-500-ml\/#breadcrumb"},"inLanguage":"de","potentialAction":[{"@type":"ReadAction","target":["https:\/\/twinpol.com\/product\/itseptic-hand-disinfectant-liquid-500-ml\/"]}]},{"@type":"ImageObject","inLanguage":"de","@id":"https:\/\/twinpol.com\/product\/itseptic-hand-disinfectant-liquid-500-ml\/#primaryimage","url":"https:\/\/twinpol.com\/wp-content\/uploads\/2023\/01\/FR00110_Wizualizacja_www.png","contentUrl":"https:\/\/twinpol.com\/wp-content\/uploads\/2023\/01\/FR00110_Wizualizacja_www.png","width":800,"height":800},{"@type":"BreadcrumbList","@id":"https:\/\/twinpol.com\/product\/itseptic-hand-disinfectant-liquid-500-ml\/#breadcrumb","itemListElement":[{"@type":"ListItem","position":1,"name":"Home","item":"https:\/\/twinpol.com\/"},{"@type":"ListItem","position":2,"name":"Products","item":"https:\/\/twinpol.com\/products\/"},{"@type":"ListItem","position":3,"name":"ITSEPTIC Hand disinfectant liquid, 500 ml"}]},{"@type":"WebSite","@id":"https:\/\/twinpol.com\/#website","url":"https:\/\/twinpol.com\/","name":"Twinpol","description":"Reinigungsmittel","publisher":{"@id":"https:\/\/twinpol.com\/#organization"},"potentialAction":[{"@type":"SearchAction","target":{"@type":"EntryPoint","urlTemplate":"https:\/\/twinpol.com\/?s={search_term_string}"},"query-input":{"@type":"PropertyValueSpecification","valueRequired":true,"valueName":"search_term_string"}}],"inLanguage":"de"},{"@type":"Organization","@id":"https:\/\/twinpol.com\/#organization","name":"Twinpol","url":"https:\/\/twinpol.com\/","logo":{"@type":"ImageObject","inLanguage":"de","@id":"https:\/\/twinpol.com\/#\/schema\/logo\/image\/","url":"https:\/\/twinpol.com\/wp-content\/uploads\/2022\/10\/cropped-favicon.png","contentUrl":"https:\/\/twinpol.com\/wp-content\/uploads\/2022\/10\/cropped-favicon.png","width":512,"height":512,"caption":"Twinpol"},"image":{"@id":"https:\/\/twinpol.com\/#\/schema\/logo\/image\/"}}]}},"_links":{"self":[{"href":"https:\/\/twinpol.com\/de\/wp-json\/wp\/v2\/product\/9395","targetHints":{"allow":["GET"]}}],"collection":[{"href":"https:\/\/twinpol.com\/de\/wp-json\/wp\/v2\/product"}],"about":[{"href":"https:\/\/twinpol.com\/de\/wp-json\/wp\/v2\/types\/product"}],"wp:featuredmedia":[{"embeddable":true,"href":"https:\/\/twinpol.com\/de\/wp-json\/wp\/v2\/media\/10050"}],"wp:attachment":[{"href":"https:\/\/twinpol.com\/de\/wp-json\/wp\/v2\/media?parent=9395"}],"wp:term":[{"taxonomy":"product_brand","embeddable":true,"href":"https:\/\/twinpol.com\/de\/wp-json\/wp\/v2\/product_brand?post=9395"},{"taxonomy":"product_cat","embeddable":true,"href":"https:\/\/twinpol.com\/de\/wp-json\/wp\/v2\/product_cat?post=9395"},{"taxonomy":"product_tag","embeddable":true,"href":"https:\/\/twinpol.com\/de\/wp-json\/wp\/v2\/product_tag?post=9395"}],"curies":[{"name":"wp","href":"https:\/\/api.w.org\/{rel}","templated":true}]}}