{"id":9396,"date":"2023-01-03T09:51:02","date_gmt":"2023-01-03T09:51:02","guid":{"rendered":"https:\/\/twinpol.com\/?post_type=product&#038;p=9396"},"modified":"2023-12-11T14:42:35","modified_gmt":"2023-12-11T14:42:35","slug":"itseptic-hand-disinfectant-liquid-1000-ml","status":"publish","type":"product","link":"https:\/\/twinpol.com\/de\/produkt\/itseptische-hand-desinfektionsmittel-flussigkeit-1000-ml\/","title":{"rendered":"ITSEPTIC H\u00e4ndedesinfektionsmittel fl\u00fcssig, 1000 ml"},"content":{"rendered":"<p><html lang=\"en\"><br \/>\n<head><br \/>\n  <meta charset=\"UTF-8\"><br \/>\n  <meta name=\"viewport\" content=\"width=device-width, initial-scale=1.0\"><br \/>\n  <title>ITSEPTIC H\u00e4ndedesinfektionsmittel fl\u00fcssig<\/title><br \/>\n  <meta name=\"description\" content=\"ITSEPTIC H\u00e4ndedesinfektionsmittel fl\u00fcssig ist ein leistungsstarkes und wirksames Produkt, das hilft, Ihre H\u00e4nde sauber und sicher vor sch\u00e4dlichen Bakterien und Viren zu halten.\"><br \/>\n<\/head><br \/>\n<body><\/p>\n<h1>ITSEPTIC H\u00e4ndedesinfektionsmittel fl\u00fcssig<\/h1>\n<div class=\"breadcrumbs\">\n  <a href=\"\/de\/\">Startseite<\/a> > <a href=\"\/de\/products\/\">Produkte<\/a> > <a href=\"\/de\/product-category\/disinfectants\/\">Desinfektionsmittel<\/a> >\n<\/div>\n<h2>Leistungsstarkes und wirksames fl\u00fcssiges Handdesinfektionsmittel<\/h2>\n<p>ITSEPTIC H\u00e4ndedesinfektionsmittel fl\u00fcssig ist ein unverzichtbares Produkt f\u00fcr alle, denen ihre Gesundheit und Hygiene am Herzen liegt. Mit seiner leistungsstarken Formel t\u00f6tet es effektiv sch\u00e4dliche Bakterien und Viren ab und h\u00e4lt Ihre H\u00e4nde sauber und sicher. Seine schnell wirkende Formel sorgt daf\u00fcr, dass Ihre H\u00e4nde in nur wenigen Sekunden frei von Keimen sind.<\/p>\n<h2>Bequemes gro\u00dfes Volumen<\/h2>\n<p>Einer der Vorteile von ITSEPTIC Handdesinfektionsmittel fl\u00fcssig ist sein gro\u00dfes Volumen. Mit einem Fassungsverm\u00f6gen von 1000 ml ist es perfekt f\u00fcr Haushalte, B\u00fcros und andere Orte, an denen Menschen h\u00e4ufig kommen und gehen.<\/p>\n<h2>Produktvorteile<\/h2>\n<ul>\n<li>T\u00f6tet sch\u00e4dliche Bakterien und Viren<\/li>\n<li>Schnell wirkende Formel<\/li>\n<li>Gro\u00dfes Volumen f\u00fcr Komfort<\/li>\n<li>Perfekt f\u00fcr Haushalte, B\u00fcros und andere \u00f6ffentliche Orte<\/li>\n<li>H\u00e4lt Ihre H\u00e4nde sauber und sicher<\/li>\n<\/ul>\n<p><\/body><br \/>\n<\/html><\/p>","protected":false},"excerpt":{"rendered":"<p>ITSEPTIC H\u00e4ndedesinfektionsmittel fl\u00fcssig ITSEPTIC H\u00e4ndedesinfektionsmittel fl\u00fcssig Home &gt; Produkte &gt; Desinfektionsmittel &gt; Starkes und wirksames H\u00e4ndedesinfektionsmittel fl\u00fcssig<\/p>","protected":false},"featured_media":10051,"template":"","meta":[],"product_brand":[],"product_cat":[194],"product_tag":[],"class_list":{"0":"post-9396","1":"product","2":"type-product","3":"status-publish","4":"has-post-thumbnail","6":"product_cat-disinfectants","8":"first","9":"instock","10":"shipping-taxable","11":"product-type-simple"},"yoast_head":"<!-- This site is optimized with the Yoast SEO plugin v27.4 - https:\/\/yoast.com\/product\/yoast-seo-wordpress\/ -->\n<title>ITSEPTIC Hand disinfectant liquid, 1000 ml - TwinPol<\/title>\n<meta name=\"robots\" content=\"index, follow, max-snippet:-1, max-image-preview:large, max-video-preview:-1\" \/>\n<link rel=\"canonical\" href=\"https:\/\/twinpol.com\/de\/produkt\/itseptische-hand-desinfektionsmittel-flussigkeit-1000-ml\/\" \/>\n<meta property=\"og:locale\" content=\"de_DE\" \/>\n<meta property=\"og:type\" content=\"article\" \/>\n<meta property=\"og:title\" content=\"ITSEPTIC Hand disinfectant liquid, 1000 ml - TwinPol\" \/>\n<meta property=\"og:description\" content=\"ITSEPTIC Hand disinfectant liquid ITSEPTIC Hand disinfectant liquid Home &gt; Products &gt; Disinfecants &gt; Powerful and Effective Hand Disinfectant Liquid\" \/>\n<meta property=\"og:url\" content=\"https:\/\/twinpol.com\/de\/produkt\/itseptische-hand-desinfektionsmittel-flussigkeit-1000-ml\/\" \/>\n<meta property=\"og:site_name\" content=\"TwinPol\" \/>\n<meta property=\"article:modified_time\" content=\"2023-12-11T14:42:35+00:00\" \/>\n<meta property=\"og:image\" content=\"https:\/\/twinpol.com\/wp-content\/uploads\/2023\/01\/FR00111_Wizualizacja_www.png\" \/>\n\t<meta property=\"og:image:width\" content=\"800\" \/>\n\t<meta property=\"og:image:height\" content=\"800\" \/>\n\t<meta property=\"og:image:type\" content=\"image\/png\" \/>\n<meta name=\"twitter:card\" content=\"summary_large_image\" \/>\n<meta name=\"twitter:label1\" content=\"Gesch\u00e4tzte Lesezeit\" \/>\n\t<meta name=\"twitter:data1\" content=\"1\u00a0Minute\" \/>\n<script type=\"application\/ld+json\" class=\"yoast-schema-graph\">{\"@context\":\"https:\\\/\\\/schema.org\",\"@graph\":[{\"@type\":\"WebPage\",\"@id\":\"https:\\\/\\\/twinpol.com\\\/product\\\/itseptic-hand-disinfectant-liquid-1000-ml\\\/\",\"url\":\"https:\\\/\\\/twinpol.com\\\/product\\\/itseptic-hand-disinfectant-liquid-1000-ml\\\/\",\"name\":\"ITSEPTIC Hand disinfectant liquid, 1000 ml - TwinPol\",\"isPartOf\":{\"@id\":\"https:\\\/\\\/twinpol.com\\\/#website\"},\"primaryImageOfPage\":{\"@id\":\"https:\\\/\\\/twinpol.com\\\/product\\\/itseptic-hand-disinfectant-liquid-1000-ml\\\/#primaryimage\"},\"image\":{\"@id\":\"https:\\\/\\\/twinpol.com\\\/product\\\/itseptic-hand-disinfectant-liquid-1000-ml\\\/#primaryimage\"},\"thumbnailUrl\":\"https:\\\/\\\/twinpol.com\\\/wp-content\\\/uploads\\\/2023\\\/01\\\/FR00111_Wizualizacja_www.png\",\"datePublished\":\"2023-01-03T09:51:02+00:00\",\"dateModified\":\"2023-12-11T14:42:35+00:00\",\"breadcrumb\":{\"@id\":\"https:\\\/\\\/twinpol.com\\\/product\\\/itseptic-hand-disinfectant-liquid-1000-ml\\\/#breadcrumb\"},\"inLanguage\":\"de\",\"potentialAction\":[{\"@type\":\"ReadAction\",\"target\":[\"https:\\\/\\\/twinpol.com\\\/product\\\/itseptic-hand-disinfectant-liquid-1000-ml\\\/\"]}]},{\"@type\":\"ImageObject\",\"inLanguage\":\"de\",\"@id\":\"https:\\\/\\\/twinpol.com\\\/product\\\/itseptic-hand-disinfectant-liquid-1000-ml\\\/#primaryimage\",\"url\":\"https:\\\/\\\/twinpol.com\\\/wp-content\\\/uploads\\\/2023\\\/01\\\/FR00111_Wizualizacja_www.png\",\"contentUrl\":\"https:\\\/\\\/twinpol.com\\\/wp-content\\\/uploads\\\/2023\\\/01\\\/FR00111_Wizualizacja_www.png\",\"width\":800,\"height\":800},{\"@type\":\"BreadcrumbList\",\"@id\":\"https:\\\/\\\/twinpol.com\\\/product\\\/itseptic-hand-disinfectant-liquid-1000-ml\\\/#breadcrumb\",\"itemListElement\":[{\"@type\":\"ListItem\",\"position\":1,\"name\":\"Home\",\"item\":\"https:\\\/\\\/twinpol.com\\\/\"},{\"@type\":\"ListItem\",\"position\":2,\"name\":\"Products\",\"item\":\"https:\\\/\\\/twinpol.com\\\/products\\\/\"},{\"@type\":\"ListItem\",\"position\":3,\"name\":\"ITSEPTIC Hand disinfectant liquid, 1000 ml\"}]},{\"@type\":\"WebSite\",\"@id\":\"https:\\\/\\\/twinpol.com\\\/#website\",\"url\":\"https:\\\/\\\/twinpol.com\\\/\",\"name\":\"Twinpol\",\"description\":\"Cleaning Supplies\",\"publisher\":{\"@id\":\"https:\\\/\\\/twinpol.com\\\/#organization\"},\"potentialAction\":[{\"@type\":\"SearchAction\",\"target\":{\"@type\":\"EntryPoint\",\"urlTemplate\":\"https:\\\/\\\/twinpol.com\\\/?s={search_term_string}\"},\"query-input\":{\"@type\":\"PropertyValueSpecification\",\"valueRequired\":true,\"valueName\":\"search_term_string\"}}],\"inLanguage\":\"de\"},{\"@type\":\"Organization\",\"@id\":\"https:\\\/\\\/twinpol.com\\\/#organization\",\"name\":\"Twinpol\",\"url\":\"https:\\\/\\\/twinpol.com\\\/\",\"logo\":{\"@type\":\"ImageObject\",\"inLanguage\":\"de\",\"@id\":\"https:\\\/\\\/twinpol.com\\\/#\\\/schema\\\/logo\\\/image\\\/\",\"url\":\"https:\\\/\\\/twinpol.com\\\/wp-content\\\/uploads\\\/2022\\\/10\\\/cropped-favicon.png\",\"contentUrl\":\"https:\\\/\\\/twinpol.com\\\/wp-content\\\/uploads\\\/2022\\\/10\\\/cropped-favicon.png\",\"width\":512,\"height\":512,\"caption\":\"Twinpol\"},\"image\":{\"@id\":\"https:\\\/\\\/twinpol.com\\\/#\\\/schema\\\/logo\\\/image\\\/\"}}]}<\/script>\n<!-- \/ Yoast SEO plugin. -->","yoast_head_json":{"title":"ITSEPTIC H\u00e4ndedesinfektionsmittel fl\u00fcssig, 1000 ml - TwinPol","robots":{"index":"index","follow":"follow","max-snippet":"max-snippet:-1","max-image-preview":"max-image-preview:large","max-video-preview":"max-video-preview:-1"},"canonical":"https:\/\/twinpol.com\/de\/produkt\/itseptische-hand-desinfektionsmittel-flussigkeit-1000-ml\/","og_locale":"de_DE","og_type":"article","og_title":"ITSEPTIC Hand disinfectant liquid, 1000 ml - TwinPol","og_description":"ITSEPTIC Hand disinfectant liquid ITSEPTIC Hand disinfectant liquid Home > Products > Disinfecants > Powerful and Effective Hand Disinfectant Liquid","og_url":"https:\/\/twinpol.com\/de\/produkt\/itseptische-hand-desinfektionsmittel-flussigkeit-1000-ml\/","og_site_name":"TwinPol","article_modified_time":"2023-12-11T14:42:35+00:00","og_image":[{"width":800,"height":800,"url":"https:\/\/twinpol.com\/wp-content\/uploads\/2023\/01\/FR00111_Wizualizacja_www.png","type":"image\/png"}],"twitter_card":"summary_large_image","twitter_misc":{"Gesch\u00e4tzte Lesezeit":"1\u00a0Minute"},"schema":{"@context":"https:\/\/schema.org","@graph":[{"@type":"WebPage","@id":"https:\/\/twinpol.com\/product\/itseptic-hand-disinfectant-liquid-1000-ml\/","url":"https:\/\/twinpol.com\/product\/itseptic-hand-disinfectant-liquid-1000-ml\/","name":"ITSEPTIC H\u00e4ndedesinfektionsmittel fl\u00fcssig, 1000 ml - TwinPol","isPartOf":{"@id":"https:\/\/twinpol.com\/#website"},"primaryImageOfPage":{"@id":"https:\/\/twinpol.com\/product\/itseptic-hand-disinfectant-liquid-1000-ml\/#primaryimage"},"image":{"@id":"https:\/\/twinpol.com\/product\/itseptic-hand-disinfectant-liquid-1000-ml\/#primaryimage"},"thumbnailUrl":"https:\/\/twinpol.com\/wp-content\/uploads\/2023\/01\/FR00111_Wizualizacja_www.png","datePublished":"2023-01-03T09:51:02+00:00","dateModified":"2023-12-11T14:42:35+00:00","breadcrumb":{"@id":"https:\/\/twinpol.com\/product\/itseptic-hand-disinfectant-liquid-1000-ml\/#breadcrumb"},"inLanguage":"de","potentialAction":[{"@type":"ReadAction","target":["https:\/\/twinpol.com\/product\/itseptic-hand-disinfectant-liquid-1000-ml\/"]}]},{"@type":"ImageObject","inLanguage":"de","@id":"https:\/\/twinpol.com\/product\/itseptic-hand-disinfectant-liquid-1000-ml\/#primaryimage","url":"https:\/\/twinpol.com\/wp-content\/uploads\/2023\/01\/FR00111_Wizualizacja_www.png","contentUrl":"https:\/\/twinpol.com\/wp-content\/uploads\/2023\/01\/FR00111_Wizualizacja_www.png","width":800,"height":800},{"@type":"BreadcrumbList","@id":"https:\/\/twinpol.com\/product\/itseptic-hand-disinfectant-liquid-1000-ml\/#breadcrumb","itemListElement":[{"@type":"ListItem","position":1,"name":"Home","item":"https:\/\/twinpol.com\/"},{"@type":"ListItem","position":2,"name":"Products","item":"https:\/\/twinpol.com\/products\/"},{"@type":"ListItem","position":3,"name":"ITSEPTIC Hand disinfectant liquid, 1000 ml"}]},{"@type":"WebSite","@id":"https:\/\/twinpol.com\/#website","url":"https:\/\/twinpol.com\/","name":"Twinpol","description":"Reinigungsmittel","publisher":{"@id":"https:\/\/twinpol.com\/#organization"},"potentialAction":[{"@type":"SearchAction","target":{"@type":"EntryPoint","urlTemplate":"https:\/\/twinpol.com\/?s={search_term_string}"},"query-input":{"@type":"PropertyValueSpecification","valueRequired":true,"valueName":"search_term_string"}}],"inLanguage":"de"},{"@type":"Organization","@id":"https:\/\/twinpol.com\/#organization","name":"Twinpol","url":"https:\/\/twinpol.com\/","logo":{"@type":"ImageObject","inLanguage":"de","@id":"https:\/\/twinpol.com\/#\/schema\/logo\/image\/","url":"https:\/\/twinpol.com\/wp-content\/uploads\/2022\/10\/cropped-favicon.png","contentUrl":"https:\/\/twinpol.com\/wp-content\/uploads\/2022\/10\/cropped-favicon.png","width":512,"height":512,"caption":"Twinpol"},"image":{"@id":"https:\/\/twinpol.com\/#\/schema\/logo\/image\/"}}]}},"_links":{"self":[{"href":"https:\/\/twinpol.com\/de\/wp-json\/wp\/v2\/product\/9396","targetHints":{"allow":["GET"]}}],"collection":[{"href":"https:\/\/twinpol.com\/de\/wp-json\/wp\/v2\/product"}],"about":[{"href":"https:\/\/twinpol.com\/de\/wp-json\/wp\/v2\/types\/product"}],"wp:featuredmedia":[{"embeddable":true,"href":"https:\/\/twinpol.com\/de\/wp-json\/wp\/v2\/media\/10051"}],"wp:attachment":[{"href":"https:\/\/twinpol.com\/de\/wp-json\/wp\/v2\/media?parent=9396"}],"wp:term":[{"taxonomy":"product_brand","embeddable":true,"href":"https:\/\/twinpol.com\/de\/wp-json\/wp\/v2\/product_brand?post=9396"},{"taxonomy":"product_cat","embeddable":true,"href":"https:\/\/twinpol.com\/de\/wp-json\/wp\/v2\/product_cat?post=9396"},{"taxonomy":"product_tag","embeddable":true,"href":"https:\/\/twinpol.com\/de\/wp-json\/wp\/v2\/product_tag?post=9396"}],"curies":[{"name":"wp","href":"https:\/\/api.w.org\/{rel}","templated":true}]}}