{"id":9398,"date":"2023-01-03T09:55:48","date_gmt":"2023-01-03T09:55:48","guid":{"rendered":"https:\/\/twinpol.com\/?post_type=product&#038;p=9398"},"modified":"2023-12-11T14:59:36","modified_gmt":"2023-12-11T14:59:36","slug":"itseptic-hand-disinfectant-wet-wipes-100-pcs","status":"publish","type":"product","link":"https:\/\/twinpol.com\/de\/produkt\/itseptische-handedesinfektionstucher-kleine-wanne-100-stuck\/","title":{"rendered":"ITSEPTIC H\u00e4ndedesinfektionst\u00fccher, 100 St\u00fcck"},"content":{"rendered":"<p><html><br \/>\n<head><br \/>\n\t<title>ITSEPTIC H\u00e4ndedesinfektionsmittel Feuchtt\u00fccher<\/title><br \/>\n\t<meta name=\"description\" content=\"ITSEPTIC H\u00e4ndedesinfektionst\u00fccher sind eine bequeme und effektive Methode, um Ihre H\u00e4nde sauber und frei von Keimen zu halten.\"><br \/>\n<\/head><br \/>\n<body><\/p>\n<h1>ITSEPTIC H\u00e4ndedesinfektionsmittel Feuchtt\u00fccher<\/h1>\n<div class=\"breadcrumbs\">\n  <a href=\"\/de\/\">Startseite<\/a> > <a href=\"\/de\/products\/\">Produkte<\/a> > <a href=\"\/de\/product-category\/disinfectants\/\">Desinfektionsmittel<\/a> > <a href=\"https:\/\/twinpol.com\/de\/home\/wipes\/\">Reinigungst\u00fccher<\/a> >\n<\/div>\n<h2>Bequeme und wirksame Handreinigung<\/h2>\n<p>ITSEPTIC H\u00e4ndedesinfektionst\u00fccher sind ein Muss f\u00fcr jeden, der seine H\u00e4nde sauber und frei von Keimen halten m\u00f6chte. Diese Feuchtt\u00fccher wurden speziell entwickelt, um Ihre H\u00e4nde unterwegs schnell und einfach zu desinfizieren. Egal, ob Sie auf Reisen, bei der Arbeit oder einfach nur unterwegs sind, diese T\u00fccher sind die perfekte L\u00f6sung, um Ihre H\u00e4nde sauber und keimfrei zu halten.<\/p>\n<h2>T\u00f6tet Keime und Bakterien<\/h2>\n<p>Mit ihrer starken Desinfektionsformel sind die ITSEPTIC H\u00e4ndedesinfektionst\u00fccher hochwirksam bei der Abt\u00f6tung von Keimen und Bakterien. Jedes Tuch ist mit einer starken Desinfektionsl\u00f6sung versetzt, die Keime und Bakterien bei Kontakt abt\u00f6tet. Das macht sie zu einer hervorragenden Wahl f\u00fcr den Einsatz in Krankenh\u00e4usern, Kliniken und anderen Einrichtungen des Gesundheitswesens.<\/p>\n<h2>Vorteile<\/h2>\n<ul>\n<li>Bequem und einfach zu bedienen<\/li>\n<li>T\u00f6tet Keime und Bakterien<\/li>\n<li>Perfekt f\u00fcr den Einsatz unterwegs<\/li>\n<li>Speziell f\u00fcr die H\u00e4ndedesinfektion entwickelt<\/li>\n<li>Wirksam in Krankenh\u00e4usern und anderen Einrichtungen des Gesundheitswesens<\/li>\n<\/ul>\n<p><\/body><br \/>\n<\/html><\/p>","protected":false},"excerpt":{"rendered":"<p>ITSEPTIC H\u00e4ndedesinfektionsmittel Feuchtt\u00fccher ITSEPTIC H\u00e4ndedesinfektionsmittel Feuchtt\u00fccher Home &gt; Produkte &gt; Desinfektionsmittel &gt; Reinigungst\u00fccher &gt; Convenient<\/p>","protected":false},"featured_media":10053,"template":"","meta":[],"product_brand":[],"product_cat":[339,194],"product_tag":[],"class_list":{"0":"post-9398","1":"product","2":"type-product","3":"status-publish","4":"has-post-thumbnail","6":"product_cat-wipes","7":"product_cat-disinfectants","9":"first","10":"instock","11":"shipping-taxable","12":"product-type-simple"},"yoast_head":"<!-- This site is optimized with the Yoast SEO plugin v27.4 - https:\/\/yoast.com\/product\/yoast-seo-wordpress\/ -->\n<title>ITSEPTIC Hand disinfectant wet wipes, 100 pcs - TwinPol<\/title>\n<meta name=\"robots\" content=\"index, follow, max-snippet:-1, max-image-preview:large, max-video-preview:-1\" \/>\n<link rel=\"canonical\" href=\"https:\/\/twinpol.com\/de\/produkt\/itseptische-handedesinfektionstucher-kleine-wanne-100-stuck\/\" \/>\n<meta property=\"og:locale\" content=\"de_DE\" \/>\n<meta property=\"og:type\" content=\"article\" \/>\n<meta property=\"og:title\" content=\"ITSEPTIC Hand disinfectant wet wipes, 100 pcs - TwinPol\" \/>\n<meta property=\"og:description\" content=\"ITSEPTIC Hand Disinfectant Wet Wipes ITSEPTIC Hand Disinfectant Wet Wipes Home &gt; Products &gt; Disinfecants &gt; Cleaning wipes &gt; Convenient\" \/>\n<meta property=\"og:url\" content=\"https:\/\/twinpol.com\/de\/produkt\/itseptische-handedesinfektionstucher-kleine-wanne-100-stuck\/\" \/>\n<meta property=\"og:site_name\" content=\"TwinPol\" \/>\n<meta property=\"article:modified_time\" content=\"2023-12-11T14:59:36+00:00\" \/>\n<meta property=\"og:image\" content=\"https:\/\/twinpol.com\/wp-content\/uploads\/2023\/01\/FR0106_wizualizacja_www.png\" \/>\n\t<meta property=\"og:image:width\" content=\"800\" \/>\n\t<meta property=\"og:image:height\" content=\"800\" \/>\n\t<meta property=\"og:image:type\" content=\"image\/png\" \/>\n<meta name=\"twitter:card\" content=\"summary_large_image\" \/>\n<meta name=\"twitter:label1\" content=\"Gesch\u00e4tzte Lesezeit\" \/>\n\t<meta name=\"twitter:data1\" content=\"1\u00a0Minute\" \/>\n<script type=\"application\/ld+json\" class=\"yoast-schema-graph\">{\"@context\":\"https:\\\/\\\/schema.org\",\"@graph\":[{\"@type\":\"WebPage\",\"@id\":\"https:\\\/\\\/twinpol.com\\\/product\\\/itseptic-hand-disinfectant-wet-wipes-100-pcs\\\/\",\"url\":\"https:\\\/\\\/twinpol.com\\\/product\\\/itseptic-hand-disinfectant-wet-wipes-100-pcs\\\/\",\"name\":\"ITSEPTIC Hand disinfectant wet wipes, 100 pcs - TwinPol\",\"isPartOf\":{\"@id\":\"https:\\\/\\\/twinpol.com\\\/#website\"},\"primaryImageOfPage\":{\"@id\":\"https:\\\/\\\/twinpol.com\\\/product\\\/itseptic-hand-disinfectant-wet-wipes-100-pcs\\\/#primaryimage\"},\"image\":{\"@id\":\"https:\\\/\\\/twinpol.com\\\/product\\\/itseptic-hand-disinfectant-wet-wipes-100-pcs\\\/#primaryimage\"},\"thumbnailUrl\":\"https:\\\/\\\/twinpol.com\\\/wp-content\\\/uploads\\\/2023\\\/01\\\/FR0106_wizualizacja_www.png\",\"datePublished\":\"2023-01-03T09:55:48+00:00\",\"dateModified\":\"2023-12-11T14:59:36+00:00\",\"breadcrumb\":{\"@id\":\"https:\\\/\\\/twinpol.com\\\/product\\\/itseptic-hand-disinfectant-wet-wipes-100-pcs\\\/#breadcrumb\"},\"inLanguage\":\"de\",\"potentialAction\":[{\"@type\":\"ReadAction\",\"target\":[\"https:\\\/\\\/twinpol.com\\\/product\\\/itseptic-hand-disinfectant-wet-wipes-100-pcs\\\/\"]}]},{\"@type\":\"ImageObject\",\"inLanguage\":\"de\",\"@id\":\"https:\\\/\\\/twinpol.com\\\/product\\\/itseptic-hand-disinfectant-wet-wipes-100-pcs\\\/#primaryimage\",\"url\":\"https:\\\/\\\/twinpol.com\\\/wp-content\\\/uploads\\\/2023\\\/01\\\/FR0106_wizualizacja_www.png\",\"contentUrl\":\"https:\\\/\\\/twinpol.com\\\/wp-content\\\/uploads\\\/2023\\\/01\\\/FR0106_wizualizacja_www.png\",\"width\":800,\"height\":800},{\"@type\":\"BreadcrumbList\",\"@id\":\"https:\\\/\\\/twinpol.com\\\/product\\\/itseptic-hand-disinfectant-wet-wipes-100-pcs\\\/#breadcrumb\",\"itemListElement\":[{\"@type\":\"ListItem\",\"position\":1,\"name\":\"Home\",\"item\":\"https:\\\/\\\/twinpol.com\\\/\"},{\"@type\":\"ListItem\",\"position\":2,\"name\":\"Products\",\"item\":\"https:\\\/\\\/twinpol.com\\\/products\\\/\"},{\"@type\":\"ListItem\",\"position\":3,\"name\":\"ITSEPTIC Hand disinfectant wet wipes, 100 pcs\"}]},{\"@type\":\"WebSite\",\"@id\":\"https:\\\/\\\/twinpol.com\\\/#website\",\"url\":\"https:\\\/\\\/twinpol.com\\\/\",\"name\":\"Twinpol\",\"description\":\"Cleaning Supplies\",\"publisher\":{\"@id\":\"https:\\\/\\\/twinpol.com\\\/#organization\"},\"potentialAction\":[{\"@type\":\"SearchAction\",\"target\":{\"@type\":\"EntryPoint\",\"urlTemplate\":\"https:\\\/\\\/twinpol.com\\\/?s={search_term_string}\"},\"query-input\":{\"@type\":\"PropertyValueSpecification\",\"valueRequired\":true,\"valueName\":\"search_term_string\"}}],\"inLanguage\":\"de\"},{\"@type\":\"Organization\",\"@id\":\"https:\\\/\\\/twinpol.com\\\/#organization\",\"name\":\"Twinpol\",\"url\":\"https:\\\/\\\/twinpol.com\\\/\",\"logo\":{\"@type\":\"ImageObject\",\"inLanguage\":\"de\",\"@id\":\"https:\\\/\\\/twinpol.com\\\/#\\\/schema\\\/logo\\\/image\\\/\",\"url\":\"https:\\\/\\\/twinpol.com\\\/wp-content\\\/uploads\\\/2022\\\/10\\\/cropped-favicon.png\",\"contentUrl\":\"https:\\\/\\\/twinpol.com\\\/wp-content\\\/uploads\\\/2022\\\/10\\\/cropped-favicon.png\",\"width\":512,\"height\":512,\"caption\":\"Twinpol\"},\"image\":{\"@id\":\"https:\\\/\\\/twinpol.com\\\/#\\\/schema\\\/logo\\\/image\\\/\"}}]}<\/script>\n<!-- \/ Yoast SEO plugin. -->","yoast_head_json":{"title":"ITSEPTIC H\u00e4ndedesinfektionst\u00fccher, 100 St\u00fcck - TwinPol","robots":{"index":"index","follow":"follow","max-snippet":"max-snippet:-1","max-image-preview":"max-image-preview:large","max-video-preview":"max-video-preview:-1"},"canonical":"https:\/\/twinpol.com\/de\/produkt\/itseptische-handedesinfektionstucher-kleine-wanne-100-stuck\/","og_locale":"de_DE","og_type":"article","og_title":"ITSEPTIC Hand disinfectant wet wipes, 100 pcs - TwinPol","og_description":"ITSEPTIC Hand Disinfectant Wet Wipes ITSEPTIC Hand Disinfectant Wet Wipes Home > Products > Disinfecants > Cleaning wipes > Convenient","og_url":"https:\/\/twinpol.com\/de\/produkt\/itseptische-handedesinfektionstucher-kleine-wanne-100-stuck\/","og_site_name":"TwinPol","article_modified_time":"2023-12-11T14:59:36+00:00","og_image":[{"width":800,"height":800,"url":"https:\/\/twinpol.com\/wp-content\/uploads\/2023\/01\/FR0106_wizualizacja_www.png","type":"image\/png"}],"twitter_card":"summary_large_image","twitter_misc":{"Gesch\u00e4tzte Lesezeit":"1\u00a0Minute"},"schema":{"@context":"https:\/\/schema.org","@graph":[{"@type":"WebPage","@id":"https:\/\/twinpol.com\/product\/itseptic-hand-disinfectant-wet-wipes-100-pcs\/","url":"https:\/\/twinpol.com\/product\/itseptic-hand-disinfectant-wet-wipes-100-pcs\/","name":"ITSEPTIC H\u00e4ndedesinfektionst\u00fccher, 100 St\u00fcck - TwinPol","isPartOf":{"@id":"https:\/\/twinpol.com\/#website"},"primaryImageOfPage":{"@id":"https:\/\/twinpol.com\/product\/itseptic-hand-disinfectant-wet-wipes-100-pcs\/#primaryimage"},"image":{"@id":"https:\/\/twinpol.com\/product\/itseptic-hand-disinfectant-wet-wipes-100-pcs\/#primaryimage"},"thumbnailUrl":"https:\/\/twinpol.com\/wp-content\/uploads\/2023\/01\/FR0106_wizualizacja_www.png","datePublished":"2023-01-03T09:55:48+00:00","dateModified":"2023-12-11T14:59:36+00:00","breadcrumb":{"@id":"https:\/\/twinpol.com\/product\/itseptic-hand-disinfectant-wet-wipes-100-pcs\/#breadcrumb"},"inLanguage":"de","potentialAction":[{"@type":"ReadAction","target":["https:\/\/twinpol.com\/product\/itseptic-hand-disinfectant-wet-wipes-100-pcs\/"]}]},{"@type":"ImageObject","inLanguage":"de","@id":"https:\/\/twinpol.com\/product\/itseptic-hand-disinfectant-wet-wipes-100-pcs\/#primaryimage","url":"https:\/\/twinpol.com\/wp-content\/uploads\/2023\/01\/FR0106_wizualizacja_www.png","contentUrl":"https:\/\/twinpol.com\/wp-content\/uploads\/2023\/01\/FR0106_wizualizacja_www.png","width":800,"height":800},{"@type":"BreadcrumbList","@id":"https:\/\/twinpol.com\/product\/itseptic-hand-disinfectant-wet-wipes-100-pcs\/#breadcrumb","itemListElement":[{"@type":"ListItem","position":1,"name":"Home","item":"https:\/\/twinpol.com\/"},{"@type":"ListItem","position":2,"name":"Products","item":"https:\/\/twinpol.com\/products\/"},{"@type":"ListItem","position":3,"name":"ITSEPTIC Hand disinfectant wet wipes, 100 pcs"}]},{"@type":"WebSite","@id":"https:\/\/twinpol.com\/#website","url":"https:\/\/twinpol.com\/","name":"Twinpol","description":"Reinigungsmittel","publisher":{"@id":"https:\/\/twinpol.com\/#organization"},"potentialAction":[{"@type":"SearchAction","target":{"@type":"EntryPoint","urlTemplate":"https:\/\/twinpol.com\/?s={search_term_string}"},"query-input":{"@type":"PropertyValueSpecification","valueRequired":true,"valueName":"search_term_string"}}],"inLanguage":"de"},{"@type":"Organization","@id":"https:\/\/twinpol.com\/#organization","name":"Twinpol","url":"https:\/\/twinpol.com\/","logo":{"@type":"ImageObject","inLanguage":"de","@id":"https:\/\/twinpol.com\/#\/schema\/logo\/image\/","url":"https:\/\/twinpol.com\/wp-content\/uploads\/2022\/10\/cropped-favicon.png","contentUrl":"https:\/\/twinpol.com\/wp-content\/uploads\/2022\/10\/cropped-favicon.png","width":512,"height":512,"caption":"Twinpol"},"image":{"@id":"https:\/\/twinpol.com\/#\/schema\/logo\/image\/"}}]}},"_links":{"self":[{"href":"https:\/\/twinpol.com\/de\/wp-json\/wp\/v2\/product\/9398","targetHints":{"allow":["GET"]}}],"collection":[{"href":"https:\/\/twinpol.com\/de\/wp-json\/wp\/v2\/product"}],"about":[{"href":"https:\/\/twinpol.com\/de\/wp-json\/wp\/v2\/types\/product"}],"wp:featuredmedia":[{"embeddable":true,"href":"https:\/\/twinpol.com\/de\/wp-json\/wp\/v2\/media\/10053"}],"wp:attachment":[{"href":"https:\/\/twinpol.com\/de\/wp-json\/wp\/v2\/media?parent=9398"}],"wp:term":[{"taxonomy":"product_brand","embeddable":true,"href":"https:\/\/twinpol.com\/de\/wp-json\/wp\/v2\/product_brand?post=9398"},{"taxonomy":"product_cat","embeddable":true,"href":"https:\/\/twinpol.com\/de\/wp-json\/wp\/v2\/product_cat?post=9398"},{"taxonomy":"product_tag","embeddable":true,"href":"https:\/\/twinpol.com\/de\/wp-json\/wp\/v2\/product_tag?post=9398"}],"curies":[{"name":"wp","href":"https:\/\/api.w.org\/{rel}","templated":true}]}}