{"id":9399,"date":"2023-01-03T09:58:53","date_gmt":"2023-01-03T09:58:53","guid":{"rendered":"https:\/\/twinpol.com\/?post_type=product&#038;p=9399"},"modified":"2023-12-13T13:38:11","modified_gmt":"2023-12-13T13:38:11","slug":"itseptic-hand-disinfectant-wet-wipes-100-pcs-big-tub","status":"publish","type":"product","link":"https:\/\/twinpol.com\/de\/produkt\/itseptische-handedesinfektionstucher-grose-wanne-100-stuck\/","title":{"rendered":"ITSEPTIC H\u00e4ndedesinfektionst\u00fccher, 100 St\u00fcck"},"content":{"rendered":"<p><html lang=\"en\"><br \/>\n<head><br \/>\n\t<meta charset=\"UTF-8\"><br \/>\n\t<meta name=\"viewport\" content=\"width=device-width, initial-scale=1.0\"><br \/>\n\t<title>ITSEPTIC H\u00e4ndedesinfektionsmittel Feuchtt\u00fccher<\/title><br \/>\n\t<meta name=\"description\" content=\"Halten Sie Ihre H\u00e4nde sauber und frei von Keimen mit den ITSEPTIC Handdesinfektionst\u00fcchern.\"><br \/>\n<\/head><br \/>\n<body><\/p>\n<h1>ITSEPTIC H\u00e4ndedesinfektionsmittel Feuchtt\u00fccher<\/h1>\n<div class=\"breadcrumbs\">\n  <a href=\"\/de\/\">Startseite<\/a> > <a href=\"\/de\/products\/\">Produkte<\/a> > <a href=\"\/de\/product-category\/disinfectants\/\">Desinfektionsmittel<\/a> > <a href=\"https:\/\/twinpol.com\/de\/home\/wipes\/\">Reinigungst\u00fccher<\/a> >\n<\/div>\n<h2>Wirksame H\u00e4ndedesinfektion<\/h2>\n<p>ITSEPTIC H\u00e4ndedesinfektionst\u00fccher in der Tube sind eine effektive L\u00f6sung, um Ihre H\u00e4nde sauber und desinfiziert zu halten. Die T\u00fccher sind mit einer starken Desinfektionsformel hergestellt, die Keime und Bakterien auf Ihren H\u00e4nden abt\u00f6tet. Sie sind perfekt f\u00fcr unterwegs, zu Hause oder im B\u00fcro geeignet.<\/p>\n<h2>Bequem und einfach zu bedienen<\/h2>\n<p>Diese feuchten H\u00e4ndedesinfektionst\u00fccher werden in einer praktischen Tube geliefert, die leicht in Ihre Tasche oder Ihren Rucksack passt. Die Tube enth\u00e4lt 100 T\u00fccher und ist somit ideal f\u00fcr unterwegs. Die T\u00fccher sind einfach zu benutzen und ben\u00f6tigen weder Wasser noch Seife. Nehmen Sie einfach ein Tuch aus der Tube und wischen Sie sich die H\u00e4nde sauber.<\/p>\n<h2>Vorteile<\/h2>\n<ul>\n<li>Leistungsstarke Desinfektionsmittelformel t\u00f6tet Keime und Bakterien<\/li>\n<li>Praktische Tubenverpackung f\u00fcr die Verwendung unterwegs<\/li>\n<li>Kein Wasser oder Seife erforderlich<\/li>\n<li>Einfach zu bedienen<\/li>\n<\/ul>\n<p>\t<\/main><br \/>\n<\/body><br \/>\n<\/html><\/p>","protected":false},"excerpt":{"rendered":"<p>ITSEPTIC H\u00e4ndedesinfektionsmittel Feuchtt\u00fccher ITSEPTIC H\u00e4ndedesinfektionsmittel Feuchtt\u00fccher Home &gt; Produkte &gt; Desinfektionsmittel &gt; Reinigungst\u00fccher &gt; Effektiv<\/p>","protected":false},"featured_media":20324,"template":"","meta":[],"product_brand":[],"product_cat":[339,194],"product_tag":[],"class_list":{"0":"post-9399","1":"product","2":"type-product","3":"status-publish","4":"has-post-thumbnail","6":"product_cat-wipes","7":"product_cat-disinfectants","9":"first","10":"instock","11":"shipping-taxable","12":"product-type-simple"},"yoast_head":"<!-- This site is optimized with the Yoast SEO plugin v27.4 - https:\/\/yoast.com\/product\/yoast-seo-wordpress\/ -->\n<title>ITSEPTIC Hand disinfectant wet wipes, 100 pcs - TwinPol<\/title>\n<meta name=\"robots\" content=\"index, follow, max-snippet:-1, max-image-preview:large, max-video-preview:-1\" \/>\n<link rel=\"canonical\" href=\"https:\/\/twinpol.com\/de\/produkt\/itseptische-handedesinfektionstucher-grose-wanne-100-stuck\/\" \/>\n<meta property=\"og:locale\" content=\"de_DE\" \/>\n<meta property=\"og:type\" content=\"article\" \/>\n<meta property=\"og:title\" content=\"ITSEPTIC Hand disinfectant wet wipes, 100 pcs - TwinPol\" \/>\n<meta property=\"og:description\" content=\"ITSEPTIC Hand Disinfectant Wet Wipes ITSEPTIC Hand Disinfectant Wet Wipes Home &gt; Products &gt; Disinfecants &gt; Cleaning wipes &gt; Effective\" \/>\n<meta property=\"og:url\" content=\"https:\/\/twinpol.com\/de\/produkt\/itseptische-handedesinfektionstucher-grose-wanne-100-stuck\/\" \/>\n<meta property=\"og:site_name\" content=\"TwinPol\" \/>\n<meta property=\"article:modified_time\" content=\"2023-12-13T13:38:11+00:00\" \/>\n<meta property=\"og:image\" content=\"https:\/\/twinpol.com\/wp-content\/uploads\/2023\/01\/FR0107-ENESIT-cien.png\" \/>\n\t<meta property=\"og:image:width\" content=\"450\" \/>\n\t<meta property=\"og:image:height\" content=\"800\" \/>\n\t<meta property=\"og:image:type\" content=\"image\/png\" \/>\n<meta name=\"twitter:card\" content=\"summary_large_image\" \/>\n<meta name=\"twitter:label1\" content=\"Gesch\u00e4tzte Lesezeit\" \/>\n\t<meta name=\"twitter:data1\" content=\"1\u00a0Minute\" \/>\n<script type=\"application\/ld+json\" class=\"yoast-schema-graph\">{\"@context\":\"https:\\\/\\\/schema.org\",\"@graph\":[{\"@type\":\"WebPage\",\"@id\":\"https:\\\/\\\/twinpol.com\\\/product\\\/itseptic-hand-disinfectant-wet-wipes-100-pcs-big-tub\\\/\",\"url\":\"https:\\\/\\\/twinpol.com\\\/product\\\/itseptic-hand-disinfectant-wet-wipes-100-pcs-big-tub\\\/\",\"name\":\"ITSEPTIC Hand disinfectant wet wipes, 100 pcs - TwinPol\",\"isPartOf\":{\"@id\":\"https:\\\/\\\/twinpol.com\\\/#website\"},\"primaryImageOfPage\":{\"@id\":\"https:\\\/\\\/twinpol.com\\\/product\\\/itseptic-hand-disinfectant-wet-wipes-100-pcs-big-tub\\\/#primaryimage\"},\"image\":{\"@id\":\"https:\\\/\\\/twinpol.com\\\/product\\\/itseptic-hand-disinfectant-wet-wipes-100-pcs-big-tub\\\/#primaryimage\"},\"thumbnailUrl\":\"https:\\\/\\\/twinpol.com\\\/wp-content\\\/uploads\\\/2023\\\/01\\\/FR0107-ENESIT-cien.png\",\"datePublished\":\"2023-01-03T09:58:53+00:00\",\"dateModified\":\"2023-12-13T13:38:11+00:00\",\"breadcrumb\":{\"@id\":\"https:\\\/\\\/twinpol.com\\\/product\\\/itseptic-hand-disinfectant-wet-wipes-100-pcs-big-tub\\\/#breadcrumb\"},\"inLanguage\":\"de\",\"potentialAction\":[{\"@type\":\"ReadAction\",\"target\":[\"https:\\\/\\\/twinpol.com\\\/product\\\/itseptic-hand-disinfectant-wet-wipes-100-pcs-big-tub\\\/\"]}]},{\"@type\":\"ImageObject\",\"inLanguage\":\"de\",\"@id\":\"https:\\\/\\\/twinpol.com\\\/product\\\/itseptic-hand-disinfectant-wet-wipes-100-pcs-big-tub\\\/#primaryimage\",\"url\":\"https:\\\/\\\/twinpol.com\\\/wp-content\\\/uploads\\\/2023\\\/01\\\/FR0107-ENESIT-cien.png\",\"contentUrl\":\"https:\\\/\\\/twinpol.com\\\/wp-content\\\/uploads\\\/2023\\\/01\\\/FR0107-ENESIT-cien.png\",\"width\":450,\"height\":800},{\"@type\":\"BreadcrumbList\",\"@id\":\"https:\\\/\\\/twinpol.com\\\/product\\\/itseptic-hand-disinfectant-wet-wipes-100-pcs-big-tub\\\/#breadcrumb\",\"itemListElement\":[{\"@type\":\"ListItem\",\"position\":1,\"name\":\"Home\",\"item\":\"https:\\\/\\\/twinpol.com\\\/\"},{\"@type\":\"ListItem\",\"position\":2,\"name\":\"Products\",\"item\":\"https:\\\/\\\/twinpol.com\\\/products\\\/\"},{\"@type\":\"ListItem\",\"position\":3,\"name\":\"ITSEPTIC Hand disinfectant wet wipes, 100 pcs\"}]},{\"@type\":\"WebSite\",\"@id\":\"https:\\\/\\\/twinpol.com\\\/#website\",\"url\":\"https:\\\/\\\/twinpol.com\\\/\",\"name\":\"Twinpol\",\"description\":\"Cleaning Supplies\",\"publisher\":{\"@id\":\"https:\\\/\\\/twinpol.com\\\/#organization\"},\"potentialAction\":[{\"@type\":\"SearchAction\",\"target\":{\"@type\":\"EntryPoint\",\"urlTemplate\":\"https:\\\/\\\/twinpol.com\\\/?s={search_term_string}\"},\"query-input\":{\"@type\":\"PropertyValueSpecification\",\"valueRequired\":true,\"valueName\":\"search_term_string\"}}],\"inLanguage\":\"de\"},{\"@type\":\"Organization\",\"@id\":\"https:\\\/\\\/twinpol.com\\\/#organization\",\"name\":\"Twinpol\",\"url\":\"https:\\\/\\\/twinpol.com\\\/\",\"logo\":{\"@type\":\"ImageObject\",\"inLanguage\":\"de\",\"@id\":\"https:\\\/\\\/twinpol.com\\\/#\\\/schema\\\/logo\\\/image\\\/\",\"url\":\"https:\\\/\\\/twinpol.com\\\/wp-content\\\/uploads\\\/2022\\\/10\\\/cropped-favicon.png\",\"contentUrl\":\"https:\\\/\\\/twinpol.com\\\/wp-content\\\/uploads\\\/2022\\\/10\\\/cropped-favicon.png\",\"width\":512,\"height\":512,\"caption\":\"Twinpol\"},\"image\":{\"@id\":\"https:\\\/\\\/twinpol.com\\\/#\\\/schema\\\/logo\\\/image\\\/\"}}]}<\/script>\n<!-- \/ Yoast SEO plugin. -->","yoast_head_json":{"title":"ITSEPTIC H\u00e4ndedesinfektionst\u00fccher, 100 St\u00fcck - TwinPol","robots":{"index":"index","follow":"follow","max-snippet":"max-snippet:-1","max-image-preview":"max-image-preview:large","max-video-preview":"max-video-preview:-1"},"canonical":"https:\/\/twinpol.com\/de\/produkt\/itseptische-handedesinfektionstucher-grose-wanne-100-stuck\/","og_locale":"de_DE","og_type":"article","og_title":"ITSEPTIC Hand disinfectant wet wipes, 100 pcs - TwinPol","og_description":"ITSEPTIC Hand Disinfectant Wet Wipes ITSEPTIC Hand Disinfectant Wet Wipes Home > Products > Disinfecants > Cleaning wipes > Effective","og_url":"https:\/\/twinpol.com\/de\/produkt\/itseptische-handedesinfektionstucher-grose-wanne-100-stuck\/","og_site_name":"TwinPol","article_modified_time":"2023-12-13T13:38:11+00:00","og_image":[{"width":450,"height":800,"url":"https:\/\/twinpol.com\/wp-content\/uploads\/2023\/01\/FR0107-ENESIT-cien.png","type":"image\/png"}],"twitter_card":"summary_large_image","twitter_misc":{"Gesch\u00e4tzte Lesezeit":"1\u00a0Minute"},"schema":{"@context":"https:\/\/schema.org","@graph":[{"@type":"WebPage","@id":"https:\/\/twinpol.com\/product\/itseptic-hand-disinfectant-wet-wipes-100-pcs-big-tub\/","url":"https:\/\/twinpol.com\/product\/itseptic-hand-disinfectant-wet-wipes-100-pcs-big-tub\/","name":"ITSEPTIC H\u00e4ndedesinfektionst\u00fccher, 100 St\u00fcck - TwinPol","isPartOf":{"@id":"https:\/\/twinpol.com\/#website"},"primaryImageOfPage":{"@id":"https:\/\/twinpol.com\/product\/itseptic-hand-disinfectant-wet-wipes-100-pcs-big-tub\/#primaryimage"},"image":{"@id":"https:\/\/twinpol.com\/product\/itseptic-hand-disinfectant-wet-wipes-100-pcs-big-tub\/#primaryimage"},"thumbnailUrl":"https:\/\/twinpol.com\/wp-content\/uploads\/2023\/01\/FR0107-ENESIT-cien.png","datePublished":"2023-01-03T09:58:53+00:00","dateModified":"2023-12-13T13:38:11+00:00","breadcrumb":{"@id":"https:\/\/twinpol.com\/product\/itseptic-hand-disinfectant-wet-wipes-100-pcs-big-tub\/#breadcrumb"},"inLanguage":"de","potentialAction":[{"@type":"ReadAction","target":["https:\/\/twinpol.com\/product\/itseptic-hand-disinfectant-wet-wipes-100-pcs-big-tub\/"]}]},{"@type":"ImageObject","inLanguage":"de","@id":"https:\/\/twinpol.com\/product\/itseptic-hand-disinfectant-wet-wipes-100-pcs-big-tub\/#primaryimage","url":"https:\/\/twinpol.com\/wp-content\/uploads\/2023\/01\/FR0107-ENESIT-cien.png","contentUrl":"https:\/\/twinpol.com\/wp-content\/uploads\/2023\/01\/FR0107-ENESIT-cien.png","width":450,"height":800},{"@type":"BreadcrumbList","@id":"https:\/\/twinpol.com\/product\/itseptic-hand-disinfectant-wet-wipes-100-pcs-big-tub\/#breadcrumb","itemListElement":[{"@type":"ListItem","position":1,"name":"Home","item":"https:\/\/twinpol.com\/"},{"@type":"ListItem","position":2,"name":"Products","item":"https:\/\/twinpol.com\/products\/"},{"@type":"ListItem","position":3,"name":"ITSEPTIC Hand disinfectant wet wipes, 100 pcs"}]},{"@type":"WebSite","@id":"https:\/\/twinpol.com\/#website","url":"https:\/\/twinpol.com\/","name":"Twinpol","description":"Reinigungsmittel","publisher":{"@id":"https:\/\/twinpol.com\/#organization"},"potentialAction":[{"@type":"SearchAction","target":{"@type":"EntryPoint","urlTemplate":"https:\/\/twinpol.com\/?s={search_term_string}"},"query-input":{"@type":"PropertyValueSpecification","valueRequired":true,"valueName":"search_term_string"}}],"inLanguage":"de"},{"@type":"Organization","@id":"https:\/\/twinpol.com\/#organization","name":"Twinpol","url":"https:\/\/twinpol.com\/","logo":{"@type":"ImageObject","inLanguage":"de","@id":"https:\/\/twinpol.com\/#\/schema\/logo\/image\/","url":"https:\/\/twinpol.com\/wp-content\/uploads\/2022\/10\/cropped-favicon.png","contentUrl":"https:\/\/twinpol.com\/wp-content\/uploads\/2022\/10\/cropped-favicon.png","width":512,"height":512,"caption":"Twinpol"},"image":{"@id":"https:\/\/twinpol.com\/#\/schema\/logo\/image\/"}}]}},"_links":{"self":[{"href":"https:\/\/twinpol.com\/de\/wp-json\/wp\/v2\/product\/9399","targetHints":{"allow":["GET"]}}],"collection":[{"href":"https:\/\/twinpol.com\/de\/wp-json\/wp\/v2\/product"}],"about":[{"href":"https:\/\/twinpol.com\/de\/wp-json\/wp\/v2\/types\/product"}],"wp:featuredmedia":[{"embeddable":true,"href":"https:\/\/twinpol.com\/de\/wp-json\/wp\/v2\/media\/20324"}],"wp:attachment":[{"href":"https:\/\/twinpol.com\/de\/wp-json\/wp\/v2\/media?parent=9399"}],"wp:term":[{"taxonomy":"product_brand","embeddable":true,"href":"https:\/\/twinpol.com\/de\/wp-json\/wp\/v2\/product_brand?post=9399"},{"taxonomy":"product_cat","embeddable":true,"href":"https:\/\/twinpol.com\/de\/wp-json\/wp\/v2\/product_cat?post=9399"},{"taxonomy":"product_tag","embeddable":true,"href":"https:\/\/twinpol.com\/de\/wp-json\/wp\/v2\/product_tag?post=9399"}],"curies":[{"name":"wp","href":"https:\/\/api.w.org\/{rel}","templated":true}]}}