{"id":9400,"date":"2023-01-03T10:05:01","date_gmt":"2023-01-03T10:05:01","guid":{"rendered":"https:\/\/twinpol.com\/?post_type=product&#038;p=9400"},"modified":"2023-12-11T14:17:39","modified_gmt":"2023-12-11T14:17:39","slug":"itseptic-hand-disinfectant-gel-125-ml","status":"publish","type":"product","link":"https:\/\/twinpol.com\/de\/produkt\/itseptisches-handdesinfektionsmittel-gel-125-ml\/","title":{"rendered":"ITSEPTIC H\u00e4ndedesinfektionsgel, 120 ml"},"content":{"rendered":"<p><html lang=\"en\"><br \/>\n<head><br \/>\n\t<title>ITSEPTIC H\u00e4ndedesinfektionsgel - H\u00e4ndehygieneprodukt<\/title><br \/>\n\t<meta name=\"description\" content=\"ITSEPTIC H\u00e4ndedesinfektionsgel ist ein hochwertiges und wirksames H\u00e4ndedesinfektionsgel, das Schutz vor sch\u00e4dlichen Keimen und Bakterien bietet.\"><br \/>\n<\/head><br \/>\n<body><\/p>\n<h1>ITSEPTIC H\u00e4ndedesinfektionsmittel-Gel<\/h1>\n<div class=\"breadcrumbs\">\n  <a href=\"\/de\/\">Startseite<\/a> > <a href=\"\/de\/products\/\">Produkte<\/a> > <a href=\"\/de\/product-category\/disinfectants\/\">Desinfektionsmittel<\/a> >\n<\/div>\n<h2>Wirksamer Schutz gegen Keime und Bakterien<\/h2>\n<p>ITSEPTIC Handdesinfektionsgel ist ein hochwertiges und wirksames H\u00e4ndedesinfektionsmittel, das Schutz vor sch\u00e4dlichen Keimen und Bakterien bietet. Seine schnell wirkende Formel t\u00f6tet Keime schnell ab und hilft so, die Verbreitung von Infektionen und Krankheiten zu verhindern. Dieses H\u00e4ndedesinfektionsgel auf Alkoholbasis ist sanft zur Haut und erfordert weder Wasser noch Seife, was es zu einer praktischen L\u00f6sung f\u00fcr die Aufrechterhaltung der H\u00e4ndehygiene in einer Vielzahl von Bereichen macht.<\/p>\n<h2>Einfache Anwendung mit lang anhaltender Wirkung<\/h2>\n<p>ITSEPTIC H\u00e4ndedesinfektionsgel ist einfach in der Anwendung und bietet eine lang anhaltende Wirkung. Seine tragbare Gr\u00f6\u00dfe und sein kompaktes Design machen es ideal f\u00fcr die Anwendung unterwegs, w\u00e4hrend seine schnell wirkende Formel daf\u00fcr sorgt, dass die H\u00e4nde \u00fcber einen l\u00e4ngeren Zeitraum sauber und keimfrei bleiben.<\/p>\n<h2>Vorteile<\/h2>\n<ul>\n<li>T\u00f6tet Keime und Bakterien<\/li>\n<li>Schnell wirkende Formel f\u00fcr schnelle Ergebnisse<\/li>\n<li>Bequeme L\u00f6sung zur Aufrechterhaltung der Handhygiene<\/li>\n<li>Einfache Anwendung mit lang anhaltender Wirkung<\/li>\n<li>Tragbare Gr\u00f6\u00dfe und kompaktes Design f\u00fcr den Einsatz unterwegs<\/li>\n<\/ul>\n<p><\/body><br \/>\n<\/html><\/p>","protected":false},"excerpt":{"rendered":"<p>ITSEPTIC H\u00e4ndedesinfektionsgel - H\u00e4ndehygieneprodukt ITSEPTIC H\u00e4ndedesinfektionsgel Home &gt; Produkte &gt; Desinfektionsmittel &gt; Effektiver Schutz<\/p>","protected":false},"featured_media":9425,"template":"","meta":[],"product_brand":[],"product_cat":[194],"product_tag":[],"class_list":{"0":"post-9400","1":"product","2":"type-product","3":"status-publish","4":"has-post-thumbnail","6":"product_cat-disinfectants","8":"first","9":"instock","10":"shipping-taxable","11":"product-type-simple"},"yoast_head":"<!-- This site is optimized with the Yoast SEO plugin v27.3 - https:\/\/yoast.com\/product\/yoast-seo-wordpress\/ -->\n<title>ITSEPTIC Hand disinfectant gel, 120 ml - TwinPol<\/title>\n<meta name=\"robots\" content=\"index, follow, max-snippet:-1, max-image-preview:large, max-video-preview:-1\" \/>\n<link rel=\"canonical\" href=\"https:\/\/twinpol.com\/de\/produkt\/itseptisches-handdesinfektionsmittel-gel-125-ml\/\" \/>\n<meta property=\"og:locale\" content=\"de_DE\" \/>\n<meta property=\"og:type\" content=\"article\" \/>\n<meta property=\"og:title\" content=\"ITSEPTIC Hand disinfectant gel, 120 ml - TwinPol\" \/>\n<meta property=\"og:description\" content=\"ITSEPTIC Hand disinfectant gel &#8211; Hand hygiene product ITSEPTIC Hand disinfectant gel Home &gt; Products &gt; Disinfecants &gt; Effective protection\" \/>\n<meta property=\"og:url\" content=\"https:\/\/twinpol.com\/de\/produkt\/itseptisches-handdesinfektionsmittel-gel-125-ml\/\" \/>\n<meta property=\"og:site_name\" content=\"TwinPol\" \/>\n<meta property=\"article:modified_time\" content=\"2023-12-11T14:17:39+00:00\" \/>\n<meta property=\"og:image\" content=\"https:\/\/twinpol.com\/wp-content\/uploads\/2022\/12\/FR00122_Wizualizacja.png\" \/>\n\t<meta property=\"og:image:width\" content=\"2000\" \/>\n\t<meta property=\"og:image:height\" content=\"2000\" \/>\n\t<meta property=\"og:image:type\" content=\"image\/png\" \/>\n<meta name=\"twitter:card\" content=\"summary_large_image\" \/>\n<meta name=\"twitter:label1\" content=\"Gesch\u00e4tzte Lesezeit\" \/>\n\t<meta name=\"twitter:data1\" content=\"1\u00a0Minute\" \/>\n<script type=\"application\/ld+json\" class=\"yoast-schema-graph\">{\"@context\":\"https:\\\/\\\/schema.org\",\"@graph\":[{\"@type\":\"WebPage\",\"@id\":\"https:\\\/\\\/twinpol.com\\\/product\\\/itseptic-hand-disinfectant-gel-125-ml\\\/\",\"url\":\"https:\\\/\\\/twinpol.com\\\/product\\\/itseptic-hand-disinfectant-gel-125-ml\\\/\",\"name\":\"ITSEPTIC Hand disinfectant gel, 120 ml - TwinPol\",\"isPartOf\":{\"@id\":\"https:\\\/\\\/twinpol.com\\\/#website\"},\"primaryImageOfPage\":{\"@id\":\"https:\\\/\\\/twinpol.com\\\/product\\\/itseptic-hand-disinfectant-gel-125-ml\\\/#primaryimage\"},\"image\":{\"@id\":\"https:\\\/\\\/twinpol.com\\\/product\\\/itseptic-hand-disinfectant-gel-125-ml\\\/#primaryimage\"},\"thumbnailUrl\":\"https:\\\/\\\/twinpol.com\\\/wp-content\\\/uploads\\\/2022\\\/12\\\/FR00122_Wizualizacja.png\",\"datePublished\":\"2023-01-03T10:05:01+00:00\",\"dateModified\":\"2023-12-11T14:17:39+00:00\",\"breadcrumb\":{\"@id\":\"https:\\\/\\\/twinpol.com\\\/product\\\/itseptic-hand-disinfectant-gel-125-ml\\\/#breadcrumb\"},\"inLanguage\":\"de\",\"potentialAction\":[{\"@type\":\"ReadAction\",\"target\":[\"https:\\\/\\\/twinpol.com\\\/product\\\/itseptic-hand-disinfectant-gel-125-ml\\\/\"]}]},{\"@type\":\"ImageObject\",\"inLanguage\":\"de\",\"@id\":\"https:\\\/\\\/twinpol.com\\\/product\\\/itseptic-hand-disinfectant-gel-125-ml\\\/#primaryimage\",\"url\":\"https:\\\/\\\/twinpol.com\\\/wp-content\\\/uploads\\\/2022\\\/12\\\/FR00122_Wizualizacja.png\",\"contentUrl\":\"https:\\\/\\\/twinpol.com\\\/wp-content\\\/uploads\\\/2022\\\/12\\\/FR00122_Wizualizacja.png\",\"width\":2000,\"height\":2000},{\"@type\":\"BreadcrumbList\",\"@id\":\"https:\\\/\\\/twinpol.com\\\/product\\\/itseptic-hand-disinfectant-gel-125-ml\\\/#breadcrumb\",\"itemListElement\":[{\"@type\":\"ListItem\",\"position\":1,\"name\":\"Home\",\"item\":\"https:\\\/\\\/twinpol.com\\\/\"},{\"@type\":\"ListItem\",\"position\":2,\"name\":\"Products\",\"item\":\"https:\\\/\\\/twinpol.com\\\/products\\\/\"},{\"@type\":\"ListItem\",\"position\":3,\"name\":\"ITSEPTIC Hand disinfectant gel, 120 ml\"}]},{\"@type\":\"WebSite\",\"@id\":\"https:\\\/\\\/twinpol.com\\\/#website\",\"url\":\"https:\\\/\\\/twinpol.com\\\/\",\"name\":\"Twinpol\",\"description\":\"Cleaning Supplies\",\"publisher\":{\"@id\":\"https:\\\/\\\/twinpol.com\\\/#organization\"},\"potentialAction\":[{\"@type\":\"SearchAction\",\"target\":{\"@type\":\"EntryPoint\",\"urlTemplate\":\"https:\\\/\\\/twinpol.com\\\/?s={search_term_string}\"},\"query-input\":{\"@type\":\"PropertyValueSpecification\",\"valueRequired\":true,\"valueName\":\"search_term_string\"}}],\"inLanguage\":\"de\"},{\"@type\":\"Organization\",\"@id\":\"https:\\\/\\\/twinpol.com\\\/#organization\",\"name\":\"Twinpol\",\"url\":\"https:\\\/\\\/twinpol.com\\\/\",\"logo\":{\"@type\":\"ImageObject\",\"inLanguage\":\"de\",\"@id\":\"https:\\\/\\\/twinpol.com\\\/#\\\/schema\\\/logo\\\/image\\\/\",\"url\":\"https:\\\/\\\/twinpol.com\\\/wp-content\\\/uploads\\\/2022\\\/10\\\/cropped-favicon.png\",\"contentUrl\":\"https:\\\/\\\/twinpol.com\\\/wp-content\\\/uploads\\\/2022\\\/10\\\/cropped-favicon.png\",\"width\":512,\"height\":512,\"caption\":\"Twinpol\"},\"image\":{\"@id\":\"https:\\\/\\\/twinpol.com\\\/#\\\/schema\\\/logo\\\/image\\\/\"}}]}<\/script>\n<!-- \/ Yoast SEO plugin. -->","yoast_head_json":{"title":"ITSEPTIC H\u00e4ndedesinfektionsgel, 120 ml - TwinPol","robots":{"index":"index","follow":"follow","max-snippet":"max-snippet:-1","max-image-preview":"max-image-preview:large","max-video-preview":"max-video-preview:-1"},"canonical":"https:\/\/twinpol.com\/de\/produkt\/itseptisches-handdesinfektionsmittel-gel-125-ml\/","og_locale":"de_DE","og_type":"article","og_title":"ITSEPTIC Hand disinfectant gel, 120 ml - TwinPol","og_description":"ITSEPTIC Hand disinfectant gel &#8211; Hand hygiene product ITSEPTIC Hand disinfectant gel Home > Products > Disinfecants > Effective protection","og_url":"https:\/\/twinpol.com\/de\/produkt\/itseptisches-handdesinfektionsmittel-gel-125-ml\/","og_site_name":"TwinPol","article_modified_time":"2023-12-11T14:17:39+00:00","og_image":[{"width":2000,"height":2000,"url":"https:\/\/twinpol.com\/wp-content\/uploads\/2022\/12\/FR00122_Wizualizacja.png","type":"image\/png"}],"twitter_card":"summary_large_image","twitter_misc":{"Gesch\u00e4tzte Lesezeit":"1\u00a0Minute"},"schema":{"@context":"https:\/\/schema.org","@graph":[{"@type":"WebPage","@id":"https:\/\/twinpol.com\/product\/itseptic-hand-disinfectant-gel-125-ml\/","url":"https:\/\/twinpol.com\/product\/itseptic-hand-disinfectant-gel-125-ml\/","name":"ITSEPTIC H\u00e4ndedesinfektionsgel, 120 ml - TwinPol","isPartOf":{"@id":"https:\/\/twinpol.com\/#website"},"primaryImageOfPage":{"@id":"https:\/\/twinpol.com\/product\/itseptic-hand-disinfectant-gel-125-ml\/#primaryimage"},"image":{"@id":"https:\/\/twinpol.com\/product\/itseptic-hand-disinfectant-gel-125-ml\/#primaryimage"},"thumbnailUrl":"https:\/\/twinpol.com\/wp-content\/uploads\/2022\/12\/FR00122_Wizualizacja.png","datePublished":"2023-01-03T10:05:01+00:00","dateModified":"2023-12-11T14:17:39+00:00","breadcrumb":{"@id":"https:\/\/twinpol.com\/product\/itseptic-hand-disinfectant-gel-125-ml\/#breadcrumb"},"inLanguage":"de","potentialAction":[{"@type":"ReadAction","target":["https:\/\/twinpol.com\/product\/itseptic-hand-disinfectant-gel-125-ml\/"]}]},{"@type":"ImageObject","inLanguage":"de","@id":"https:\/\/twinpol.com\/product\/itseptic-hand-disinfectant-gel-125-ml\/#primaryimage","url":"https:\/\/twinpol.com\/wp-content\/uploads\/2022\/12\/FR00122_Wizualizacja.png","contentUrl":"https:\/\/twinpol.com\/wp-content\/uploads\/2022\/12\/FR00122_Wizualizacja.png","width":2000,"height":2000},{"@type":"BreadcrumbList","@id":"https:\/\/twinpol.com\/product\/itseptic-hand-disinfectant-gel-125-ml\/#breadcrumb","itemListElement":[{"@type":"ListItem","position":1,"name":"Home","item":"https:\/\/twinpol.com\/"},{"@type":"ListItem","position":2,"name":"Products","item":"https:\/\/twinpol.com\/products\/"},{"@type":"ListItem","position":3,"name":"ITSEPTIC Hand disinfectant gel, 120 ml"}]},{"@type":"WebSite","@id":"https:\/\/twinpol.com\/#website","url":"https:\/\/twinpol.com\/","name":"Twinpol","description":"Reinigungsmittel","publisher":{"@id":"https:\/\/twinpol.com\/#organization"},"potentialAction":[{"@type":"SearchAction","target":{"@type":"EntryPoint","urlTemplate":"https:\/\/twinpol.com\/?s={search_term_string}"},"query-input":{"@type":"PropertyValueSpecification","valueRequired":true,"valueName":"search_term_string"}}],"inLanguage":"de"},{"@type":"Organization","@id":"https:\/\/twinpol.com\/#organization","name":"Twinpol","url":"https:\/\/twinpol.com\/","logo":{"@type":"ImageObject","inLanguage":"de","@id":"https:\/\/twinpol.com\/#\/schema\/logo\/image\/","url":"https:\/\/twinpol.com\/wp-content\/uploads\/2022\/10\/cropped-favicon.png","contentUrl":"https:\/\/twinpol.com\/wp-content\/uploads\/2022\/10\/cropped-favicon.png","width":512,"height":512,"caption":"Twinpol"},"image":{"@id":"https:\/\/twinpol.com\/#\/schema\/logo\/image\/"}}]}},"_links":{"self":[{"href":"https:\/\/twinpol.com\/de\/wp-json\/wp\/v2\/product\/9400","targetHints":{"allow":["GET"]}}],"collection":[{"href":"https:\/\/twinpol.com\/de\/wp-json\/wp\/v2\/product"}],"about":[{"href":"https:\/\/twinpol.com\/de\/wp-json\/wp\/v2\/types\/product"}],"wp:featuredmedia":[{"embeddable":true,"href":"https:\/\/twinpol.com\/de\/wp-json\/wp\/v2\/media\/9425"}],"wp:attachment":[{"href":"https:\/\/twinpol.com\/de\/wp-json\/wp\/v2\/media?parent=9400"}],"wp:term":[{"taxonomy":"product_brand","embeddable":true,"href":"https:\/\/twinpol.com\/de\/wp-json\/wp\/v2\/product_brand?post=9400"},{"taxonomy":"product_cat","embeddable":true,"href":"https:\/\/twinpol.com\/de\/wp-json\/wp\/v2\/product_cat?post=9400"},{"taxonomy":"product_tag","embeddable":true,"href":"https:\/\/twinpol.com\/de\/wp-json\/wp\/v2\/product_tag?post=9400"}],"curies":[{"name":"wp","href":"https:\/\/api.w.org\/{rel}","templated":true}]}}