{"id":9402,"date":"2023-01-03T10:32:22","date_gmt":"2023-01-03T10:32:22","guid":{"rendered":"https:\/\/twinpol.com\/?post_type=product&#038;p=9402"},"modified":"2023-04-28T12:43:02","modified_gmt":"2023-04-28T12:43:02","slug":"itseptic-hand-disinfectant-gel-5000-ml","status":"publish","type":"product","link":"https:\/\/twinpol.com\/de\/produkt\/itseptisches-handdesinfektionsmittel-gel-5000-ml\/","title":{"rendered":"ITSEPTIC H\u00e4ndedesinfektionsmittel-Gel, 5000 ml"},"content":{"rendered":"<p><html><br \/>\n<head><br \/>\n\t<meta charset=\"UTF-8\"><br \/>\n\t<meta name=\"viewport\" content=\"width=device-width, initial-scale=1.0\"><br \/>\n\t<title>ITSEPTIC Handdesinfektionsgel - 5000ml<\/title><br \/>\n\t<meta name=\"description\" content=\"ITSEPTIC Handdesinfektionsgel ist ein hochwertiges, wirksames und zuverl\u00e4ssiges Handdesinfektionsgel, das in einer 5000-ml-Flasche geliefert wird.\"><br \/>\n<\/head><br \/>\n<body><\/p>\n<h1>ITSEPTIC Handdesinfektionsgel<\/h1>\n<div class=\"breadcrumbs\">\n  <a href=\"\/de\/\">Startseite<\/a> > <a href=\"\/de\/products\/\">Produkte<\/a> > <a href=\"\/de\/product-category\/disinfectants\/\">Desinfektionsmittel<\/a> >\n<\/div>\n<h2>Wirksame H\u00e4ndedesinfektion<\/h2>\n<p>ITSEPTIC H\u00e4ndedesinfektionsgel ist ein unverzichtbares Produkt f\u00fcr die richtige Handhygiene. Es beseitigt wirksam Bakterien, Viren und andere sch\u00e4dliche Mikroorganismen, die Infektionen, Krankheiten und Unwohlsein verursachen k\u00f6nnen. Seine schnell wirkende Formel gew\u00e4hrleistet ein hohes Ma\u00df an Schutz und Sicherheit f\u00fcr Sie und Ihre Lieben.<\/p>\n<h2>Bequem und kosteng\u00fcnstig<\/h2>\n<p>Das ITSEPTIC H\u00e4ndedesinfektionsgel hat ein gro\u00dfes Volumen von 5000 ml und ist damit eine gute Wahl f\u00fcr stark frequentierte Bereiche wie B\u00fcros, Schulen, Krankenh\u00e4user und \u00f6ffentliche Einrichtungen. Das gro\u00dfe Volumen gew\u00e4hrleistet einen l\u00e4nger anhaltenden Schutz und macht h\u00e4ufiges Nachf\u00fcllen \u00fcberfl\u00fcssig, was Zeit und Geld spart.<\/p>\n<h2>Vorteile<\/h2>\n<ul>\n<li>T\u00f6tet Keime und Bakterien<\/li>\n<li>Einfache und bequeme Anwendung<\/li>\n<li>Trocknet schnell, ohne einen klebrigen R\u00fcckstand zu hinterlassen<\/li>\n<li>Nicht reizend und sanft zur Haut<\/li>\n<li>5000 ml Volumen f\u00fcr l\u00e4nger anhaltenden Schutz<\/li>\n<\/ul>\n<\/section>\n<\/article>\n<p>\t<\/main><br \/>\n<\/body><br \/>\n<\/html><\/p>","protected":false},"excerpt":{"rendered":"<p>ITSEPTIC H\u00e4ndedesinfektionsmittel Gel - 5000ml ITSEPTIC H\u00e4ndedesinfektionsmittel Gel Home &gt; Produkte &gt; Desinfektionsmittel &gt; Effektive H\u00e4ndedesinfektion ITSEPTIC<\/p>","protected":false},"featured_media":10059,"template":"","meta":[],"product_brand":[],"product_cat":[194],"product_tag":[],"class_list":{"0":"post-9402","1":"product","2":"type-product","3":"status-publish","4":"has-post-thumbnail","6":"product_cat-disinfectants","8":"first","9":"instock","10":"shipping-taxable","11":"product-type-simple"},"yoast_head":"<!-- This site is optimized with the Yoast SEO plugin v27.3 - https:\/\/yoast.com\/product\/yoast-seo-wordpress\/ -->\n<title>ITSEPTIC Hand disinfectant gel, 5000 ml - TwinPol<\/title>\n<meta name=\"robots\" content=\"index, follow, max-snippet:-1, max-image-preview:large, max-video-preview:-1\" \/>\n<link rel=\"canonical\" href=\"https:\/\/twinpol.com\/de\/produkt\/itseptisches-handdesinfektionsmittel-gel-5000-ml\/\" \/>\n<meta property=\"og:locale\" content=\"de_DE\" \/>\n<meta property=\"og:type\" content=\"article\" \/>\n<meta property=\"og:title\" content=\"ITSEPTIC Hand disinfectant gel, 5000 ml - TwinPol\" \/>\n<meta property=\"og:description\" content=\"ITSEPTIC Hand Disinfectant Gel &#8211; 5000ml ITSEPTIC Hand Disinfectant Gel Home &gt; Products &gt; Disinfecants &gt; Effective Hand Disinfection ITSEPTIC\" \/>\n<meta property=\"og:url\" content=\"https:\/\/twinpol.com\/de\/produkt\/itseptisches-handdesinfektionsmittel-gel-5000-ml\/\" \/>\n<meta property=\"og:site_name\" content=\"TwinPol\" \/>\n<meta property=\"article:modified_time\" content=\"2023-04-28T12:43:02+00:00\" \/>\n<meta property=\"og:image\" content=\"https:\/\/twinpol.com\/wp-content\/uploads\/2023\/01\/FR00126_Wizualizacja_www.png\" \/>\n\t<meta property=\"og:image:width\" content=\"800\" \/>\n\t<meta property=\"og:image:height\" content=\"800\" \/>\n\t<meta property=\"og:image:type\" content=\"image\/png\" \/>\n<meta name=\"twitter:card\" content=\"summary_large_image\" \/>\n<meta name=\"twitter:label1\" content=\"Gesch\u00e4tzte Lesezeit\" \/>\n\t<meta name=\"twitter:data1\" content=\"1\u00a0Minute\" \/>\n<script type=\"application\/ld+json\" class=\"yoast-schema-graph\">{\"@context\":\"https:\\\/\\\/schema.org\",\"@graph\":[{\"@type\":\"WebPage\",\"@id\":\"https:\\\/\\\/twinpol.com\\\/product\\\/itseptic-hand-disinfectant-gel-5000-ml\\\/\",\"url\":\"https:\\\/\\\/twinpol.com\\\/product\\\/itseptic-hand-disinfectant-gel-5000-ml\\\/\",\"name\":\"ITSEPTIC Hand disinfectant gel, 5000 ml - TwinPol\",\"isPartOf\":{\"@id\":\"https:\\\/\\\/twinpol.com\\\/#website\"},\"primaryImageOfPage\":{\"@id\":\"https:\\\/\\\/twinpol.com\\\/product\\\/itseptic-hand-disinfectant-gel-5000-ml\\\/#primaryimage\"},\"image\":{\"@id\":\"https:\\\/\\\/twinpol.com\\\/product\\\/itseptic-hand-disinfectant-gel-5000-ml\\\/#primaryimage\"},\"thumbnailUrl\":\"https:\\\/\\\/twinpol.com\\\/wp-content\\\/uploads\\\/2023\\\/01\\\/FR00126_Wizualizacja_www.png\",\"datePublished\":\"2023-01-03T10:32:22+00:00\",\"dateModified\":\"2023-04-28T12:43:02+00:00\",\"breadcrumb\":{\"@id\":\"https:\\\/\\\/twinpol.com\\\/product\\\/itseptic-hand-disinfectant-gel-5000-ml\\\/#breadcrumb\"},\"inLanguage\":\"de\",\"potentialAction\":[{\"@type\":\"ReadAction\",\"target\":[\"https:\\\/\\\/twinpol.com\\\/product\\\/itseptic-hand-disinfectant-gel-5000-ml\\\/\"]}]},{\"@type\":\"ImageObject\",\"inLanguage\":\"de\",\"@id\":\"https:\\\/\\\/twinpol.com\\\/product\\\/itseptic-hand-disinfectant-gel-5000-ml\\\/#primaryimage\",\"url\":\"https:\\\/\\\/twinpol.com\\\/wp-content\\\/uploads\\\/2023\\\/01\\\/FR00126_Wizualizacja_www.png\",\"contentUrl\":\"https:\\\/\\\/twinpol.com\\\/wp-content\\\/uploads\\\/2023\\\/01\\\/FR00126_Wizualizacja_www.png\",\"width\":800,\"height\":800},{\"@type\":\"BreadcrumbList\",\"@id\":\"https:\\\/\\\/twinpol.com\\\/product\\\/itseptic-hand-disinfectant-gel-5000-ml\\\/#breadcrumb\",\"itemListElement\":[{\"@type\":\"ListItem\",\"position\":1,\"name\":\"Home\",\"item\":\"https:\\\/\\\/twinpol.com\\\/\"},{\"@type\":\"ListItem\",\"position\":2,\"name\":\"Products\",\"item\":\"https:\\\/\\\/twinpol.com\\\/products\\\/\"},{\"@type\":\"ListItem\",\"position\":3,\"name\":\"ITSEPTIC Hand disinfectant gel, 5000 ml\"}]},{\"@type\":\"WebSite\",\"@id\":\"https:\\\/\\\/twinpol.com\\\/#website\",\"url\":\"https:\\\/\\\/twinpol.com\\\/\",\"name\":\"Twinpol\",\"description\":\"Cleaning Supplies\",\"publisher\":{\"@id\":\"https:\\\/\\\/twinpol.com\\\/#organization\"},\"potentialAction\":[{\"@type\":\"SearchAction\",\"target\":{\"@type\":\"EntryPoint\",\"urlTemplate\":\"https:\\\/\\\/twinpol.com\\\/?s={search_term_string}\"},\"query-input\":{\"@type\":\"PropertyValueSpecification\",\"valueRequired\":true,\"valueName\":\"search_term_string\"}}],\"inLanguage\":\"de\"},{\"@type\":\"Organization\",\"@id\":\"https:\\\/\\\/twinpol.com\\\/#organization\",\"name\":\"Twinpol\",\"url\":\"https:\\\/\\\/twinpol.com\\\/\",\"logo\":{\"@type\":\"ImageObject\",\"inLanguage\":\"de\",\"@id\":\"https:\\\/\\\/twinpol.com\\\/#\\\/schema\\\/logo\\\/image\\\/\",\"url\":\"https:\\\/\\\/twinpol.com\\\/wp-content\\\/uploads\\\/2022\\\/10\\\/cropped-favicon.png\",\"contentUrl\":\"https:\\\/\\\/twinpol.com\\\/wp-content\\\/uploads\\\/2022\\\/10\\\/cropped-favicon.png\",\"width\":512,\"height\":512,\"caption\":\"Twinpol\"},\"image\":{\"@id\":\"https:\\\/\\\/twinpol.com\\\/#\\\/schema\\\/logo\\\/image\\\/\"}}]}<\/script>\n<!-- \/ Yoast SEO plugin. -->","yoast_head_json":{"title":"ITSEPTIC H\u00e4ndedesinfektionsmittel-Gel, 5000 ml - TwinPol","robots":{"index":"index","follow":"follow","max-snippet":"max-snippet:-1","max-image-preview":"max-image-preview:large","max-video-preview":"max-video-preview:-1"},"canonical":"https:\/\/twinpol.com\/de\/produkt\/itseptisches-handdesinfektionsmittel-gel-5000-ml\/","og_locale":"de_DE","og_type":"article","og_title":"ITSEPTIC Hand disinfectant gel, 5000 ml - TwinPol","og_description":"ITSEPTIC Hand Disinfectant Gel &#8211; 5000ml ITSEPTIC Hand Disinfectant Gel Home > Products > Disinfecants > Effective Hand Disinfection ITSEPTIC","og_url":"https:\/\/twinpol.com\/de\/produkt\/itseptisches-handdesinfektionsmittel-gel-5000-ml\/","og_site_name":"TwinPol","article_modified_time":"2023-04-28T12:43:02+00:00","og_image":[{"width":800,"height":800,"url":"https:\/\/twinpol.com\/wp-content\/uploads\/2023\/01\/FR00126_Wizualizacja_www.png","type":"image\/png"}],"twitter_card":"summary_large_image","twitter_misc":{"Gesch\u00e4tzte Lesezeit":"1\u00a0Minute"},"schema":{"@context":"https:\/\/schema.org","@graph":[{"@type":"WebPage","@id":"https:\/\/twinpol.com\/product\/itseptic-hand-disinfectant-gel-5000-ml\/","url":"https:\/\/twinpol.com\/product\/itseptic-hand-disinfectant-gel-5000-ml\/","name":"ITSEPTIC H\u00e4ndedesinfektionsmittel-Gel, 5000 ml - TwinPol","isPartOf":{"@id":"https:\/\/twinpol.com\/#website"},"primaryImageOfPage":{"@id":"https:\/\/twinpol.com\/product\/itseptic-hand-disinfectant-gel-5000-ml\/#primaryimage"},"image":{"@id":"https:\/\/twinpol.com\/product\/itseptic-hand-disinfectant-gel-5000-ml\/#primaryimage"},"thumbnailUrl":"https:\/\/twinpol.com\/wp-content\/uploads\/2023\/01\/FR00126_Wizualizacja_www.png","datePublished":"2023-01-03T10:32:22+00:00","dateModified":"2023-04-28T12:43:02+00:00","breadcrumb":{"@id":"https:\/\/twinpol.com\/product\/itseptic-hand-disinfectant-gel-5000-ml\/#breadcrumb"},"inLanguage":"de","potentialAction":[{"@type":"ReadAction","target":["https:\/\/twinpol.com\/product\/itseptic-hand-disinfectant-gel-5000-ml\/"]}]},{"@type":"ImageObject","inLanguage":"de","@id":"https:\/\/twinpol.com\/product\/itseptic-hand-disinfectant-gel-5000-ml\/#primaryimage","url":"https:\/\/twinpol.com\/wp-content\/uploads\/2023\/01\/FR00126_Wizualizacja_www.png","contentUrl":"https:\/\/twinpol.com\/wp-content\/uploads\/2023\/01\/FR00126_Wizualizacja_www.png","width":800,"height":800},{"@type":"BreadcrumbList","@id":"https:\/\/twinpol.com\/product\/itseptic-hand-disinfectant-gel-5000-ml\/#breadcrumb","itemListElement":[{"@type":"ListItem","position":1,"name":"Home","item":"https:\/\/twinpol.com\/"},{"@type":"ListItem","position":2,"name":"Products","item":"https:\/\/twinpol.com\/products\/"},{"@type":"ListItem","position":3,"name":"ITSEPTIC Hand disinfectant gel, 5000 ml"}]},{"@type":"WebSite","@id":"https:\/\/twinpol.com\/#website","url":"https:\/\/twinpol.com\/","name":"Twinpol","description":"Reinigungsmittel","publisher":{"@id":"https:\/\/twinpol.com\/#organization"},"potentialAction":[{"@type":"SearchAction","target":{"@type":"EntryPoint","urlTemplate":"https:\/\/twinpol.com\/?s={search_term_string}"},"query-input":{"@type":"PropertyValueSpecification","valueRequired":true,"valueName":"search_term_string"}}],"inLanguage":"de"},{"@type":"Organization","@id":"https:\/\/twinpol.com\/#organization","name":"Twinpol","url":"https:\/\/twinpol.com\/","logo":{"@type":"ImageObject","inLanguage":"de","@id":"https:\/\/twinpol.com\/#\/schema\/logo\/image\/","url":"https:\/\/twinpol.com\/wp-content\/uploads\/2022\/10\/cropped-favicon.png","contentUrl":"https:\/\/twinpol.com\/wp-content\/uploads\/2022\/10\/cropped-favicon.png","width":512,"height":512,"caption":"Twinpol"},"image":{"@id":"https:\/\/twinpol.com\/#\/schema\/logo\/image\/"}}]}},"_links":{"self":[{"href":"https:\/\/twinpol.com\/de\/wp-json\/wp\/v2\/product\/9402","targetHints":{"allow":["GET"]}}],"collection":[{"href":"https:\/\/twinpol.com\/de\/wp-json\/wp\/v2\/product"}],"about":[{"href":"https:\/\/twinpol.com\/de\/wp-json\/wp\/v2\/types\/product"}],"wp:featuredmedia":[{"embeddable":true,"href":"https:\/\/twinpol.com\/de\/wp-json\/wp\/v2\/media\/10059"}],"wp:attachment":[{"href":"https:\/\/twinpol.com\/de\/wp-json\/wp\/v2\/media?parent=9402"}],"wp:term":[{"taxonomy":"product_brand","embeddable":true,"href":"https:\/\/twinpol.com\/de\/wp-json\/wp\/v2\/product_brand?post=9402"},{"taxonomy":"product_cat","embeddable":true,"href":"https:\/\/twinpol.com\/de\/wp-json\/wp\/v2\/product_cat?post=9402"},{"taxonomy":"product_tag","embeddable":true,"href":"https:\/\/twinpol.com\/de\/wp-json\/wp\/v2\/product_tag?post=9402"}],"curies":[{"name":"wp","href":"https:\/\/api.w.org\/{rel}","templated":true}]}}