{"id":9403,"date":"2023-01-03T10:37:33","date_gmt":"2023-01-03T10:37:33","guid":{"rendered":"https:\/\/twinpol.com\/?post_type=product&#038;p=9403"},"modified":"2026-04-16T13:51:50","modified_gmt":"2026-04-16T13:51:50","slug":"itseptic-wet-wipes-for-cleaning-and-disinfecting-surfaces-100-pcs","status":"publish","type":"product","link":"https:\/\/twinpol.com\/de\/produkt\/itseptische-feuchttucher-zur-reinigung-und-desinfektion-von-oberflachen-100-stuck\/","title":{"rendered":"ITSEPTIC Feuchtt\u00fccher zur Fl\u00e4chendesinfektion, 100 St\u00fcck"},"content":{"rendered":"<div style=\"margin-top: 20px;padding: 15px;background: #f8f8f8;border-radius: 8px;border-left: 4px solid #2d5f2d\">\n<strong>\ud83d\udcc4 Documentation<\/strong><br \/>\n<a href=\"https:\/\/twinpol.com\/wp-content\/uploads\/2026\/04\/SDS_FR0112_100.pdf\" target=\"_blank\" rel=\"noopener\" style=\"display: inline-block;margin-top: 8px;padding: 8px 16px;background: #2d5f2d;color: #fff;text-decoration: none;border-radius: 4px;font-size: 14px\">\u2b07 Download Safety Data Sheet (SDS)<\/a>\n<\/div>","protected":false},"excerpt":{"rendered":"<p>\ud83d\udcc4 Documentation \u2b07 Download Safety Data Sheet (SDS)<\/p>","protected":false},"featured_media":10060,"template":"","meta":[],"product_brand":[],"product_cat":[339,194],"product_tag":[],"class_list":{"0":"post-9403","1":"product","2":"type-product","3":"status-publish","4":"has-post-thumbnail","6":"product_cat-wipes","7":"product_cat-disinfectants","9":"first","10":"instock","11":"downloadable","12":"shipping-taxable","13":"product-type-simple"},"yoast_head":"<!-- This site is optimized with the Yoast SEO plugin v27.4 - https:\/\/yoast.com\/product\/yoast-seo-wordpress\/ -->\n<title>ITSEPTIC Surface disinfection wet wipes, 100 pcs - TwinPol<\/title>\n<meta name=\"robots\" content=\"index, follow, max-snippet:-1, max-image-preview:large, max-video-preview:-1\" \/>\n<link rel=\"canonical\" href=\"https:\/\/twinpol.com\/de\/produkt\/itseptische-feuchttucher-zur-reinigung-und-desinfektion-von-oberflachen-100-stuck\/\" \/>\n<meta property=\"og:locale\" content=\"de_DE\" \/>\n<meta property=\"og:type\" content=\"article\" \/>\n<meta property=\"og:title\" content=\"ITSEPTIC Surface disinfection wet wipes, 100 pcs - TwinPol\" \/>\n<meta property=\"og:description\" content=\"\ud83d\udcc4 Documentation \u2b07 Download Safety Data Sheet (SDS)\" \/>\n<meta property=\"og:url\" content=\"https:\/\/twinpol.com\/de\/produkt\/itseptische-feuchttucher-zur-reinigung-und-desinfektion-von-oberflachen-100-stuck\/\" \/>\n<meta property=\"og:site_name\" content=\"TwinPol\" \/>\n<meta property=\"article:modified_time\" content=\"2026-04-16T13:51:50+00:00\" \/>\n<meta property=\"og:image\" content=\"https:\/\/twinpol.com\/wp-content\/uploads\/2023\/01\/FR00112_Wizualizacja_www.png\" \/>\n\t<meta property=\"og:image:width\" content=\"800\" \/>\n\t<meta property=\"og:image:height\" content=\"800\" \/>\n\t<meta property=\"og:image:type\" content=\"image\/png\" \/>\n<meta name=\"twitter:card\" content=\"summary_large_image\" \/>\n<meta name=\"twitter:label1\" content=\"Gesch\u00e4tzte Lesezeit\" \/>\n\t<meta name=\"twitter:data1\" content=\"1\u00a0Minute\" \/>\n<script type=\"application\/ld+json\" class=\"yoast-schema-graph\">{\"@context\":\"https:\\\/\\\/schema.org\",\"@graph\":[{\"@type\":\"WebPage\",\"@id\":\"https:\\\/\\\/twinpol.com\\\/product\\\/itseptic-wet-wipes-for-cleaning-and-disinfecting-surfaces-100-pcs\\\/\",\"url\":\"https:\\\/\\\/twinpol.com\\\/product\\\/itseptic-wet-wipes-for-cleaning-and-disinfecting-surfaces-100-pcs\\\/\",\"name\":\"ITSEPTIC Surface disinfection wet wipes, 100 pcs - TwinPol\",\"isPartOf\":{\"@id\":\"https:\\\/\\\/twinpol.com\\\/#website\"},\"primaryImageOfPage\":{\"@id\":\"https:\\\/\\\/twinpol.com\\\/product\\\/itseptic-wet-wipes-for-cleaning-and-disinfecting-surfaces-100-pcs\\\/#primaryimage\"},\"image\":{\"@id\":\"https:\\\/\\\/twinpol.com\\\/product\\\/itseptic-wet-wipes-for-cleaning-and-disinfecting-surfaces-100-pcs\\\/#primaryimage\"},\"thumbnailUrl\":\"https:\\\/\\\/twinpol.com\\\/wp-content\\\/uploads\\\/2023\\\/01\\\/FR00112_Wizualizacja_www.png\",\"datePublished\":\"2023-01-03T10:37:33+00:00\",\"dateModified\":\"2026-04-16T13:51:50+00:00\",\"breadcrumb\":{\"@id\":\"https:\\\/\\\/twinpol.com\\\/product\\\/itseptic-wet-wipes-for-cleaning-and-disinfecting-surfaces-100-pcs\\\/#breadcrumb\"},\"inLanguage\":\"de\",\"potentialAction\":[{\"@type\":\"ReadAction\",\"target\":[\"https:\\\/\\\/twinpol.com\\\/product\\\/itseptic-wet-wipes-for-cleaning-and-disinfecting-surfaces-100-pcs\\\/\"]}]},{\"@type\":\"ImageObject\",\"inLanguage\":\"de\",\"@id\":\"https:\\\/\\\/twinpol.com\\\/product\\\/itseptic-wet-wipes-for-cleaning-and-disinfecting-surfaces-100-pcs\\\/#primaryimage\",\"url\":\"https:\\\/\\\/twinpol.com\\\/wp-content\\\/uploads\\\/2023\\\/01\\\/FR00112_Wizualizacja_www.png\",\"contentUrl\":\"https:\\\/\\\/twinpol.com\\\/wp-content\\\/uploads\\\/2023\\\/01\\\/FR00112_Wizualizacja_www.png\",\"width\":800,\"height\":800},{\"@type\":\"BreadcrumbList\",\"@id\":\"https:\\\/\\\/twinpol.com\\\/product\\\/itseptic-wet-wipes-for-cleaning-and-disinfecting-surfaces-100-pcs\\\/#breadcrumb\",\"itemListElement\":[{\"@type\":\"ListItem\",\"position\":1,\"name\":\"Home\",\"item\":\"https:\\\/\\\/twinpol.com\\\/\"},{\"@type\":\"ListItem\",\"position\":2,\"name\":\"Products\",\"item\":\"https:\\\/\\\/twinpol.com\\\/products\\\/\"},{\"@type\":\"ListItem\",\"position\":3,\"name\":\"ITSEPTIC Surface disinfection wet wipes, 100 pcs\"}]},{\"@type\":\"WebSite\",\"@id\":\"https:\\\/\\\/twinpol.com\\\/#website\",\"url\":\"https:\\\/\\\/twinpol.com\\\/\",\"name\":\"Twinpol\",\"description\":\"Cleaning Supplies\",\"publisher\":{\"@id\":\"https:\\\/\\\/twinpol.com\\\/#organization\"},\"potentialAction\":[{\"@type\":\"SearchAction\",\"target\":{\"@type\":\"EntryPoint\",\"urlTemplate\":\"https:\\\/\\\/twinpol.com\\\/?s={search_term_string}\"},\"query-input\":{\"@type\":\"PropertyValueSpecification\",\"valueRequired\":true,\"valueName\":\"search_term_string\"}}],\"inLanguage\":\"de\"},{\"@type\":\"Organization\",\"@id\":\"https:\\\/\\\/twinpol.com\\\/#organization\",\"name\":\"Twinpol\",\"url\":\"https:\\\/\\\/twinpol.com\\\/\",\"logo\":{\"@type\":\"ImageObject\",\"inLanguage\":\"de\",\"@id\":\"https:\\\/\\\/twinpol.com\\\/#\\\/schema\\\/logo\\\/image\\\/\",\"url\":\"https:\\\/\\\/twinpol.com\\\/wp-content\\\/uploads\\\/2022\\\/10\\\/cropped-favicon.png\",\"contentUrl\":\"https:\\\/\\\/twinpol.com\\\/wp-content\\\/uploads\\\/2022\\\/10\\\/cropped-favicon.png\",\"width\":512,\"height\":512,\"caption\":\"Twinpol\"},\"image\":{\"@id\":\"https:\\\/\\\/twinpol.com\\\/#\\\/schema\\\/logo\\\/image\\\/\"}}]}<\/script>\n<!-- \/ Yoast SEO plugin. -->","yoast_head_json":{"title":"ITSEPTIC Feuchtt\u00fccher zur Fl\u00e4chendesinfektion, 100 St\u00fcck - TwinPol","robots":{"index":"index","follow":"follow","max-snippet":"max-snippet:-1","max-image-preview":"max-image-preview:large","max-video-preview":"max-video-preview:-1"},"canonical":"https:\/\/twinpol.com\/de\/produkt\/itseptische-feuchttucher-zur-reinigung-und-desinfektion-von-oberflachen-100-stuck\/","og_locale":"de_DE","og_type":"article","og_title":"ITSEPTIC Surface disinfection wet wipes, 100 pcs - TwinPol","og_description":"\ud83d\udcc4 Documentation \u2b07 Download Safety Data Sheet (SDS)","og_url":"https:\/\/twinpol.com\/de\/produkt\/itseptische-feuchttucher-zur-reinigung-und-desinfektion-von-oberflachen-100-stuck\/","og_site_name":"TwinPol","article_modified_time":"2026-04-16T13:51:50+00:00","og_image":[{"width":800,"height":800,"url":"https:\/\/twinpol.com\/wp-content\/uploads\/2023\/01\/FR00112_Wizualizacja_www.png","type":"image\/png"}],"twitter_card":"summary_large_image","twitter_misc":{"Gesch\u00e4tzte Lesezeit":"1\u00a0Minute"},"schema":{"@context":"https:\/\/schema.org","@graph":[{"@type":"WebPage","@id":"https:\/\/twinpol.com\/product\/itseptic-wet-wipes-for-cleaning-and-disinfecting-surfaces-100-pcs\/","url":"https:\/\/twinpol.com\/product\/itseptic-wet-wipes-for-cleaning-and-disinfecting-surfaces-100-pcs\/","name":"ITSEPTIC Feuchtt\u00fccher zur Fl\u00e4chendesinfektion, 100 St\u00fcck - TwinPol","isPartOf":{"@id":"https:\/\/twinpol.com\/#website"},"primaryImageOfPage":{"@id":"https:\/\/twinpol.com\/product\/itseptic-wet-wipes-for-cleaning-and-disinfecting-surfaces-100-pcs\/#primaryimage"},"image":{"@id":"https:\/\/twinpol.com\/product\/itseptic-wet-wipes-for-cleaning-and-disinfecting-surfaces-100-pcs\/#primaryimage"},"thumbnailUrl":"https:\/\/twinpol.com\/wp-content\/uploads\/2023\/01\/FR00112_Wizualizacja_www.png","datePublished":"2023-01-03T10:37:33+00:00","dateModified":"2026-04-16T13:51:50+00:00","breadcrumb":{"@id":"https:\/\/twinpol.com\/product\/itseptic-wet-wipes-for-cleaning-and-disinfecting-surfaces-100-pcs\/#breadcrumb"},"inLanguage":"de","potentialAction":[{"@type":"ReadAction","target":["https:\/\/twinpol.com\/product\/itseptic-wet-wipes-for-cleaning-and-disinfecting-surfaces-100-pcs\/"]}]},{"@type":"ImageObject","inLanguage":"de","@id":"https:\/\/twinpol.com\/product\/itseptic-wet-wipes-for-cleaning-and-disinfecting-surfaces-100-pcs\/#primaryimage","url":"https:\/\/twinpol.com\/wp-content\/uploads\/2023\/01\/FR00112_Wizualizacja_www.png","contentUrl":"https:\/\/twinpol.com\/wp-content\/uploads\/2023\/01\/FR00112_Wizualizacja_www.png","width":800,"height":800},{"@type":"BreadcrumbList","@id":"https:\/\/twinpol.com\/product\/itseptic-wet-wipes-for-cleaning-and-disinfecting-surfaces-100-pcs\/#breadcrumb","itemListElement":[{"@type":"ListItem","position":1,"name":"Home","item":"https:\/\/twinpol.com\/"},{"@type":"ListItem","position":2,"name":"Products","item":"https:\/\/twinpol.com\/products\/"},{"@type":"ListItem","position":3,"name":"ITSEPTIC Surface disinfection wet wipes, 100 pcs"}]},{"@type":"WebSite","@id":"https:\/\/twinpol.com\/#website","url":"https:\/\/twinpol.com\/","name":"Twinpol","description":"Reinigungsmittel","publisher":{"@id":"https:\/\/twinpol.com\/#organization"},"potentialAction":[{"@type":"SearchAction","target":{"@type":"EntryPoint","urlTemplate":"https:\/\/twinpol.com\/?s={search_term_string}"},"query-input":{"@type":"PropertyValueSpecification","valueRequired":true,"valueName":"search_term_string"}}],"inLanguage":"de"},{"@type":"Organization","@id":"https:\/\/twinpol.com\/#organization","name":"Twinpol","url":"https:\/\/twinpol.com\/","logo":{"@type":"ImageObject","inLanguage":"de","@id":"https:\/\/twinpol.com\/#\/schema\/logo\/image\/","url":"https:\/\/twinpol.com\/wp-content\/uploads\/2022\/10\/cropped-favicon.png","contentUrl":"https:\/\/twinpol.com\/wp-content\/uploads\/2022\/10\/cropped-favicon.png","width":512,"height":512,"caption":"Twinpol"},"image":{"@id":"https:\/\/twinpol.com\/#\/schema\/logo\/image\/"}}]}},"_links":{"self":[{"href":"https:\/\/twinpol.com\/de\/wp-json\/wp\/v2\/product\/9403","targetHints":{"allow":["GET"]}}],"collection":[{"href":"https:\/\/twinpol.com\/de\/wp-json\/wp\/v2\/product"}],"about":[{"href":"https:\/\/twinpol.com\/de\/wp-json\/wp\/v2\/types\/product"}],"wp:featuredmedia":[{"embeddable":true,"href":"https:\/\/twinpol.com\/de\/wp-json\/wp\/v2\/media\/10060"}],"wp:attachment":[{"href":"https:\/\/twinpol.com\/de\/wp-json\/wp\/v2\/media?parent=9403"}],"wp:term":[{"taxonomy":"product_brand","embeddable":true,"href":"https:\/\/twinpol.com\/de\/wp-json\/wp\/v2\/product_brand?post=9403"},{"taxonomy":"product_cat","embeddable":true,"href":"https:\/\/twinpol.com\/de\/wp-json\/wp\/v2\/product_cat?post=9403"},{"taxonomy":"product_tag","embeddable":true,"href":"https:\/\/twinpol.com\/de\/wp-json\/wp\/v2\/product_tag?post=9403"}],"curies":[{"name":"wp","href":"https:\/\/api.w.org\/{rel}","templated":true}]}}