{"id":9450,"date":"2023-01-11T06:22:01","date_gmt":"2023-01-11T06:22:01","guid":{"rendered":"https:\/\/twinpol.com\/?post_type=product&#038;p=9450"},"modified":"2023-12-11T15:06:07","modified_gmt":"2023-12-11T15:06:07","slug":"itseptic-hand-disinfectant-wet-wipes-150-pcs","status":"publish","type":"product","link":"https:\/\/twinpol.com\/de\/produkt\/itseptische-handdesinfektionstucher-hohe-wanne-150-stuck\/","title":{"rendered":"ITSEPTIC H\u00e4ndedesinfektionst\u00fccher, 150 St\u00fcck"},"content":{"rendered":"<p><html><br \/>\n<head><br \/>\n\t<title>ITSEPTIC H\u00e4ndedesinfektionsmittel Feuchtt\u00fccher<\/title><br \/>\n\t<meta name=\"description\" content=\"Halten Sie Ihre H\u00e4nde sauber und frei von Keimen mit den ITSEPTIC Handdesinfektionst\u00fcchern.\"><br \/>\n<\/head><br \/>\n<body><\/p>\n<h1>ITSEPTIC H\u00e4ndedesinfektionsmittel Feuchtt\u00fccher<\/h1>\n<div class=\"breadcrumbs\">\n  <a href=\"\/de\/\">Startseite<\/a> > <a href=\"https:\/\/twinpol.com\/de\/products\/\">Produkte<\/a> > <a href=\"\/de\/product-category\/disinfectants\/\">Desinfektionsmittel<\/a> > <a href=\"https:\/\/twinpol.com\/de\/home\/wipes\/\">Reinigungst\u00fccher<\/a> >\n<\/div>\n<h2>Effektive und bequeme Handdesinfektion<\/h2>\n<p>Die ITSEPTIC Handdesinfektionst\u00fccher sind die perfekte L\u00f6sung, um Ihre H\u00e4nde sauber und frei von Keimen zu halten. Diese T\u00fccher sind so konzipiert, dass sie sowohl effektiv als auch praktisch in der Anwendung sind, damit Sie immer eine gute Handhygiene aufrechterhalten k\u00f6nnen, egal wo Sie sind.<\/p>\n<h2>Gro\u00dfes Paket f\u00fcr l\u00e4ngeren Gebrauch<\/h2>\n<p>Jede Packung ITSEPTIC Hand Desinfectant Wet Wipes enth\u00e4lt 150 T\u00fccher, so dass die Desinfektionsleistung f\u00fcr Wochen oder sogar Monate ausreicht. Die T\u00fccher sind in einer Tube verpackt, so dass sie leicht aufzubewahren und zu transportieren sind, damit Sie sie \u00fcberallhin mitnehmen k\u00f6nnen.<\/p>\n<h2>Vorteile<\/h2>\n<ul>\n<li>Enth\u00e4lt 150 T\u00fccher pro Packung<\/li>\n<li>Praktische Tubenverpackung f\u00fcr einfache Lagerung und Transport<\/li>\n<li>Wirksame Abt\u00f6tung von Keimen und Bakterien<\/li>\n<li>Perfekt f\u00fcr die Aufrechterhaltung einer guten Handhygiene<\/li>\n<\/ul>\n<p><\/body><br \/>\n<\/html><\/p>","protected":false},"excerpt":{"rendered":"<p>ITSEPTIC H\u00e4ndedesinfektionsmittel Feuchtt\u00fccher ITSEPTIC H\u00e4ndedesinfektionsmittel Feuchtt\u00fccher Home &gt; Produkte &gt; Desinfektionsmittel &gt; Reinigungst\u00fccher &gt; Effektiv<\/p>","protected":false},"featured_media":10055,"template":"","meta":[],"product_brand":[],"product_cat":[339,194],"product_tag":[],"class_list":{"0":"post-9450","1":"product","2":"type-product","3":"status-publish","4":"has-post-thumbnail","6":"product_cat-wipes","7":"product_cat-disinfectants","9":"first","10":"instock","11":"shipping-taxable","12":"product-type-simple"},"yoast_head":"<!-- This site is optimized with the Yoast SEO plugin v27.3 - https:\/\/yoast.com\/product\/yoast-seo-wordpress\/ -->\n<title>ITSEPTIC Hand disinfectant wet wipes, 150 pcs - TwinPol<\/title>\n<meta name=\"robots\" content=\"index, follow, max-snippet:-1, max-image-preview:large, max-video-preview:-1\" \/>\n<link rel=\"canonical\" href=\"https:\/\/twinpol.com\/de\/produkt\/itseptische-handdesinfektionstucher-hohe-wanne-150-stuck\/\" \/>\n<meta property=\"og:locale\" content=\"de_DE\" \/>\n<meta property=\"og:type\" content=\"article\" \/>\n<meta property=\"og:title\" content=\"ITSEPTIC Hand disinfectant wet wipes, 150 pcs - TwinPol\" \/>\n<meta property=\"og:description\" content=\"ITSEPTIC Hand Disinfectant Wet Wipes ITSEPTIC Hand Disinfectant Wet Wipes Home &gt; Products &gt; Disinfecants &gt; Cleaning wipes &gt; Effective\" \/>\n<meta property=\"og:url\" content=\"https:\/\/twinpol.com\/de\/produkt\/itseptische-handdesinfektionstucher-hohe-wanne-150-stuck\/\" \/>\n<meta property=\"og:site_name\" content=\"TwinPol\" \/>\n<meta property=\"article:modified_time\" content=\"2023-12-11T15:06:07+00:00\" \/>\n<meta property=\"og:image\" content=\"https:\/\/twinpol.com\/wp-content\/uploads\/2023\/01\/FR0120_wizaulizacja_www.png\" \/>\n\t<meta property=\"og:image:width\" content=\"800\" \/>\n\t<meta property=\"og:image:height\" content=\"800\" \/>\n\t<meta property=\"og:image:type\" content=\"image\/png\" \/>\n<meta name=\"twitter:card\" content=\"summary_large_image\" \/>\n<meta name=\"twitter:label1\" content=\"Gesch\u00e4tzte Lesezeit\" \/>\n\t<meta name=\"twitter:data1\" content=\"1\u00a0Minute\" \/>\n<script type=\"application\/ld+json\" class=\"yoast-schema-graph\">{\"@context\":\"https:\\\/\\\/schema.org\",\"@graph\":[{\"@type\":\"WebPage\",\"@id\":\"https:\\\/\\\/twinpol.com\\\/product\\\/itseptic-hand-disinfectant-wet-wipes-150-pcs\\\/\",\"url\":\"https:\\\/\\\/twinpol.com\\\/product\\\/itseptic-hand-disinfectant-wet-wipes-150-pcs\\\/\",\"name\":\"ITSEPTIC Hand disinfectant wet wipes, 150 pcs - TwinPol\",\"isPartOf\":{\"@id\":\"https:\\\/\\\/twinpol.com\\\/#website\"},\"primaryImageOfPage\":{\"@id\":\"https:\\\/\\\/twinpol.com\\\/product\\\/itseptic-hand-disinfectant-wet-wipes-150-pcs\\\/#primaryimage\"},\"image\":{\"@id\":\"https:\\\/\\\/twinpol.com\\\/product\\\/itseptic-hand-disinfectant-wet-wipes-150-pcs\\\/#primaryimage\"},\"thumbnailUrl\":\"https:\\\/\\\/twinpol.com\\\/wp-content\\\/uploads\\\/2023\\\/01\\\/FR0120_wizaulizacja_www.png\",\"datePublished\":\"2023-01-11T06:22:01+00:00\",\"dateModified\":\"2023-12-11T15:06:07+00:00\",\"breadcrumb\":{\"@id\":\"https:\\\/\\\/twinpol.com\\\/product\\\/itseptic-hand-disinfectant-wet-wipes-150-pcs\\\/#breadcrumb\"},\"inLanguage\":\"de\",\"potentialAction\":[{\"@type\":\"ReadAction\",\"target\":[\"https:\\\/\\\/twinpol.com\\\/product\\\/itseptic-hand-disinfectant-wet-wipes-150-pcs\\\/\"]}]},{\"@type\":\"ImageObject\",\"inLanguage\":\"de\",\"@id\":\"https:\\\/\\\/twinpol.com\\\/product\\\/itseptic-hand-disinfectant-wet-wipes-150-pcs\\\/#primaryimage\",\"url\":\"https:\\\/\\\/twinpol.com\\\/wp-content\\\/uploads\\\/2023\\\/01\\\/FR0120_wizaulizacja_www.png\",\"contentUrl\":\"https:\\\/\\\/twinpol.com\\\/wp-content\\\/uploads\\\/2023\\\/01\\\/FR0120_wizaulizacja_www.png\",\"width\":800,\"height\":800},{\"@type\":\"BreadcrumbList\",\"@id\":\"https:\\\/\\\/twinpol.com\\\/product\\\/itseptic-hand-disinfectant-wet-wipes-150-pcs\\\/#breadcrumb\",\"itemListElement\":[{\"@type\":\"ListItem\",\"position\":1,\"name\":\"Home\",\"item\":\"https:\\\/\\\/twinpol.com\\\/\"},{\"@type\":\"ListItem\",\"position\":2,\"name\":\"Products\",\"item\":\"https:\\\/\\\/twinpol.com\\\/products\\\/\"},{\"@type\":\"ListItem\",\"position\":3,\"name\":\"ITSEPTIC Hand disinfectant wet wipes, 150 pcs\"}]},{\"@type\":\"WebSite\",\"@id\":\"https:\\\/\\\/twinpol.com\\\/#website\",\"url\":\"https:\\\/\\\/twinpol.com\\\/\",\"name\":\"Twinpol\",\"description\":\"Cleaning Supplies\",\"publisher\":{\"@id\":\"https:\\\/\\\/twinpol.com\\\/#organization\"},\"potentialAction\":[{\"@type\":\"SearchAction\",\"target\":{\"@type\":\"EntryPoint\",\"urlTemplate\":\"https:\\\/\\\/twinpol.com\\\/?s={search_term_string}\"},\"query-input\":{\"@type\":\"PropertyValueSpecification\",\"valueRequired\":true,\"valueName\":\"search_term_string\"}}],\"inLanguage\":\"de\"},{\"@type\":\"Organization\",\"@id\":\"https:\\\/\\\/twinpol.com\\\/#organization\",\"name\":\"Twinpol\",\"url\":\"https:\\\/\\\/twinpol.com\\\/\",\"logo\":{\"@type\":\"ImageObject\",\"inLanguage\":\"de\",\"@id\":\"https:\\\/\\\/twinpol.com\\\/#\\\/schema\\\/logo\\\/image\\\/\",\"url\":\"https:\\\/\\\/twinpol.com\\\/wp-content\\\/uploads\\\/2022\\\/10\\\/cropped-favicon.png\",\"contentUrl\":\"https:\\\/\\\/twinpol.com\\\/wp-content\\\/uploads\\\/2022\\\/10\\\/cropped-favicon.png\",\"width\":512,\"height\":512,\"caption\":\"Twinpol\"},\"image\":{\"@id\":\"https:\\\/\\\/twinpol.com\\\/#\\\/schema\\\/logo\\\/image\\\/\"}}]}<\/script>\n<!-- \/ Yoast SEO plugin. -->","yoast_head_json":{"title":"ITSEPTIC Feuchtt\u00fccher zur H\u00e4ndedesinfektion, 150 St\u00fcck - TwinPol","robots":{"index":"index","follow":"follow","max-snippet":"max-snippet:-1","max-image-preview":"max-image-preview:large","max-video-preview":"max-video-preview:-1"},"canonical":"https:\/\/twinpol.com\/de\/produkt\/itseptische-handdesinfektionstucher-hohe-wanne-150-stuck\/","og_locale":"de_DE","og_type":"article","og_title":"ITSEPTIC Hand disinfectant wet wipes, 150 pcs - TwinPol","og_description":"ITSEPTIC Hand Disinfectant Wet Wipes ITSEPTIC Hand Disinfectant Wet Wipes Home > Products > Disinfecants > Cleaning wipes > Effective","og_url":"https:\/\/twinpol.com\/de\/produkt\/itseptische-handdesinfektionstucher-hohe-wanne-150-stuck\/","og_site_name":"TwinPol","article_modified_time":"2023-12-11T15:06:07+00:00","og_image":[{"width":800,"height":800,"url":"https:\/\/twinpol.com\/wp-content\/uploads\/2023\/01\/FR0120_wizaulizacja_www.png","type":"image\/png"}],"twitter_card":"summary_large_image","twitter_misc":{"Gesch\u00e4tzte Lesezeit":"1\u00a0Minute"},"schema":{"@context":"https:\/\/schema.org","@graph":[{"@type":"WebPage","@id":"https:\/\/twinpol.com\/product\/itseptic-hand-disinfectant-wet-wipes-150-pcs\/","url":"https:\/\/twinpol.com\/product\/itseptic-hand-disinfectant-wet-wipes-150-pcs\/","name":"ITSEPTIC Feuchtt\u00fccher zur H\u00e4ndedesinfektion, 150 St\u00fcck - TwinPol","isPartOf":{"@id":"https:\/\/twinpol.com\/#website"},"primaryImageOfPage":{"@id":"https:\/\/twinpol.com\/product\/itseptic-hand-disinfectant-wet-wipes-150-pcs\/#primaryimage"},"image":{"@id":"https:\/\/twinpol.com\/product\/itseptic-hand-disinfectant-wet-wipes-150-pcs\/#primaryimage"},"thumbnailUrl":"https:\/\/twinpol.com\/wp-content\/uploads\/2023\/01\/FR0120_wizaulizacja_www.png","datePublished":"2023-01-11T06:22:01+00:00","dateModified":"2023-12-11T15:06:07+00:00","breadcrumb":{"@id":"https:\/\/twinpol.com\/product\/itseptic-hand-disinfectant-wet-wipes-150-pcs\/#breadcrumb"},"inLanguage":"de","potentialAction":[{"@type":"ReadAction","target":["https:\/\/twinpol.com\/product\/itseptic-hand-disinfectant-wet-wipes-150-pcs\/"]}]},{"@type":"ImageObject","inLanguage":"de","@id":"https:\/\/twinpol.com\/product\/itseptic-hand-disinfectant-wet-wipes-150-pcs\/#primaryimage","url":"https:\/\/twinpol.com\/wp-content\/uploads\/2023\/01\/FR0120_wizaulizacja_www.png","contentUrl":"https:\/\/twinpol.com\/wp-content\/uploads\/2023\/01\/FR0120_wizaulizacja_www.png","width":800,"height":800},{"@type":"BreadcrumbList","@id":"https:\/\/twinpol.com\/product\/itseptic-hand-disinfectant-wet-wipes-150-pcs\/#breadcrumb","itemListElement":[{"@type":"ListItem","position":1,"name":"Home","item":"https:\/\/twinpol.com\/"},{"@type":"ListItem","position":2,"name":"Products","item":"https:\/\/twinpol.com\/products\/"},{"@type":"ListItem","position":3,"name":"ITSEPTIC Hand disinfectant wet wipes, 150 pcs"}]},{"@type":"WebSite","@id":"https:\/\/twinpol.com\/#website","url":"https:\/\/twinpol.com\/","name":"Twinpol","description":"Reinigungsmittel","publisher":{"@id":"https:\/\/twinpol.com\/#organization"},"potentialAction":[{"@type":"SearchAction","target":{"@type":"EntryPoint","urlTemplate":"https:\/\/twinpol.com\/?s={search_term_string}"},"query-input":{"@type":"PropertyValueSpecification","valueRequired":true,"valueName":"search_term_string"}}],"inLanguage":"de"},{"@type":"Organization","@id":"https:\/\/twinpol.com\/#organization","name":"Twinpol","url":"https:\/\/twinpol.com\/","logo":{"@type":"ImageObject","inLanguage":"de","@id":"https:\/\/twinpol.com\/#\/schema\/logo\/image\/","url":"https:\/\/twinpol.com\/wp-content\/uploads\/2022\/10\/cropped-favicon.png","contentUrl":"https:\/\/twinpol.com\/wp-content\/uploads\/2022\/10\/cropped-favicon.png","width":512,"height":512,"caption":"Twinpol"},"image":{"@id":"https:\/\/twinpol.com\/#\/schema\/logo\/image\/"}}]}},"_links":{"self":[{"href":"https:\/\/twinpol.com\/de\/wp-json\/wp\/v2\/product\/9450","targetHints":{"allow":["GET"]}}],"collection":[{"href":"https:\/\/twinpol.com\/de\/wp-json\/wp\/v2\/product"}],"about":[{"href":"https:\/\/twinpol.com\/de\/wp-json\/wp\/v2\/types\/product"}],"wp:featuredmedia":[{"embeddable":true,"href":"https:\/\/twinpol.com\/de\/wp-json\/wp\/v2\/media\/10055"}],"wp:attachment":[{"href":"https:\/\/twinpol.com\/de\/wp-json\/wp\/v2\/media?parent=9450"}],"wp:term":[{"taxonomy":"product_brand","embeddable":true,"href":"https:\/\/twinpol.com\/de\/wp-json\/wp\/v2\/product_brand?post=9450"},{"taxonomy":"product_cat","embeddable":true,"href":"https:\/\/twinpol.com\/de\/wp-json\/wp\/v2\/product_cat?post=9450"},{"taxonomy":"product_tag","embeddable":true,"href":"https:\/\/twinpol.com\/de\/wp-json\/wp\/v2\/product_tag?post=9450"}],"curies":[{"name":"wp","href":"https:\/\/api.w.org\/{rel}","templated":true}]}}