{"id":9452,"date":"2023-01-11T06:30:53","date_gmt":"2023-01-11T06:30:53","guid":{"rendered":"https:\/\/twinpol.com\/?post_type=product&#038;p=9452"},"modified":"2023-08-30T12:50:30","modified_gmt":"2023-08-30T12:50:30","slug":"itseptic-wet-cleaning-wipes-with-disintecting-effect-mega-tub-150-pcs","status":"publish","type":"product","link":"https:\/\/twinpol.com\/de\/produkt\/itseptische-nassreinigungstucher-mit-desinfizierender-wirkung-mega-tub-150-pcs\/","title":{"rendered":"ITSEPTIC Feuchte Reinigungst\u00fccher, 150 St\u00fcck, alkoholfrei"},"content":{"rendered":"<p><html><br \/>\n<head><br \/>\n\t<title>ITSEPTIC Feuchte Reinigungst\u00fccher mit desinfizierender Wirkung<\/title><br \/>\n\t<meta name=\"description\" content=\"ITSEPTIC Feuchtreinigungst\u00fccher mit desinfizierender Wirkung sind alkoholfrei und eignen sich hervorragend zur gr\u00fcndlichen Reinigung und Desinfektion verschiedener Oberfl\u00e4chen.\"><br \/>\n<\/head><br \/>\n<body><\/p>\n<h1>ITSEPTIC Feuchte Reinigungst\u00fccher mit desinfizierender Wirkung<\/h1>\n<div class=\"breadcrumbs\">\n  <a href=\"\/de\/\">Startseite<\/a> > <a href=\"\/de\/products\/\">Produkte<\/a> > <a href=\"\/de\/product-category\/disinfectants\/\">Desinfektionsmittel<\/a> ><a href=\"https:\/\/twinpol.com\/de\/home\/wipes\/\">Reinigungst\u00fccher<\/a> >\n<\/div>\n<h2>Gr\u00fcndliche Reinigung und Desinfektion<\/h2>\n<p>Die feuchten Reinigungst\u00fccher mit desinfizierender Wirkung von ITSEPTIC eignen sich perfekt f\u00fcr die gr\u00fcndliche Reinigung und Desinfektion verschiedener Oberfl\u00e4chen in Ihrem Zuhause oder B\u00fcro. Diese T\u00fccher sind so konzipiert, dass sie Schmutz und Dreck entfernen und gleichzeitig Keime und Bakterien auf Oberfl\u00e4chen abt\u00f6ten. Dank ihrer alkoholfreien Formel k\u00f6nnen sie auf einer Vielzahl von Oberfl\u00e4chen sicher verwendet werden. <\/p>\n<h2>Sanfte und wirksame Formel<\/h2>\n<p>Die feuchten Reinigungst\u00fccher mit Desinfektionswirkung von ITSEPTIC sind mit einer sanften und wirksamen Formel hergestellt, die Schmutz und Keime hart, aber sanft zu den Oberfl\u00e4chen ist. Die T\u00fccher sind bereits angefeuchtet und gebrauchsfertig, sodass die Reinigung und Desinfektion ein Kinderspiel ist. Mit 150 T\u00fcchern pro Packung k\u00f6nnen Sie Ihr Zuhause oder B\u00fcro \u00fcber einen l\u00e4ngeren Zeitraum sauber und keimfrei halten. <\/p>\n<h2>Vorteile<\/h2>\n<ul>\n<li>T\u00f6tet Keime und Bakterien<\/li>\n<li>Entfernt Schmutz und Dreck<\/li>\n<li>Alkoholfreie Formel<\/li>\n<li>Sichere Anwendung auf einer Vielzahl von Oberfl\u00e4chen<\/li>\n<li>Sanfte und wirksame Formel<\/li>\n<li>Vorbefeuchtet und gebrauchsfertig<\/li>\n<li>150 T\u00fccher pro Packung<\/li>\n<\/ul>\n<p><\/body><br \/>\n<\/html><\/p>","protected":false},"excerpt":{"rendered":"<p>ITSEPTIC Feuchte Reinigungst\u00fccher mit desinfizierender Wirkung ITSEPTIC Feuchte Reinigungst\u00fccher mit desinfizierender Wirkung Home &gt; Produkte &gt; Desinfektionsmittel &gt;Reinigung<\/p>","protected":false},"featured_media":10069,"template":"","meta":[],"product_brand":[],"product_cat":[339,194],"product_tag":[],"class_list":{"0":"post-9452","1":"product","2":"type-product","3":"status-publish","4":"has-post-thumbnail","6":"product_cat-wipes","7":"product_cat-disinfectants","9":"first","10":"instock","11":"shipping-taxable","12":"product-type-simple"},"yoast_head":"<!-- This site is optimized with the Yoast SEO plugin v27.4 - https:\/\/yoast.com\/product\/yoast-seo-wordpress\/ -->\n<title>ITSEPTIC Wet cleaning wipes, 150 pcs, alcohol-free - TwinPol<\/title>\n<meta name=\"robots\" content=\"index, follow, max-snippet:-1, max-image-preview:large, max-video-preview:-1\" \/>\n<link rel=\"canonical\" href=\"https:\/\/twinpol.com\/de\/produkt\/itseptische-nassreinigungstucher-mit-desinfizierender-wirkung-mega-tub-150-pcs\/\" \/>\n<meta property=\"og:locale\" content=\"de_DE\" \/>\n<meta property=\"og:type\" content=\"article\" \/>\n<meta property=\"og:title\" content=\"ITSEPTIC Wet cleaning wipes, 150 pcs, alcohol-free - TwinPol\" \/>\n<meta property=\"og:description\" content=\"ITSEPTIC Wet cleaning wipes with disinfecting effect ITSEPTIC Wet cleaning wipes with disinfecting effect Home &gt; Products &gt; Disinfecants &gt;Cleaning\" \/>\n<meta property=\"og:url\" content=\"https:\/\/twinpol.com\/de\/produkt\/itseptische-nassreinigungstucher-mit-desinfizierender-wirkung-mega-tub-150-pcs\/\" \/>\n<meta property=\"og:site_name\" content=\"TwinPol\" \/>\n<meta property=\"article:modified_time\" content=\"2023-08-30T12:50:30+00:00\" \/>\n<meta property=\"og:image\" content=\"https:\/\/twinpol.com\/wp-content\/uploads\/2023\/01\/RE02609_Wizualizacja_www.png\" \/>\n\t<meta property=\"og:image:width\" content=\"800\" \/>\n\t<meta property=\"og:image:height\" content=\"800\" \/>\n\t<meta property=\"og:image:type\" content=\"image\/png\" \/>\n<meta name=\"twitter:card\" content=\"summary_large_image\" \/>\n<meta name=\"twitter:label1\" content=\"Gesch\u00e4tzte Lesezeit\" \/>\n\t<meta name=\"twitter:data1\" content=\"1\u00a0Minute\" \/>\n<script type=\"application\/ld+json\" class=\"yoast-schema-graph\">{\"@context\":\"https:\\\/\\\/schema.org\",\"@graph\":[{\"@type\":\"WebPage\",\"@id\":\"https:\\\/\\\/twinpol.com\\\/product\\\/itseptic-wet-cleaning-wipes-with-disintecting-effect-mega-tub-150-pcs\\\/\",\"url\":\"https:\\\/\\\/twinpol.com\\\/product\\\/itseptic-wet-cleaning-wipes-with-disintecting-effect-mega-tub-150-pcs\\\/\",\"name\":\"ITSEPTIC Wet cleaning wipes, 150 pcs, alcohol-free - TwinPol\",\"isPartOf\":{\"@id\":\"https:\\\/\\\/twinpol.com\\\/#website\"},\"primaryImageOfPage\":{\"@id\":\"https:\\\/\\\/twinpol.com\\\/product\\\/itseptic-wet-cleaning-wipes-with-disintecting-effect-mega-tub-150-pcs\\\/#primaryimage\"},\"image\":{\"@id\":\"https:\\\/\\\/twinpol.com\\\/product\\\/itseptic-wet-cleaning-wipes-with-disintecting-effect-mega-tub-150-pcs\\\/#primaryimage\"},\"thumbnailUrl\":\"https:\\\/\\\/twinpol.com\\\/wp-content\\\/uploads\\\/2023\\\/01\\\/RE02609_Wizualizacja_www.png\",\"datePublished\":\"2023-01-11T06:30:53+00:00\",\"dateModified\":\"2023-08-30T12:50:30+00:00\",\"breadcrumb\":{\"@id\":\"https:\\\/\\\/twinpol.com\\\/product\\\/itseptic-wet-cleaning-wipes-with-disintecting-effect-mega-tub-150-pcs\\\/#breadcrumb\"},\"inLanguage\":\"de\",\"potentialAction\":[{\"@type\":\"ReadAction\",\"target\":[\"https:\\\/\\\/twinpol.com\\\/product\\\/itseptic-wet-cleaning-wipes-with-disintecting-effect-mega-tub-150-pcs\\\/\"]}]},{\"@type\":\"ImageObject\",\"inLanguage\":\"de\",\"@id\":\"https:\\\/\\\/twinpol.com\\\/product\\\/itseptic-wet-cleaning-wipes-with-disintecting-effect-mega-tub-150-pcs\\\/#primaryimage\",\"url\":\"https:\\\/\\\/twinpol.com\\\/wp-content\\\/uploads\\\/2023\\\/01\\\/RE02609_Wizualizacja_www.png\",\"contentUrl\":\"https:\\\/\\\/twinpol.com\\\/wp-content\\\/uploads\\\/2023\\\/01\\\/RE02609_Wizualizacja_www.png\",\"width\":800,\"height\":800},{\"@type\":\"BreadcrumbList\",\"@id\":\"https:\\\/\\\/twinpol.com\\\/product\\\/itseptic-wet-cleaning-wipes-with-disintecting-effect-mega-tub-150-pcs\\\/#breadcrumb\",\"itemListElement\":[{\"@type\":\"ListItem\",\"position\":1,\"name\":\"Home\",\"item\":\"https:\\\/\\\/twinpol.com\\\/\"},{\"@type\":\"ListItem\",\"position\":2,\"name\":\"Products\",\"item\":\"https:\\\/\\\/twinpol.com\\\/products\\\/\"},{\"@type\":\"ListItem\",\"position\":3,\"name\":\"ITSEPTIC Wet cleaning wipes, 150 pcs, alcohol-free\"}]},{\"@type\":\"WebSite\",\"@id\":\"https:\\\/\\\/twinpol.com\\\/#website\",\"url\":\"https:\\\/\\\/twinpol.com\\\/\",\"name\":\"Twinpol\",\"description\":\"Cleaning Supplies\",\"publisher\":{\"@id\":\"https:\\\/\\\/twinpol.com\\\/#organization\"},\"potentialAction\":[{\"@type\":\"SearchAction\",\"target\":{\"@type\":\"EntryPoint\",\"urlTemplate\":\"https:\\\/\\\/twinpol.com\\\/?s={search_term_string}\"},\"query-input\":{\"@type\":\"PropertyValueSpecification\",\"valueRequired\":true,\"valueName\":\"search_term_string\"}}],\"inLanguage\":\"de\"},{\"@type\":\"Organization\",\"@id\":\"https:\\\/\\\/twinpol.com\\\/#organization\",\"name\":\"Twinpol\",\"url\":\"https:\\\/\\\/twinpol.com\\\/\",\"logo\":{\"@type\":\"ImageObject\",\"inLanguage\":\"de\",\"@id\":\"https:\\\/\\\/twinpol.com\\\/#\\\/schema\\\/logo\\\/image\\\/\",\"url\":\"https:\\\/\\\/twinpol.com\\\/wp-content\\\/uploads\\\/2022\\\/10\\\/cropped-favicon.png\",\"contentUrl\":\"https:\\\/\\\/twinpol.com\\\/wp-content\\\/uploads\\\/2022\\\/10\\\/cropped-favicon.png\",\"width\":512,\"height\":512,\"caption\":\"Twinpol\"},\"image\":{\"@id\":\"https:\\\/\\\/twinpol.com\\\/#\\\/schema\\\/logo\\\/image\\\/\"}}]}<\/script>\n<!-- \/ Yoast SEO plugin. -->","yoast_head_json":{"title":"ITSEPTIC Feuchte Reinigungst\u00fccher, 150 St\u00fcck, alkoholfrei - TwinPol","robots":{"index":"index","follow":"follow","max-snippet":"max-snippet:-1","max-image-preview":"max-image-preview:large","max-video-preview":"max-video-preview:-1"},"canonical":"https:\/\/twinpol.com\/de\/produkt\/itseptische-nassreinigungstucher-mit-desinfizierender-wirkung-mega-tub-150-pcs\/","og_locale":"de_DE","og_type":"article","og_title":"ITSEPTIC Wet cleaning wipes, 150 pcs, alcohol-free - TwinPol","og_description":"ITSEPTIC Wet cleaning wipes with disinfecting effect ITSEPTIC Wet cleaning wipes with disinfecting effect Home > Products > Disinfecants >Cleaning","og_url":"https:\/\/twinpol.com\/de\/produkt\/itseptische-nassreinigungstucher-mit-desinfizierender-wirkung-mega-tub-150-pcs\/","og_site_name":"TwinPol","article_modified_time":"2023-08-30T12:50:30+00:00","og_image":[{"width":800,"height":800,"url":"https:\/\/twinpol.com\/wp-content\/uploads\/2023\/01\/RE02609_Wizualizacja_www.png","type":"image\/png"}],"twitter_card":"summary_large_image","twitter_misc":{"Gesch\u00e4tzte Lesezeit":"1\u00a0Minute"},"schema":{"@context":"https:\/\/schema.org","@graph":[{"@type":"WebPage","@id":"https:\/\/twinpol.com\/product\/itseptic-wet-cleaning-wipes-with-disintecting-effect-mega-tub-150-pcs\/","url":"https:\/\/twinpol.com\/product\/itseptic-wet-cleaning-wipes-with-disintecting-effect-mega-tub-150-pcs\/","name":"ITSEPTIC Feuchte Reinigungst\u00fccher, 150 St\u00fcck, alkoholfrei - TwinPol","isPartOf":{"@id":"https:\/\/twinpol.com\/#website"},"primaryImageOfPage":{"@id":"https:\/\/twinpol.com\/product\/itseptic-wet-cleaning-wipes-with-disintecting-effect-mega-tub-150-pcs\/#primaryimage"},"image":{"@id":"https:\/\/twinpol.com\/product\/itseptic-wet-cleaning-wipes-with-disintecting-effect-mega-tub-150-pcs\/#primaryimage"},"thumbnailUrl":"https:\/\/twinpol.com\/wp-content\/uploads\/2023\/01\/RE02609_Wizualizacja_www.png","datePublished":"2023-01-11T06:30:53+00:00","dateModified":"2023-08-30T12:50:30+00:00","breadcrumb":{"@id":"https:\/\/twinpol.com\/product\/itseptic-wet-cleaning-wipes-with-disintecting-effect-mega-tub-150-pcs\/#breadcrumb"},"inLanguage":"de","potentialAction":[{"@type":"ReadAction","target":["https:\/\/twinpol.com\/product\/itseptic-wet-cleaning-wipes-with-disintecting-effect-mega-tub-150-pcs\/"]}]},{"@type":"ImageObject","inLanguage":"de","@id":"https:\/\/twinpol.com\/product\/itseptic-wet-cleaning-wipes-with-disintecting-effect-mega-tub-150-pcs\/#primaryimage","url":"https:\/\/twinpol.com\/wp-content\/uploads\/2023\/01\/RE02609_Wizualizacja_www.png","contentUrl":"https:\/\/twinpol.com\/wp-content\/uploads\/2023\/01\/RE02609_Wizualizacja_www.png","width":800,"height":800},{"@type":"BreadcrumbList","@id":"https:\/\/twinpol.com\/product\/itseptic-wet-cleaning-wipes-with-disintecting-effect-mega-tub-150-pcs\/#breadcrumb","itemListElement":[{"@type":"ListItem","position":1,"name":"Home","item":"https:\/\/twinpol.com\/"},{"@type":"ListItem","position":2,"name":"Products","item":"https:\/\/twinpol.com\/products\/"},{"@type":"ListItem","position":3,"name":"ITSEPTIC Wet cleaning wipes, 150 pcs, alcohol-free"}]},{"@type":"WebSite","@id":"https:\/\/twinpol.com\/#website","url":"https:\/\/twinpol.com\/","name":"Twinpol","description":"Reinigungsmittel","publisher":{"@id":"https:\/\/twinpol.com\/#organization"},"potentialAction":[{"@type":"SearchAction","target":{"@type":"EntryPoint","urlTemplate":"https:\/\/twinpol.com\/?s={search_term_string}"},"query-input":{"@type":"PropertyValueSpecification","valueRequired":true,"valueName":"search_term_string"}}],"inLanguage":"de"},{"@type":"Organization","@id":"https:\/\/twinpol.com\/#organization","name":"Twinpol","url":"https:\/\/twinpol.com\/","logo":{"@type":"ImageObject","inLanguage":"de","@id":"https:\/\/twinpol.com\/#\/schema\/logo\/image\/","url":"https:\/\/twinpol.com\/wp-content\/uploads\/2022\/10\/cropped-favicon.png","contentUrl":"https:\/\/twinpol.com\/wp-content\/uploads\/2022\/10\/cropped-favicon.png","width":512,"height":512,"caption":"Twinpol"},"image":{"@id":"https:\/\/twinpol.com\/#\/schema\/logo\/image\/"}}]}},"_links":{"self":[{"href":"https:\/\/twinpol.com\/de\/wp-json\/wp\/v2\/product\/9452","targetHints":{"allow":["GET"]}}],"collection":[{"href":"https:\/\/twinpol.com\/de\/wp-json\/wp\/v2\/product"}],"about":[{"href":"https:\/\/twinpol.com\/de\/wp-json\/wp\/v2\/types\/product"}],"wp:featuredmedia":[{"embeddable":true,"href":"https:\/\/twinpol.com\/de\/wp-json\/wp\/v2\/media\/10069"}],"wp:attachment":[{"href":"https:\/\/twinpol.com\/de\/wp-json\/wp\/v2\/media?parent=9452"}],"wp:term":[{"taxonomy":"product_brand","embeddable":true,"href":"https:\/\/twinpol.com\/de\/wp-json\/wp\/v2\/product_brand?post=9452"},{"taxonomy":"product_cat","embeddable":true,"href":"https:\/\/twinpol.com\/de\/wp-json\/wp\/v2\/product_cat?post=9452"},{"taxonomy":"product_tag","embeddable":true,"href":"https:\/\/twinpol.com\/de\/wp-json\/wp\/v2\/product_tag?post=9452"}],"curies":[{"name":"wp","href":"https:\/\/api.w.org\/{rel}","templated":true}]}}