{"id":9455,"date":"2023-01-11T06:44:10","date_gmt":"2023-01-11T06:44:10","guid":{"rendered":"https:\/\/twinpol.com\/?post_type=product&#038;p=9455"},"modified":"2023-12-11T14:11:09","modified_gmt":"2023-12-11T14:11:09","slug":"itseptic-disinfectant-cleaner-65-ml","status":"publish","type":"product","link":"https:\/\/twinpol.com\/de\/produkt\/itseptisches-desinfizierendes-reinigungsmittel-65-ml\/","title":{"rendered":"ITSEPTIC Desinfektionsreiniger, 65 ml, alkoholfrei"},"content":{"rendered":"<p><html><br \/>\n<head><br \/>\n\t<title>ITSEPTIC Desinfektionsmittel-Reiniger<\/title><br \/>\n\t<meta charset=\"UTF-8\"><br \/>\n\t<meta name=\"description\" content=\"ITSEPTIC ist ein leistungsstarker alkoholfreier Desinfektionsreiniger, der Keime und Bakterien wirksam beseitigt.\"><br \/>\n\t<meta name=\"keywords\" content=\"disinfectant cleaner, ITSEPTIC, alcohol-free\"><br \/>\n<\/head><br \/>\n<body><\/p>\n<h1>ITSEPTIC Desinfektionsmittel-Reiniger<\/h1>\n<div class=\"breadcrumbs\">\n  <a href=\"\/de\/\">Startseite<\/a> > <a href=\"\/de\/products\/\">Produkte<\/a> > <a href=\"\/de\/product-category\/disinfectants\/\">Desinfektionsmittel<\/a> >\n<\/div>\n<h2>Leistungsstarke alkoholfreie Reinigungsl\u00f6sung<\/h2>\n<p>ITSEPTIC ist ein hochwirksamer, desinfizierender Reiniger, der eine tiefe und gr\u00fcndliche Reinigung erm\u00f6glicht. Im Gegensatz zu herk\u00f6mmlichen Reinigungsprodukten enth\u00e4lt ITSEPTIC keinen Alkohol. Diese Reinigungsl\u00f6sung eignet sich perfekt f\u00fcr den Einsatz in einer Vielzahl von Umgebungen, einschlie\u00dflich Wohnungen, Schulen, B\u00fcros und Gesundheitseinrichtungen.<\/p>\n<h2>Bequem und tragbar<\/h2>\n<p>Der ITSEPTIC Desinfektionsreiniger hat ein kompaktes und praktisches Format, so dass er leicht zu benutzen und \u00fcberallhin mitzunehmen ist. Sein geringes Volumen macht ihn perfekt f\u00fcr den Gebrauch zu Hause oder unterwegs. Egal, ob Sie Ihre K\u00fcche, Ihr Bad oder Ihr Auto reinigen m\u00fcssen, ITSEPTIC Disinfectant Cleaner ist die perfekte L\u00f6sung.<\/p>\n<h2>Vorteile<\/h2>\n<ul>\n<li>Beseitigt Keime und Bakterien schnell und effektiv<\/li>\n<li>Sicher f\u00fcr die Verwendung auf einer Vielzahl von Oberfl\u00e4chen, einschlie\u00dflich B\u00f6den, W\u00e4nden und Arbeitsfl\u00e4chen<\/li>\n<li>Geringes Volumen f\u00fcr einfachen Transport und Lagerung<\/li>\n<li>Kosteng\u00fcnstige Wahl f\u00fcr private und gewerbliche Nutzung<\/li>\n<\/ul>\n<p><\/body><br \/>\n<\/html><\/p>","protected":false},"excerpt":{"rendered":"<p>ITSEPTIC Desinfektionsreiniger ITSEPTIC Desinfektionsreiniger Home &gt; Produkte &gt; Desinfektionsmittel &gt; Leistungsstarke alkoholfreie Reinigungsl\u00f6sung ITSEPTIC ist eine hochwirksame<\/p>","protected":false},"featured_media":10070,"template":"","meta":[],"product_brand":[],"product_cat":[194],"product_tag":[],"class_list":{"0":"post-9455","1":"product","2":"type-product","3":"status-publish","4":"has-post-thumbnail","6":"product_cat-disinfectants","8":"first","9":"instock","10":"shipping-taxable","11":"product-type-simple"},"yoast_head":"<!-- This site is optimized with the Yoast SEO plugin v27.3 - https:\/\/yoast.com\/product\/yoast-seo-wordpress\/ -->\n<title>ITSEPTIC Disinfectant cleaner, 65 ml, alcohol-free - TwinPol<\/title>\n<meta name=\"robots\" content=\"index, follow, max-snippet:-1, max-image-preview:large, max-video-preview:-1\" \/>\n<link rel=\"canonical\" href=\"https:\/\/twinpol.com\/de\/produkt\/itseptisches-desinfizierendes-reinigungsmittel-65-ml\/\" \/>\n<meta property=\"og:locale\" content=\"de_DE\" \/>\n<meta property=\"og:type\" content=\"article\" \/>\n<meta property=\"og:title\" content=\"ITSEPTIC Disinfectant cleaner, 65 ml, alcohol-free - TwinPol\" \/>\n<meta property=\"og:description\" content=\"ITSEPTIC Disinfectant Cleaner ITSEPTIC Disinfectant Cleaner Home &gt; Products &gt; Disinfecants &gt; Powerful Alcohol-Free Cleaning Solution ITSEPTIC is a highly\" \/>\n<meta property=\"og:url\" content=\"https:\/\/twinpol.com\/de\/produkt\/itseptisches-desinfizierendes-reinigungsmittel-65-ml\/\" \/>\n<meta property=\"og:site_name\" content=\"TwinPol\" \/>\n<meta property=\"article:modified_time\" content=\"2023-12-11T14:11:09+00:00\" \/>\n<meta property=\"og:image\" content=\"https:\/\/twinpol.com\/wp-content\/uploads\/2023\/01\/RE00297_Wizualizacja_www.png\" \/>\n\t<meta property=\"og:image:width\" content=\"800\" \/>\n\t<meta property=\"og:image:height\" content=\"800\" \/>\n\t<meta property=\"og:image:type\" content=\"image\/png\" \/>\n<meta name=\"twitter:card\" content=\"summary_large_image\" \/>\n<meta name=\"twitter:label1\" content=\"Gesch\u00e4tzte Lesezeit\" \/>\n\t<meta name=\"twitter:data1\" content=\"1\u00a0Minute\" \/>\n<script type=\"application\/ld+json\" class=\"yoast-schema-graph\">{\"@context\":\"https:\\\/\\\/schema.org\",\"@graph\":[{\"@type\":\"WebPage\",\"@id\":\"https:\\\/\\\/twinpol.com\\\/product\\\/itseptic-disinfectant-cleaner-65-ml\\\/\",\"url\":\"https:\\\/\\\/twinpol.com\\\/product\\\/itseptic-disinfectant-cleaner-65-ml\\\/\",\"name\":\"ITSEPTIC Disinfectant cleaner, 65 ml, alcohol-free - TwinPol\",\"isPartOf\":{\"@id\":\"https:\\\/\\\/twinpol.com\\\/#website\"},\"primaryImageOfPage\":{\"@id\":\"https:\\\/\\\/twinpol.com\\\/product\\\/itseptic-disinfectant-cleaner-65-ml\\\/#primaryimage\"},\"image\":{\"@id\":\"https:\\\/\\\/twinpol.com\\\/product\\\/itseptic-disinfectant-cleaner-65-ml\\\/#primaryimage\"},\"thumbnailUrl\":\"https:\\\/\\\/twinpol.com\\\/wp-content\\\/uploads\\\/2023\\\/01\\\/RE00297_Wizualizacja_www.png\",\"datePublished\":\"2023-01-11T06:44:10+00:00\",\"dateModified\":\"2023-12-11T14:11:09+00:00\",\"breadcrumb\":{\"@id\":\"https:\\\/\\\/twinpol.com\\\/product\\\/itseptic-disinfectant-cleaner-65-ml\\\/#breadcrumb\"},\"inLanguage\":\"de\",\"potentialAction\":[{\"@type\":\"ReadAction\",\"target\":[\"https:\\\/\\\/twinpol.com\\\/product\\\/itseptic-disinfectant-cleaner-65-ml\\\/\"]}]},{\"@type\":\"ImageObject\",\"inLanguage\":\"de\",\"@id\":\"https:\\\/\\\/twinpol.com\\\/product\\\/itseptic-disinfectant-cleaner-65-ml\\\/#primaryimage\",\"url\":\"https:\\\/\\\/twinpol.com\\\/wp-content\\\/uploads\\\/2023\\\/01\\\/RE00297_Wizualizacja_www.png\",\"contentUrl\":\"https:\\\/\\\/twinpol.com\\\/wp-content\\\/uploads\\\/2023\\\/01\\\/RE00297_Wizualizacja_www.png\",\"width\":800,\"height\":800},{\"@type\":\"BreadcrumbList\",\"@id\":\"https:\\\/\\\/twinpol.com\\\/product\\\/itseptic-disinfectant-cleaner-65-ml\\\/#breadcrumb\",\"itemListElement\":[{\"@type\":\"ListItem\",\"position\":1,\"name\":\"Home\",\"item\":\"https:\\\/\\\/twinpol.com\\\/\"},{\"@type\":\"ListItem\",\"position\":2,\"name\":\"Products\",\"item\":\"https:\\\/\\\/twinpol.com\\\/products\\\/\"},{\"@type\":\"ListItem\",\"position\":3,\"name\":\"ITSEPTIC Disinfectant cleaner, 65 ml, alcohol-free\"}]},{\"@type\":\"WebSite\",\"@id\":\"https:\\\/\\\/twinpol.com\\\/#website\",\"url\":\"https:\\\/\\\/twinpol.com\\\/\",\"name\":\"Twinpol\",\"description\":\"Cleaning Supplies\",\"publisher\":{\"@id\":\"https:\\\/\\\/twinpol.com\\\/#organization\"},\"potentialAction\":[{\"@type\":\"SearchAction\",\"target\":{\"@type\":\"EntryPoint\",\"urlTemplate\":\"https:\\\/\\\/twinpol.com\\\/?s={search_term_string}\"},\"query-input\":{\"@type\":\"PropertyValueSpecification\",\"valueRequired\":true,\"valueName\":\"search_term_string\"}}],\"inLanguage\":\"de\"},{\"@type\":\"Organization\",\"@id\":\"https:\\\/\\\/twinpol.com\\\/#organization\",\"name\":\"Twinpol\",\"url\":\"https:\\\/\\\/twinpol.com\\\/\",\"logo\":{\"@type\":\"ImageObject\",\"inLanguage\":\"de\",\"@id\":\"https:\\\/\\\/twinpol.com\\\/#\\\/schema\\\/logo\\\/image\\\/\",\"url\":\"https:\\\/\\\/twinpol.com\\\/wp-content\\\/uploads\\\/2022\\\/10\\\/cropped-favicon.png\",\"contentUrl\":\"https:\\\/\\\/twinpol.com\\\/wp-content\\\/uploads\\\/2022\\\/10\\\/cropped-favicon.png\",\"width\":512,\"height\":512,\"caption\":\"Twinpol\"},\"image\":{\"@id\":\"https:\\\/\\\/twinpol.com\\\/#\\\/schema\\\/logo\\\/image\\\/\"}}]}<\/script>\n<!-- \/ Yoast SEO plugin. -->","yoast_head_json":{"title":"ITSEPTIC Desinfektionsreiniger, 65 ml, alkoholfrei - TwinPol","robots":{"index":"index","follow":"follow","max-snippet":"max-snippet:-1","max-image-preview":"max-image-preview:large","max-video-preview":"max-video-preview:-1"},"canonical":"https:\/\/twinpol.com\/de\/produkt\/itseptisches-desinfizierendes-reinigungsmittel-65-ml\/","og_locale":"de_DE","og_type":"article","og_title":"ITSEPTIC Disinfectant cleaner, 65 ml, alcohol-free - TwinPol","og_description":"ITSEPTIC Disinfectant Cleaner ITSEPTIC Disinfectant Cleaner Home > Products > Disinfecants > Powerful Alcohol-Free Cleaning Solution ITSEPTIC is a highly","og_url":"https:\/\/twinpol.com\/de\/produkt\/itseptisches-desinfizierendes-reinigungsmittel-65-ml\/","og_site_name":"TwinPol","article_modified_time":"2023-12-11T14:11:09+00:00","og_image":[{"width":800,"height":800,"url":"https:\/\/twinpol.com\/wp-content\/uploads\/2023\/01\/RE00297_Wizualizacja_www.png","type":"image\/png"}],"twitter_card":"summary_large_image","twitter_misc":{"Gesch\u00e4tzte Lesezeit":"1\u00a0Minute"},"schema":{"@context":"https:\/\/schema.org","@graph":[{"@type":"WebPage","@id":"https:\/\/twinpol.com\/product\/itseptic-disinfectant-cleaner-65-ml\/","url":"https:\/\/twinpol.com\/product\/itseptic-disinfectant-cleaner-65-ml\/","name":"ITSEPTIC Desinfektionsreiniger, 65 ml, alkoholfrei - TwinPol","isPartOf":{"@id":"https:\/\/twinpol.com\/#website"},"primaryImageOfPage":{"@id":"https:\/\/twinpol.com\/product\/itseptic-disinfectant-cleaner-65-ml\/#primaryimage"},"image":{"@id":"https:\/\/twinpol.com\/product\/itseptic-disinfectant-cleaner-65-ml\/#primaryimage"},"thumbnailUrl":"https:\/\/twinpol.com\/wp-content\/uploads\/2023\/01\/RE00297_Wizualizacja_www.png","datePublished":"2023-01-11T06:44:10+00:00","dateModified":"2023-12-11T14:11:09+00:00","breadcrumb":{"@id":"https:\/\/twinpol.com\/product\/itseptic-disinfectant-cleaner-65-ml\/#breadcrumb"},"inLanguage":"de","potentialAction":[{"@type":"ReadAction","target":["https:\/\/twinpol.com\/product\/itseptic-disinfectant-cleaner-65-ml\/"]}]},{"@type":"ImageObject","inLanguage":"de","@id":"https:\/\/twinpol.com\/product\/itseptic-disinfectant-cleaner-65-ml\/#primaryimage","url":"https:\/\/twinpol.com\/wp-content\/uploads\/2023\/01\/RE00297_Wizualizacja_www.png","contentUrl":"https:\/\/twinpol.com\/wp-content\/uploads\/2023\/01\/RE00297_Wizualizacja_www.png","width":800,"height":800},{"@type":"BreadcrumbList","@id":"https:\/\/twinpol.com\/product\/itseptic-disinfectant-cleaner-65-ml\/#breadcrumb","itemListElement":[{"@type":"ListItem","position":1,"name":"Home","item":"https:\/\/twinpol.com\/"},{"@type":"ListItem","position":2,"name":"Products","item":"https:\/\/twinpol.com\/products\/"},{"@type":"ListItem","position":3,"name":"ITSEPTIC Disinfectant cleaner, 65 ml, alcohol-free"}]},{"@type":"WebSite","@id":"https:\/\/twinpol.com\/#website","url":"https:\/\/twinpol.com\/","name":"Twinpol","description":"Reinigungsmittel","publisher":{"@id":"https:\/\/twinpol.com\/#organization"},"potentialAction":[{"@type":"SearchAction","target":{"@type":"EntryPoint","urlTemplate":"https:\/\/twinpol.com\/?s={search_term_string}"},"query-input":{"@type":"PropertyValueSpecification","valueRequired":true,"valueName":"search_term_string"}}],"inLanguage":"de"},{"@type":"Organization","@id":"https:\/\/twinpol.com\/#organization","name":"Twinpol","url":"https:\/\/twinpol.com\/","logo":{"@type":"ImageObject","inLanguage":"de","@id":"https:\/\/twinpol.com\/#\/schema\/logo\/image\/","url":"https:\/\/twinpol.com\/wp-content\/uploads\/2022\/10\/cropped-favicon.png","contentUrl":"https:\/\/twinpol.com\/wp-content\/uploads\/2022\/10\/cropped-favicon.png","width":512,"height":512,"caption":"Twinpol"},"image":{"@id":"https:\/\/twinpol.com\/#\/schema\/logo\/image\/"}}]}},"_links":{"self":[{"href":"https:\/\/twinpol.com\/de\/wp-json\/wp\/v2\/product\/9455","targetHints":{"allow":["GET"]}}],"collection":[{"href":"https:\/\/twinpol.com\/de\/wp-json\/wp\/v2\/product"}],"about":[{"href":"https:\/\/twinpol.com\/de\/wp-json\/wp\/v2\/types\/product"}],"wp:featuredmedia":[{"embeddable":true,"href":"https:\/\/twinpol.com\/de\/wp-json\/wp\/v2\/media\/10070"}],"wp:attachment":[{"href":"https:\/\/twinpol.com\/de\/wp-json\/wp\/v2\/media?parent=9455"}],"wp:term":[{"taxonomy":"product_brand","embeddable":true,"href":"https:\/\/twinpol.com\/de\/wp-json\/wp\/v2\/product_brand?post=9455"},{"taxonomy":"product_cat","embeddable":true,"href":"https:\/\/twinpol.com\/de\/wp-json\/wp\/v2\/product_cat?post=9455"},{"taxonomy":"product_tag","embeddable":true,"href":"https:\/\/twinpol.com\/de\/wp-json\/wp\/v2\/product_tag?post=9455"}],"curies":[{"name":"wp","href":"https:\/\/api.w.org\/{rel}","templated":true}]}}