{"id":9465,"date":"2023-01-11T07:28:44","date_gmt":"2023-01-11T07:28:44","guid":{"rendered":"https:\/\/twinpol.com\/?post_type=product&#038;p=9465"},"modified":"2023-05-04T07:16:16","modified_gmt":"2023-05-04T07:16:16","slug":"itseptic-disinfectant-cleaner-5000-ml","status":"publish","type":"product","link":"https:\/\/twinpol.com\/de\/produkt\/itseptisches-desinfektionsmittel-reinigungsmittel-5000-ml\/","title":{"rendered":"ITSEPTIC Desinfektionsreiniger 5000 ml, alkoholfrei"},"content":{"rendered":"<p><html><br \/>\n<head><br \/>\n\t<meta charset=\"UTF-8\"><br \/>\n\t<title>ITSEPTIC Disinfectant Cleaner - Alkoholfreier Desinfektionsreiniger<\/title><br \/>\n\t<meta name=\"description\" content=\"Halten Sie Ihren Raum sauber und sicher mit ITSEPTIC Disinfectant Cleaner - einem alkoholfreien und wirksamen Desinfektionsreiniger.\"><br \/>\n<\/head><br \/>\n<body><\/p>\n<h1>ITSEPTIC Desinfektionsmittel-Reiniger<\/h1>\n<div class=\"breadcrumbs\">\n  <a href=\"\/de\/\">Startseite<\/a> > <a href=\"\/de\/products\/\">Produkte<\/a> > <a href=\"\/de\/product-category\/disinfectants\/\">Desinfektionsmittel<\/a> >\n<\/div>\n<h2>Alkoholfrei und wirkungsvoll<\/h2>\n<p>Halten Sie Ihr Zuhause oder B\u00fcro sauber und sicher mit ITSEPTIC Desinfektionsreiniger. Unsere alkoholfreie Formel ist sanft zu Oberfl\u00e4chen, aber hart gegen Keime, Bakterien und Viren. Sie k\u00f6nnen darauf vertrauen, dass unser Desinfektionsreiniger Ihre R\u00e4ume gesund und frei von sch\u00e4dlichen Mikroorganismen h\u00e4lt.<\/p>\n<h2>5000 ml Volumen<\/h2>\n<p>Mit dem ITSEPTIC Desinfektionsreiniger bekommen Sie mehr f\u00fcr Ihr Geld. Unser Desinfektionsreiniger hat ein gro\u00dfes Fassungsverm\u00f6gen von 5000 ml und ist damit ideal f\u00fcr den Einsatz in gewerblichen und stark frequentierten Bereichen. Sie m\u00fcssen sich keine Sorgen mehr machen, dass Ihnen der Desinfektionsreiniger bald ausgeht.<\/p>\n<h2>Vorteile<\/h2>\n<ul>\n<li>Alkoholfreie Formel<\/li>\n<li>Wirksam gegen Keime, Bakterien und Viren<\/li>\n<li>Schonend f\u00fcr Oberfl\u00e4chen<\/li>\n<li>H\u00e4lt Ihren Raum gesund und sicher<\/li>\n<li>5000 ml Volumen<\/li>\n<li>Ideal f\u00fcr gewerbliche und stark frequentierte Bereiche<\/li>\n<li>Langlebig<\/li>\n<\/ul>\n<p><\/body><br \/>\n<\/html><\/p>","protected":false},"excerpt":{"rendered":"<p>ITSEPTIC Desinfektionsreiniger - Alkoholfreier Desinfektionsreiniger ITSEPTIC Desinfektionsreiniger Home &gt; Produkte &gt; Desinfektionsmittel &gt; Alkoholfrei und wirkungsvoll halten<\/p>","protected":false},"featured_media":10075,"template":"","meta":[],"product_brand":[],"product_cat":[194],"product_tag":[],"class_list":{"0":"post-9465","1":"product","2":"type-product","3":"status-publish","4":"has-post-thumbnail","6":"product_cat-disinfectants","8":"first","9":"instock","10":"shipping-taxable","11":"product-type-simple"},"yoast_head":"<!-- This site is optimized with the Yoast SEO plugin v27.3 - https:\/\/yoast.com\/product\/yoast-seo-wordpress\/ -->\n<title>ITSEPTIC Disinfectant cleaner 5000 ml, alcohol-free - TwinPol<\/title>\n<meta name=\"robots\" content=\"index, follow, max-snippet:-1, max-image-preview:large, max-video-preview:-1\" \/>\n<link rel=\"canonical\" href=\"https:\/\/twinpol.com\/de\/produkt\/itseptisches-desinfektionsmittel-reinigungsmittel-5000-ml\/\" \/>\n<meta property=\"og:locale\" content=\"de_DE\" \/>\n<meta property=\"og:type\" content=\"article\" \/>\n<meta property=\"og:title\" content=\"ITSEPTIC Disinfectant cleaner 5000 ml, alcohol-free - TwinPol\" \/>\n<meta property=\"og:description\" content=\"ITSEPTIC Disinfectant Cleaner &#8211; Alcohol-Free Disinfectant Cleaner ITSEPTIC Disinfectant Cleaner Home &gt; Products &gt; Disinfecants &gt; Alcohol-Free and Effective Keep\" \/>\n<meta property=\"og:url\" content=\"https:\/\/twinpol.com\/de\/produkt\/itseptisches-desinfektionsmittel-reinigungsmittel-5000-ml\/\" \/>\n<meta property=\"og:site_name\" content=\"TwinPol\" \/>\n<meta property=\"article:modified_time\" content=\"2023-05-04T07:16:16+00:00\" \/>\n<meta property=\"og:image\" content=\"https:\/\/twinpol.com\/wp-content\/uploads\/2023\/01\/RE02619_Wizualizacja_www.png\" \/>\n\t<meta property=\"og:image:width\" content=\"800\" \/>\n\t<meta property=\"og:image:height\" content=\"800\" \/>\n\t<meta property=\"og:image:type\" content=\"image\/png\" \/>\n<meta name=\"twitter:card\" content=\"summary_large_image\" \/>\n<meta name=\"twitter:label1\" content=\"Gesch\u00e4tzte Lesezeit\" \/>\n\t<meta name=\"twitter:data1\" content=\"1\u00a0Minute\" \/>\n<script type=\"application\/ld+json\" class=\"yoast-schema-graph\">{\"@context\":\"https:\\\/\\\/schema.org\",\"@graph\":[{\"@type\":\"WebPage\",\"@id\":\"https:\\\/\\\/twinpol.com\\\/product\\\/itseptic-disinfectant-cleaner-5000-ml\\\/\",\"url\":\"https:\\\/\\\/twinpol.com\\\/product\\\/itseptic-disinfectant-cleaner-5000-ml\\\/\",\"name\":\"ITSEPTIC Disinfectant cleaner 5000 ml, alcohol-free - TwinPol\",\"isPartOf\":{\"@id\":\"https:\\\/\\\/twinpol.com\\\/#website\"},\"primaryImageOfPage\":{\"@id\":\"https:\\\/\\\/twinpol.com\\\/product\\\/itseptic-disinfectant-cleaner-5000-ml\\\/#primaryimage\"},\"image\":{\"@id\":\"https:\\\/\\\/twinpol.com\\\/product\\\/itseptic-disinfectant-cleaner-5000-ml\\\/#primaryimage\"},\"thumbnailUrl\":\"https:\\\/\\\/twinpol.com\\\/wp-content\\\/uploads\\\/2023\\\/01\\\/RE02619_Wizualizacja_www.png\",\"datePublished\":\"2023-01-11T07:28:44+00:00\",\"dateModified\":\"2023-05-04T07:16:16+00:00\",\"breadcrumb\":{\"@id\":\"https:\\\/\\\/twinpol.com\\\/product\\\/itseptic-disinfectant-cleaner-5000-ml\\\/#breadcrumb\"},\"inLanguage\":\"de\",\"potentialAction\":[{\"@type\":\"ReadAction\",\"target\":[\"https:\\\/\\\/twinpol.com\\\/product\\\/itseptic-disinfectant-cleaner-5000-ml\\\/\"]}]},{\"@type\":\"ImageObject\",\"inLanguage\":\"de\",\"@id\":\"https:\\\/\\\/twinpol.com\\\/product\\\/itseptic-disinfectant-cleaner-5000-ml\\\/#primaryimage\",\"url\":\"https:\\\/\\\/twinpol.com\\\/wp-content\\\/uploads\\\/2023\\\/01\\\/RE02619_Wizualizacja_www.png\",\"contentUrl\":\"https:\\\/\\\/twinpol.com\\\/wp-content\\\/uploads\\\/2023\\\/01\\\/RE02619_Wizualizacja_www.png\",\"width\":800,\"height\":800},{\"@type\":\"BreadcrumbList\",\"@id\":\"https:\\\/\\\/twinpol.com\\\/product\\\/itseptic-disinfectant-cleaner-5000-ml\\\/#breadcrumb\",\"itemListElement\":[{\"@type\":\"ListItem\",\"position\":1,\"name\":\"Home\",\"item\":\"https:\\\/\\\/twinpol.com\\\/\"},{\"@type\":\"ListItem\",\"position\":2,\"name\":\"Products\",\"item\":\"https:\\\/\\\/twinpol.com\\\/products\\\/\"},{\"@type\":\"ListItem\",\"position\":3,\"name\":\"ITSEPTIC Disinfectant cleaner 5000 ml, alcohol-free\"}]},{\"@type\":\"WebSite\",\"@id\":\"https:\\\/\\\/twinpol.com\\\/#website\",\"url\":\"https:\\\/\\\/twinpol.com\\\/\",\"name\":\"Twinpol\",\"description\":\"Cleaning Supplies\",\"publisher\":{\"@id\":\"https:\\\/\\\/twinpol.com\\\/#organization\"},\"potentialAction\":[{\"@type\":\"SearchAction\",\"target\":{\"@type\":\"EntryPoint\",\"urlTemplate\":\"https:\\\/\\\/twinpol.com\\\/?s={search_term_string}\"},\"query-input\":{\"@type\":\"PropertyValueSpecification\",\"valueRequired\":true,\"valueName\":\"search_term_string\"}}],\"inLanguage\":\"de\"},{\"@type\":\"Organization\",\"@id\":\"https:\\\/\\\/twinpol.com\\\/#organization\",\"name\":\"Twinpol\",\"url\":\"https:\\\/\\\/twinpol.com\\\/\",\"logo\":{\"@type\":\"ImageObject\",\"inLanguage\":\"de\",\"@id\":\"https:\\\/\\\/twinpol.com\\\/#\\\/schema\\\/logo\\\/image\\\/\",\"url\":\"https:\\\/\\\/twinpol.com\\\/wp-content\\\/uploads\\\/2022\\\/10\\\/cropped-favicon.png\",\"contentUrl\":\"https:\\\/\\\/twinpol.com\\\/wp-content\\\/uploads\\\/2022\\\/10\\\/cropped-favicon.png\",\"width\":512,\"height\":512,\"caption\":\"Twinpol\"},\"image\":{\"@id\":\"https:\\\/\\\/twinpol.com\\\/#\\\/schema\\\/logo\\\/image\\\/\"}}]}<\/script>\n<!-- \/ Yoast SEO plugin. -->","yoast_head_json":{"title":"ITSEPTIC Desinfektionsreiniger 5000 ml, alkoholfrei - TwinPol","robots":{"index":"index","follow":"follow","max-snippet":"max-snippet:-1","max-image-preview":"max-image-preview:large","max-video-preview":"max-video-preview:-1"},"canonical":"https:\/\/twinpol.com\/de\/produkt\/itseptisches-desinfektionsmittel-reinigungsmittel-5000-ml\/","og_locale":"de_DE","og_type":"article","og_title":"ITSEPTIC Disinfectant cleaner 5000 ml, alcohol-free - TwinPol","og_description":"ITSEPTIC Disinfectant Cleaner &#8211; Alcohol-Free Disinfectant Cleaner ITSEPTIC Disinfectant Cleaner Home > Products > Disinfecants > Alcohol-Free and Effective Keep","og_url":"https:\/\/twinpol.com\/de\/produkt\/itseptisches-desinfektionsmittel-reinigungsmittel-5000-ml\/","og_site_name":"TwinPol","article_modified_time":"2023-05-04T07:16:16+00:00","og_image":[{"width":800,"height":800,"url":"https:\/\/twinpol.com\/wp-content\/uploads\/2023\/01\/RE02619_Wizualizacja_www.png","type":"image\/png"}],"twitter_card":"summary_large_image","twitter_misc":{"Gesch\u00e4tzte Lesezeit":"1\u00a0Minute"},"schema":{"@context":"https:\/\/schema.org","@graph":[{"@type":"WebPage","@id":"https:\/\/twinpol.com\/product\/itseptic-disinfectant-cleaner-5000-ml\/","url":"https:\/\/twinpol.com\/product\/itseptic-disinfectant-cleaner-5000-ml\/","name":"ITSEPTIC Desinfektionsreiniger 5000 ml, alkoholfrei - TwinPol","isPartOf":{"@id":"https:\/\/twinpol.com\/#website"},"primaryImageOfPage":{"@id":"https:\/\/twinpol.com\/product\/itseptic-disinfectant-cleaner-5000-ml\/#primaryimage"},"image":{"@id":"https:\/\/twinpol.com\/product\/itseptic-disinfectant-cleaner-5000-ml\/#primaryimage"},"thumbnailUrl":"https:\/\/twinpol.com\/wp-content\/uploads\/2023\/01\/RE02619_Wizualizacja_www.png","datePublished":"2023-01-11T07:28:44+00:00","dateModified":"2023-05-04T07:16:16+00:00","breadcrumb":{"@id":"https:\/\/twinpol.com\/product\/itseptic-disinfectant-cleaner-5000-ml\/#breadcrumb"},"inLanguage":"de","potentialAction":[{"@type":"ReadAction","target":["https:\/\/twinpol.com\/product\/itseptic-disinfectant-cleaner-5000-ml\/"]}]},{"@type":"ImageObject","inLanguage":"de","@id":"https:\/\/twinpol.com\/product\/itseptic-disinfectant-cleaner-5000-ml\/#primaryimage","url":"https:\/\/twinpol.com\/wp-content\/uploads\/2023\/01\/RE02619_Wizualizacja_www.png","contentUrl":"https:\/\/twinpol.com\/wp-content\/uploads\/2023\/01\/RE02619_Wizualizacja_www.png","width":800,"height":800},{"@type":"BreadcrumbList","@id":"https:\/\/twinpol.com\/product\/itseptic-disinfectant-cleaner-5000-ml\/#breadcrumb","itemListElement":[{"@type":"ListItem","position":1,"name":"Home","item":"https:\/\/twinpol.com\/"},{"@type":"ListItem","position":2,"name":"Products","item":"https:\/\/twinpol.com\/products\/"},{"@type":"ListItem","position":3,"name":"ITSEPTIC Disinfectant cleaner 5000 ml, alcohol-free"}]},{"@type":"WebSite","@id":"https:\/\/twinpol.com\/#website","url":"https:\/\/twinpol.com\/","name":"Twinpol","description":"Reinigungsmittel","publisher":{"@id":"https:\/\/twinpol.com\/#organization"},"potentialAction":[{"@type":"SearchAction","target":{"@type":"EntryPoint","urlTemplate":"https:\/\/twinpol.com\/?s={search_term_string}"},"query-input":{"@type":"PropertyValueSpecification","valueRequired":true,"valueName":"search_term_string"}}],"inLanguage":"de"},{"@type":"Organization","@id":"https:\/\/twinpol.com\/#organization","name":"Twinpol","url":"https:\/\/twinpol.com\/","logo":{"@type":"ImageObject","inLanguage":"de","@id":"https:\/\/twinpol.com\/#\/schema\/logo\/image\/","url":"https:\/\/twinpol.com\/wp-content\/uploads\/2022\/10\/cropped-favicon.png","contentUrl":"https:\/\/twinpol.com\/wp-content\/uploads\/2022\/10\/cropped-favicon.png","width":512,"height":512,"caption":"Twinpol"},"image":{"@id":"https:\/\/twinpol.com\/#\/schema\/logo\/image\/"}}]}},"_links":{"self":[{"href":"https:\/\/twinpol.com\/de\/wp-json\/wp\/v2\/product\/9465","targetHints":{"allow":["GET"]}}],"collection":[{"href":"https:\/\/twinpol.com\/de\/wp-json\/wp\/v2\/product"}],"about":[{"href":"https:\/\/twinpol.com\/de\/wp-json\/wp\/v2\/types\/product"}],"wp:featuredmedia":[{"embeddable":true,"href":"https:\/\/twinpol.com\/de\/wp-json\/wp\/v2\/media\/10075"}],"wp:attachment":[{"href":"https:\/\/twinpol.com\/de\/wp-json\/wp\/v2\/media?parent=9465"}],"wp:term":[{"taxonomy":"product_brand","embeddable":true,"href":"https:\/\/twinpol.com\/de\/wp-json\/wp\/v2\/product_brand?post=9465"},{"taxonomy":"product_cat","embeddable":true,"href":"https:\/\/twinpol.com\/de\/wp-json\/wp\/v2\/product_cat?post=9465"},{"taxonomy":"product_tag","embeddable":true,"href":"https:\/\/twinpol.com\/de\/wp-json\/wp\/v2\/product_tag?post=9465"}],"curies":[{"name":"wp","href":"https:\/\/api.w.org\/{rel}","templated":true}]}}