{"id":9487,"date":"2023-01-13T05:55:40","date_gmt":"2023-01-13T05:55:40","guid":{"rendered":"https:\/\/twinpol.com\/?post_type=product&#038;p=9487"},"modified":"2023-10-26T12:27:06","modified_gmt":"2023-10-26T12:27:06","slug":"glasses-cleaning-kit-2-in-1","status":"publish","type":"product","link":"https:\/\/twinpol.com\/de\/produkt\/brillen-reinigungs-kit-2-in-1\/","title":{"rendered":"Brillenreinigungsset 2in1"},"content":{"rendered":"<p><html><br \/>\n<head><br \/>\n\t<meta charset=\"UTF-8\"><br \/>\n\t<title>Brillenreinigungsset - der beste Weg, um Ihre Brille sauber zu halten<\/title><br \/>\n\t<meta name=\"description\" content=\"Mit unserem Brillenreinigungsset wird Ihre Brille wieder makellos. Dieses Set besteht aus 50 ml Fl\u00fcssigkeit und einem Mikrofasertuch und ist damit die beste Art, Ihre Brille sauber zu halten.\"><br \/>\n<\/head><br \/>\n<body><\/p>\n<h1>Brillenreinigungsset<\/h1>\n<div class=\"breadcrumbs\">\n  <a href=\"\/de\/\">Startseite<\/a> > <a href=\"https:\/\/twinpol.com\/de\/products\/\">Produkte<\/a> > <a href=\"\/de\/product-category\/glasses-lens-cleaners\/\">Brillen\/Glasreiniger<\/a> >\n<\/div>\n<h2>Kristallklare Sicht<\/h2>\n<p>Halten Sie Ihre Brille sauber und kristallklar mit unserem Brillenreinigungsset. Dieses Kit ist perfekt f\u00fcr jeden, der eine Brille, Sonnenbrille oder eine andere Art von Brille tr\u00e4gt. Mit unserem Kit k\u00f6nnen Sie ganz einfach Flecken, Schmutz und Fingerabdr\u00fccke von Ihren Brillengl\u00e4sern entfernen, sodass diese kristallklar und streifenfrei bleiben.<\/p>\n<h2>Bequem und tragbar<\/h2>\n<p>Unser Brillenreinigungsset ist perfekt f\u00fcr unterwegs. Die 50-ml-Flasche und das Mikrofasertuch sind klein genug, um in Ihre Tasche, Ihr Portemonnaie oder Ihren Rucksack zu passen. So k\u00f6nnen Sie Ihre Brille ganz einfach reinigen, wann und wo immer Sie wollen. Die Fl\u00fcssigkeit wurde speziell entwickelt, um Ihre Brille zu reinigen, ohne sie zu besch\u00e4digen, und das Mikrofasertuch ist sanft zu Ihren Gl\u00e4sern.<\/p>\n<h2>Vorteile<\/h2>\n<ul>\n<li>Schnelle und einfache Reinigung<\/li>\n<li>Sicher f\u00fcr alle Arten von Brillen<\/li>\n<li>Schlierenfreie und kristallklare Ergebnisse<\/li>\n<li>Bequem und tragbar<\/li>\n<\/ul>\n<h2>Das Kit enth\u00e4lt:<\/h2>\n<ul>\n<li>Brillenreinigungsfl\u00fcssigkeit 50 ml<\/li>\n<li>Mikrofasertuch 20 x 10 xm<\/li>\n<\/ul>\n<p><\/body><br \/>\n<\/html><\/p>","protected":false},"excerpt":{"rendered":"<p>Brillenreinigungsset - der beste Weg, Ihre Brille sauber zu halten Brillenreinigungsset Home &gt; Produkte &gt; Brillen-\/Glasreiniger<\/p>","protected":false},"featured_media":19970,"template":"","meta":[],"product_brand":[],"product_cat":[337],"product_tag":[],"class_list":{"0":"post-9487","1":"product","2":"type-product","3":"status-publish","4":"has-post-thumbnail","6":"product_cat-glasses-lens-cleaners","8":"first","9":"instock","10":"shipping-taxable","11":"purchasable","12":"product-type-simple"},"yoast_head":"<!-- This site is optimized with the Yoast SEO plugin v27.3 - https:\/\/yoast.com\/product\/yoast-seo-wordpress\/ -->\n<title>Glasses cleaning kit 2in1 - TwinPol<\/title>\n<meta name=\"robots\" content=\"index, follow, max-snippet:-1, max-image-preview:large, max-video-preview:-1\" \/>\n<link rel=\"canonical\" href=\"https:\/\/twinpol.com\/de\/produkt\/brillen-reinigungs-kit-2-in-1\/\" \/>\n<meta property=\"og:locale\" content=\"de_DE\" \/>\n<meta property=\"og:type\" content=\"article\" \/>\n<meta property=\"og:title\" content=\"Glasses cleaning kit 2in1 - TwinPol\" \/>\n<meta property=\"og:description\" content=\"Glasses Cleaning Kit &#8211; Best Way to Keep Your Glasses Clean Glasses Cleaning Kit Home &gt; Products &gt; Glasses\/Lens cleaner\" \/>\n<meta property=\"og:url\" content=\"https:\/\/twinpol.com\/de\/produkt\/brillen-reinigungs-kit-2-in-1\/\" \/>\n<meta property=\"og:site_name\" content=\"TwinPol\" \/>\n<meta property=\"article:modified_time\" content=\"2023-10-26T12:27:06+00:00\" \/>\n<meta property=\"og:image\" content=\"https:\/\/twinpol.com\/wp-content\/uploads\/2023\/01\/FR00081_T_kit_box_Wizualizacja_high-800x800.png\" \/>\n\t<meta property=\"og:image:width\" content=\"800\" \/>\n\t<meta property=\"og:image:height\" content=\"800\" \/>\n\t<meta property=\"og:image:type\" content=\"image\/png\" \/>\n<meta name=\"twitter:card\" content=\"summary_large_image\" \/>\n<meta name=\"twitter:label1\" content=\"Gesch\u00e4tzte Lesezeit\" \/>\n\t<meta name=\"twitter:data1\" content=\"1\u00a0Minute\" \/>\n<script type=\"application\/ld+json\" class=\"yoast-schema-graph\">{\"@context\":\"https:\\\/\\\/schema.org\",\"@graph\":[{\"@type\":\"WebPage\",\"@id\":\"https:\\\/\\\/twinpol.com\\\/product\\\/glasses-cleaning-kit-2-in-1\\\/\",\"url\":\"https:\\\/\\\/twinpol.com\\\/product\\\/glasses-cleaning-kit-2-in-1\\\/\",\"name\":\"Glasses cleaning kit 2in1 - TwinPol\",\"isPartOf\":{\"@id\":\"https:\\\/\\\/twinpol.com\\\/#website\"},\"primaryImageOfPage\":{\"@id\":\"https:\\\/\\\/twinpol.com\\\/product\\\/glasses-cleaning-kit-2-in-1\\\/#primaryimage\"},\"image\":{\"@id\":\"https:\\\/\\\/twinpol.com\\\/product\\\/glasses-cleaning-kit-2-in-1\\\/#primaryimage\"},\"thumbnailUrl\":\"https:\\\/\\\/twinpol.com\\\/wp-content\\\/uploads\\\/2023\\\/01\\\/FR00081_T_kit_box_Wizualizacja_high.png\",\"datePublished\":\"2023-01-13T05:55:40+00:00\",\"dateModified\":\"2023-10-26T12:27:06+00:00\",\"breadcrumb\":{\"@id\":\"https:\\\/\\\/twinpol.com\\\/product\\\/glasses-cleaning-kit-2-in-1\\\/#breadcrumb\"},\"inLanguage\":\"de\",\"potentialAction\":[{\"@type\":\"ReadAction\",\"target\":[\"https:\\\/\\\/twinpol.com\\\/product\\\/glasses-cleaning-kit-2-in-1\\\/\"]}]},{\"@type\":\"ImageObject\",\"inLanguage\":\"de\",\"@id\":\"https:\\\/\\\/twinpol.com\\\/product\\\/glasses-cleaning-kit-2-in-1\\\/#primaryimage\",\"url\":\"https:\\\/\\\/twinpol.com\\\/wp-content\\\/uploads\\\/2023\\\/01\\\/FR00081_T_kit_box_Wizualizacja_high.png\",\"contentUrl\":\"https:\\\/\\\/twinpol.com\\\/wp-content\\\/uploads\\\/2023\\\/01\\\/FR00081_T_kit_box_Wizualizacja_high.png\",\"width\":2500,\"height\":2500},{\"@type\":\"BreadcrumbList\",\"@id\":\"https:\\\/\\\/twinpol.com\\\/product\\\/glasses-cleaning-kit-2-in-1\\\/#breadcrumb\",\"itemListElement\":[{\"@type\":\"ListItem\",\"position\":1,\"name\":\"Home\",\"item\":\"https:\\\/\\\/twinpol.com\\\/\"},{\"@type\":\"ListItem\",\"position\":2,\"name\":\"Products\",\"item\":\"https:\\\/\\\/twinpol.com\\\/products\\\/\"},{\"@type\":\"ListItem\",\"position\":3,\"name\":\"Glasses cleaning kit 2in1\"}]},{\"@type\":\"WebSite\",\"@id\":\"https:\\\/\\\/twinpol.com\\\/#website\",\"url\":\"https:\\\/\\\/twinpol.com\\\/\",\"name\":\"Twinpol\",\"description\":\"Cleaning Supplies\",\"publisher\":{\"@id\":\"https:\\\/\\\/twinpol.com\\\/#organization\"},\"potentialAction\":[{\"@type\":\"SearchAction\",\"target\":{\"@type\":\"EntryPoint\",\"urlTemplate\":\"https:\\\/\\\/twinpol.com\\\/?s={search_term_string}\"},\"query-input\":{\"@type\":\"PropertyValueSpecification\",\"valueRequired\":true,\"valueName\":\"search_term_string\"}}],\"inLanguage\":\"de\"},{\"@type\":\"Organization\",\"@id\":\"https:\\\/\\\/twinpol.com\\\/#organization\",\"name\":\"Twinpol\",\"url\":\"https:\\\/\\\/twinpol.com\\\/\",\"logo\":{\"@type\":\"ImageObject\",\"inLanguage\":\"de\",\"@id\":\"https:\\\/\\\/twinpol.com\\\/#\\\/schema\\\/logo\\\/image\\\/\",\"url\":\"https:\\\/\\\/twinpol.com\\\/wp-content\\\/uploads\\\/2022\\\/10\\\/cropped-favicon.png\",\"contentUrl\":\"https:\\\/\\\/twinpol.com\\\/wp-content\\\/uploads\\\/2022\\\/10\\\/cropped-favicon.png\",\"width\":512,\"height\":512,\"caption\":\"Twinpol\"},\"image\":{\"@id\":\"https:\\\/\\\/twinpol.com\\\/#\\\/schema\\\/logo\\\/image\\\/\"}}]}<\/script>\n<!-- \/ Yoast SEO plugin. -->","yoast_head_json":{"title":"Brillenreinigungsset 2in1 - TwinPol","robots":{"index":"index","follow":"follow","max-snippet":"max-snippet:-1","max-image-preview":"max-image-preview:large","max-video-preview":"max-video-preview:-1"},"canonical":"https:\/\/twinpol.com\/de\/produkt\/brillen-reinigungs-kit-2-in-1\/","og_locale":"de_DE","og_type":"article","og_title":"Glasses cleaning kit 2in1 - TwinPol","og_description":"Glasses Cleaning Kit &#8211; Best Way to Keep Your Glasses Clean Glasses Cleaning Kit Home > Products > Glasses\/Lens cleaner","og_url":"https:\/\/twinpol.com\/de\/produkt\/brillen-reinigungs-kit-2-in-1\/","og_site_name":"TwinPol","article_modified_time":"2023-10-26T12:27:06+00:00","og_image":[{"width":800,"height":800,"url":"https:\/\/twinpol.com\/wp-content\/uploads\/2023\/01\/FR00081_T_kit_box_Wizualizacja_high-800x800.png","type":"image\/png"}],"twitter_card":"summary_large_image","twitter_misc":{"Gesch\u00e4tzte Lesezeit":"1\u00a0Minute"},"schema":{"@context":"https:\/\/schema.org","@graph":[{"@type":"WebPage","@id":"https:\/\/twinpol.com\/product\/glasses-cleaning-kit-2-in-1\/","url":"https:\/\/twinpol.com\/product\/glasses-cleaning-kit-2-in-1\/","name":"Brillenreinigungsset 2in1 - TwinPol","isPartOf":{"@id":"https:\/\/twinpol.com\/#website"},"primaryImageOfPage":{"@id":"https:\/\/twinpol.com\/product\/glasses-cleaning-kit-2-in-1\/#primaryimage"},"image":{"@id":"https:\/\/twinpol.com\/product\/glasses-cleaning-kit-2-in-1\/#primaryimage"},"thumbnailUrl":"https:\/\/twinpol.com\/wp-content\/uploads\/2023\/01\/FR00081_T_kit_box_Wizualizacja_high.png","datePublished":"2023-01-13T05:55:40+00:00","dateModified":"2023-10-26T12:27:06+00:00","breadcrumb":{"@id":"https:\/\/twinpol.com\/product\/glasses-cleaning-kit-2-in-1\/#breadcrumb"},"inLanguage":"de","potentialAction":[{"@type":"ReadAction","target":["https:\/\/twinpol.com\/product\/glasses-cleaning-kit-2-in-1\/"]}]},{"@type":"ImageObject","inLanguage":"de","@id":"https:\/\/twinpol.com\/product\/glasses-cleaning-kit-2-in-1\/#primaryimage","url":"https:\/\/twinpol.com\/wp-content\/uploads\/2023\/01\/FR00081_T_kit_box_Wizualizacja_high.png","contentUrl":"https:\/\/twinpol.com\/wp-content\/uploads\/2023\/01\/FR00081_T_kit_box_Wizualizacja_high.png","width":2500,"height":2500},{"@type":"BreadcrumbList","@id":"https:\/\/twinpol.com\/product\/glasses-cleaning-kit-2-in-1\/#breadcrumb","itemListElement":[{"@type":"ListItem","position":1,"name":"Home","item":"https:\/\/twinpol.com\/"},{"@type":"ListItem","position":2,"name":"Products","item":"https:\/\/twinpol.com\/products\/"},{"@type":"ListItem","position":3,"name":"Glasses cleaning kit 2in1"}]},{"@type":"WebSite","@id":"https:\/\/twinpol.com\/#website","url":"https:\/\/twinpol.com\/","name":"Twinpol","description":"Reinigungsmittel","publisher":{"@id":"https:\/\/twinpol.com\/#organization"},"potentialAction":[{"@type":"SearchAction","target":{"@type":"EntryPoint","urlTemplate":"https:\/\/twinpol.com\/?s={search_term_string}"},"query-input":{"@type":"PropertyValueSpecification","valueRequired":true,"valueName":"search_term_string"}}],"inLanguage":"de"},{"@type":"Organization","@id":"https:\/\/twinpol.com\/#organization","name":"Twinpol","url":"https:\/\/twinpol.com\/","logo":{"@type":"ImageObject","inLanguage":"de","@id":"https:\/\/twinpol.com\/#\/schema\/logo\/image\/","url":"https:\/\/twinpol.com\/wp-content\/uploads\/2022\/10\/cropped-favicon.png","contentUrl":"https:\/\/twinpol.com\/wp-content\/uploads\/2022\/10\/cropped-favicon.png","width":512,"height":512,"caption":"Twinpol"},"image":{"@id":"https:\/\/twinpol.com\/#\/schema\/logo\/image\/"}}]}},"_links":{"self":[{"href":"https:\/\/twinpol.com\/de\/wp-json\/wp\/v2\/product\/9487","targetHints":{"allow":["GET"]}}],"collection":[{"href":"https:\/\/twinpol.com\/de\/wp-json\/wp\/v2\/product"}],"about":[{"href":"https:\/\/twinpol.com\/de\/wp-json\/wp\/v2\/types\/product"}],"wp:featuredmedia":[{"embeddable":true,"href":"https:\/\/twinpol.com\/de\/wp-json\/wp\/v2\/media\/19970"}],"wp:attachment":[{"href":"https:\/\/twinpol.com\/de\/wp-json\/wp\/v2\/media?parent=9487"}],"wp:term":[{"taxonomy":"product_brand","embeddable":true,"href":"https:\/\/twinpol.com\/de\/wp-json\/wp\/v2\/product_brand?post=9487"},{"taxonomy":"product_cat","embeddable":true,"href":"https:\/\/twinpol.com\/de\/wp-json\/wp\/v2\/product_cat?post=9487"},{"taxonomy":"product_tag","embeddable":true,"href":"https:\/\/twinpol.com\/de\/wp-json\/wp\/v2\/product_tag?post=9487"}],"curies":[{"name":"wp","href":"https:\/\/api.w.org\/{rel}","templated":true}]}}