{"id":9591,"date":"2023-01-23T14:04:59","date_gmt":"2023-01-23T14:04:59","guid":{"rendered":"https:\/\/twinpol.com\/?post_type=product&#038;p=9591"},"modified":"2023-10-26T12:31:28","modified_gmt":"2023-10-26T12:31:28","slug":"screen-cleaning-kit-2in1-250-ml","status":"publish","type":"product","link":"https:\/\/twinpol.com\/de\/produkt\/tv-reinigungs-set-fur-lcd-led-oled-tablet-plasma-tv-bildschirme-2in1-250-ml-fluid-mikrofaser-20x20-cm-box\/","title":{"rendered":"Bildschirmreinigungsset, 2in1"},"content":{"rendered":"<p><html><br \/>\n<head><br \/>\n\t<meta charset=\"UTF-8\"><br \/>\n\t<title>Bildschirm-Reinigungsset<\/title><br \/>\n\t<meta name=\"description\" content=\"Halten Sie Ihren Bildschirm mit unserem Bildschirmreinigungsset sauber und wischfest.\"><br \/>\n<\/head><br \/>\n<body><\/p>\n<h1>Bildschirm-Reinigungsset<\/h1>\n<div class=\"breadcrumbs\">\n  <a href=\"\/de\/\">Startseite<\/a> > <a href=\"\/de\/products\/\">Produkte<\/a> > <a href=\"\/de\/product-category\/screen\/\">Bildschirmreiniger<\/a> >\n<\/div>\n<h2>Effektive und bequeme L\u00f6sung zur Bildschirmreinigung<\/h2>\n<p>Unser Bildschirmreinigungsset ist die perfekte L\u00f6sung, um Ihre Bildschirme sauber und wischfest zu halten. Ganz gleich, ob es sich um Ihren Computerbildschirm, Ihr Smartphone oder Ihr Tablet handelt, unser Kit enth\u00e4lt alles, was Sie brauchen, um Fingerabdr\u00fccke, Staub und andere Verunreinigungen, die sich auf Ihren Bildschirmen ablagern k\u00f6nnen, zu entfernen.<\/p>\n<p>Das Kit enth\u00e4lt eine fl\u00fcssige L\u00f6sung und ein Mikrofasertuch, die beide so konzipiert sind, dass sie Ihre Bildschirme schonen und gleichzeitig Schmutz und Verunreinigungen effektiv entfernen. Die Fl\u00fcssigkeit ist speziell formuliert, um f\u00fcr alle Arten von Bildschirmen geeignet zu sein, und das Tuch ist weich und nicht scheuernd, sodass Sie sich keine Sorgen \u00fcber Kratzer oder andere Sch\u00e4den machen m\u00fcssen.<\/p>\n<h2>Vorteile<\/h2>\n<ul>\n<li>Schnelle und einfache Reinigung Ihrer Bildschirme<\/li>\n<li>Entfernt wirksam Fingerabdr\u00fccke, Staub und andere Verunreinigungen<\/li>\n<li>Sicher f\u00fcr die Verwendung auf allen Arten von Bildschirmen<\/li>\n<li>Nicht scheuerndes Mikrofasertuch zerkratzt Ihre Bildschirme nicht<\/li>\n<li>Kompaktes und praktisches Set f\u00fcr die Reinigung unterwegs<\/li>\n<\/ul>\n<h2>Das Kit enth\u00e4lt:<\/h2>\n<ul>\n<li>Bildschirmreinigungsfl\u00fcssigkeit 250 ml<\/li>\n<li>Mikrofasertuch 20 x 20 cm<\/li>\n<\/ul>\n<p><\/body><br \/>\n<\/html><\/p>","protected":false},"excerpt":{"rendered":"<p>Bildschirm-Reinigungsset Bildschirm-Reinigungsset Home &gt; Produkte &gt; Bildschirmreiniger &gt; Effektive und bequeme L\u00f6sung zur Bildschirmreinigung Unser<\/p>","protected":false},"featured_media":9592,"template":"","meta":[],"product_brand":[],"product_cat":[197],"product_tag":[],"class_list":{"0":"post-9591","1":"product","2":"type-product","3":"status-publish","4":"has-post-thumbnail","6":"product_cat-screen","8":"first","9":"instock","10":"shipping-taxable","11":"purchasable","12":"product-type-simple"},"yoast_head":"<!-- This site is optimized with the Yoast SEO plugin v27.3 - https:\/\/yoast.com\/product\/yoast-seo-wordpress\/ -->\n<title>Screen cleaning kit, 2in1 - TwinPol<\/title>\n<meta name=\"robots\" content=\"index, follow, max-snippet:-1, max-image-preview:large, max-video-preview:-1\" \/>\n<link rel=\"canonical\" href=\"https:\/\/twinpol.com\/de\/produkt\/tv-reinigungs-set-fur-lcd-led-oled-tablet-plasma-tv-bildschirme-2in1-250-ml-fluid-mikrofaser-20x20-cm-box\/\" \/>\n<meta property=\"og:locale\" content=\"de_DE\" \/>\n<meta property=\"og:type\" content=\"article\" \/>\n<meta property=\"og:title\" content=\"Screen cleaning kit, 2in1 - TwinPol\" \/>\n<meta property=\"og:description\" content=\"Screen Cleaning Kit Screen Cleaning Kit Home &gt; Products &gt; Screen cleaner &gt; Effective and Convenient Screen Cleaning Solution Our\" \/>\n<meta property=\"og:url\" content=\"https:\/\/twinpol.com\/de\/produkt\/tv-reinigungs-set-fur-lcd-led-oled-tablet-plasma-tv-bildschirme-2in1-250-ml-fluid-mikrofaser-20x20-cm-box\/\" \/>\n<meta property=\"og:site_name\" content=\"TwinPol\" \/>\n<meta property=\"article:modified_time\" content=\"2023-10-26T12:31:28+00:00\" \/>\n<meta property=\"og:image\" content=\"https:\/\/twinpol.com\/wp-content\/uploads\/2023\/01\/FR02540_Wizualizacja.png\" \/>\n\t<meta property=\"og:image:width\" content=\"2000\" \/>\n\t<meta property=\"og:image:height\" content=\"2000\" \/>\n\t<meta property=\"og:image:type\" content=\"image\/png\" \/>\n<meta name=\"twitter:card\" content=\"summary_large_image\" \/>\n<meta name=\"twitter:label1\" content=\"Gesch\u00e4tzte Lesezeit\" \/>\n\t<meta name=\"twitter:data1\" content=\"1\u00a0Minute\" \/>\n<script type=\"application\/ld+json\" class=\"yoast-schema-graph\">{\"@context\":\"https:\\\/\\\/schema.org\",\"@graph\":[{\"@type\":\"WebPage\",\"@id\":\"https:\\\/\\\/twinpol.com\\\/product\\\/screen-cleaning-kit-2in1-250-ml\\\/\",\"url\":\"https:\\\/\\\/twinpol.com\\\/product\\\/screen-cleaning-kit-2in1-250-ml\\\/\",\"name\":\"Screen cleaning kit, 2in1 - TwinPol\",\"isPartOf\":{\"@id\":\"https:\\\/\\\/twinpol.com\\\/#website\"},\"primaryImageOfPage\":{\"@id\":\"https:\\\/\\\/twinpol.com\\\/product\\\/screen-cleaning-kit-2in1-250-ml\\\/#primaryimage\"},\"image\":{\"@id\":\"https:\\\/\\\/twinpol.com\\\/product\\\/screen-cleaning-kit-2in1-250-ml\\\/#primaryimage\"},\"thumbnailUrl\":\"https:\\\/\\\/twinpol.com\\\/wp-content\\\/uploads\\\/2023\\\/01\\\/FR02540_Wizualizacja.png\",\"datePublished\":\"2023-01-23T14:04:59+00:00\",\"dateModified\":\"2023-10-26T12:31:28+00:00\",\"breadcrumb\":{\"@id\":\"https:\\\/\\\/twinpol.com\\\/product\\\/screen-cleaning-kit-2in1-250-ml\\\/#breadcrumb\"},\"inLanguage\":\"de\",\"potentialAction\":[{\"@type\":\"ReadAction\",\"target\":[\"https:\\\/\\\/twinpol.com\\\/product\\\/screen-cleaning-kit-2in1-250-ml\\\/\"]}]},{\"@type\":\"ImageObject\",\"inLanguage\":\"de\",\"@id\":\"https:\\\/\\\/twinpol.com\\\/product\\\/screen-cleaning-kit-2in1-250-ml\\\/#primaryimage\",\"url\":\"https:\\\/\\\/twinpol.com\\\/wp-content\\\/uploads\\\/2023\\\/01\\\/FR02540_Wizualizacja.png\",\"contentUrl\":\"https:\\\/\\\/twinpol.com\\\/wp-content\\\/uploads\\\/2023\\\/01\\\/FR02540_Wizualizacja.png\",\"width\":2000,\"height\":2000},{\"@type\":\"BreadcrumbList\",\"@id\":\"https:\\\/\\\/twinpol.com\\\/product\\\/screen-cleaning-kit-2in1-250-ml\\\/#breadcrumb\",\"itemListElement\":[{\"@type\":\"ListItem\",\"position\":1,\"name\":\"Home\",\"item\":\"https:\\\/\\\/twinpol.com\\\/\"},{\"@type\":\"ListItem\",\"position\":2,\"name\":\"Products\",\"item\":\"https:\\\/\\\/twinpol.com\\\/products\\\/\"},{\"@type\":\"ListItem\",\"position\":3,\"name\":\"Screen cleaning kit, 2in1\"}]},{\"@type\":\"WebSite\",\"@id\":\"https:\\\/\\\/twinpol.com\\\/#website\",\"url\":\"https:\\\/\\\/twinpol.com\\\/\",\"name\":\"Twinpol\",\"description\":\"Cleaning Supplies\",\"publisher\":{\"@id\":\"https:\\\/\\\/twinpol.com\\\/#organization\"},\"potentialAction\":[{\"@type\":\"SearchAction\",\"target\":{\"@type\":\"EntryPoint\",\"urlTemplate\":\"https:\\\/\\\/twinpol.com\\\/?s={search_term_string}\"},\"query-input\":{\"@type\":\"PropertyValueSpecification\",\"valueRequired\":true,\"valueName\":\"search_term_string\"}}],\"inLanguage\":\"de\"},{\"@type\":\"Organization\",\"@id\":\"https:\\\/\\\/twinpol.com\\\/#organization\",\"name\":\"Twinpol\",\"url\":\"https:\\\/\\\/twinpol.com\\\/\",\"logo\":{\"@type\":\"ImageObject\",\"inLanguage\":\"de\",\"@id\":\"https:\\\/\\\/twinpol.com\\\/#\\\/schema\\\/logo\\\/image\\\/\",\"url\":\"https:\\\/\\\/twinpol.com\\\/wp-content\\\/uploads\\\/2022\\\/10\\\/cropped-favicon.png\",\"contentUrl\":\"https:\\\/\\\/twinpol.com\\\/wp-content\\\/uploads\\\/2022\\\/10\\\/cropped-favicon.png\",\"width\":512,\"height\":512,\"caption\":\"Twinpol\"},\"image\":{\"@id\":\"https:\\\/\\\/twinpol.com\\\/#\\\/schema\\\/logo\\\/image\\\/\"}}]}<\/script>\n<!-- \/ Yoast SEO plugin. -->","yoast_head_json":{"title":"Bildschirmreinigungsset, 2in1 - TwinPol","robots":{"index":"index","follow":"follow","max-snippet":"max-snippet:-1","max-image-preview":"max-image-preview:large","max-video-preview":"max-video-preview:-1"},"canonical":"https:\/\/twinpol.com\/de\/produkt\/tv-reinigungs-set-fur-lcd-led-oled-tablet-plasma-tv-bildschirme-2in1-250-ml-fluid-mikrofaser-20x20-cm-box\/","og_locale":"de_DE","og_type":"article","og_title":"Screen cleaning kit, 2in1 - TwinPol","og_description":"Screen Cleaning Kit Screen Cleaning Kit Home > Products > Screen cleaner > Effective and Convenient Screen Cleaning Solution Our","og_url":"https:\/\/twinpol.com\/de\/produkt\/tv-reinigungs-set-fur-lcd-led-oled-tablet-plasma-tv-bildschirme-2in1-250-ml-fluid-mikrofaser-20x20-cm-box\/","og_site_name":"TwinPol","article_modified_time":"2023-10-26T12:31:28+00:00","og_image":[{"width":2000,"height":2000,"url":"https:\/\/twinpol.com\/wp-content\/uploads\/2023\/01\/FR02540_Wizualizacja.png","type":"image\/png"}],"twitter_card":"summary_large_image","twitter_misc":{"Gesch\u00e4tzte Lesezeit":"1\u00a0Minute"},"schema":{"@context":"https:\/\/schema.org","@graph":[{"@type":"WebPage","@id":"https:\/\/twinpol.com\/product\/screen-cleaning-kit-2in1-250-ml\/","url":"https:\/\/twinpol.com\/product\/screen-cleaning-kit-2in1-250-ml\/","name":"Bildschirmreinigungsset, 2in1 - TwinPol","isPartOf":{"@id":"https:\/\/twinpol.com\/#website"},"primaryImageOfPage":{"@id":"https:\/\/twinpol.com\/product\/screen-cleaning-kit-2in1-250-ml\/#primaryimage"},"image":{"@id":"https:\/\/twinpol.com\/product\/screen-cleaning-kit-2in1-250-ml\/#primaryimage"},"thumbnailUrl":"https:\/\/twinpol.com\/wp-content\/uploads\/2023\/01\/FR02540_Wizualizacja.png","datePublished":"2023-01-23T14:04:59+00:00","dateModified":"2023-10-26T12:31:28+00:00","breadcrumb":{"@id":"https:\/\/twinpol.com\/product\/screen-cleaning-kit-2in1-250-ml\/#breadcrumb"},"inLanguage":"de","potentialAction":[{"@type":"ReadAction","target":["https:\/\/twinpol.com\/product\/screen-cleaning-kit-2in1-250-ml\/"]}]},{"@type":"ImageObject","inLanguage":"de","@id":"https:\/\/twinpol.com\/product\/screen-cleaning-kit-2in1-250-ml\/#primaryimage","url":"https:\/\/twinpol.com\/wp-content\/uploads\/2023\/01\/FR02540_Wizualizacja.png","contentUrl":"https:\/\/twinpol.com\/wp-content\/uploads\/2023\/01\/FR02540_Wizualizacja.png","width":2000,"height":2000},{"@type":"BreadcrumbList","@id":"https:\/\/twinpol.com\/product\/screen-cleaning-kit-2in1-250-ml\/#breadcrumb","itemListElement":[{"@type":"ListItem","position":1,"name":"Home","item":"https:\/\/twinpol.com\/"},{"@type":"ListItem","position":2,"name":"Products","item":"https:\/\/twinpol.com\/products\/"},{"@type":"ListItem","position":3,"name":"Screen cleaning kit, 2in1"}]},{"@type":"WebSite","@id":"https:\/\/twinpol.com\/#website","url":"https:\/\/twinpol.com\/","name":"Twinpol","description":"Reinigungsmittel","publisher":{"@id":"https:\/\/twinpol.com\/#organization"},"potentialAction":[{"@type":"SearchAction","target":{"@type":"EntryPoint","urlTemplate":"https:\/\/twinpol.com\/?s={search_term_string}"},"query-input":{"@type":"PropertyValueSpecification","valueRequired":true,"valueName":"search_term_string"}}],"inLanguage":"de"},{"@type":"Organization","@id":"https:\/\/twinpol.com\/#organization","name":"Twinpol","url":"https:\/\/twinpol.com\/","logo":{"@type":"ImageObject","inLanguage":"de","@id":"https:\/\/twinpol.com\/#\/schema\/logo\/image\/","url":"https:\/\/twinpol.com\/wp-content\/uploads\/2022\/10\/cropped-favicon.png","contentUrl":"https:\/\/twinpol.com\/wp-content\/uploads\/2022\/10\/cropped-favicon.png","width":512,"height":512,"caption":"Twinpol"},"image":{"@id":"https:\/\/twinpol.com\/#\/schema\/logo\/image\/"}}]}},"_links":{"self":[{"href":"https:\/\/twinpol.com\/de\/wp-json\/wp\/v2\/product\/9591","targetHints":{"allow":["GET"]}}],"collection":[{"href":"https:\/\/twinpol.com\/de\/wp-json\/wp\/v2\/product"}],"about":[{"href":"https:\/\/twinpol.com\/de\/wp-json\/wp\/v2\/types\/product"}],"wp:featuredmedia":[{"embeddable":true,"href":"https:\/\/twinpol.com\/de\/wp-json\/wp\/v2\/media\/9592"}],"wp:attachment":[{"href":"https:\/\/twinpol.com\/de\/wp-json\/wp\/v2\/media?parent=9591"}],"wp:term":[{"taxonomy":"product_brand","embeddable":true,"href":"https:\/\/twinpol.com\/de\/wp-json\/wp\/v2\/product_brand?post=9591"},{"taxonomy":"product_cat","embeddable":true,"href":"https:\/\/twinpol.com\/de\/wp-json\/wp\/v2\/product_cat?post=9591"},{"taxonomy":"product_tag","embeddable":true,"href":"https:\/\/twinpol.com\/de\/wp-json\/wp\/v2\/product_tag?post=9591"}],"curies":[{"name":"wp","href":"https:\/\/api.w.org\/{rel}","templated":true}]}}