{"id":9949,"date":"2023-03-30T09:19:12","date_gmt":"2023-03-30T09:19:12","guid":{"rendered":"https:\/\/twinpol.com\/?post_type=product&#038;p=9949"},"modified":"2023-12-04T12:36:07","modified_gmt":"2023-12-04T12:36:07","slug":"eco-bathroom-and-fittings-descaling-cleaner-kit","status":"publish","type":"product","link":"https:\/\/twinpol.com\/de\/produkt\/oko-badezimmer-und-armaturen-entkalkungstabletten-6-stuck-flasche-500-ml\/","title":{"rendered":"ECO Entkalkungsset f\u00fcr Badezimmer und Armaturen"},"content":{"rendered":"<p><html><br \/>\n<head><br \/>\n    <meta charset=\"UTF-8\"><br \/>\n    <meta name=\"viewport\" content=\"width=device-width, initial-scale=1.0\"><br \/>\n    <title>ECO Bad- und Armaturen-Entkalkungsreiniger-Set<\/title><br \/>\n    <meta name=\"description\" content=\"Halten Sie Ihr Bad und Ihre Armaturen mit dem ECO Entkalkungsreiniger-Kit gl\u00e4nzend. Verabschieden Sie sich von hartn\u00e4ckigen Kalk- und Mineralablagerungen.\"><br \/>\n<\/head><br \/>\n<body><\/p>\n<h1>ECO Bad- und Armaturen-Entkalkungsreiniger-Set<\/h1>\n<div class=\"breadcrumbs\">\n  <a href=\"\/de\/\">Startseite<\/a> > <a href=\"\/de\/products\/\">Produkte<\/a> > <a href=\"\/de\/product-category\/eco-products\/\">ECO-Produkte<\/a> ><a href=\"\/de\/product-category\/bathroom\/\">Badezimmer-Reiniger<\/a> > <a href=\"\/de\/product-category\/tablets\/\">Reinigungstabletten<\/a> > <a href=\"\/de\/product-category\/descalers\/\">Entkalker<\/a>\n<\/div>\n<h2>Pflegen Sie den Glanz Ihres Badezimmers<\/h2>\n<p>\n        Das ECO Bad- und Armaturen-Entkalker-Set ist Ihre L\u00f6sung f\u00fcr ein strahlend sauberes Bad. Dieses Kit wurde f\u00fcr eine einfache Anwendung entwickelt und entfernt effektiv Kalk und mineralische Ablagerungen, so dass Ihre Badezimmerarmaturen wie neu aussehen.\n    <\/p>\n<h2>Effiziente und umweltvertr\u00e4gliche Reinigung<\/h2>\n<p>\n        Dieses Set enth\u00e4lt Entkalkungstabletten, die nicht nur hochwirksam, sondern auch umweltfreundlich sind. Mit unserer sorgf\u00e4ltig entwickelten Formel k\u00f6nnen Sie darauf vertrauen, dass Ihr Bad und Ihre Armaturen frei von unsch\u00f6nen Kalkablagerungen sind, ohne die Umwelt zu belasten.\n    <\/p>\n<h2>Vorteile<\/h2>\n<ul>\n<li>Entfernt hartn\u00e4ckige Kalkablagerungen und Mineralien<\/li>\n<li>Umweltschonend<\/li>\n<li>Einfach zu bedienen<\/li>\n<\/ul>\n<h2>Das Kit enth\u00e4lt:<\/h2>\n<ul>\n<li>6 ECO-Entkalkungstabletten<\/li>\n<li>500 ml Spr\u00fchflasche<\/li>\n<p><\/body><br \/>\n<\/html><\/p>","protected":false},"excerpt":{"rendered":"<p>ECO Bad- und Armaturen-Entkalker-Set ECO Bad- und Armaturen-Entkalker-Set Home &gt; Produkte &gt; ECO-Produkte<\/p>","protected":false},"featured_media":20072,"template":"","meta":[],"product_brand":[],"product_cat":[320,338,323,346],"product_tag":[],"class_list":{"0":"post-9949","1":"product","2":"type-product","3":"status-publish","4":"has-post-thumbnail","6":"product_cat-bathroom","7":"product_cat-tablets","8":"product_cat-descalers","9":"product_cat-eco-products","11":"first","12":"instock","13":"shipping-taxable","14":"product-type-simple"},"yoast_head":"<!-- This site is optimized with the Yoast SEO plugin v27.3 - https:\/\/yoast.com\/product\/yoast-seo-wordpress\/ -->\n<title>ECO Bathroom and fittings descaling cleaner kit - TwinPol<\/title>\n<meta name=\"robots\" content=\"index, follow, max-snippet:-1, max-image-preview:large, max-video-preview:-1\" \/>\n<link rel=\"canonical\" href=\"https:\/\/twinpol.com\/de\/produkt\/oko-badezimmer-und-armaturen-entkalkungstabletten-6-stuck-flasche-500-ml\/\" \/>\n<meta property=\"og:locale\" content=\"de_DE\" \/>\n<meta property=\"og:type\" content=\"article\" \/>\n<meta property=\"og:title\" content=\"ECO Bathroom and fittings descaling cleaner kit - TwinPol\" \/>\n<meta property=\"og:description\" content=\"ECO Bathroom and Fittings Descaling Cleaner Kit ECO Bathroom and Fittings Descaling Cleaner Kit Home &gt; Products &gt; ECO products\" \/>\n<meta property=\"og:url\" content=\"https:\/\/twinpol.com\/de\/produkt\/oko-badezimmer-und-armaturen-entkalkungstabletten-6-stuck-flasche-500-ml\/\" \/>\n<meta property=\"og:site_name\" content=\"TwinPol\" \/>\n<meta property=\"article:modified_time\" content=\"2023-12-04T12:36:07+00:00\" \/>\n<meta property=\"og:image\" content=\"https:\/\/twinpol.com\/wp-content\/uploads\/2023\/03\/SECO204_kit_Wizualizacja_www-1.jpg\" \/>\n\t<meta property=\"og:image:width\" content=\"800\" \/>\n\t<meta property=\"og:image:height\" content=\"800\" \/>\n\t<meta property=\"og:image:type\" content=\"image\/jpeg\" \/>\n<meta name=\"twitter:card\" content=\"summary_large_image\" \/>\n<meta name=\"twitter:label1\" content=\"Gesch\u00e4tzte Lesezeit\" \/>\n\t<meta name=\"twitter:data1\" content=\"1\u00a0Minute\" \/>\n<script type=\"application\/ld+json\" class=\"yoast-schema-graph\">{\"@context\":\"https:\\\/\\\/schema.org\",\"@graph\":[{\"@type\":\"WebPage\",\"@id\":\"https:\\\/\\\/twinpol.com\\\/product\\\/eco-bathroom-and-fittings-descaling-cleaner-kit\\\/\",\"url\":\"https:\\\/\\\/twinpol.com\\\/product\\\/eco-bathroom-and-fittings-descaling-cleaner-kit\\\/\",\"name\":\"ECO Bathroom and fittings descaling cleaner kit - TwinPol\",\"isPartOf\":{\"@id\":\"https:\\\/\\\/twinpol.com\\\/#website\"},\"primaryImageOfPage\":{\"@id\":\"https:\\\/\\\/twinpol.com\\\/product\\\/eco-bathroom-and-fittings-descaling-cleaner-kit\\\/#primaryimage\"},\"image\":{\"@id\":\"https:\\\/\\\/twinpol.com\\\/product\\\/eco-bathroom-and-fittings-descaling-cleaner-kit\\\/#primaryimage\"},\"thumbnailUrl\":\"https:\\\/\\\/twinpol.com\\\/wp-content\\\/uploads\\\/2023\\\/03\\\/SECO204_kit_Wizualizacja_www-1.jpg\",\"datePublished\":\"2023-03-30T09:19:12+00:00\",\"dateModified\":\"2023-12-04T12:36:07+00:00\",\"breadcrumb\":{\"@id\":\"https:\\\/\\\/twinpol.com\\\/product\\\/eco-bathroom-and-fittings-descaling-cleaner-kit\\\/#breadcrumb\"},\"inLanguage\":\"de\",\"potentialAction\":[{\"@type\":\"ReadAction\",\"target\":[\"https:\\\/\\\/twinpol.com\\\/product\\\/eco-bathroom-and-fittings-descaling-cleaner-kit\\\/\"]}]},{\"@type\":\"ImageObject\",\"inLanguage\":\"de\",\"@id\":\"https:\\\/\\\/twinpol.com\\\/product\\\/eco-bathroom-and-fittings-descaling-cleaner-kit\\\/#primaryimage\",\"url\":\"https:\\\/\\\/twinpol.com\\\/wp-content\\\/uploads\\\/2023\\\/03\\\/SECO204_kit_Wizualizacja_www-1.jpg\",\"contentUrl\":\"https:\\\/\\\/twinpol.com\\\/wp-content\\\/uploads\\\/2023\\\/03\\\/SECO204_kit_Wizualizacja_www-1.jpg\",\"width\":800,\"height\":800},{\"@type\":\"BreadcrumbList\",\"@id\":\"https:\\\/\\\/twinpol.com\\\/product\\\/eco-bathroom-and-fittings-descaling-cleaner-kit\\\/#breadcrumb\",\"itemListElement\":[{\"@type\":\"ListItem\",\"position\":1,\"name\":\"Home\",\"item\":\"https:\\\/\\\/twinpol.com\\\/\"},{\"@type\":\"ListItem\",\"position\":2,\"name\":\"Products\",\"item\":\"https:\\\/\\\/twinpol.com\\\/products\\\/\"},{\"@type\":\"ListItem\",\"position\":3,\"name\":\"ECO Bathroom and fittings descaling cleaner kit\"}]},{\"@type\":\"WebSite\",\"@id\":\"https:\\\/\\\/twinpol.com\\\/#website\",\"url\":\"https:\\\/\\\/twinpol.com\\\/\",\"name\":\"Twinpol\",\"description\":\"Cleaning Supplies\",\"publisher\":{\"@id\":\"https:\\\/\\\/twinpol.com\\\/#organization\"},\"potentialAction\":[{\"@type\":\"SearchAction\",\"target\":{\"@type\":\"EntryPoint\",\"urlTemplate\":\"https:\\\/\\\/twinpol.com\\\/?s={search_term_string}\"},\"query-input\":{\"@type\":\"PropertyValueSpecification\",\"valueRequired\":true,\"valueName\":\"search_term_string\"}}],\"inLanguage\":\"de\"},{\"@type\":\"Organization\",\"@id\":\"https:\\\/\\\/twinpol.com\\\/#organization\",\"name\":\"Twinpol\",\"url\":\"https:\\\/\\\/twinpol.com\\\/\",\"logo\":{\"@type\":\"ImageObject\",\"inLanguage\":\"de\",\"@id\":\"https:\\\/\\\/twinpol.com\\\/#\\\/schema\\\/logo\\\/image\\\/\",\"url\":\"https:\\\/\\\/twinpol.com\\\/wp-content\\\/uploads\\\/2022\\\/10\\\/cropped-favicon.png\",\"contentUrl\":\"https:\\\/\\\/twinpol.com\\\/wp-content\\\/uploads\\\/2022\\\/10\\\/cropped-favicon.png\",\"width\":512,\"height\":512,\"caption\":\"Twinpol\"},\"image\":{\"@id\":\"https:\\\/\\\/twinpol.com\\\/#\\\/schema\\\/logo\\\/image\\\/\"}}]}<\/script>\n<!-- \/ Yoast SEO plugin. -->","yoast_head_json":{"title":"ECO Entkalkungsset f\u00fcr Badezimmer und Armaturen - TwinPol","robots":{"index":"index","follow":"follow","max-snippet":"max-snippet:-1","max-image-preview":"max-image-preview:large","max-video-preview":"max-video-preview:-1"},"canonical":"https:\/\/twinpol.com\/de\/produkt\/oko-badezimmer-und-armaturen-entkalkungstabletten-6-stuck-flasche-500-ml\/","og_locale":"de_DE","og_type":"article","og_title":"ECO Bathroom and fittings descaling cleaner kit - TwinPol","og_description":"ECO Bathroom and Fittings Descaling Cleaner Kit ECO Bathroom and Fittings Descaling Cleaner Kit Home > Products > ECO products","og_url":"https:\/\/twinpol.com\/de\/produkt\/oko-badezimmer-und-armaturen-entkalkungstabletten-6-stuck-flasche-500-ml\/","og_site_name":"TwinPol","article_modified_time":"2023-12-04T12:36:07+00:00","og_image":[{"width":800,"height":800,"url":"https:\/\/twinpol.com\/wp-content\/uploads\/2023\/03\/SECO204_kit_Wizualizacja_www-1.jpg","type":"image\/jpeg"}],"twitter_card":"summary_large_image","twitter_misc":{"Gesch\u00e4tzte Lesezeit":"1\u00a0Minute"},"schema":{"@context":"https:\/\/schema.org","@graph":[{"@type":"WebPage","@id":"https:\/\/twinpol.com\/product\/eco-bathroom-and-fittings-descaling-cleaner-kit\/","url":"https:\/\/twinpol.com\/product\/eco-bathroom-and-fittings-descaling-cleaner-kit\/","name":"ECO Entkalkungsset f\u00fcr Badezimmer und Armaturen - TwinPol","isPartOf":{"@id":"https:\/\/twinpol.com\/#website"},"primaryImageOfPage":{"@id":"https:\/\/twinpol.com\/product\/eco-bathroom-and-fittings-descaling-cleaner-kit\/#primaryimage"},"image":{"@id":"https:\/\/twinpol.com\/product\/eco-bathroom-and-fittings-descaling-cleaner-kit\/#primaryimage"},"thumbnailUrl":"https:\/\/twinpol.com\/wp-content\/uploads\/2023\/03\/SECO204_kit_Wizualizacja_www-1.jpg","datePublished":"2023-03-30T09:19:12+00:00","dateModified":"2023-12-04T12:36:07+00:00","breadcrumb":{"@id":"https:\/\/twinpol.com\/product\/eco-bathroom-and-fittings-descaling-cleaner-kit\/#breadcrumb"},"inLanguage":"de","potentialAction":[{"@type":"ReadAction","target":["https:\/\/twinpol.com\/product\/eco-bathroom-and-fittings-descaling-cleaner-kit\/"]}]},{"@type":"ImageObject","inLanguage":"de","@id":"https:\/\/twinpol.com\/product\/eco-bathroom-and-fittings-descaling-cleaner-kit\/#primaryimage","url":"https:\/\/twinpol.com\/wp-content\/uploads\/2023\/03\/SECO204_kit_Wizualizacja_www-1.jpg","contentUrl":"https:\/\/twinpol.com\/wp-content\/uploads\/2023\/03\/SECO204_kit_Wizualizacja_www-1.jpg","width":800,"height":800},{"@type":"BreadcrumbList","@id":"https:\/\/twinpol.com\/product\/eco-bathroom-and-fittings-descaling-cleaner-kit\/#breadcrumb","itemListElement":[{"@type":"ListItem","position":1,"name":"Home","item":"https:\/\/twinpol.com\/"},{"@type":"ListItem","position":2,"name":"Products","item":"https:\/\/twinpol.com\/products\/"},{"@type":"ListItem","position":3,"name":"ECO Bathroom and fittings descaling cleaner kit"}]},{"@type":"WebSite","@id":"https:\/\/twinpol.com\/#website","url":"https:\/\/twinpol.com\/","name":"Twinpol","description":"Reinigungsmittel","publisher":{"@id":"https:\/\/twinpol.com\/#organization"},"potentialAction":[{"@type":"SearchAction","target":{"@type":"EntryPoint","urlTemplate":"https:\/\/twinpol.com\/?s={search_term_string}"},"query-input":{"@type":"PropertyValueSpecification","valueRequired":true,"valueName":"search_term_string"}}],"inLanguage":"de"},{"@type":"Organization","@id":"https:\/\/twinpol.com\/#organization","name":"Twinpol","url":"https:\/\/twinpol.com\/","logo":{"@type":"ImageObject","inLanguage":"de","@id":"https:\/\/twinpol.com\/#\/schema\/logo\/image\/","url":"https:\/\/twinpol.com\/wp-content\/uploads\/2022\/10\/cropped-favicon.png","contentUrl":"https:\/\/twinpol.com\/wp-content\/uploads\/2022\/10\/cropped-favicon.png","width":512,"height":512,"caption":"Twinpol"},"image":{"@id":"https:\/\/twinpol.com\/#\/schema\/logo\/image\/"}}]}},"_links":{"self":[{"href":"https:\/\/twinpol.com\/de\/wp-json\/wp\/v2\/product\/9949","targetHints":{"allow":["GET"]}}],"collection":[{"href":"https:\/\/twinpol.com\/de\/wp-json\/wp\/v2\/product"}],"about":[{"href":"https:\/\/twinpol.com\/de\/wp-json\/wp\/v2\/types\/product"}],"wp:featuredmedia":[{"embeddable":true,"href":"https:\/\/twinpol.com\/de\/wp-json\/wp\/v2\/media\/20072"}],"wp:attachment":[{"href":"https:\/\/twinpol.com\/de\/wp-json\/wp\/v2\/media?parent=9949"}],"wp:term":[{"taxonomy":"product_brand","embeddable":true,"href":"https:\/\/twinpol.com\/de\/wp-json\/wp\/v2\/product_brand?post=9949"},{"taxonomy":"product_cat","embeddable":true,"href":"https:\/\/twinpol.com\/de\/wp-json\/wp\/v2\/product_cat?post=9949"},{"taxonomy":"product_tag","embeddable":true,"href":"https:\/\/twinpol.com\/de\/wp-json\/wp\/v2\/product_tag?post=9949"}],"curies":[{"name":"wp","href":"https:\/\/api.w.org\/{rel}","templated":true}]}}