{"id":9951,"date":"2023-03-30T09:24:33","date_gmt":"2023-03-30T09:24:33","guid":{"rendered":"https:\/\/twinpol.com\/?post_type=product&#038;p=9951"},"modified":"2023-12-04T12:16:56","modified_gmt":"2023-12-04T12:16:56","slug":"eco-bathroom-and-fittings-descaling-cleaner","status":"publish","type":"product","link":"https:\/\/twinpol.com\/de\/produkt\/oko-badezimmer-und-armaturen-entkalkungstabletten-6-stuck\/","title":{"rendered":"ECO Entkalker f\u00fcr Badezimmer und Armaturen"},"content":{"rendered":"<p><!DOCTYPE html><br \/>\n<html><br \/>\n<head><br \/>\n    <meta charset=\"UTF-8\"><br \/>\n    <title>ECO Entkalkungsreiniger f\u00fcr Badezimmer und Armaturen<\/title><br \/>\n    <meta name=\"description\" content=\"Leistungsstarke und umweltfreundliche Entkalkungstabletten f\u00fcr Bad und Armaturen. Entfernen m\u00fchelos Kalkablagerungen und Flecken.\"><br \/>\n<\/head><br \/>\n<body><\/p>\n<h1>ECO Entkalkungsreiniger f\u00fcr Badezimmer und Armaturen<\/h1>\n<div class=\"breadcrumbs\">\n  <a href=\"\/de\/\">Startseite<\/a> > <a href=\"\/de\/products\/\">Produkte<\/a> > <a href=\"\/de\/product-category\/eco-products\/\">ECO-Produkte<\/a> ><a href=\"\/de\/product-category\/bathroom\/\">Badezimmer-Reiniger<\/a> > <a href=\"\/de\/product-category\/tablets\/\">Reinigungstabletten<\/a> > <a href=\"\/de\/product-category\/descalers\/\">Entkalker<\/a>\n<\/div>\n<h2>M\u00fchelose Entkalkungskraft<\/h2>\n<p>\n        Unsere ECO-Entkalkungstabletten sind eine revolution\u00e4re L\u00f6sung f\u00fcr ein strahlend sauberes Badezimmer und seine Armaturen. Verabschieden Sie sich von hartn\u00e4ckigen Kalkablagerungen und hartn\u00e4ckigen Flecken, die Ihr Bad trist und unattraktiv aussehen lassen. Mit unseren Tabletten wird das Entkalken zum Kinderspiel und Ihr Bad erstrahlt in neuem Glanz.\n    <\/p>\n<h2>Umweltfreundlich und benutzerfreundlich<\/h2>\n<p>\n        Die Umwelt liegt uns genauso am Herzen wie Ihnen. Deshalb sind unsere Entkalkungstabletten nicht nur wirksam, sondern auch umweltfreundlich. Sie sind sicher f\u00fcr Ihre Abwassersysteme und Rohrleitungen und sorgen daf\u00fcr, dass Sie Ihr Bad in Topform halten k\u00f6nnen, ohne die Umwelt zu belasten. Au\u00dferdem sind sie einfach in der Anwendung, so dass Sie sich \u00fcber ein sauberes Badezimmer freuen k\u00f6nnen, ohne sich zu qu\u00e4len.\n    <\/p>\n<h2>Wichtigste Vorteile:<\/h2>\n<ul>\n<li>Entfernt m\u00fchelos Kalkablagerungen und Flecken<\/li>\n<li>L\u00e4sst Ihr Bad und Ihre Armaturen wie neu aussehen.<\/li>\n<li>Umweltfreundlich<\/li>\n<li>Einfach zu bedienen<\/li>\n<\/ul>\n<p><\/body><br \/>\n<\/html><\/p>","protected":false},"excerpt":{"rendered":"<p>ECO Entkalkungsreiniger f\u00fcr Badezimmer und Armaturen ECO Entkalkungsreiniger f\u00fcr Badezimmer und Armaturen Home &gt; Produkte &gt; ECO-Produkte &gt;Badreiniger<\/p>","protected":false},"featured_media":20070,"template":"","meta":[],"product_brand":[],"product_cat":[320,338,323,346],"product_tag":[],"class_list":{"0":"post-9951","1":"product","2":"type-product","3":"status-publish","4":"has-post-thumbnail","6":"product_cat-bathroom","7":"product_cat-tablets","8":"product_cat-descalers","9":"product_cat-eco-products","11":"first","12":"instock","13":"shipping-taxable","14":"product-type-simple"},"yoast_head":"<!-- This site is optimized with the Yoast SEO plugin v27.3 - https:\/\/yoast.com\/product\/yoast-seo-wordpress\/ -->\n<title>ECO Bathroom and fittings descaling cleaner - TwinPol<\/title>\n<meta name=\"robots\" content=\"index, follow, max-snippet:-1, max-image-preview:large, max-video-preview:-1\" \/>\n<link rel=\"canonical\" href=\"https:\/\/twinpol.com\/de\/produkt\/oko-badezimmer-und-armaturen-entkalkungstabletten-6-stuck\/\" \/>\n<meta property=\"og:locale\" content=\"de_DE\" \/>\n<meta property=\"og:type\" content=\"article\" \/>\n<meta property=\"og:title\" content=\"ECO Bathroom and fittings descaling cleaner - TwinPol\" \/>\n<meta property=\"og:description\" content=\"ECO Bathroom and Fittings Descaling Cleaner ECO Bathroom and Fittings Descaling Cleaner Home &gt; Products &gt; ECO products &gt;Bathroom cleaners\" \/>\n<meta property=\"og:url\" content=\"https:\/\/twinpol.com\/de\/produkt\/oko-badezimmer-und-armaturen-entkalkungstabletten-6-stuck\/\" \/>\n<meta property=\"og:site_name\" content=\"TwinPol\" \/>\n<meta property=\"article:modified_time\" content=\"2023-12-04T12:16:56+00:00\" \/>\n<meta property=\"og:image\" content=\"https:\/\/twinpol.com\/wp-content\/uploads\/2023\/03\/SECO203_6_Wizualizacja_www-2.png\" \/>\n\t<meta property=\"og:image:width\" content=\"800\" \/>\n\t<meta property=\"og:image:height\" content=\"800\" \/>\n\t<meta property=\"og:image:type\" content=\"image\/png\" \/>\n<meta name=\"twitter:card\" content=\"summary_large_image\" \/>\n<meta name=\"twitter:label1\" content=\"Gesch\u00e4tzte Lesezeit\" \/>\n\t<meta name=\"twitter:data1\" content=\"1\u00a0Minute\" \/>\n<script type=\"application\/ld+json\" class=\"yoast-schema-graph\">{\"@context\":\"https:\\\/\\\/schema.org\",\"@graph\":[{\"@type\":\"WebPage\",\"@id\":\"https:\\\/\\\/twinpol.com\\\/product\\\/eco-bathroom-and-fittings-descaling-cleaner\\\/\",\"url\":\"https:\\\/\\\/twinpol.com\\\/product\\\/eco-bathroom-and-fittings-descaling-cleaner\\\/\",\"name\":\"ECO Bathroom and fittings descaling cleaner - TwinPol\",\"isPartOf\":{\"@id\":\"https:\\\/\\\/twinpol.com\\\/#website\"},\"primaryImageOfPage\":{\"@id\":\"https:\\\/\\\/twinpol.com\\\/product\\\/eco-bathroom-and-fittings-descaling-cleaner\\\/#primaryimage\"},\"image\":{\"@id\":\"https:\\\/\\\/twinpol.com\\\/product\\\/eco-bathroom-and-fittings-descaling-cleaner\\\/#primaryimage\"},\"thumbnailUrl\":\"https:\\\/\\\/twinpol.com\\\/wp-content\\\/uploads\\\/2023\\\/03\\\/SECO203_6_Wizualizacja_www-2.png\",\"datePublished\":\"2023-03-30T09:24:33+00:00\",\"dateModified\":\"2023-12-04T12:16:56+00:00\",\"breadcrumb\":{\"@id\":\"https:\\\/\\\/twinpol.com\\\/product\\\/eco-bathroom-and-fittings-descaling-cleaner\\\/#breadcrumb\"},\"inLanguage\":\"de\",\"potentialAction\":[{\"@type\":\"ReadAction\",\"target\":[\"https:\\\/\\\/twinpol.com\\\/product\\\/eco-bathroom-and-fittings-descaling-cleaner\\\/\"]}]},{\"@type\":\"ImageObject\",\"inLanguage\":\"de\",\"@id\":\"https:\\\/\\\/twinpol.com\\\/product\\\/eco-bathroom-and-fittings-descaling-cleaner\\\/#primaryimage\",\"url\":\"https:\\\/\\\/twinpol.com\\\/wp-content\\\/uploads\\\/2023\\\/03\\\/SECO203_6_Wizualizacja_www-2.png\",\"contentUrl\":\"https:\\\/\\\/twinpol.com\\\/wp-content\\\/uploads\\\/2023\\\/03\\\/SECO203_6_Wizualizacja_www-2.png\",\"width\":800,\"height\":800},{\"@type\":\"BreadcrumbList\",\"@id\":\"https:\\\/\\\/twinpol.com\\\/product\\\/eco-bathroom-and-fittings-descaling-cleaner\\\/#breadcrumb\",\"itemListElement\":[{\"@type\":\"ListItem\",\"position\":1,\"name\":\"Home\",\"item\":\"https:\\\/\\\/twinpol.com\\\/\"},{\"@type\":\"ListItem\",\"position\":2,\"name\":\"Products\",\"item\":\"https:\\\/\\\/twinpol.com\\\/products\\\/\"},{\"@type\":\"ListItem\",\"position\":3,\"name\":\"ECO Bathroom and fittings descaling cleaner\"}]},{\"@type\":\"WebSite\",\"@id\":\"https:\\\/\\\/twinpol.com\\\/#website\",\"url\":\"https:\\\/\\\/twinpol.com\\\/\",\"name\":\"Twinpol\",\"description\":\"Cleaning Supplies\",\"publisher\":{\"@id\":\"https:\\\/\\\/twinpol.com\\\/#organization\"},\"potentialAction\":[{\"@type\":\"SearchAction\",\"target\":{\"@type\":\"EntryPoint\",\"urlTemplate\":\"https:\\\/\\\/twinpol.com\\\/?s={search_term_string}\"},\"query-input\":{\"@type\":\"PropertyValueSpecification\",\"valueRequired\":true,\"valueName\":\"search_term_string\"}}],\"inLanguage\":\"de\"},{\"@type\":\"Organization\",\"@id\":\"https:\\\/\\\/twinpol.com\\\/#organization\",\"name\":\"Twinpol\",\"url\":\"https:\\\/\\\/twinpol.com\\\/\",\"logo\":{\"@type\":\"ImageObject\",\"inLanguage\":\"de\",\"@id\":\"https:\\\/\\\/twinpol.com\\\/#\\\/schema\\\/logo\\\/image\\\/\",\"url\":\"https:\\\/\\\/twinpol.com\\\/wp-content\\\/uploads\\\/2022\\\/10\\\/cropped-favicon.png\",\"contentUrl\":\"https:\\\/\\\/twinpol.com\\\/wp-content\\\/uploads\\\/2022\\\/10\\\/cropped-favicon.png\",\"width\":512,\"height\":512,\"caption\":\"Twinpol\"},\"image\":{\"@id\":\"https:\\\/\\\/twinpol.com\\\/#\\\/schema\\\/logo\\\/image\\\/\"}}]}<\/script>\n<!-- \/ Yoast SEO plugin. -->","yoast_head_json":{"title":"ECO Entkalker f\u00fcr Badezimmer und Armaturen - TwinPol","robots":{"index":"index","follow":"follow","max-snippet":"max-snippet:-1","max-image-preview":"max-image-preview:large","max-video-preview":"max-video-preview:-1"},"canonical":"https:\/\/twinpol.com\/de\/produkt\/oko-badezimmer-und-armaturen-entkalkungstabletten-6-stuck\/","og_locale":"de_DE","og_type":"article","og_title":"ECO Bathroom and fittings descaling cleaner - TwinPol","og_description":"ECO Bathroom and Fittings Descaling Cleaner ECO Bathroom and Fittings Descaling Cleaner Home > Products > ECO products >Bathroom cleaners","og_url":"https:\/\/twinpol.com\/de\/produkt\/oko-badezimmer-und-armaturen-entkalkungstabletten-6-stuck\/","og_site_name":"TwinPol","article_modified_time":"2023-12-04T12:16:56+00:00","og_image":[{"width":800,"height":800,"url":"https:\/\/twinpol.com\/wp-content\/uploads\/2023\/03\/SECO203_6_Wizualizacja_www-2.png","type":"image\/png"}],"twitter_card":"summary_large_image","twitter_misc":{"Gesch\u00e4tzte Lesezeit":"1\u00a0Minute"},"schema":{"@context":"https:\/\/schema.org","@graph":[{"@type":"WebPage","@id":"https:\/\/twinpol.com\/product\/eco-bathroom-and-fittings-descaling-cleaner\/","url":"https:\/\/twinpol.com\/product\/eco-bathroom-and-fittings-descaling-cleaner\/","name":"ECO Entkalker f\u00fcr Badezimmer und Armaturen - TwinPol","isPartOf":{"@id":"https:\/\/twinpol.com\/#website"},"primaryImageOfPage":{"@id":"https:\/\/twinpol.com\/product\/eco-bathroom-and-fittings-descaling-cleaner\/#primaryimage"},"image":{"@id":"https:\/\/twinpol.com\/product\/eco-bathroom-and-fittings-descaling-cleaner\/#primaryimage"},"thumbnailUrl":"https:\/\/twinpol.com\/wp-content\/uploads\/2023\/03\/SECO203_6_Wizualizacja_www-2.png","datePublished":"2023-03-30T09:24:33+00:00","dateModified":"2023-12-04T12:16:56+00:00","breadcrumb":{"@id":"https:\/\/twinpol.com\/product\/eco-bathroom-and-fittings-descaling-cleaner\/#breadcrumb"},"inLanguage":"de","potentialAction":[{"@type":"ReadAction","target":["https:\/\/twinpol.com\/product\/eco-bathroom-and-fittings-descaling-cleaner\/"]}]},{"@type":"ImageObject","inLanguage":"de","@id":"https:\/\/twinpol.com\/product\/eco-bathroom-and-fittings-descaling-cleaner\/#primaryimage","url":"https:\/\/twinpol.com\/wp-content\/uploads\/2023\/03\/SECO203_6_Wizualizacja_www-2.png","contentUrl":"https:\/\/twinpol.com\/wp-content\/uploads\/2023\/03\/SECO203_6_Wizualizacja_www-2.png","width":800,"height":800},{"@type":"BreadcrumbList","@id":"https:\/\/twinpol.com\/product\/eco-bathroom-and-fittings-descaling-cleaner\/#breadcrumb","itemListElement":[{"@type":"ListItem","position":1,"name":"Home","item":"https:\/\/twinpol.com\/"},{"@type":"ListItem","position":2,"name":"Products","item":"https:\/\/twinpol.com\/products\/"},{"@type":"ListItem","position":3,"name":"ECO Bathroom and fittings descaling cleaner"}]},{"@type":"WebSite","@id":"https:\/\/twinpol.com\/#website","url":"https:\/\/twinpol.com\/","name":"Twinpol","description":"Reinigungsmittel","publisher":{"@id":"https:\/\/twinpol.com\/#organization"},"potentialAction":[{"@type":"SearchAction","target":{"@type":"EntryPoint","urlTemplate":"https:\/\/twinpol.com\/?s={search_term_string}"},"query-input":{"@type":"PropertyValueSpecification","valueRequired":true,"valueName":"search_term_string"}}],"inLanguage":"de"},{"@type":"Organization","@id":"https:\/\/twinpol.com\/#organization","name":"Twinpol","url":"https:\/\/twinpol.com\/","logo":{"@type":"ImageObject","inLanguage":"de","@id":"https:\/\/twinpol.com\/#\/schema\/logo\/image\/","url":"https:\/\/twinpol.com\/wp-content\/uploads\/2022\/10\/cropped-favicon.png","contentUrl":"https:\/\/twinpol.com\/wp-content\/uploads\/2022\/10\/cropped-favicon.png","width":512,"height":512,"caption":"Twinpol"},"image":{"@id":"https:\/\/twinpol.com\/#\/schema\/logo\/image\/"}}]}},"_links":{"self":[{"href":"https:\/\/twinpol.com\/de\/wp-json\/wp\/v2\/product\/9951","targetHints":{"allow":["GET"]}}],"collection":[{"href":"https:\/\/twinpol.com\/de\/wp-json\/wp\/v2\/product"}],"about":[{"href":"https:\/\/twinpol.com\/de\/wp-json\/wp\/v2\/types\/product"}],"wp:featuredmedia":[{"embeddable":true,"href":"https:\/\/twinpol.com\/de\/wp-json\/wp\/v2\/media\/20070"}],"wp:attachment":[{"href":"https:\/\/twinpol.com\/de\/wp-json\/wp\/v2\/media?parent=9951"}],"wp:term":[{"taxonomy":"product_brand","embeddable":true,"href":"https:\/\/twinpol.com\/de\/wp-json\/wp\/v2\/product_brand?post=9951"},{"taxonomy":"product_cat","embeddable":true,"href":"https:\/\/twinpol.com\/de\/wp-json\/wp\/v2\/product_cat?post=9951"},{"taxonomy":"product_tag","embeddable":true,"href":"https:\/\/twinpol.com\/de\/wp-json\/wp\/v2\/product_tag?post=9951"}],"curies":[{"name":"wp","href":"https:\/\/api.w.org\/{rel}","templated":true}]}}