{"id":9953,"date":"2023-03-30T09:33:32","date_gmt":"2023-03-30T09:33:32","guid":{"rendered":"https:\/\/twinpol.com\/?post_type=product&#038;p=9953"},"modified":"2023-12-04T12:33:10","modified_gmt":"2023-12-04T12:33:10","slug":"eco-shower-cleaning-tablets-6-pcs-bottle-500-ml","status":"publish","type":"product","link":"https:\/\/twinpol.com\/de\/produkt\/oko-dusch-reinigungstabletten-6-stuck-flasche-500-ml\/","title":{"rendered":"ECO-Duschreinigungsset"},"content":{"rendered":"<p><html><br \/>\n<head><br \/>\n    <meta charset=\"UTF-8\"><br \/>\n    <title>ECO-Duschreinigungsset<\/title><br \/>\n    <meta name=\"description\" content=\"Halten Sie Ihre Dusche sauber und umweltfreundlich mit unserem ECO Shower Cleaner Kit. Verabschieden Sie sich von Schmutz und Seifenschaum und helfen Sie gleichzeitig der Umwelt.\"><br \/>\n<\/head><br \/>\n<body><\/p>\n<h1>ECO-Duschreinigungsset<\/h1>\n<div class=\"breadcrumbs\">\n  <a href=\"\/de\/\">Startseite<\/a> > <a href=\"\/de\/products\/\">Produkte<\/a> > <a href=\"\/de\/product-category\/eco-products\/\">ECO-Produkte<\/a> ><a href=\"\/de\/product-category\/bathroom\/\">Badezimmer-Reiniger<\/a> > <a href=\"\/de\/product-category\/tablets\/\">Reinigungstabletten<\/a>\n<\/div>\n<h2>Eine blitzsaubere Dusche aufrechterhalten<\/h2>\n<p>Unser ECO-Duschreiniger-Kit ist Ihre L\u00f6sung f\u00fcr eine blitzsaubere Dusche, ohne gro\u00dfen Aufwand. Kein stundenlanges Schrubben mehr. Dieses innovative Set wurde f\u00fcr umweltbewusste Menschen entwickelt, die sowohl Wert auf Sauberkeit als auch auf Nachhaltigkeit legen.<\/p>\n<h2>Reinigen und sch\u00fctzen Sie die Umwelt<\/h2>\n<p> Unser ECO-Duschreiniger-Kit sorgt nicht nur f\u00fcr eine makellose Dusche, sondern tr\u00e4gt auch zu einem ges\u00fcnderen Planeten bei. Durch die Verwendung dieses Kits reduzieren Sie den Plastikm\u00fcll und entscheiden sich f\u00fcr eine nachhaltigere Methode, Ihr Badezimmer sauber zu halten.<\/p>\n<h2>Vorteile<\/h2>\n<ul>\n<li>Entfernt effizient Schmutz und Seifenreste<\/li>\n<li>Umweltfreundliche Formel<\/li>\n<li>Reduziert Plastikm\u00fcll<\/li>\n<li>Lang anhaltende Reinigungskraft<\/li>\n<\/ul>\n<h2>Das Kit enth\u00e4lt:<\/h2>\n<ul>\n<li>6 ECO-Reinigungstabletten<\/li>\n<li>500 ml Spr\u00fchflasche<\/li>\n<\/ul>\n<p><\/body><br \/>\n<\/html><\/p>","protected":false},"excerpt":{"rendered":"<p>ECO Shower Cleaner Kit ECO Shower Cleaner Kit Home &gt; Produkte &gt; ECO Produkte &gt;Badreiniger &gt; Reinigungstabletten Maintain<\/p>","protected":false},"featured_media":20087,"template":"","meta":[],"product_brand":[],"product_cat":[338,346,327],"product_tag":[],"class_list":{"0":"post-9953","1":"product","2":"type-product","3":"status-publish","4":"has-post-thumbnail","6":"product_cat-tablets","7":"product_cat-eco-products","8":"product_cat-kitchen","10":"first","11":"instock","12":"shipping-taxable","13":"product-type-simple"},"yoast_head":"<!-- This site is optimized with the Yoast SEO plugin v27.4 - https:\/\/yoast.com\/product\/yoast-seo-wordpress\/ -->\n<title>ECO Shower cleaner kit - TwinPol<\/title>\n<meta name=\"robots\" content=\"index, follow, max-snippet:-1, max-image-preview:large, max-video-preview:-1\" \/>\n<link rel=\"canonical\" href=\"https:\/\/twinpol.com\/de\/produkt\/oko-dusch-reinigungstabletten-6-stuck-flasche-500-ml\/\" \/>\n<meta property=\"og:locale\" content=\"de_DE\" \/>\n<meta property=\"og:type\" content=\"article\" \/>\n<meta property=\"og:title\" content=\"ECO Shower cleaner kit - TwinPol\" \/>\n<meta property=\"og:description\" content=\"ECO Shower Cleaner Kit ECO Shower Cleaner Kit Home &gt; Products &gt; ECO products &gt;Bathroom cleaners &gt; Cleaning tablets Maintain\" \/>\n<meta property=\"og:url\" content=\"https:\/\/twinpol.com\/de\/produkt\/oko-dusch-reinigungstabletten-6-stuck-flasche-500-ml\/\" \/>\n<meta property=\"og:site_name\" content=\"TwinPol\" \/>\n<meta property=\"article:modified_time\" content=\"2023-12-04T12:33:10+00:00\" \/>\n<meta property=\"og:image\" content=\"https:\/\/twinpol.com\/wp-content\/uploads\/2023\/03\/SECO202_kit_Wizualizacja_www-1.png\" \/>\n\t<meta property=\"og:image:width\" content=\"800\" \/>\n\t<meta property=\"og:image:height\" content=\"800\" \/>\n\t<meta property=\"og:image:type\" content=\"image\/png\" \/>\n<meta name=\"twitter:card\" content=\"summary_large_image\" \/>\n<meta name=\"twitter:label1\" content=\"Gesch\u00e4tzte Lesezeit\" \/>\n\t<meta name=\"twitter:data1\" content=\"1\u00a0Minute\" \/>\n<script type=\"application\/ld+json\" class=\"yoast-schema-graph\">{\"@context\":\"https:\\\/\\\/schema.org\",\"@graph\":[{\"@type\":\"WebPage\",\"@id\":\"https:\\\/\\\/twinpol.com\\\/product\\\/eco-shower-cleaning-tablets-6-pcs-bottle-500-ml\\\/\",\"url\":\"https:\\\/\\\/twinpol.com\\\/product\\\/eco-shower-cleaning-tablets-6-pcs-bottle-500-ml\\\/\",\"name\":\"ECO Shower cleaner kit - TwinPol\",\"isPartOf\":{\"@id\":\"https:\\\/\\\/twinpol.com\\\/#website\"},\"primaryImageOfPage\":{\"@id\":\"https:\\\/\\\/twinpol.com\\\/product\\\/eco-shower-cleaning-tablets-6-pcs-bottle-500-ml\\\/#primaryimage\"},\"image\":{\"@id\":\"https:\\\/\\\/twinpol.com\\\/product\\\/eco-shower-cleaning-tablets-6-pcs-bottle-500-ml\\\/#primaryimage\"},\"thumbnailUrl\":\"https:\\\/\\\/twinpol.com\\\/wp-content\\\/uploads\\\/2023\\\/03\\\/SECO202_kit_Wizualizacja_www-1.png\",\"datePublished\":\"2023-03-30T09:33:32+00:00\",\"dateModified\":\"2023-12-04T12:33:10+00:00\",\"breadcrumb\":{\"@id\":\"https:\\\/\\\/twinpol.com\\\/product\\\/eco-shower-cleaning-tablets-6-pcs-bottle-500-ml\\\/#breadcrumb\"},\"inLanguage\":\"de\",\"potentialAction\":[{\"@type\":\"ReadAction\",\"target\":[\"https:\\\/\\\/twinpol.com\\\/product\\\/eco-shower-cleaning-tablets-6-pcs-bottle-500-ml\\\/\"]}]},{\"@type\":\"ImageObject\",\"inLanguage\":\"de\",\"@id\":\"https:\\\/\\\/twinpol.com\\\/product\\\/eco-shower-cleaning-tablets-6-pcs-bottle-500-ml\\\/#primaryimage\",\"url\":\"https:\\\/\\\/twinpol.com\\\/wp-content\\\/uploads\\\/2023\\\/03\\\/SECO202_kit_Wizualizacja_www-1.png\",\"contentUrl\":\"https:\\\/\\\/twinpol.com\\\/wp-content\\\/uploads\\\/2023\\\/03\\\/SECO202_kit_Wizualizacja_www-1.png\",\"width\":800,\"height\":800},{\"@type\":\"BreadcrumbList\",\"@id\":\"https:\\\/\\\/twinpol.com\\\/product\\\/eco-shower-cleaning-tablets-6-pcs-bottle-500-ml\\\/#breadcrumb\",\"itemListElement\":[{\"@type\":\"ListItem\",\"position\":1,\"name\":\"Home\",\"item\":\"https:\\\/\\\/twinpol.com\\\/\"},{\"@type\":\"ListItem\",\"position\":2,\"name\":\"Products\",\"item\":\"https:\\\/\\\/twinpol.com\\\/products\\\/\"},{\"@type\":\"ListItem\",\"position\":3,\"name\":\"ECO Shower cleaner kit\"}]},{\"@type\":\"WebSite\",\"@id\":\"https:\\\/\\\/twinpol.com\\\/#website\",\"url\":\"https:\\\/\\\/twinpol.com\\\/\",\"name\":\"Twinpol\",\"description\":\"Cleaning Supplies\",\"publisher\":{\"@id\":\"https:\\\/\\\/twinpol.com\\\/#organization\"},\"potentialAction\":[{\"@type\":\"SearchAction\",\"target\":{\"@type\":\"EntryPoint\",\"urlTemplate\":\"https:\\\/\\\/twinpol.com\\\/?s={search_term_string}\"},\"query-input\":{\"@type\":\"PropertyValueSpecification\",\"valueRequired\":true,\"valueName\":\"search_term_string\"}}],\"inLanguage\":\"de\"},{\"@type\":\"Organization\",\"@id\":\"https:\\\/\\\/twinpol.com\\\/#organization\",\"name\":\"Twinpol\",\"url\":\"https:\\\/\\\/twinpol.com\\\/\",\"logo\":{\"@type\":\"ImageObject\",\"inLanguage\":\"de\",\"@id\":\"https:\\\/\\\/twinpol.com\\\/#\\\/schema\\\/logo\\\/image\\\/\",\"url\":\"https:\\\/\\\/twinpol.com\\\/wp-content\\\/uploads\\\/2022\\\/10\\\/cropped-favicon.png\",\"contentUrl\":\"https:\\\/\\\/twinpol.com\\\/wp-content\\\/uploads\\\/2022\\\/10\\\/cropped-favicon.png\",\"width\":512,\"height\":512,\"caption\":\"Twinpol\"},\"image\":{\"@id\":\"https:\\\/\\\/twinpol.com\\\/#\\\/schema\\\/logo\\\/image\\\/\"}}]}<\/script>\n<!-- \/ Yoast SEO plugin. -->","yoast_head_json":{"title":"ECO Duschreinigungsset - TwinPol","robots":{"index":"index","follow":"follow","max-snippet":"max-snippet:-1","max-image-preview":"max-image-preview:large","max-video-preview":"max-video-preview:-1"},"canonical":"https:\/\/twinpol.com\/de\/produkt\/oko-dusch-reinigungstabletten-6-stuck-flasche-500-ml\/","og_locale":"de_DE","og_type":"article","og_title":"ECO Shower cleaner kit - TwinPol","og_description":"ECO Shower Cleaner Kit ECO Shower Cleaner Kit Home > Products > ECO products >Bathroom cleaners > Cleaning tablets Maintain","og_url":"https:\/\/twinpol.com\/de\/produkt\/oko-dusch-reinigungstabletten-6-stuck-flasche-500-ml\/","og_site_name":"TwinPol","article_modified_time":"2023-12-04T12:33:10+00:00","og_image":[{"width":800,"height":800,"url":"https:\/\/twinpol.com\/wp-content\/uploads\/2023\/03\/SECO202_kit_Wizualizacja_www-1.png","type":"image\/png"}],"twitter_card":"summary_large_image","twitter_misc":{"Gesch\u00e4tzte Lesezeit":"1\u00a0Minute"},"schema":{"@context":"https:\/\/schema.org","@graph":[{"@type":"WebPage","@id":"https:\/\/twinpol.com\/product\/eco-shower-cleaning-tablets-6-pcs-bottle-500-ml\/","url":"https:\/\/twinpol.com\/product\/eco-shower-cleaning-tablets-6-pcs-bottle-500-ml\/","name":"ECO Duschreinigungsset - TwinPol","isPartOf":{"@id":"https:\/\/twinpol.com\/#website"},"primaryImageOfPage":{"@id":"https:\/\/twinpol.com\/product\/eco-shower-cleaning-tablets-6-pcs-bottle-500-ml\/#primaryimage"},"image":{"@id":"https:\/\/twinpol.com\/product\/eco-shower-cleaning-tablets-6-pcs-bottle-500-ml\/#primaryimage"},"thumbnailUrl":"https:\/\/twinpol.com\/wp-content\/uploads\/2023\/03\/SECO202_kit_Wizualizacja_www-1.png","datePublished":"2023-03-30T09:33:32+00:00","dateModified":"2023-12-04T12:33:10+00:00","breadcrumb":{"@id":"https:\/\/twinpol.com\/product\/eco-shower-cleaning-tablets-6-pcs-bottle-500-ml\/#breadcrumb"},"inLanguage":"de","potentialAction":[{"@type":"ReadAction","target":["https:\/\/twinpol.com\/product\/eco-shower-cleaning-tablets-6-pcs-bottle-500-ml\/"]}]},{"@type":"ImageObject","inLanguage":"de","@id":"https:\/\/twinpol.com\/product\/eco-shower-cleaning-tablets-6-pcs-bottle-500-ml\/#primaryimage","url":"https:\/\/twinpol.com\/wp-content\/uploads\/2023\/03\/SECO202_kit_Wizualizacja_www-1.png","contentUrl":"https:\/\/twinpol.com\/wp-content\/uploads\/2023\/03\/SECO202_kit_Wizualizacja_www-1.png","width":800,"height":800},{"@type":"BreadcrumbList","@id":"https:\/\/twinpol.com\/product\/eco-shower-cleaning-tablets-6-pcs-bottle-500-ml\/#breadcrumb","itemListElement":[{"@type":"ListItem","position":1,"name":"Home","item":"https:\/\/twinpol.com\/"},{"@type":"ListItem","position":2,"name":"Products","item":"https:\/\/twinpol.com\/products\/"},{"@type":"ListItem","position":3,"name":"ECO Shower cleaner kit"}]},{"@type":"WebSite","@id":"https:\/\/twinpol.com\/#website","url":"https:\/\/twinpol.com\/","name":"Twinpol","description":"Reinigungsmittel","publisher":{"@id":"https:\/\/twinpol.com\/#organization"},"potentialAction":[{"@type":"SearchAction","target":{"@type":"EntryPoint","urlTemplate":"https:\/\/twinpol.com\/?s={search_term_string}"},"query-input":{"@type":"PropertyValueSpecification","valueRequired":true,"valueName":"search_term_string"}}],"inLanguage":"de"},{"@type":"Organization","@id":"https:\/\/twinpol.com\/#organization","name":"Twinpol","url":"https:\/\/twinpol.com\/","logo":{"@type":"ImageObject","inLanguage":"de","@id":"https:\/\/twinpol.com\/#\/schema\/logo\/image\/","url":"https:\/\/twinpol.com\/wp-content\/uploads\/2022\/10\/cropped-favicon.png","contentUrl":"https:\/\/twinpol.com\/wp-content\/uploads\/2022\/10\/cropped-favicon.png","width":512,"height":512,"caption":"Twinpol"},"image":{"@id":"https:\/\/twinpol.com\/#\/schema\/logo\/image\/"}}]}},"_links":{"self":[{"href":"https:\/\/twinpol.com\/de\/wp-json\/wp\/v2\/product\/9953","targetHints":{"allow":["GET"]}}],"collection":[{"href":"https:\/\/twinpol.com\/de\/wp-json\/wp\/v2\/product"}],"about":[{"href":"https:\/\/twinpol.com\/de\/wp-json\/wp\/v2\/types\/product"}],"wp:featuredmedia":[{"embeddable":true,"href":"https:\/\/twinpol.com\/de\/wp-json\/wp\/v2\/media\/20087"}],"wp:attachment":[{"href":"https:\/\/twinpol.com\/de\/wp-json\/wp\/v2\/media?parent=9953"}],"wp:term":[{"taxonomy":"product_brand","embeddable":true,"href":"https:\/\/twinpol.com\/de\/wp-json\/wp\/v2\/product_brand?post=9953"},{"taxonomy":"product_cat","embeddable":true,"href":"https:\/\/twinpol.com\/de\/wp-json\/wp\/v2\/product_cat?post=9953"},{"taxonomy":"product_tag","embeddable":true,"href":"https:\/\/twinpol.com\/de\/wp-json\/wp\/v2\/product_tag?post=9953"}],"curies":[{"name":"wp","href":"https:\/\/api.w.org\/{rel}","templated":true}]}}