{"id":9956,"date":"2023-03-30T09:44:16","date_gmt":"2023-03-30T09:44:16","guid":{"rendered":"https:\/\/twinpol.com\/?post_type=product&#038;p=9956"},"modified":"2023-12-04T12:04:52","modified_gmt":"2023-12-04T12:04:52","slug":"eco-shower-cleaner","status":"publish","type":"product","link":"https:\/\/twinpol.com\/de\/produkt\/oko-dusch-reinigungs-tabletten-6-stuck\/","title":{"rendered":"ECO Duschreiniger"},"content":{"rendered":"<p><html><br \/>\n<head><br \/>\n    <meta charset=\"UTF-8\"><br \/>\n    <meta name=\"viewport\" content=\"width=device-width, initial-scale=1.0\"><br \/>\n    <title>ECO Duschreiniger - wirksam und umweltfreundlich<\/title><br \/>\n    <meta name=\"description\" content=\"Halten Sie Ihre Dusche sauber und umweltbewusst mit ECO Shower Cleaner Tabletten. Verabschieden Sie sich von Seifenschaum und Mineralablagerungen.\"><br \/>\n<\/head><br \/>\n<body><\/p>\n<h1>ECO Duschreiniger<\/h1>\n<div class=\"breadcrumbs\">\n  <a href=\"\/de\/\">Startseite<\/a> > <a href=\"\/de\/products\/\">Produkte<\/a> > <a href=\"\/de\/product-category\/eco-products\/\">ECO-Produkte<\/a> ><a href=\"\/de\/product-category\/bathroom\/\">Badezimmer-Reiniger<\/a> > <a href=\"\/de\/product-category\/tablets\/\">Reinigungstabletten<\/a>\n<\/div>\n<h2>M\u00fchelose Reinigung<\/h2>\n<p>Genie\u00dfen Sie eine blitzsaubere Dusche mit minimalem Aufwand. ECO Shower Cleaner wurde entwickelt, um Seifenschaum aufzul\u00f6sen und mineralische Ablagerungen m\u00fchelos zu entfernen. Mit ECO Shower Cleaner k\u00f6nnen Sie die Lebensdauer Ihrer Dusche verl\u00e4ngern und daf\u00fcr sorgen, dass sie frisch aussieht und duftet. Unsere einzigartige Formel reinigt nicht nur, sondern hinterl\u00e4sst auch einen angenehmen Duft.<\/p>\n<h2>Umweltfreundliche Formel<\/h2>\n<p>Unsere umweltbewusste Formel ist sicher f\u00fcr Sie und die Umwelt. Nachhaltigkeit liegt uns am Herzen, und unser Produkt spiegelt dieses Engagement wider. Verabschieden Sie sich von aggressiven Chemikalien und begr\u00fc\u00dfen Sie eine umweltfreundlichere Reinigung.<\/p>\n<h2>Vorteile<\/h2>\n<ul>\n<li>Wirksam gegen Seifenschaum und mineralische Ablagerungen<\/li>\n<li>Umweltfreundliche, nicht-toxische Formel<\/li>\n<li>Einfach zu bedienen<\/li>\n<\/ul>\n<p><\/body><br \/>\n<\/html><\/p>","protected":false},"excerpt":{"rendered":"<p>ECO Shower Cleaner - Wirksamer und umweltfreundlicher ECO Shower Cleaner Home &gt; Produkte &gt; ECO-Produkte &gt;Badreiniger &gt; Reinigung<\/p>","protected":false},"featured_media":20086,"template":"","meta":[],"product_brand":[],"product_cat":[320,338,346],"product_tag":[],"class_list":{"0":"post-9956","1":"product","2":"type-product","3":"status-publish","4":"has-post-thumbnail","6":"product_cat-bathroom","7":"product_cat-tablets","8":"product_cat-eco-products","10":"first","11":"instock","12":"shipping-taxable","13":"product-type-simple"},"yoast_head":"<!-- This site is optimized with the Yoast SEO plugin v27.4 - https:\/\/yoast.com\/product\/yoast-seo-wordpress\/ -->\n<title>ECO Shower cleaner - TwinPol<\/title>\n<meta name=\"robots\" content=\"index, follow, max-snippet:-1, max-image-preview:large, max-video-preview:-1\" \/>\n<link rel=\"canonical\" href=\"https:\/\/twinpol.com\/de\/produkt\/oko-dusch-reinigungs-tabletten-6-stuck\/\" \/>\n<meta property=\"og:locale\" content=\"de_DE\" \/>\n<meta property=\"og:type\" content=\"article\" \/>\n<meta property=\"og:title\" content=\"ECO Shower cleaner - TwinPol\" \/>\n<meta property=\"og:description\" content=\"ECO Shower Cleaner &#8211; Effective and Eco-friendly ECO Shower Cleaner Home &gt; Products &gt; ECO products &gt;Bathroom cleaners &gt; Cleaning\" \/>\n<meta property=\"og:url\" content=\"https:\/\/twinpol.com\/de\/produkt\/oko-dusch-reinigungs-tabletten-6-stuck\/\" \/>\n<meta property=\"og:site_name\" content=\"TwinPol\" \/>\n<meta property=\"article:modified_time\" content=\"2023-12-04T12:04:52+00:00\" \/>\n<meta property=\"og:image\" content=\"https:\/\/twinpol.com\/wp-content\/uploads\/2023\/03\/SECO201_6_Wizualizacja_www-1.png\" \/>\n\t<meta property=\"og:image:width\" content=\"800\" \/>\n\t<meta property=\"og:image:height\" content=\"800\" \/>\n\t<meta property=\"og:image:type\" content=\"image\/png\" \/>\n<meta name=\"twitter:card\" content=\"summary_large_image\" \/>\n<meta name=\"twitter:label1\" content=\"Gesch\u00e4tzte Lesezeit\" \/>\n\t<meta name=\"twitter:data1\" content=\"1\u00a0Minute\" \/>\n<script type=\"application\/ld+json\" class=\"yoast-schema-graph\">{\"@context\":\"https:\\\/\\\/schema.org\",\"@graph\":[{\"@type\":\"WebPage\",\"@id\":\"https:\\\/\\\/twinpol.com\\\/product\\\/eco-shower-cleaner\\\/\",\"url\":\"https:\\\/\\\/twinpol.com\\\/product\\\/eco-shower-cleaner\\\/\",\"name\":\"ECO Shower cleaner - TwinPol\",\"isPartOf\":{\"@id\":\"https:\\\/\\\/twinpol.com\\\/#website\"},\"primaryImageOfPage\":{\"@id\":\"https:\\\/\\\/twinpol.com\\\/product\\\/eco-shower-cleaner\\\/#primaryimage\"},\"image\":{\"@id\":\"https:\\\/\\\/twinpol.com\\\/product\\\/eco-shower-cleaner\\\/#primaryimage\"},\"thumbnailUrl\":\"https:\\\/\\\/twinpol.com\\\/wp-content\\\/uploads\\\/2023\\\/03\\\/SECO201_6_Wizualizacja_www-1.png\",\"datePublished\":\"2023-03-30T09:44:16+00:00\",\"dateModified\":\"2023-12-04T12:04:52+00:00\",\"breadcrumb\":{\"@id\":\"https:\\\/\\\/twinpol.com\\\/product\\\/eco-shower-cleaner\\\/#breadcrumb\"},\"inLanguage\":\"de\",\"potentialAction\":[{\"@type\":\"ReadAction\",\"target\":[\"https:\\\/\\\/twinpol.com\\\/product\\\/eco-shower-cleaner\\\/\"]}]},{\"@type\":\"ImageObject\",\"inLanguage\":\"de\",\"@id\":\"https:\\\/\\\/twinpol.com\\\/product\\\/eco-shower-cleaner\\\/#primaryimage\",\"url\":\"https:\\\/\\\/twinpol.com\\\/wp-content\\\/uploads\\\/2023\\\/03\\\/SECO201_6_Wizualizacja_www-1.png\",\"contentUrl\":\"https:\\\/\\\/twinpol.com\\\/wp-content\\\/uploads\\\/2023\\\/03\\\/SECO201_6_Wizualizacja_www-1.png\",\"width\":800,\"height\":800},{\"@type\":\"BreadcrumbList\",\"@id\":\"https:\\\/\\\/twinpol.com\\\/product\\\/eco-shower-cleaner\\\/#breadcrumb\",\"itemListElement\":[{\"@type\":\"ListItem\",\"position\":1,\"name\":\"Home\",\"item\":\"https:\\\/\\\/twinpol.com\\\/\"},{\"@type\":\"ListItem\",\"position\":2,\"name\":\"Products\",\"item\":\"https:\\\/\\\/twinpol.com\\\/products\\\/\"},{\"@type\":\"ListItem\",\"position\":3,\"name\":\"ECO Shower cleaner\"}]},{\"@type\":\"WebSite\",\"@id\":\"https:\\\/\\\/twinpol.com\\\/#website\",\"url\":\"https:\\\/\\\/twinpol.com\\\/\",\"name\":\"Twinpol\",\"description\":\"Cleaning Supplies\",\"publisher\":{\"@id\":\"https:\\\/\\\/twinpol.com\\\/#organization\"},\"potentialAction\":[{\"@type\":\"SearchAction\",\"target\":{\"@type\":\"EntryPoint\",\"urlTemplate\":\"https:\\\/\\\/twinpol.com\\\/?s={search_term_string}\"},\"query-input\":{\"@type\":\"PropertyValueSpecification\",\"valueRequired\":true,\"valueName\":\"search_term_string\"}}],\"inLanguage\":\"de\"},{\"@type\":\"Organization\",\"@id\":\"https:\\\/\\\/twinpol.com\\\/#organization\",\"name\":\"Twinpol\",\"url\":\"https:\\\/\\\/twinpol.com\\\/\",\"logo\":{\"@type\":\"ImageObject\",\"inLanguage\":\"de\",\"@id\":\"https:\\\/\\\/twinpol.com\\\/#\\\/schema\\\/logo\\\/image\\\/\",\"url\":\"https:\\\/\\\/twinpol.com\\\/wp-content\\\/uploads\\\/2022\\\/10\\\/cropped-favicon.png\",\"contentUrl\":\"https:\\\/\\\/twinpol.com\\\/wp-content\\\/uploads\\\/2022\\\/10\\\/cropped-favicon.png\",\"width\":512,\"height\":512,\"caption\":\"Twinpol\"},\"image\":{\"@id\":\"https:\\\/\\\/twinpol.com\\\/#\\\/schema\\\/logo\\\/image\\\/\"}}]}<\/script>\n<!-- \/ Yoast SEO plugin. -->","yoast_head_json":{"title":"ECO Duschreiniger - TwinPol","robots":{"index":"index","follow":"follow","max-snippet":"max-snippet:-1","max-image-preview":"max-image-preview:large","max-video-preview":"max-video-preview:-1"},"canonical":"https:\/\/twinpol.com\/de\/produkt\/oko-dusch-reinigungs-tabletten-6-stuck\/","og_locale":"de_DE","og_type":"article","og_title":"ECO Shower cleaner - TwinPol","og_description":"ECO Shower Cleaner &#8211; Effective and Eco-friendly ECO Shower Cleaner Home > Products > ECO products >Bathroom cleaners > Cleaning","og_url":"https:\/\/twinpol.com\/de\/produkt\/oko-dusch-reinigungs-tabletten-6-stuck\/","og_site_name":"TwinPol","article_modified_time":"2023-12-04T12:04:52+00:00","og_image":[{"width":800,"height":800,"url":"https:\/\/twinpol.com\/wp-content\/uploads\/2023\/03\/SECO201_6_Wizualizacja_www-1.png","type":"image\/png"}],"twitter_card":"summary_large_image","twitter_misc":{"Gesch\u00e4tzte Lesezeit":"1\u00a0Minute"},"schema":{"@context":"https:\/\/schema.org","@graph":[{"@type":"WebPage","@id":"https:\/\/twinpol.com\/product\/eco-shower-cleaner\/","url":"https:\/\/twinpol.com\/product\/eco-shower-cleaner\/","name":"ECO Duschreiniger - TwinPol","isPartOf":{"@id":"https:\/\/twinpol.com\/#website"},"primaryImageOfPage":{"@id":"https:\/\/twinpol.com\/product\/eco-shower-cleaner\/#primaryimage"},"image":{"@id":"https:\/\/twinpol.com\/product\/eco-shower-cleaner\/#primaryimage"},"thumbnailUrl":"https:\/\/twinpol.com\/wp-content\/uploads\/2023\/03\/SECO201_6_Wizualizacja_www-1.png","datePublished":"2023-03-30T09:44:16+00:00","dateModified":"2023-12-04T12:04:52+00:00","breadcrumb":{"@id":"https:\/\/twinpol.com\/product\/eco-shower-cleaner\/#breadcrumb"},"inLanguage":"de","potentialAction":[{"@type":"ReadAction","target":["https:\/\/twinpol.com\/product\/eco-shower-cleaner\/"]}]},{"@type":"ImageObject","inLanguage":"de","@id":"https:\/\/twinpol.com\/product\/eco-shower-cleaner\/#primaryimage","url":"https:\/\/twinpol.com\/wp-content\/uploads\/2023\/03\/SECO201_6_Wizualizacja_www-1.png","contentUrl":"https:\/\/twinpol.com\/wp-content\/uploads\/2023\/03\/SECO201_6_Wizualizacja_www-1.png","width":800,"height":800},{"@type":"BreadcrumbList","@id":"https:\/\/twinpol.com\/product\/eco-shower-cleaner\/#breadcrumb","itemListElement":[{"@type":"ListItem","position":1,"name":"Home","item":"https:\/\/twinpol.com\/"},{"@type":"ListItem","position":2,"name":"Products","item":"https:\/\/twinpol.com\/products\/"},{"@type":"ListItem","position":3,"name":"ECO Shower cleaner"}]},{"@type":"WebSite","@id":"https:\/\/twinpol.com\/#website","url":"https:\/\/twinpol.com\/","name":"Twinpol","description":"Reinigungsmittel","publisher":{"@id":"https:\/\/twinpol.com\/#organization"},"potentialAction":[{"@type":"SearchAction","target":{"@type":"EntryPoint","urlTemplate":"https:\/\/twinpol.com\/?s={search_term_string}"},"query-input":{"@type":"PropertyValueSpecification","valueRequired":true,"valueName":"search_term_string"}}],"inLanguage":"de"},{"@type":"Organization","@id":"https:\/\/twinpol.com\/#organization","name":"Twinpol","url":"https:\/\/twinpol.com\/","logo":{"@type":"ImageObject","inLanguage":"de","@id":"https:\/\/twinpol.com\/#\/schema\/logo\/image\/","url":"https:\/\/twinpol.com\/wp-content\/uploads\/2022\/10\/cropped-favicon.png","contentUrl":"https:\/\/twinpol.com\/wp-content\/uploads\/2022\/10\/cropped-favicon.png","width":512,"height":512,"caption":"Twinpol"},"image":{"@id":"https:\/\/twinpol.com\/#\/schema\/logo\/image\/"}}]}},"_links":{"self":[{"href":"https:\/\/twinpol.com\/de\/wp-json\/wp\/v2\/product\/9956","targetHints":{"allow":["GET"]}}],"collection":[{"href":"https:\/\/twinpol.com\/de\/wp-json\/wp\/v2\/product"}],"about":[{"href":"https:\/\/twinpol.com\/de\/wp-json\/wp\/v2\/types\/product"}],"wp:featuredmedia":[{"embeddable":true,"href":"https:\/\/twinpol.com\/de\/wp-json\/wp\/v2\/media\/20086"}],"wp:attachment":[{"href":"https:\/\/twinpol.com\/de\/wp-json\/wp\/v2\/media?parent=9956"}],"wp:term":[{"taxonomy":"product_brand","embeddable":true,"href":"https:\/\/twinpol.com\/de\/wp-json\/wp\/v2\/product_brand?post=9956"},{"taxonomy":"product_cat","embeddable":true,"href":"https:\/\/twinpol.com\/de\/wp-json\/wp\/v2\/product_cat?post=9956"},{"taxonomy":"product_tag","embeddable":true,"href":"https:\/\/twinpol.com\/de\/wp-json\/wp\/v2\/product_tag?post=9956"}],"curies":[{"name":"wp","href":"https:\/\/api.w.org\/{rel}","templated":true}]}}